{"id":3719,"date":"2020-11-06T08:45:53","date_gmt":"2020-11-06T05:45:53","guid":{"rendered":"http:\/\/casinomira.updated\/online-casinos-canada\/"},"modified":"2025-04-09T16:01:55","modified_gmt":"2025-04-09T13:01:55","slug":"online-casinos-canada","status":"publish","type":"page","link":"https:\/\/casinomira.com\/es\/","title":{"rendered":"Principal"},"content":{"rendered":"","protected":false},"excerpt":{"rendered":"","protected":false},"author":1,"featured_media":0,"parent":0,"menu_order":0,"comment_status":"closed","ping_status":"open","template":"template-home.php","meta":{"footnotes":""},"class_list":["post-3719","page","type-page","status-publish","hentry"],"acf":[],"yoast_head":"<!-- This site is optimized with the Yoast SEO plugin v21.9 - https:\/\/yoast.com\/wordpress\/plugins\/seo\/ -->\n<title>Casinos en l\u00ednea Canad\u00e1 - Todo sobre los juegos de azar en l\u00ednea Canad\u00e1.<\/title>\n<meta name=\"description\" content=\"\u00bfQuiere encontrar el mejor casino en l\u00ednea para jugar con dinero real en \u0421anada? Le ayudaremos a elegir la plataforma adecuada y le proporcionaremos noticias sobre casinos en l\u00ednea, casinos gratuitos en l\u00ednea, los mejores bonos de casino y mucha otra informaci\u00f3n \u00fatil.\" \/>\n<meta name=\"robots\" content=\"index, follow, max-snippet:-1, max-image-preview:large, max-video-preview:-1\" \/>\n<link rel=\"canonical\" href=\"https:\/\/casinomira.com\/es\/\" \/>\n<meta property=\"og:locale\" content=\"es_ES\" \/>\n<meta property=\"og:type\" content=\"article\" \/>\n<meta property=\"og:title\" content=\"Casinos en l\u00ednea Canad\u00e1 - Todo sobre los juegos de azar en l\u00ednea Canad\u00e1.\" \/>\n<meta property=\"og:description\" content=\"\u00bfQuiere encontrar el mejor casino en l\u00ednea para jugar con dinero real en \u0421anada? Le ayudaremos a elegir la plataforma adecuada y le proporcionaremos noticias sobre casinos en l\u00ednea, casinos gratuitos en l\u00ednea, los mejores bonos de casino y mucha otra informaci\u00f3n \u00fatil.\" \/>\n<meta property=\"og:url\" content=\"https:\/\/casinomira.com\/es\/\" \/>\n<meta property=\"og:site_name\" content=\"CasinoMIRA.com\" \/>\n<meta property=\"article:modified_time\" content=\"2025-04-09T13:01:55+00:00\" \/>\n<meta name=\"twitter:card\" content=\"summary_large_image\" \/>\n<script type=\"application\/ld+json\" class=\"yoast-schema-graph\">{\"@context\":\"https:\/\/schema.org\",\"@graph\":[{\"@type\":\"WebPage\",\"@id\":\"https:\/\/casinomira.com\/es\/\",\"url\":\"https:\/\/casinomira.com\/es\/\",\"name\":\"Casinos en l\u00ednea Canad\u00e1 - Todo sobre los juegos de azar en l\u00ednea Canad\u00e1.\",\"isPartOf\":{\"@id\":\"https:\/\/casinomira.com\/es\/#website\"},\"datePublished\":\"2020-11-06T05:45:53+00:00\",\"dateModified\":\"2025-04-09T13:01:55+00:00\",\"description\":\"\u00bfQuiere encontrar el mejor casino en l\u00ednea para jugar con dinero real en \u0421anada? Le ayudaremos a elegir la plataforma adecuada y le proporcionaremos noticias sobre casinos en l\u00ednea, casinos gratuitos en l\u00ednea, los mejores bonos de casino y mucha otra informaci\u00f3n \u00fatil.\",\"breadcrumb\":{\"@id\":\"https:\/\/casinomira.com\/es\/#breadcrumb\"},\"inLanguage\":\"es\",\"potentialAction\":[{\"@type\":\"ReadAction\",\"target\":[\"https:\/\/casinomira.com\/es\/\"]}]},{\"@type\":\"BreadcrumbList\",\"@id\":\"https:\/\/casinomira.com\/es\/#breadcrumb\",\"itemListElement\":[{\"@type\":\"ListItem\",\"position\":1,\"name\":\"Home\",\"item\":\"https:\/\/casinomira.com\/es\/\"},{\"@type\":\"ListItem\",\"position\":2,\"name\":\"Principal\"}]},{\"@type\":\"WebSite\",\"@id\":\"https:\/\/casinomira.com\/es\/#website\",\"url\":\"https:\/\/casinomira.com\/es\/\",\"name\":\"CasinoMIRA.com\",\"description\":\"Online Casinos Canada \u2013 All About Online Gambling Canada.\",\"publisher\":{\"@id\":\"https:\/\/casinomira.com\/es\/#organization\"},\"alternateName\":\"CasinoMIRA\",\"potentialAction\":[{\"@type\":\"SearchAction\",\"target\":{\"@type\":\"EntryPoint\",\"urlTemplate\":\"https:\/\/casinomira.com\/es\/?s={search_term_string}\"},\"query-input\":\"required name=search_term_string\"}],\"inLanguage\":\"es\"},{\"@type\":\"Organization\",\"@id\":\"https:\/\/casinomira.com\/es\/#organization\",\"name\":\"CasinoMIRA.com\",\"url\":\"https:\/\/casinomira.com\/es\/\",\"logo\":{\"@type\":\"ImageObject\",\"inLanguage\":\"es\",\"@id\":\"https:\/\/casinomira.com\/es\/#\/schema\/logo\/image\/\",\"url\":\"https:\/\/casinomira.com\/wp-content\/uploads\/2022\/12\/casinomira_logo_Y.svg\",\"contentUrl\":\"https:\/\/casinomira.com\/wp-content\/uploads\/2022\/12\/casinomira_logo_Y.svg\",\"caption\":\"CasinoMIRA.com\"},\"image\":{\"@id\":\"https:\/\/casinomira.com\/es\/#\/schema\/logo\/image\/\"}}]}<\/script>\n<!-- \/ Yoast SEO plugin. -->","yoast_head_json":{"title":"Casinos en l\u00ednea Canad\u00e1 - Todo sobre los juegos de azar en l\u00ednea Canad\u00e1.","description":"\u00bfQuiere encontrar el mejor casino en l\u00ednea para jugar con dinero real en \u0421anada? Le ayudaremos a elegir la plataforma adecuada y le proporcionaremos noticias sobre casinos en l\u00ednea, casinos gratuitos en l\u00ednea, los mejores bonos de casino y mucha otra informaci\u00f3n \u00fatil.","robots":{"index":"index","follow":"follow","max-snippet":"max-snippet:-1","max-image-preview":"max-image-preview:large","max-video-preview":"max-video-preview:-1"},"canonical":"https:\/\/casinomira.com\/es\/","og_locale":"es_ES","og_type":"article","og_title":"Casinos en l\u00ednea Canad\u00e1 - Todo sobre los juegos de azar en l\u00ednea Canad\u00e1.","og_description":"\u00bfQuiere encontrar el mejor casino en l\u00ednea para jugar con dinero real en \u0421anada? Le ayudaremos a elegir la plataforma adecuada y le proporcionaremos noticias sobre casinos en l\u00ednea, casinos gratuitos en l\u00ednea, los mejores bonos de casino y mucha otra informaci\u00f3n \u00fatil.","og_url":"https:\/\/casinomira.com\/es\/","og_site_name":"CasinoMIRA.com","article_modified_time":"2025-04-09T13:01:55+00:00","twitter_card":"summary_large_image","schema":{"@context":"https:\/\/schema.org","@graph":[{"@type":"WebPage","@id":"https:\/\/casinomira.com\/es\/","url":"https:\/\/casinomira.com\/es\/","name":"Casinos en l\u00ednea Canad\u00e1 - Todo sobre los juegos de azar en l\u00ednea Canad\u00e1.","isPartOf":{"@id":"https:\/\/casinomira.com\/es\/#website"},"datePublished":"2020-11-06T05:45:53+00:00","dateModified":"2025-04-09T13:01:55+00:00","description":"\u00bfQuiere encontrar el mejor casino en l\u00ednea para jugar con dinero real en \u0421anada? Le ayudaremos a elegir la plataforma adecuada y le proporcionaremos noticias sobre casinos en l\u00ednea, casinos gratuitos en l\u00ednea, los mejores bonos de casino y mucha otra informaci\u00f3n \u00fatil.","breadcrumb":{"@id":"https:\/\/casinomira.com\/es\/#breadcrumb"},"inLanguage":"es","potentialAction":[{"@type":"ReadAction","target":["https:\/\/casinomira.com\/es\/"]}]},{"@type":"BreadcrumbList","@id":"https:\/\/casinomira.com\/es\/#breadcrumb","itemListElement":[{"@type":"ListItem","position":1,"name":"Home","item":"https:\/\/casinomira.com\/es\/"},{"@type":"ListItem","position":2,"name":"Principal"}]},{"@type":"WebSite","@id":"https:\/\/casinomira.com\/es\/#website","url":"https:\/\/casinomira.com\/es\/","name":"CasinoMIRA.com","description":"Online Casinos Canada \u2013 All About Online Gambling Canada.","publisher":{"@id":"https:\/\/casinomira.com\/es\/#organization"},"alternateName":"CasinoMIRA","potentialAction":[{"@type":"SearchAction","target":{"@type":"EntryPoint","urlTemplate":"https:\/\/casinomira.com\/es\/?s={search_term_string}"},"query-input":"required name=search_term_string"}],"inLanguage":"es"},{"@type":"Organization","@id":"https:\/\/casinomira.com\/es\/#organization","name":"CasinoMIRA.com","url":"https:\/\/casinomira.com\/es\/","logo":{"@type":"ImageObject","inLanguage":"es","@id":"https:\/\/casinomira.com\/es\/#\/schema\/logo\/image\/","url":"https:\/\/casinomira.com\/wp-content\/uploads\/2022\/12\/casinomira_logo_Y.svg","contentUrl":"https:\/\/casinomira.com\/wp-content\/uploads\/2022\/12\/casinomira_logo_Y.svg","caption":"CasinoMIRA.com"},"image":{"@id":"https:\/\/casinomira.com\/es\/#\/schema\/logo\/image\/"}}]}},"_links":{"self":[{"href":"https:\/\/casinomira.com\/es\/wp-json\/wp\/v2\/pages\/3719","targetHints":{"allow":["GET"]}}],"collection":[{"href":"https:\/\/casinomira.com\/es\/wp-json\/wp\/v2\/pages"}],"about":[{"href":"https:\/\/casinomira.com\/es\/wp-json\/wp\/v2\/types\/page"}],"author":[{"embeddable":true,"href":"https:\/\/casinomira.com\/es\/wp-json\/wp\/v2\/users\/1"}],"replies":[{"embeddable":true,"href":"https:\/\/casinomira.com\/es\/wp-json\/wp\/v2\/comments?post=3719"}],"version-history":[{"count":16,"href":"https:\/\/casinomira.com\/es\/wp-json\/wp\/v2\/pages\/3719\/revisions"}],"predecessor-version":[{"id":11080,"href":"https:\/\/casinomira.com\/es\/wp-json\/wp\/v2\/pages\/3719\/revisions\/11080"}],"wp:attachment":[{"href":"https:\/\/casinomira.com\/es\/wp-json\/wp\/v2\/media?parent=3719"}],"curies":[{"name":"wp","href":"https:\/\/api.w.org\/{rel}","templated":true}]}}