{"id":8072,"date":"2021-07-30T15:59:40","date_gmt":"2021-07-30T12:59:40","guid":{"rendered":"http:\/\/casinomira.updated\/casinos-rating\/real-money-casinos\/"},"modified":"2023-08-15T16:11:57","modified_gmt":"2023-08-15T13:11:57","slug":"real-money-casinos","status":"publish","type":"page","link":"https:\/\/casinomira.com\/es\/casinos-rating\/real-money-casinos\/","title":{"rendered":"Casinos con dinero real"},"content":{"rendered":"<h2><strong>\u00bfC\u00f3mo elegir el mejor casino de dinero real?<\/strong><\/h2>\n<p>Es habitual pensar que las tragaperras y las cartas de los casinos son cuesti\u00f3n de suerte. Eso es cierto s\u00f3lo en parte.Algunos jugadores ganan m\u00e1s que la media, y eso se debe a que saben lo que hacen en lugar de limitarse a jugar al azar. A continuaci\u00f3n ver\u00e1 rese\u00f1as de casinos online con dinero real y algunos consejos que deber\u00edan ayudarle a iniciarse en los juegos de casino y ganar premios en sus ratos de diversi\u00f3n.<\/p>\n<h2><strong>Elegir los juegos adecuados<\/strong><\/h2>\n<p>Es un gran error pensar que todas las m\u00e1quinas tienen el mismo pago. Sin embargo, las m\u00e1quinas tragaperras est\u00e1n obligadas por ley a pagar entre el 80% y el 99,9%. Apunte a las que tienen una tasa de pago m\u00e1s cercana al 99,9%, y entonces obtendr\u00e1 bonos de casino por dinero real.<\/p>\n<p>Lo mejor ser\u00eda que averiguara el porcentaje de Retorno al Jugador (RTP) de las m\u00e1quinas tragaperras antes de jugar en ellas.La mejor opci\u00f3n para conocer el porcentaje RTP de algunos juegos de tragaperras es buscarlo en el buscador que m\u00e1s te guste.Muchos sitios est\u00e1n especializados en este tema y publican listas de porcentajes RTP.Por supuesto, es dif\u00edcil encontrar porcentajes muy cercanos al 99,9%, pero aun as\u00ed, puedes encontrar m\u00e1quinas tragaperras con un porcentaje de pago de al menos el 96%.Opte por estas m\u00e1quinas.<\/p>\n<p>Una vez que busque jugar con dinero real en un casino de Argentina, probablemente quede deslumbrado por los temas de Star Wars o Juego de Tronos, \u00bfverdad? Pues bien, deber\u00eda evitar estas m\u00e1quinas tragaperras a toda costa.Est\u00e1n hechas s\u00f3lo para atraer a nuevos jugadores, pero probablemente tienen bajas tasas de pago o son muy dif\u00edciles de superar.\u00bfPor qu\u00e9 ocurre esto? Simplemente porque un casino es un tipo de negocio caro, y los desarrolladores probablemente pagaron mucho a una determinada marca para tener su nombre en su juego. Por lo tanto, quieren ganar mucho dinero con su producto.Si eres nuevo en el mundo de las m\u00e1quinas tragaperras, dec\u00e1ntate por aquellas que no parezcan tan interesantes al principio o que al menos no tengan una gran marca.<\/p>\n<h3><strong>Algunos juegos disponibles en todo el mundo con gran RTP incluyen:1 &#8211; Ancient Fortunes:<\/strong><\/h3>\n<p>5 rodillos<br \/>\n10 l\u00edneas de pago<br \/>\n96,02% RTP2 &#8211; Thunderstruck 2:<\/p>\n<p>5 rodillos<br \/>\n243 l\u00edneas de pago<br \/>\n96,65% RTP<\/p>\n<p>3 &#8211; Romance Inmortal<\/p>\n<p>5 rodillos<br \/>\n243 l\u00edneas de pago<br \/>\n96,86% RTP<\/p>\n<p>4 &#8211; Libro de Oz5 rodillos<br \/>\n10 l\u00edneas de pago<br \/>\n96,50% RTP5 &#8211; Lara Croft<\/p>\n<p>5 rodillos<br \/>\n243 l\u00edneas de pago<br \/>\n96,05% RTP<br \/>\nCasinos m\u00f3viles y aplicacionesHay un mont\u00f3n de magn\u00edficas aplicaciones m\u00f3viles para acceder a los juegos de casino. Sin embargo, no debes guiarte por ellas.En primer lugar, debes descubrir qu\u00e9 casinos son de confianza y tienen grandes tasas de pago leyendo rese\u00f1as de casinos online con dinero real.Luego, entre ellos, debes filtrar aquellos con aplicaciones m\u00f3viles en caso de que busques jugar en tu tel\u00e9fono.<\/p>\n<p>Jugar en el navegador es diferente de jugar en la aplicaci\u00f3n. Muchos casinos que ofrecen una app es mejor jugar en la app.De esa manera, todas las caracter\u00edsticas ofrecidas se cargan correctamente.<\/p>\n<p>Disponibilidad del m\u00e9todo de dep\u00f3sitoPara estar seguro en un casino en l\u00ednea, usted debe, en primer lugar, leer los t\u00e9rminos y condiciones del lugar y las rese\u00f1as de casinos con dinero real en l\u00ednea. A continuaci\u00f3n, proceda a comprobar qu\u00e9 tipo de sistema de seguridad adopta el sitio para cifrar sus datos.128-bit Secure Socket Layer es el sistema de seguridad m\u00e1s utilizado y de primera categor\u00eda que se encuentra en este tipo de negocios. Filtre aquellos casinos que dispongan de este sistema.<\/p>\n<p>El m\u00e9todo m\u00e1s utilizado para transferir dinero a una cuenta en los casinos online es a trav\u00e9s de tarjetas de cr\u00e9dito. Este m\u00e9todo tiene m\u00e1s posibilidades de darte los bonos m\u00e1s altos. A\u00fan as\u00ed, tambi\u00e9n se aceptan tarjetas de d\u00e9bito, tarjetas prepago o transferencias bancarias.Todas las opciones de pago son igual de seguras desde el punto de vista pr\u00e1ctico. S\u00f3lo tienes que elegir la que mejor se adapte a ti.<\/p>\n<p>BonificacionesLos casinos ofrecen distintas formas de bonificaciones a los jugadores para ayudarles a jugar por primera vez, a seguir jugando o a volver de su ausencia en el sitio.Bonificaci\u00f3n sin dep\u00f3sito: De vez en cuando, los casinos ofrecen este tipo de bonificaci\u00f3n a los jugadores.Puede ser un bono de bienvenida o un bono aleatorio. Recibes una peque\u00f1a cantidad de dinero o tiradas gratis.Bono sin dep\u00f3sito: Obtienes este tipo de bono cuando depositas cierta cantidad.Como su nombre indica, no importa cu\u00e1nto deposite.Recibir\u00e1 la misma cantidad que si hubiera depositado una cantidad diferente.<\/p>\n<p>Bonificaci\u00f3n por dep\u00f3sito igualado: En este caso, recibir\u00e1 una cantidad de bonificaci\u00f3n igual a la cantidad que haya depositado: cuanto mayor sea su dep\u00f3sito, mayores ser\u00e1n sus ganancias.<\/p>\n<p>Bonificaciones de tiradas gratuitas: Este regalo se ofrece a los jugadores para animarles a jugar en un juego nuevo o a seguir jugando en un juego en el que ya han invertido tiempo y dinero. Las tiradas gratis de casino con dinero real son f\u00e1ciles de conseguir.<\/p>\n<p>Bonos VIP y de fidelidad: A medida que siga jugando en el mismo casino, es posible que reciba puntos de fidelidad que podr\u00e1 canjear por dinero en efectivo. A medida que te abres camino en las recompensas por fidelidad, puede que acabes alcanzando la categor\u00eda de usuario VIP. Los clientes VIP obtienen a\u00fan m\u00e1s beneficios.<\/p>\n<p>Bonificaciones por devoluci\u00f3n de dinero: Suelen estar vinculados a la suma que apueste. Se pagan en forma de dinero real o bonificaciones en efectivo.<\/p>\n<p>Bono fijo: S\u00f3lo funciona para jugar. Si intenta retirarla, se le restar\u00e1 la bonificaci\u00f3n de sus ganancias actuales.<\/p>\n<h2><strong>Pagos r\u00e1pidos<\/strong><\/h2>\n<p>Los diferentes casinos tienen diferentes rutinas de pago.A veces hay que esperar a alcanzar una cantidad m\u00ednima de dinero en efectivo para poder retirar todos los premios.Otras veces se basa en el tiempo, lo que significa que tienes que esperar un tiempo determinado para recibir tu dinero en efectivo en tu cuenta bancaria.<\/p>\n<p>Si vas a apostar dinero real en casinos online, no olvides leer todo lo que puedas sobre el casino en el que vas a depositar tu dinero. De ese modo, podr\u00e1 saber cu\u00e1nto tendr\u00e1 que esperar antes de cobrar.Lo mejor es poder cobrar sus ganancias cuando quiera o lo antes posible.<\/p>\n<p>Una buena forma de mantenerse seguro es leer las experiencias de otros jugadores en foros o sitios de confianza que publican rese\u00f1as de casinos en l\u00ednea y calificaciones de casinos en l\u00ednea.No hay muchas razones para que los jugadores enga\u00f1en a los dem\u00e1s. Con esto en mente, es un buen comienzo leer lo que los jugadores de casino experimentados tienen que decir sobre los diferentes proveedores.Seguramente tendr\u00e1n consejos perspicaces.<\/p>\n<p>Si un casino no paga, por ejemplo, otros jugadores lo se\u00f1alar\u00e1n lo antes posible. Preste atenci\u00f3n a estas situaciones para jugar s\u00f3lo en los casinos de confianza.F\u00edjese siempre en las valoraciones de los casinos online.M\u00e9todos de dep\u00f3sito populares en los casinos con dinero real<\/p>\n<p>Hoy en d\u00eda, los casinos se mantienen al d\u00eda con los diferentes m\u00e9todos creados para manejar las transacciones en todo el mundo.En algunos pa\u00edses, permiten m\u00e9todos de pago espec\u00edficos que no existen en otros lugares (como el \u00abboleto banc\u00e1rio\u00bb en Brasil).En esta secci\u00f3n, exploraremos los m\u00e9todos de pago m\u00e1s populares que deber\u00eda esperar ver en los casinos online por dinero real.Tambi\u00e9n son los m\u00e1s fiables.<\/p>\n<h2><strong>Tarjetas bancarias<\/strong><\/h2>\n<p>Las tarjetas bancarias son el m\u00e9todo de pago m\u00e1s popular para las transacciones en l\u00ednea.VisaLas tarjetas de cr\u00e9dito Visa son de confianza en todos los grandes casinos en los que te puedes registrar. Visa es muy antigua y respetada entre las tarjetas de cr\u00e9dito, as\u00ed que si tienes una, tienes v\u00eda libre para entrar en cualquier casino y empezar a apostar.<\/p>\n<h2><strong>Mastercard<\/strong><\/h2>\n<p>La situaci\u00f3n de Mastercard es la misma que la de Visa. Estas dos son las tarjetas de cr\u00e9dito m\u00e1s utilizadas en todo el mundo.Skrill\/Neteller<\/p>\n<p>Skrill y Neteller son servicios de monedero en los que puedes depositar fondos y luego transferirlos al casino que elijas. Esta puede ser una opci\u00f3n en caso de que no dispongas de una tarjeta de cr\u00e9dito internacional.Cada servicio tiene ligeras diferencias, pero ambos son ampliamente aceptados por la mayor\u00eda de los casinos en l\u00ednea. Este m\u00e9todo puede llevar m\u00e1s tiempo que una tarjeta de cr\u00e9dito, por lo que deber\u00e1 esperar un poco entre la transferencia de sus fondos y el inicio de las apuestas.<\/p>\n<h2><strong>Criptomoneda<\/strong><\/h2>\n<p>Algunos casinos aceptan ahora criptodivisas como medio de financiaci\u00f3n. El problema con las criptodivisas es que su valor es vol\u00e1til, por lo que s\u00f3lo querr\u00e1s apostar en criptodivisas si sientes que tienes buenas posibilidades de ganar, o de lo contrario podr\u00edas estar perdiendo una gran suma.Bitcoin<\/p>\n<p>Bitcoin tiene la capitalizaci\u00f3n de mercado m\u00e1s rentable entre todas las criptodivisas, por lo que es una de las criptomonedas m\u00e1s aceptadas en los casinos (entre los que aceptan cripto, claro).<\/p>\n<p>Bitcoin EfectivoBitcoin Cash es una versi\u00f3n de Bitcoin, y su valor es similar pero no el mismo. Tambi\u00e9n es muy aceptada como medio de pago.<\/p>\n<h2><strong>Dogecoin<\/strong><\/h2>\n<p>Dogecoin ha experimentado cierto aumento de popularidad a principios de 2021, pero su precio es muy vol\u00e1til. Es una de las altcoins menos populares, as\u00ed que no esperes que todos los casinos la acepten. Aun as\u00ed, muchos lugares la aceptan.<\/p>\n<h2><strong>Ethereum<\/strong><\/h2>\n<p>Ethereum est\u00e1 justo detr\u00e1s de Bitcoin tanto en popularidad como en capitalizaci\u00f3n de mercado.Esto hace que sea muy aceptado por los casinos de criptoapuestas. Su alto valor lo hace atractivo, por lo que querr\u00e1s no s\u00f3lo apostar con \u00e9l, sino acceder a m\u00e1s de \u00e9l a trav\u00e9s del juego.<\/p>\n<h2><strong>Litecoin<\/strong><\/h2>\n<p>Litecoin es casi tan dif\u00edcil de minar como Bitcoin, lo que hace que su precio se dispare. Debido a esto, puedes encontrar muchos casinos que aceptan pagos en Litecoin.PaySafeCard<\/p>\n<p>PaySafeCard es un m\u00e9todo de pago pre-aprobado que utiliza c\u00f3digos PIN de 16 d\u00edgitos.Primero se compra una PaySafeCard y luego se introduce el c\u00f3digo PIN en el sitio en el que se va a gastar.Algunos casinos aceptan PaySafeCard como medio de dep\u00f3sito de fondos para apostar.Transferencia bancaria<\/p>\n<p>Si vives en el mismo pa\u00eds que el casino en el que est\u00e1s jugando, entonces una transferencia bancaria es uno de los m\u00e9todos m\u00e1s seguros y f\u00e1ciles en los que puedes confiar.Las transferencias bancarias hoy en d\u00eda son muy r\u00e1pidas. Las transferencias bancarias son ampliamente aceptadas.<\/p>\n<p>AmexAmerican Express (llamada Amex para abreviar) es otro servicio que ofrece tarjetas de cr\u00e9dito, as\u00ed como otras soluciones financieras. Es bastante com\u00fan y popular, por lo que muchos casinos ofrecen Amex como medio de financiaci\u00f3n.Conclusi\u00f3n<\/p>\n<p>Apostar en casinos para salir con premios no es tan dif\u00edcil como uno podr\u00eda pensar.Tienes que investigar, por supuesto, y aprender qu\u00e9 casinos pagan m\u00e1s en qu\u00e9 juegos, pero despu\u00e9s de eso, todo lo que tienes que hacer es empezar a jugar. Algunos juegos tienen algunos trucos que aprender\u00e1s por el camino (o leyendo historias de jugadores experimentados).Si quieres jugar y ganar dinero, tienes que leer rese\u00f1as de casinos con dinero real online y despu\u00e9s de eso podr\u00e1s jugar a casinos con dinero real en Argentina ahora mismo.<\/p>\n","protected":false},"excerpt":{"rendered":"<p>\u00bfC\u00f3mo elegir el mejor casino de dinero real? Es habitual pensar que las tragaperras y las cartas de los casinos son cuesti\u00f3n de suerte. Eso es cierto s\u00f3lo en parte.Algunos jugadores ganan m\u00e1s que la media, y eso se debe a que saben lo que hacen en lugar de limitarse a jugar al azar. A [&hellip;]<\/p>\n","protected":false},"author":1,"featured_media":0,"parent":8058,"menu_order":0,"comment_status":"closed","ping_status":"closed","template":"template-archive-casino2.php","meta":{"footnotes":""},"class_list":["post-8072","page","type-page","status-publish","hentry"],"acf":[],"yoast_head":"<!-- This site is optimized with the Yoast SEO plugin v21.9 - https:\/\/yoast.com\/wordpress\/plugins\/seo\/ -->\n<title>Casinos con dinero real en L\u00ednea con Dinero Real en Argentina<\/title>\n<meta name=\"description\" content=\"Los juegos de casino son diversi\u00f3n pura tanto para jugadores novatos como para veteranos por igual. Lo que est\u00e1s buscando podr\u00eda ser dinero real, as\u00ed que aqu\u00ed en este art\u00edculo, leer\u00e1s sobre c\u00f3mo obtener las mejores ofertas.\" \/>\n<meta name=\"robots\" content=\"index, follow, max-snippet:-1, max-image-preview:large, max-video-preview:-1\" \/>\n<link rel=\"canonical\" href=\"https:\/\/casinomira.com\/es\/casinos-rating\/real-money-casinos\/\" \/>\n<meta property=\"og:locale\" content=\"es_ES\" \/>\n<meta property=\"og:type\" content=\"article\" \/>\n<meta property=\"og:title\" content=\"Casinos con dinero real en L\u00ednea con Dinero Real en Argentina\" \/>\n<meta property=\"og:description\" content=\"Los juegos de casino son diversi\u00f3n pura tanto para jugadores novatos como para veteranos por igual. Lo que est\u00e1s buscando podr\u00eda ser dinero real, as\u00ed que aqu\u00ed en este art\u00edculo, leer\u00e1s sobre c\u00f3mo obtener las mejores ofertas.\" \/>\n<meta property=\"og:url\" content=\"https:\/\/casinomira.com\/es\/casinos-rating\/real-money-casinos\/\" \/>\n<meta property=\"og:site_name\" content=\"CasinoMIRA.com\" \/>\n<meta property=\"article:modified_time\" content=\"2023-08-15T13:11:57+00:00\" \/>\n<meta name=\"twitter:card\" content=\"summary_large_image\" \/>\n<meta name=\"twitter:label1\" content=\"Tiempo de lectura\" \/>\n\t<meta name=\"twitter:data1\" content=\"10 minutos\" \/>\n<script type=\"application\/ld+json\" class=\"yoast-schema-graph\">{\"@context\":\"https:\/\/schema.org\",\"@graph\":[{\"@type\":\"WebPage\",\"@id\":\"https:\/\/casinomira.com\/es\/casinos-rating\/real-money-casinos\/\",\"url\":\"https:\/\/casinomira.com\/es\/casinos-rating\/real-money-casinos\/\",\"name\":\"Casinos con dinero real en L\u00ednea con Dinero Real en Argentina\",\"isPartOf\":{\"@id\":\"https:\/\/casinomira.com\/es\/#website\"},\"datePublished\":\"2021-07-30T12:59:40+00:00\",\"dateModified\":\"2023-08-15T13:11:57+00:00\",\"description\":\"Los juegos de casino son diversi\u00f3n pura tanto para jugadores novatos como para veteranos por igual. Lo que est\u00e1s buscando podr\u00eda ser dinero real, as\u00ed que aqu\u00ed en este art\u00edculo, leer\u00e1s sobre c\u00f3mo obtener las mejores ofertas.\",\"breadcrumb\":{\"@id\":\"https:\/\/casinomira.com\/es\/casinos-rating\/real-money-casinos\/#breadcrumb\"},\"inLanguage\":\"es\",\"potentialAction\":[{\"@type\":\"ReadAction\",\"target\":[\"https:\/\/casinomira.com\/es\/casinos-rating\/real-money-casinos\/\"]}]},{\"@type\":\"BreadcrumbList\",\"@id\":\"https:\/\/casinomira.com\/es\/casinos-rating\/real-money-casinos\/#breadcrumb\",\"itemListElement\":[{\"@type\":\"ListItem\",\"position\":1,\"name\":\"Home\",\"item\":\"https:\/\/casinomira.com\/es\/\"},{\"@type\":\"ListItem\",\"position\":2,\"name\":\"Clasificaci\u00f3n del Casino\",\"item\":\"https:\/\/casinomira.com\/es\/casinos-rating\/\"},{\"@type\":\"ListItem\",\"position\":3,\"name\":\"Casinos con dinero real\"}]},{\"@type\":\"WebSite\",\"@id\":\"https:\/\/casinomira.com\/es\/#website\",\"url\":\"https:\/\/casinomira.com\/es\/\",\"name\":\"CasinoMIRA.com\",\"description\":\"Online Casinos Canada \u2013 All About Online Gambling Canada.\",\"publisher\":{\"@id\":\"https:\/\/casinomira.com\/es\/#organization\"},\"alternateName\":\"CasinoMIRA\",\"potentialAction\":[{\"@type\":\"SearchAction\",\"target\":{\"@type\":\"EntryPoint\",\"urlTemplate\":\"https:\/\/casinomira.com\/es\/?s={search_term_string}\"},\"query-input\":\"required name=search_term_string\"}],\"inLanguage\":\"es\"},{\"@type\":\"Organization\",\"@id\":\"https:\/\/casinomira.com\/es\/#organization\",\"name\":\"CasinoMIRA.com\",\"url\":\"https:\/\/casinomira.com\/es\/\",\"logo\":{\"@type\":\"ImageObject\",\"inLanguage\":\"es\",\"@id\":\"https:\/\/casinomira.com\/es\/#\/schema\/logo\/image\/\",\"url\":\"https:\/\/casinomira.com\/wp-content\/uploads\/2022\/12\/casinomira_logo_Y.svg\",\"contentUrl\":\"https:\/\/casinomira.com\/wp-content\/uploads\/2022\/12\/casinomira_logo_Y.svg\",\"caption\":\"CasinoMIRA.com\"},\"image\":{\"@id\":\"https:\/\/casinomira.com\/es\/#\/schema\/logo\/image\/\"}}]}<\/script>\n<!-- \/ Yoast SEO plugin. -->","yoast_head_json":{"title":"Casinos con dinero real en L\u00ednea con Dinero Real en Argentina","description":"Los juegos de casino son diversi\u00f3n pura tanto para jugadores novatos como para veteranos por igual. Lo que est\u00e1s buscando podr\u00eda ser dinero real, as\u00ed que aqu\u00ed en este art\u00edculo, leer\u00e1s sobre c\u00f3mo obtener las mejores ofertas.","robots":{"index":"index","follow":"follow","max-snippet":"max-snippet:-1","max-image-preview":"max-image-preview:large","max-video-preview":"max-video-preview:-1"},"canonical":"https:\/\/casinomira.com\/es\/casinos-rating\/real-money-casinos\/","og_locale":"es_ES","og_type":"article","og_title":"Casinos con dinero real en L\u00ednea con Dinero Real en Argentina","og_description":"Los juegos de casino son diversi\u00f3n pura tanto para jugadores novatos como para veteranos por igual. Lo que est\u00e1s buscando podr\u00eda ser dinero real, as\u00ed que aqu\u00ed en este art\u00edculo, leer\u00e1s sobre c\u00f3mo obtener las mejores ofertas.","og_url":"https:\/\/casinomira.com\/es\/casinos-rating\/real-money-casinos\/","og_site_name":"CasinoMIRA.com","article_modified_time":"2023-08-15T13:11:57+00:00","twitter_card":"summary_large_image","twitter_misc":{"Tiempo de lectura":"10 minutos"},"schema":{"@context":"https:\/\/schema.org","@graph":[{"@type":"WebPage","@id":"https:\/\/casinomira.com\/es\/casinos-rating\/real-money-casinos\/","url":"https:\/\/casinomira.com\/es\/casinos-rating\/real-money-casinos\/","name":"Casinos con dinero real en L\u00ednea con Dinero Real en Argentina","isPartOf":{"@id":"https:\/\/casinomira.com\/es\/#website"},"datePublished":"2021-07-30T12:59:40+00:00","dateModified":"2023-08-15T13:11:57+00:00","description":"Los juegos de casino son diversi\u00f3n pura tanto para jugadores novatos como para veteranos por igual. Lo que est\u00e1s buscando podr\u00eda ser dinero real, as\u00ed que aqu\u00ed en este art\u00edculo, leer\u00e1s sobre c\u00f3mo obtener las mejores ofertas.","breadcrumb":{"@id":"https:\/\/casinomira.com\/es\/casinos-rating\/real-money-casinos\/#breadcrumb"},"inLanguage":"es","potentialAction":[{"@type":"ReadAction","target":["https:\/\/casinomira.com\/es\/casinos-rating\/real-money-casinos\/"]}]},{"@type":"BreadcrumbList","@id":"https:\/\/casinomira.com\/es\/casinos-rating\/real-money-casinos\/#breadcrumb","itemListElement":[{"@type":"ListItem","position":1,"name":"Home","item":"https:\/\/casinomira.com\/es\/"},{"@type":"ListItem","position":2,"name":"Clasificaci\u00f3n del Casino","item":"https:\/\/casinomira.com\/es\/casinos-rating\/"},{"@type":"ListItem","position":3,"name":"Casinos con dinero real"}]},{"@type":"WebSite","@id":"https:\/\/casinomira.com\/es\/#website","url":"https:\/\/casinomira.com\/es\/","name":"CasinoMIRA.com","description":"Online Casinos Canada \u2013 All About Online Gambling Canada.","publisher":{"@id":"https:\/\/casinomira.com\/es\/#organization"},"alternateName":"CasinoMIRA","potentialAction":[{"@type":"SearchAction","target":{"@type":"EntryPoint","urlTemplate":"https:\/\/casinomira.com\/es\/?s={search_term_string}"},"query-input":"required name=search_term_string"}],"inLanguage":"es"},{"@type":"Organization","@id":"https:\/\/casinomira.com\/es\/#organization","name":"CasinoMIRA.com","url":"https:\/\/casinomira.com\/es\/","logo":{"@type":"ImageObject","inLanguage":"es","@id":"https:\/\/casinomira.com\/es\/#\/schema\/logo\/image\/","url":"https:\/\/casinomira.com\/wp-content\/uploads\/2022\/12\/casinomira_logo_Y.svg","contentUrl":"https:\/\/casinomira.com\/wp-content\/uploads\/2022\/12\/casinomira_logo_Y.svg","caption":"CasinoMIRA.com"},"image":{"@id":"https:\/\/casinomira.com\/es\/#\/schema\/logo\/image\/"}}]}},"_links":{"self":[{"href":"https:\/\/casinomira.com\/es\/wp-json\/wp\/v2\/pages\/8072","targetHints":{"allow":["GET"]}}],"collection":[{"href":"https:\/\/casinomira.com\/es\/wp-json\/wp\/v2\/pages"}],"about":[{"href":"https:\/\/casinomira.com\/es\/wp-json\/wp\/v2\/types\/page"}],"author":[{"embeddable":true,"href":"https:\/\/casinomira.com\/es\/wp-json\/wp\/v2\/users\/1"}],"replies":[{"embeddable":true,"href":"https:\/\/casinomira.com\/es\/wp-json\/wp\/v2\/comments?post=8072"}],"version-history":[{"count":3,"href":"https:\/\/casinomira.com\/es\/wp-json\/wp\/v2\/pages\/8072\/revisions"}],"predecessor-version":[{"id":9060,"href":"https:\/\/casinomira.com\/es\/wp-json\/wp\/v2\/pages\/8072\/revisions\/9060"}],"up":[{"embeddable":true,"href":"https:\/\/casinomira.com\/es\/wp-json\/wp\/v2\/pages\/8058"}],"wp:attachment":[{"href":"https:\/\/casinomira.com\/es\/wp-json\/wp\/v2\/media?parent=8072"}],"curies":[{"name":"wp","href":"https:\/\/api.w.org\/{rel}","templated":true}]}}