{"id":8086,"date":"2021-07-30T15:50:22","date_gmt":"2021-07-30T12:50:22","guid":{"rendered":"http:\/\/casinomira.updated\/casinos-rating\/no-deposit-casinos\/"},"modified":"2024-10-10T17:32:50","modified_gmt":"2024-10-10T14:32:50","slug":"no-deposit-casinos","status":"publish","type":"page","link":"https:\/\/casinomira.com\/es\/casinos-rating\/no-deposit-casinos\/","title":{"rendered":"Casinos sin dep\u00f3sito"},"content":{"rendered":"<p>Los bonos sin dep\u00f3sito son el tipo de regalo m\u00e1s atractivo disponible para los clientes registrados de casinos en l\u00ednea. La ventaja clave de este tipo de recompensa es que el usuario puede comenzar a jugar a las tragamonedas pr\u00e1cticamente desde cero, sin invertir su propio dinero. Los bonos sin dep\u00f3sito son especialmente apreciados por los principiantes que no tienen suficiente experiencia en el juego. La cantidad del bono sin dep\u00f3sito no suele ser muy grande, pero es suficiente para tener una sesi\u00f3n de juego efectiva con apuestas peque\u00f1as. Si tiene \u00e9xito, el jugador podr\u00e1 ganar un capital inicial para seguir jugando. Y si las circunstancias no son favorables, el usuario no pierde nada, pero, al contrario, adquiere una valiosa experiencia pr\u00e1ctica de juego con dinero real. Los bonos sin dep\u00f3sito para el registro se emiten solo una vez y se retiran a la cuenta despu\u00e9s de cumplir ciertas condiciones de apuesta.<\/p>\n<h2><strong>C\u00f3mo elegir el casino sin dep\u00f3sito adecuado<\/strong><\/h2>\n<p>Para entender qu\u00e9 criterio debes tener en cuenta al elegir un casino sin dep\u00f3sito, te sugerimos destacar los siguientes aspectos del casino:<\/p>\n<p>Disponibilidad de licencia; Opiniones positivas y negativas de los aficionados al juego y expertos independientes; Disponibilidad de diferentes opciones de bonos, promociones y otros incentivos; Un casino con una alta calificaci\u00f3n debe tener una amplia selecci\u00f3n de tragamonedas con licencia; Relevancia entre los usuarios; Servicios de pago, velocidad general de transferencia de fondos y retiro de dinero ganado al jugar a las m\u00e1quinas tragamonedas; Respuesta r\u00e1pida del soporte t\u00e9cnico a las diferentes consultas de los jugadores; Facilidad de uso; Presencia de un club de juegos para dispositivos m\u00f3viles, entre otros.<\/p>\n<p>Como puedes ver, el filtrado puede resaltar cualquier par\u00e1metro y proporcionar exactamente calificaciones y offertas las opciones que satisfacen en todos los aspectos a los jugadores. El \u00e9nfasis en la formaci\u00f3n de la calificaci\u00f3n suele estar en puntos bastante importantes, donde cada usuario debe tener en cuenta los criterios principales.<\/p>\n<h3><strong>Los criterios principales para evaluar la calificaci\u00f3n de casinos sin dep\u00f3sito<\/strong><\/h3>\n<p>El n\u00famero de casinos en l\u00ednea supera los varios cientos. No es tan f\u00e1cil para los jugadores principiantes encontrar un club honesto y c\u00f3modo. La calificaci\u00f3n en l\u00ednea de casinos sin dep\u00f3sito ahorra tiempo y ayuda a comparar diferentes clubes en l\u00ednea seg\u00fan varios criterios. Si el casino no tiene un certificado del regulador o el operador ha perdido este privilegio por alguna raz\u00f3n, la plataforma se queda fuera de los primeros puestos. Por lo general, se consideran los siguientes criterios de evaluaci\u00f3n:<\/p>\n<h2><strong>Calificaci\u00f3n general<\/strong><\/h2>\n<p>Calificaciones y Ofertas las primeras l\u00edneas de los casinos con giros gratis sin dep\u00f3sito est\u00e1n ocupadas solo por casinos en l\u00ednea probados y confiables. El factor clave al elegir un club es la licencia. En diferentes sitios de informaci\u00f3n, la lista de los 100 mejores portales de juegos puede variar significativamente. Un mismo casino puede estar en el top diez en uno y, por el contrario, estar en la parte inferior de la clasificaci\u00f3n en otro. Esta pr\u00e1ctica es bastante normal, ya que los criterios de evaluaci\u00f3n son diferentes.<\/p>\n<h3><strong>Juegos y software<\/strong><\/h3>\n<p>Puedes hacer apuestas en los mejores clubes no solo en m\u00e1quinas tragamonedas. La administraci\u00f3n ofrece soluciones de casino en vivo, simuladores de juegos de mesa y torneos.<\/p>\n<h3><strong>Bonos y promociones<\/strong><\/h3>\n<p>La variedad de opciones de bonificaci\u00f3n no significa una ventaja para el jugador todav\u00eda. Algunos clubes imponen requisitos de apuesta demasiado altos. Como resultado, simplemente no es posible cumplirlos. El tipo de bono m\u00e1s valioso en las clasificaciones de casinos en l\u00ednea se considera un regalo sin dep\u00f3sito.<\/p>\n<h3><strong>Soporte al cliente<\/strong><\/h3>\n<p>Incluso en el casino m\u00e1s justo y seguro, hay jugadores insatisfechos o aquellos que han tenido algunos problemas. Los buenos casinos siempre est\u00e1n en contacto con sus clientes y los ayudan a resolver cualquier problema. Si la administraci\u00f3n del casino no resuelve el problema y no reacciona a declaraciones negativas, esto significa que la administraci\u00f3n no valora a sus jugadores y el casino en l\u00ednea sin dep\u00f3sito no tiene inter\u00e9s en ellos.<\/p>\n<h3><strong>Tiempos y l\u00edmites de retiro<\/strong><\/h3>\n<p>Los casinos sin dep\u00f3sito utilizan los mejores servicios de pago: monederos electr\u00f3nicos, banca m\u00f3vil en l\u00ednea, tarjetas bancarias y de cr\u00e9dito. A pesar de que los casinos con giros gratis sin dep\u00f3sito ofrecen dinero gratis, no es posible retirarlo de inmediato. Calificaciones y Ofertas nos gustar\u00eda recordarte una vez m\u00e1s la importancia de elegir los casinos sin dep\u00f3sito adecuados. No todos los establecimientos son generosos. Siempre tiene sentido registrarse en varios casinos y obtener algunos bonos.<\/p>\n<h3><strong>C\u00f3mo obtener un bono sin dep\u00f3sito en un casino en l\u00ednea<\/strong><\/h3>\n<p>A menudo, para reclamar una oferta espec\u00edfica sin dep\u00f3sito, deber\u00e1s hacer clic en el bot\u00f3n de bonificaci\u00f3n especial. Sin embargo, a veces se requiere el uso de c\u00f3digos espec\u00edficos de bonificaci\u00f3n sin dep\u00f3sito al registrarte para activar el bono. Como regla general, puedes obtener un bono sin dep\u00f3sito siguiendo el algoritmo de acciones m\u00e1s sencillo.<\/p>\n<p>Paso 1: Encuentra un sitio de juegos de azar confiable que ofrezca un bono de registro. Puedes elegir el mejor club en l\u00ednea utilizando las clasificaciones de casinos que ofrecen rese\u00f1as detalladas de cada casino. Tambi\u00e9n puedes ver la lista actual de bonos y elegir una oferta adecuada para ti. Si buscas un bono de un casino espec\u00edfico, utiliza el filtro correspondiente.<\/p>\n<p>Paso 2: Lee los t\u00e9rminos y condiciones. Es mejor hacerlo en el sitio web oficial de la organizaci\u00f3n, ya que la informaci\u00f3n en otros recursos web puede ser inexacta y no relevante, lo que puede resultar en p\u00e9rdidas financieras menores o incluso graves.<\/p>\n<p>Paso 3: Reg\u00edstrate. En la mayor\u00eda de los establecimientos, puedes hacerlo a trav\u00e9s de correo electr\u00f3nico, n\u00famero de tel\u00e9fono o mediante una red social. Estos par\u00e1metros son los inicios de sesi\u00f3n para la autorizaci\u00f3n. Tambi\u00e9n tendr\u00e1s que crear una contrase\u00f1a: cuanto m\u00e1s compleja sea, m\u00e1s segura ser\u00e1.<\/p>\n<p>Paso 4: Pasa por la verificaci\u00f3n. Para ello, deber\u00e1s indicar informaci\u00f3n del pasaporte, as\u00ed como enviar su foto y escaneo. Es posible que necesites un autorretrato junto con una identificaci\u00f3n. En esta etapa, deber\u00e1s esperar mientras el administrador verifica los datos.<\/p>\n<p>Paso 5: Obt\u00e9n tubonificaci\u00f3n. Despu\u00e9s de eso, todo lo que queda es recibir un bono sin dep\u00f3sito en tu cuenta de juego y usarlo seg\u00fan su prop\u00f3sito previsto. Todo el procedimiento no tomar\u00e1 ni siquiera 10 minutos.<\/p>\n<h3><strong>Tipos de bonos sin dep\u00f3sito en casinos en l\u00ednea<\/strong><\/h3>\n<p>Los bonos de registro sin dep\u00f3sito son la pr\u00e1ctica m\u00e1s com\u00fan que proporciona a los casinos una afluencia de nuevos clientes. Para obtener este tipo de regalo, un jugador solo necesita registrarse en el sitio web del casino. En este caso, solo debe haber una cuenta. Si la administraci\u00f3n descubre que varios perfiles est\u00e1n registrados para un mismo usuario o desde una misma direcci\u00f3n IP, todos ellos ser\u00e1n bloqueados. Como ya has entendido, existen muchos tipos de casinos con giros gratis sin dep\u00f3sito y sus ofertas. Entonces, consideremos las ofertas sin dep\u00f3sito m\u00e1s populares que puedes esperar ver.<\/p>\n<h3>Bono de registro sin dep\u00f3sito<\/h3>\n<p>Este es un bono de bienvenida sin dep\u00f3sito que se emite en forma de dinero en efectivo o giros gratis. Si deseas obtener este bono, ser\u00e1 suficiente indicar un breve conjunto de datos sobre ti mismo, m\u00e1s com\u00fanmente un n\u00famero de tel\u00e9fono o correo electr\u00f3nico, y una contrase\u00f1a (inventada). A menudo, para retirar las ganancias en l\u00ednea, deber\u00e1s pasar por el procedimiento de verificaci\u00f3n con la indicaci\u00f3n de los datos del pasaporte, como serie y n\u00famero, fecha de nacimiento, lugar de registro, etc.<\/p>\n<h3><strong>Regalos para las fiestas<\/strong><\/h3>\n<p>Con mayor frecuencia, se otorgan bonos sin dep\u00f3sito para el cumplea\u00f1os, A\u00f1o Nuevo y otras fechas importantes (por ejemplo, durante los eventos festivos del propio casino sin dep\u00f3sito). Para recibir un premio, deber\u00e1s ponerte en contacto con el soporte t\u00e9cnico y especificar el c\u00f3digo promocional.<\/p>\n<h3>Bono por obtener un estado VIP<\/h3>\n<p>Si un jugador alcanza un nuevo nivel del programa de lealtad que supera el estado anterior, tambi\u00e9n puede recibir bonos especiales sin dep\u00f3sito. Esto se determina por las condiciones espec\u00edficas de un casino en l\u00ednea sin dep\u00f3sito en particular, pero cuanto mayor sea el rango, m\u00e1s generoso ser\u00e1 el bono.<\/p>\n<h3>Bono por atraer a un nuevo jugador<\/h3>\n<p>Con mayor frecuencia, el usuario recibe un porcentaje de la contribuci\u00f3n del jugador, aunque a veces el sistema les permite obtener una recompensa sin depositar fondos en la cuenta, en una cantidad fija. Los giros gratis recibidos como bono sin dep\u00f3sito se incluyen m\u00e1s a menudo en el paquete de bienvenida como un complemento al dinero en efectivo. Sin embargo, tambi\u00e9n se pueden obtener giros gratis en tragamonedas seleccionadas como un regalo separado. Esto depender\u00e1 de las capacidades y la pol\u00edtica de bonificaci\u00f3n del operador. Un bono gratuito emitido como dinero real para jugar se otorga a los visitantes que han creado una cuenta y completado el formulario de registro. El bono suele estar destinado a nuevos jugadores. En algunos casos, por iniciativa de la administraci\u00f3n del sitio, se otorga para animar a los usuarios inactivos a jugar nuevamente. Los diferentes motivos para otorgar un bono seguro dictan diferentes condiciones para su uso y redenci\u00f3n.<\/p>\n<h2>Opciones para obtener dinero real o giros gratis en casinos sin dep\u00f3sito<\/h2>\n<p>Los casinos sin dep\u00f3sito tambi\u00e9n difieren entre s\u00ed en la forma de recibir un bono sin dep\u00f3sito. Hoy en d\u00eda, las siguientes opciones se encuentran con mayor frecuencia:<\/p>\n<p>Autom\u00e1ticamente despu\u00e9s del registro. La mayor\u00eda de los giros gratis en casinos sin dep\u00f3sito se otorgan a los usuarios inmediatamente despu\u00e9s de que se hayan registrado las cuentas. Esta forma difiere de la anterior solo en que despu\u00e9s del registro, el jugador deber\u00e1 activar la cuenta a trav\u00e9s de correo electr\u00f3nico o tel\u00e9fono. Si es necesario, utiliza el suministro de energ\u00eda: Con un c\u00f3digo. Los c\u00f3digos de bonificaci\u00f3n se pueden ingresar tanto durante el proceso de registro como despu\u00e9s. Los c\u00f3digos pueden ser exclusivos y p\u00fablicos. Sin c\u00f3digos. Este m\u00e9todo est\u00e1 muy extendido entre los casinos sin dep\u00f3sito. El usuario simplemente necesita registrarse en la cuenta por primera vez. Si es necesario, puede confirmar el n\u00famero de tel\u00e9fono. C\u00f3digos de bonificaci\u00f3n de casino sin dep\u00f3sito en l\u00ednea<\/p>\n<p>La activaci\u00f3n con un c\u00f3digo promocional se utiliza en diferentes tipos de ofertas sin dep\u00f3sito. En cuanto al bono de bienvenida, el conjunto de s\u00edmbolos se puede encontrar en la p\u00e1gina principal, en el formulario de registro o en el correo electr\u00f3nico que se env\u00eda al usuario para confirmar la direcci\u00f3n de correo electr\u00f3nico. Las promociones se pueden realizar junto con sitios asociados. El c\u00f3digo generalmente se aloja en un recurso de terceros. La promoci\u00f3n proporcionada al jugador es individual y se activa mediante un c\u00f3digo promocional \u00fanico. Se env\u00eda por correo electr\u00f3nico, SMS, se muestra en la cuenta personal o se acredita por el empleado del casino en el chat en l\u00ednea.<\/p>\n<h2>Casinos sin dep\u00f3sito en Argentina<\/h2>\n<p>Actualmente, los casinos no pueden operar legalmente en Argentina. Sin embargo, si operan en el extranjero y est\u00e1n registrados ante las autoridades canadienses, los usuarios pueden jugar en estos sitios. Hay varios casinos en l\u00ednea que son operados por gobiernos locales. El hecho es que el juego en l\u00ednea todav\u00eda es un \u00e1rea gris en Argentina. Hay muchos casinos en l\u00ednea de alta calidad para canadienses que ofrecen bonos sin dep\u00f3sito.<\/p>\n<h2>C\u00f3mo apostar el bono en casinos sin dep\u00f3sito en Argentina<\/h2>\n<p>Cada sitio tiene sus propios requisitos de apuesta, que tambi\u00e9n var\u00edan seg\u00fan el tipo de bono. En primer lugar, la apuesta es el n\u00famero de apuestas que un jugador debe realizar para tener la oportunidad de retirar sus ganancias. Por ejemplo, si has obtenido 10 CAD como bono sin dep\u00f3sito y la apuesta es x30, los usuarios deben hacer 300 giros de 1 CAD cada uno. El per\u00edodo de apuesta es el per\u00edodo que comienza cuando se activa el bono y termina cuando se cierra. El usuario debe cumplir con este per\u00edodo de tiempo, de lo contrario, los fondos del premio ser\u00e1n cancelados. Los casinos establecen una lista de juegos en los que se puede apostar el bono.<\/p>\n<h2><strong>Conclusi\u00f3n<\/strong><\/h2>\n<p>Al jugar en un sitio web de juegos de azar con un bono sin dep\u00f3sito, tienes una oportunidad real de obtener ganancias sin realizar tus propias inversiones. Sin embargo, algunos operadores, antes de retirar el regalo, pueden requerir que el cliente verifique el instrumento de pago realizando un dep\u00f3sito m\u00ednimo. Y si el usuario se niega a hacerlo, se denegar\u00e1 el retiro de dinero. De todos modos, si no te gusta, no perder\u00e1s nada. Bueno, si te gusta, puedes crear un bankroll con tus propios fondos despu\u00e9s de practicar con el bono. En conclusi\u00f3n, te recordamos que jugar en casinos sin dep\u00f3sito puede generar ganancias solo si se cumplen todos los requisitos de apuesta. Para evitar decepciones y tener que contactar con el soporte t\u00e9cnico, estudia cuidadosamente los t\u00e9rminos del programa de bonificaci\u00f3n en las reglas del sitio web del casino. \u00a1Buena suerte y divi\u00e9rtete!<\/p>\n","protected":false},"excerpt":{"rendered":"<p>Los bonos sin dep\u00f3sito son el tipo de regalo m\u00e1s atractivo disponible para los clientes registrados de casinos en l\u00ednea. La ventaja clave de este tipo de recompensa es que el usuario puede comenzar a jugar a las tragamonedas pr\u00e1cticamente desde cero, sin invertir su propio dinero. Los bonos sin dep\u00f3sito son especialmente apreciados por [&hellip;]<\/p>\n","protected":false},"author":1,"featured_media":0,"parent":8058,"menu_order":0,"comment_status":"closed","ping_status":"closed","template":"template-archive-casino1.php","meta":{"footnotes":""},"class_list":["post-8086","page","type-page","status-publish","hentry"],"acf":[],"yoast_head":"<!-- This site is optimized with the Yoast SEO plugin v21.9 - https:\/\/yoast.com\/wordpress\/plugins\/seo\/ -->\n<title>Casinos sin dep\u00f3sito en Argentina, Calificaciones y Ofertas de Casinos en L\u00ednea<\/title>\n<meta name=\"description\" content=\"\u00bfEst\u00e1 buscando ofertas y casinos sin dep\u00f3sito fiables y generosos? Aqu\u00ed encontrar\u00e1 datos interesantes sobre las puntuaciones de los casinos en l\u00ednea, giros gratis de casinos sin dep\u00f3sito y mucha m\u00e1s informaci\u00f3n \u00fatil para un juego rentable.\" \/>\n<meta name=\"robots\" content=\"index, follow, max-snippet:-1, max-image-preview:large, max-video-preview:-1\" \/>\n<link rel=\"canonical\" href=\"https:\/\/casinomira.com\/es\/casinos-rating\/no-deposit-casinos\/\" \/>\n<meta property=\"og:locale\" content=\"es_ES\" \/>\n<meta property=\"og:type\" content=\"article\" \/>\n<meta property=\"og:title\" content=\"Casinos sin dep\u00f3sito en Argentina, Calificaciones y Ofertas de Casinos en L\u00ednea\" \/>\n<meta property=\"og:description\" content=\"\u00bfEst\u00e1 buscando ofertas y casinos sin dep\u00f3sito fiables y generosos? Aqu\u00ed encontrar\u00e1 datos interesantes sobre las puntuaciones de los casinos en l\u00ednea, giros gratis de casinos sin dep\u00f3sito y mucha m\u00e1s informaci\u00f3n \u00fatil para un juego rentable.\" \/>\n<meta property=\"og:url\" content=\"https:\/\/casinomira.com\/es\/casinos-rating\/no-deposit-casinos\/\" \/>\n<meta property=\"og:site_name\" content=\"CasinoMIRA.com\" \/>\n<meta property=\"article:modified_time\" content=\"2024-10-10T14:32:50+00:00\" \/>\n<meta name=\"twitter:card\" content=\"summary_large_image\" \/>\n<meta name=\"twitter:label1\" content=\"Tiempo de lectura\" \/>\n\t<meta name=\"twitter:data1\" content=\"12 minutos\" \/>\n<script type=\"application\/ld+json\" class=\"yoast-schema-graph\">{\"@context\":\"https:\/\/schema.org\",\"@graph\":[{\"@type\":\"WebPage\",\"@id\":\"https:\/\/casinomira.com\/es\/casinos-rating\/no-deposit-casinos\/\",\"url\":\"https:\/\/casinomira.com\/es\/casinos-rating\/no-deposit-casinos\/\",\"name\":\"Casinos sin dep\u00f3sito en Argentina, Calificaciones y Ofertas de Casinos en L\u00ednea\",\"isPartOf\":{\"@id\":\"https:\/\/casinomira.com\/es\/#website\"},\"datePublished\":\"2021-07-30T12:50:22+00:00\",\"dateModified\":\"2024-10-10T14:32:50+00:00\",\"description\":\"\u00bfEst\u00e1 buscando ofertas y casinos sin dep\u00f3sito fiables y generosos? Aqu\u00ed encontrar\u00e1 datos interesantes sobre las puntuaciones de los casinos en l\u00ednea, giros gratis de casinos sin dep\u00f3sito y mucha m\u00e1s informaci\u00f3n \u00fatil para un juego rentable.\",\"breadcrumb\":{\"@id\":\"https:\/\/casinomira.com\/es\/casinos-rating\/no-deposit-casinos\/#breadcrumb\"},\"inLanguage\":\"es\",\"potentialAction\":[{\"@type\":\"ReadAction\",\"target\":[\"https:\/\/casinomira.com\/es\/casinos-rating\/no-deposit-casinos\/\"]}]},{\"@type\":\"BreadcrumbList\",\"@id\":\"https:\/\/casinomira.com\/es\/casinos-rating\/no-deposit-casinos\/#breadcrumb\",\"itemListElement\":[{\"@type\":\"ListItem\",\"position\":1,\"name\":\"Home\",\"item\":\"https:\/\/casinomira.com\/es\/\"},{\"@type\":\"ListItem\",\"position\":2,\"name\":\"Clasificaci\u00f3n del Casino\",\"item\":\"https:\/\/casinomira.com\/es\/casinos-rating\/\"},{\"@type\":\"ListItem\",\"position\":3,\"name\":\"Casinos sin dep\u00f3sito\"}]},{\"@type\":\"WebSite\",\"@id\":\"https:\/\/casinomira.com\/es\/#website\",\"url\":\"https:\/\/casinomira.com\/es\/\",\"name\":\"CasinoMIRA.com\",\"description\":\"Online Casinos Canada \u2013 All About Online Gambling Canada.\",\"publisher\":{\"@id\":\"https:\/\/casinomira.com\/es\/#organization\"},\"alternateName\":\"CasinoMIRA\",\"potentialAction\":[{\"@type\":\"SearchAction\",\"target\":{\"@type\":\"EntryPoint\",\"urlTemplate\":\"https:\/\/casinomira.com\/es\/?s={search_term_string}\"},\"query-input\":\"required name=search_term_string\"}],\"inLanguage\":\"es\"},{\"@type\":\"Organization\",\"@id\":\"https:\/\/casinomira.com\/es\/#organization\",\"name\":\"CasinoMIRA.com\",\"url\":\"https:\/\/casinomira.com\/es\/\",\"logo\":{\"@type\":\"ImageObject\",\"inLanguage\":\"es\",\"@id\":\"https:\/\/casinomira.com\/es\/#\/schema\/logo\/image\/\",\"url\":\"https:\/\/casinomira.com\/wp-content\/uploads\/2022\/12\/casinomira_logo_Y.svg\",\"contentUrl\":\"https:\/\/casinomira.com\/wp-content\/uploads\/2022\/12\/casinomira_logo_Y.svg\",\"caption\":\"CasinoMIRA.com\"},\"image\":{\"@id\":\"https:\/\/casinomira.com\/es\/#\/schema\/logo\/image\/\"}}]}<\/script>\n<!-- \/ Yoast SEO plugin. -->","yoast_head_json":{"title":"Casinos sin dep\u00f3sito en Argentina, Calificaciones y Ofertas de Casinos en L\u00ednea","description":"\u00bfEst\u00e1 buscando ofertas y casinos sin dep\u00f3sito fiables y generosos? Aqu\u00ed encontrar\u00e1 datos interesantes sobre las puntuaciones de los casinos en l\u00ednea, giros gratis de casinos sin dep\u00f3sito y mucha m\u00e1s informaci\u00f3n \u00fatil para un juego rentable.","robots":{"index":"index","follow":"follow","max-snippet":"max-snippet:-1","max-image-preview":"max-image-preview:large","max-video-preview":"max-video-preview:-1"},"canonical":"https:\/\/casinomira.com\/es\/casinos-rating\/no-deposit-casinos\/","og_locale":"es_ES","og_type":"article","og_title":"Casinos sin dep\u00f3sito en Argentina, Calificaciones y Ofertas de Casinos en L\u00ednea","og_description":"\u00bfEst\u00e1 buscando ofertas y casinos sin dep\u00f3sito fiables y generosos? Aqu\u00ed encontrar\u00e1 datos interesantes sobre las puntuaciones de los casinos en l\u00ednea, giros gratis de casinos sin dep\u00f3sito y mucha m\u00e1s informaci\u00f3n \u00fatil para un juego rentable.","og_url":"https:\/\/casinomira.com\/es\/casinos-rating\/no-deposit-casinos\/","og_site_name":"CasinoMIRA.com","article_modified_time":"2024-10-10T14:32:50+00:00","twitter_card":"summary_large_image","twitter_misc":{"Tiempo de lectura":"12 minutos"},"schema":{"@context":"https:\/\/schema.org","@graph":[{"@type":"WebPage","@id":"https:\/\/casinomira.com\/es\/casinos-rating\/no-deposit-casinos\/","url":"https:\/\/casinomira.com\/es\/casinos-rating\/no-deposit-casinos\/","name":"Casinos sin dep\u00f3sito en Argentina, Calificaciones y Ofertas de Casinos en L\u00ednea","isPartOf":{"@id":"https:\/\/casinomira.com\/es\/#website"},"datePublished":"2021-07-30T12:50:22+00:00","dateModified":"2024-10-10T14:32:50+00:00","description":"\u00bfEst\u00e1 buscando ofertas y casinos sin dep\u00f3sito fiables y generosos? Aqu\u00ed encontrar\u00e1 datos interesantes sobre las puntuaciones de los casinos en l\u00ednea, giros gratis de casinos sin dep\u00f3sito y mucha m\u00e1s informaci\u00f3n \u00fatil para un juego rentable.","breadcrumb":{"@id":"https:\/\/casinomira.com\/es\/casinos-rating\/no-deposit-casinos\/#breadcrumb"},"inLanguage":"es","potentialAction":[{"@type":"ReadAction","target":["https:\/\/casinomira.com\/es\/casinos-rating\/no-deposit-casinos\/"]}]},{"@type":"BreadcrumbList","@id":"https:\/\/casinomira.com\/es\/casinos-rating\/no-deposit-casinos\/#breadcrumb","itemListElement":[{"@type":"ListItem","position":1,"name":"Home","item":"https:\/\/casinomira.com\/es\/"},{"@type":"ListItem","position":2,"name":"Clasificaci\u00f3n del Casino","item":"https:\/\/casinomira.com\/es\/casinos-rating\/"},{"@type":"ListItem","position":3,"name":"Casinos sin dep\u00f3sito"}]},{"@type":"WebSite","@id":"https:\/\/casinomira.com\/es\/#website","url":"https:\/\/casinomira.com\/es\/","name":"CasinoMIRA.com","description":"Online Casinos Canada \u2013 All About Online Gambling Canada.","publisher":{"@id":"https:\/\/casinomira.com\/es\/#organization"},"alternateName":"CasinoMIRA","potentialAction":[{"@type":"SearchAction","target":{"@type":"EntryPoint","urlTemplate":"https:\/\/casinomira.com\/es\/?s={search_term_string}"},"query-input":"required name=search_term_string"}],"inLanguage":"es"},{"@type":"Organization","@id":"https:\/\/casinomira.com\/es\/#organization","name":"CasinoMIRA.com","url":"https:\/\/casinomira.com\/es\/","logo":{"@type":"ImageObject","inLanguage":"es","@id":"https:\/\/casinomira.com\/es\/#\/schema\/logo\/image\/","url":"https:\/\/casinomira.com\/wp-content\/uploads\/2022\/12\/casinomira_logo_Y.svg","contentUrl":"https:\/\/casinomira.com\/wp-content\/uploads\/2022\/12\/casinomira_logo_Y.svg","caption":"CasinoMIRA.com"},"image":{"@id":"https:\/\/casinomira.com\/es\/#\/schema\/logo\/image\/"}}]}},"_links":{"self":[{"href":"https:\/\/casinomira.com\/es\/wp-json\/wp\/v2\/pages\/8086","targetHints":{"allow":["GET"]}}],"collection":[{"href":"https:\/\/casinomira.com\/es\/wp-json\/wp\/v2\/pages"}],"about":[{"href":"https:\/\/casinomira.com\/es\/wp-json\/wp\/v2\/types\/page"}],"author":[{"embeddable":true,"href":"https:\/\/casinomira.com\/es\/wp-json\/wp\/v2\/users\/1"}],"replies":[{"embeddable":true,"href":"https:\/\/casinomira.com\/es\/wp-json\/wp\/v2\/comments?post=8086"}],"version-history":[{"count":4,"href":"https:\/\/casinomira.com\/es\/wp-json\/wp\/v2\/pages\/8086\/revisions"}],"predecessor-version":[{"id":11081,"href":"https:\/\/casinomira.com\/es\/wp-json\/wp\/v2\/pages\/8086\/revisions\/11081"}],"up":[{"embeddable":true,"href":"https:\/\/casinomira.com\/es\/wp-json\/wp\/v2\/pages\/8058"}],"wp:attachment":[{"href":"https:\/\/casinomira.com\/es\/wp-json\/wp\/v2\/media?parent=8086"}],"curies":[{"name":"wp","href":"https:\/\/api.w.org\/{rel}","templated":true}]}}