{"id":8095,"date":"2021-07-30T15:31:21","date_gmt":"2021-07-30T12:31:21","guid":{"rendered":"http:\/\/casinomira.updated\/casinos-rating\/new-casinos\/"},"modified":"2024-10-10T17:36:01","modified_gmt":"2024-10-10T14:36:01","slug":"new-casinos","status":"publish","type":"page","link":"https:\/\/casinomira.com\/es\/casinos-rating\/new-casinos\/","title":{"rendered":"Nuevos casinos en l\u00ednea"},"content":{"rendered":"<p>Los nuevos casinos en l\u00ednea permiten a los entusiastas del juego encontrar el mejor nuevo casino en l\u00ednea en Argentina, que tiene en cuenta los errores de sus competidores m\u00e1s antiguos y ofrece ofertas m\u00e1s atractivas a sus usuarios. La administraci\u00f3n tiene la oportunidad de analizar el mercado y crear un programa de bonificaci\u00f3n completamente nuevo que sea atractivo para la mayor\u00eda de los usuarios. Los casinos en l\u00ednea m\u00e1s nuevos en Argentina ofrecen m\u00e1s bonos de registro sin dep\u00f3sito. A menudo recompensan a los jugadores regulares con obsequios en efectivo, giros gratis y otras promociones.<\/p>\n<h2><strong>C\u00f3mo elegir un nuevo casino en l\u00ednea:<\/strong><\/h2>\n<p>Un casino virtual de alta calidad debe ser decente y honesto. Los par\u00e1metros de honestidad y decencia de un casino en l\u00ednea en Argentina no se pueden medir m\u00e1s que como resultado de la interacci\u00f3n de juego con \u00e9l. Es importante para todos los fan\u00e1ticos de los casinos en l\u00ednea, especialmente aquellos que prueban el juego en l\u00ednea por primera vez, saber si los nuevos casinos merecen confianza. Los establecimientos virtuales permiten jugar en cualquier lugar y en cualquier momento en diferentes tipos de dispositivos. Puedes participar en torneos y promociones, competir con otros usuarios, ganar premios y divertirte. Sin embargo, antes de registrarte en un nuevo casino en Argentina, es importante prestar atenci\u00f3n a algunos criterios b\u00e1sicos.<\/p>\n<p>Principales criterios para evaluar la clasificaci\u00f3n de un nuevo casino en l\u00ednea:<\/p>\n<p>Como un recurso decente, nos comprometemos a asegurarnos de que nuestras rese\u00f1as sean de alta calidad, confiables y proporcionen los mejores datos posibles para los jugadores. Consideremos los criterios que tenemos en cuenta al hacer una clasificaci\u00f3n de casinos en l\u00ednea o al escribir y verificar la calidad del casino.<\/p>\n<h3><strong>Calificaci\u00f3n general:<\/strong><\/h3>\n<p>Siempre investigamos los casinos antes de listarlos en nuestro sitio. Queremos que cumplan con una serie de criterios porque nos gustar\u00eda proporcionar un servicio \u00fatil a nuestros lectores. Recibimos materiales sobre casinos existentes o nos enteramos del pr\u00f3ximo lanzamiento de nuevos establecimientos en l\u00ednea, y luego los investigamos cuidadosamente, prestando atenci\u00f3n a si cumplen con nuestros est\u00e1ndares para un buen casino.<\/p>\n<h3><strong>Juegos y software:<\/strong><\/h3>\n<p>Los casinos en l\u00ednea de dinero real deben trabajar con proveedores de software confiables como Microgaming, Playtech, NetEnt, Novomatic u otras compa\u00f1\u00edas importantes. Tambi\u00e9n determinamos si estos casinos ofrecen juegos instant\u00e1neos, juego m\u00f3vil y descargas. Es importante tener en cuenta que los juegos no deben experimentar problemas t\u00e9cnicos o errores, y deben estar disponibles en todos los dispositivos a medida que se actualizan.<\/p>\n<h3><strong>Bonificaciones y promociones:<\/strong><\/h3>\n<p>Los nuevos casinos en l\u00ednea son m\u00e1s leales a las ofertas de bonificaci\u00f3n. Al comienzo de su trayectoria, cada instituci\u00f3n quiere atraer a m\u00e1s usuarios y, por lo tanto, ofrece generosos regalos. Muchos entusiastas del juego comenzaron su viaje recibiendo regalos por registrarse.<\/p>\n<p>Caracter\u00edsticas del paquete de bienvenida. Si al comienzo se ofrecen bonos de dep\u00f3sito, giros gratis y ofertas sin dep\u00f3sito, el club seguramente estar\u00e1 entre los tres primeros. Esto significa que un jugador puede comenzar a jugar con una ventaja e incluso ganar. Promociones semanales. Giros gratis los fines de semana, un bono de dep\u00f3sito regular y loter\u00edas fortalecen la posici\u00f3n del sitio. La mayor\u00eda de los botes se ganan a trav\u00e9s de bonificaciones. Elementos del programa de lealtad. Los casinos en l\u00ednea suelen ofrecer hasta 7 niveles de lealtad. Un aumento en la calificaci\u00f3n aumenta el reembolso en efectivo y ayuda a cambiar los puntos de compensaci\u00f3n por dinero real a una tasa favorable. Las apuestas se analizan por separado. Un club que ofrece apostar el bono x70 o m\u00e1s es poco probable que est\u00e9 en la clasificaci\u00f3n en absoluto, por no mencionar el top 10. Bajo tales condiciones, el cliente de la instituci\u00f3n pr\u00e1cticamente no tiene posibilidades de obtener una ganancia financiera.<\/p>\n<h3><strong>Soporte al cliente:<\/strong><\/h3>\n<p>La retroalimentaci\u00f3n del club en l\u00ednea es muy importante para el jugador. Las preguntas y situaciones controvertidas en los casinos en l\u00ednea con una audiencia de miles de clientes ocurren regularmente. Incluso si los reguladores permitieran el uso de bots automatizados en los chats, no habr\u00eda salvado el d\u00eda. En uno de los 10 mejores clubes en l\u00ednea certificados en Internet, el chat de soporte es atendido por un equipo de empleados separado. Esto ayuda en los siguientes aspectos:<\/p>\n<p>Retiro r\u00e1pido de fondos. A trav\u00e9s del chat interno, puede aclarar el estado de la transacci\u00f3n y averiguar por qu\u00e9 la administraci\u00f3n no transfiere el dinero dentro del per\u00edodo especificado. Las situaciones de fuerza mayor ocurren incluso en establecimientos de marca. Recibir informaci\u00f3n sobre bonificaciones. Las promociones suelen ser complejas e incluyen una gran cantidad de condiciones ocultas. El chat de soporte se cre\u00f3 para dar consejos a los principiantes y hablarles sobre las reglas de las funciones de premios individuales. Activar c\u00f3digos promocionales individuales. Los mejores casinos en l\u00ednea recompensan a los usuarios por ser activos. Los jugadores reciben giros gratis, y se activan precisamente a trav\u00e9s de la comunicaci\u00f3n con un empleado del club.<\/p>\n<h3><strong>Tiempo de retiro:<\/strong><\/h3>\n<p>Si te encuentras en Argentina, puedes hacer dep\u00f3sitos y retirar dinero en los casinos en l\u00ednea de Argentina utilizando una variedad de opciones de pago que incluyen los m\u00e9todos m\u00e1s populares como tarjetas de cr\u00e9dito como VISA y Mastercard, as\u00ed como monederos electr\u00f3nicos como PayPal, EcoPayz e iDebit. El mejor casino en l\u00ednea en Argentina admitir\u00e1 m\u00faltiples sistemas de pago para que los jugadores puedan elegir la opci\u00f3n m\u00e1s conveniente para ellos. El sistema de pago que elijas es el factor determinante en cu\u00e1n r\u00e1pido puedes retirarte de un casino en l\u00ednea. Mientras que los retiros de monederos electr\u00f3nicos son instant\u00e1neos, los retiros con tarjeta de cr\u00e9dito y transferencias bancarias pueden tardar varios d\u00edas. Sin embargo, la rapidez con la que puedas retirar fondos tambi\u00e9n depende del tiempo de procesamiento en el casino. Los mejores casinos en l\u00ednea de Argentina procesar\u00e1n todos los pagos en 24 horas o menos, mientras que otros pueden llevar m\u00e1s tiempo, especialmente los fines de semana. Para acelerar el proceso de retiro, tambi\u00e9n te recomendamos pasar por la verificaci\u00f3n proporcionando ciertos documentos. Guarda una copia escaneada de tu pasaporte, identificaci\u00f3n y tarjeta de cr\u00e9dito, para que puedas enviarlos al casinoEspa\u00f1ol:<\/p>\n<h2><strong>Nuevos casinos en l\u00ednea<\/strong><\/h2>\n<p>Las nuevas rese\u00f1as de casinos en l\u00ednea permiten a los entusiastas del juego encontrar el mejor nuevo casino en l\u00ednea en Argentina que tenga en cuenta los errores de sus competidores m\u00e1s antiguos y ofrezca mejores ofertas a sus usuarios. La administraci\u00f3n tiene la oportunidad de analizar el mercado y crear un programa de bonificaci\u00f3n completamente nuevo que atraiga a la mayor\u00eda de los usuarios. Los casinos en l\u00ednea m\u00e1s nuevos en Argentina ofrecen m\u00e1s bonos de registro sin dep\u00f3sito. A menudo recompensan a los jugadores regulares con regalos en efectivo, giros gratis y otras promociones.<\/p>\n<h2><strong>C\u00f3mo elegir un nuevo casino en l\u00ednea<\/strong><\/h2>\n<p>Un casino virtual de alta calidad debe ser decente y honesto. Los par\u00e1metros de honestidad y decencia de un casino en l\u00ednea en Argentina solo se pueden medir como resultado de la interacci\u00f3n de juego con el mismo. Es importante para todos los fan\u00e1ticos de los casinos en l\u00ednea, especialmente aquellos que prueban los juegos en l\u00ednea por primera vez, saber si los nuevos casinos merecen confianza. Los establecimientos virtuales permiten jugar en cualquier lugar y en cualquier momento en diferentes tipos de dispositivos. Puedes participar en torneos y promociones, competir con otros usuarios, ganar premios y divertirte. Sin embargo, antes de registrarte en un nuevo casino en Argentina, es importante prestar atenci\u00f3n a algunos criterios b\u00e1sicos.<\/p>\n<p>Principales criterios para evaluar la clasificaci\u00f3n de un nuevo casino en l\u00ednea<\/p>\n<p>Como recurso confiable, nos aseguramos de que nuestras rese\u00f1as sean de alta calidad, confiables y proporcionen los mejores datos posibles para los jugadores. Consideremos los criterios que tomamos en cuenta al crear una clasificaci\u00f3n de casinos en l\u00ednea o al escribir y verificar la calidad de los casinos.<\/p>\n<h3><strong>Calificaci\u00f3n general<\/strong><\/h3>\n<p>Siempre investigamos los casinos antes de listarlos en nuestro sitio. Queremos que cumplan con varios criterios porque nos gustar\u00eda proporcionar un servicio \u00fatil a nuestros lectores. Recibimos informaci\u00f3n sobre casinos existentes o nos enteramos del pr\u00f3ximo lanzamiento de nuevos establecimientos en l\u00ednea, y luego los investigamos cuidadosamente, prestando atenci\u00f3n a si cumplen con nuestros est\u00e1ndares para un buen casino.<\/p>\n<h3><strong>Juegos y software<\/strong><\/h3>\n<p>Los casinos en l\u00ednea de dinero real deben trabajar con proveedores de software confiables como Microgaming, Playtech, NetEnt, Novomatic u otras compa\u00f1\u00edas importantes. Tambi\u00e9n determinamos si estos casinos ofrecen juegos instant\u00e1neos, juegos m\u00f3viles y descargas. Es importante tener en cuenta que los juegos no deben experimentar problemas t\u00e9cnicos o errores, y deben estar disponibles en todos los dispositivos a medida que se actualizan.<\/p>\n<h3><strong>Bonos y promociones<\/strong><\/h3>\n<p>Los nuevos casinos en l\u00ednea son m\u00e1s generosos con las ofertas de bonos. Al comienzo de su trayectoria, cada instituci\u00f3n desea atraer a m\u00e1s usuarios y, por lo tanto, ofrece generosos regalos. Muchos entusiastas del juego comenzaron su viaje recibiendo regalos al registrarse.<\/p>\n<p>Caracter\u00edsticas del paquete de bienvenida. Si al comienzo se ofrecen bonos de dep\u00f3sito, giros gratis y ofertas sin dep\u00f3sito, el club seguramente estar\u00e1 entre los tres primeros. Esto significa que un jugador puede comenzar a jugar con una ventaja e incluso ganar. Promociones semanales. Giros gratis los fines de semana, un bono regular por dep\u00f3sito y loter\u00edas fortalecen la posici\u00f3n del sitio. La mayor\u00eda de los botes se ganan a trav\u00e9s de bonos. Elementos del programa de lealtad. Los casinos en l\u00ednea suelen ofrecer hasta 7 niveles de lealtad. Un aumento en la calificaci\u00f3n aumenta el reembolso en efectivo y ayuda a cambiar los puntos de compensaci\u00f3n por dinero real a una tasa favorable. Se analizan las apuestas por separado. Un club que requiere apostar el bono x70 o m\u00e1s probablemente no estar\u00e1 en la clasificaci\u00f3n en absoluto, por no mencionar el top 10. Bajo tales condiciones, el cliente del establecimiento pr\u00e1cticamente no tiene posibilidades de obtener una ganancia financiera.<\/p>\n<h2><strong>Soporte al cliente<\/strong><\/h2>\n<p>La retroalimentaci\u00f3n del club en l\u00ednea es muy importante para el jugador. Las preguntas y situaciones controvertidas en los casinos en l\u00ednea con una gran audiencia de clientes ocurren regularmente. Incluso si los reguladores permitieran el uso de bots automatizados en los chats, no resolver\u00edan el problema. En uno de los 10 mejores clubes en l\u00ednea certificados en Internet, el chat de soporte est\u00e1 atendido por un equipo de empleados separado. Esto ayuda en los siguientes aspectos:<\/p>\n<p>Retiro r\u00e1pido de fondos. A trav\u00e9s del chat interno, puedes aclarar el estado de la transacci\u00f3n y descubrir por qu\u00e9 la administraci\u00f3n no transfiere el dinero dentro del per\u00edodo especificado. Las situaciones imprevistas ocurren incluso en establecimientos de renombre. Obtener informaci\u00f3n sobre bonos. Las promociones suelen ser complejas e incluyen una gran cantidad de condiciones ocultas. El chat de soporte se cre\u00f3 para dar consejos a los principiantes y explicar las reglas de las funciones de premios individuales. Activar c\u00f3digos promocionales individuales. Los mejores casinos en l\u00ednea recompensan a los usuarios por ser activos. Los jugadores reciben giros gratis y se activan precisamente a trav\u00e9s de la comunicaci\u00f3n con un empleado del club.<\/p>\n<h2><strong>Tiempo de retiro<\/strong><\/h2>\n<p>Si te encuentras en Argentina, puedes hacer dep\u00f3sitos y retirar dinero de los casinos en l\u00ednea de Argentina utilizando una variedad de opciones de pago que incluyen los m\u00e9todos m\u00e1s populares como tarjetas de cr\u00e9dito como VISA y Mastercard, as\u00ed como monederos electr\u00f3nicos como PayPal, EcoPayz e iDebit. El mejor casino en l\u00ednea en Argentina admitir\u00e1 m\u00faltiples sistemas de pago para que los jugadores puedan elegir la opci\u00f3n m\u00e1s conveniente para ellos. El sistema de pago que elijas es el factor determinante en cu\u00e1n r\u00e1pido puedes retirarte de un casino en l\u00ednea. Mientras que los retiros de monederos electr\u00f3nicos son instant\u00e1neos, los retiros con tarjeta de cr\u00e9dito y transferencias bancarias pueden tardar varios d\u00edas. Sin embargo, la rapidez con la que puedas retirar fondos tambi\u00e9n depende del tiempo de procesamiento en el casino. Los mejores casinos en l\u00ednea de Argentina procesar\u00e1n todos los pagos en 24 horas o menos, mientras que otros pueden llevar m\u00e1s tiempo, especialmente los fines de semana. Para acelerar el proceso de retiro, tambi\u00e9n te recomendamos pasar por un proceso de verificaci\u00f3n proporcionando ciertos documentos. Guarda una copia escaneada de tu pasaporte, identificaci\u00f3n y tarjeta de cr\u00e9dito, para que puedas enviarlos al casino cuando sea necesario.<\/p>\n","protected":false},"excerpt":{"rendered":"<p>Los nuevos casinos en l\u00ednea permiten a los entusiastas del juego encontrar el mejor nuevo casino en l\u00ednea en Argentina, que tiene en cuenta los errores de sus competidores m\u00e1s antiguos y ofrece ofertas m\u00e1s atractivas a sus usuarios. La administraci\u00f3n tiene la oportunidad de analizar el mercado y crear un programa de bonificaci\u00f3n completamente [&hellip;]<\/p>\n","protected":false},"author":1,"featured_media":0,"parent":8058,"menu_order":0,"comment_status":"closed","ping_status":"closed","template":"template-archive-casino2.php","meta":{"footnotes":""},"class_list":["post-8095","page","type-page","status-publish","hentry"],"acf":[],"yoast_head":"<!-- This site is optimized with the Yoast SEO plugin v21.9 - https:\/\/yoast.com\/wordpress\/plugins\/seo\/ -->\n<title>Nuevos casinos en l\u00ednea C\u00f3mo Elegir el Mejor Nuevo Casino en L\u00ednea en Argentina: Gu\u00eda de Evaluaci\u00f3n<\/title>\n<meta name=\"description\" content=\"Descubre c\u00f3mo seleccionar un nuevo casino en l\u00ednea confiable en Argentina. Aprende sobre criterios clave como juegos, bonificaciones, soporte al cliente y tiempo de retiro para una experiencia de juego satisfactoria.\" \/>\n<meta name=\"robots\" content=\"index, follow, max-snippet:-1, max-image-preview:large, max-video-preview:-1\" \/>\n<link rel=\"canonical\" href=\"https:\/\/casinomira.com\/es\/casinos-rating\/new-casinos\/\" \/>\n<meta property=\"og:locale\" content=\"es_ES\" \/>\n<meta property=\"og:type\" content=\"article\" \/>\n<meta property=\"og:title\" content=\"Nuevos casinos en l\u00ednea C\u00f3mo Elegir el Mejor Nuevo Casino en L\u00ednea en Argentina: Gu\u00eda de Evaluaci\u00f3n\" \/>\n<meta property=\"og:description\" content=\"Descubre c\u00f3mo seleccionar un nuevo casino en l\u00ednea confiable en Argentina. Aprende sobre criterios clave como juegos, bonificaciones, soporte al cliente y tiempo de retiro para una experiencia de juego satisfactoria.\" \/>\n<meta property=\"og:url\" content=\"https:\/\/casinomira.com\/es\/casinos-rating\/new-casinos\/\" \/>\n<meta property=\"og:site_name\" content=\"CasinoMIRA.com\" \/>\n<meta property=\"article:modified_time\" content=\"2024-10-10T14:36:01+00:00\" \/>\n<meta name=\"twitter:card\" content=\"summary_large_image\" \/>\n<meta name=\"twitter:label1\" content=\"Tiempo de lectura\" \/>\n\t<meta name=\"twitter:data1\" content=\"11 minutos\" \/>\n<script type=\"application\/ld+json\" class=\"yoast-schema-graph\">{\"@context\":\"https:\/\/schema.org\",\"@graph\":[{\"@type\":\"WebPage\",\"@id\":\"https:\/\/casinomira.com\/es\/casinos-rating\/new-casinos\/\",\"url\":\"https:\/\/casinomira.com\/es\/casinos-rating\/new-casinos\/\",\"name\":\"Nuevos casinos en l\u00ednea C\u00f3mo Elegir el Mejor Nuevo Casino en L\u00ednea en Argentina: Gu\u00eda de Evaluaci\u00f3n\",\"isPartOf\":{\"@id\":\"https:\/\/casinomira.com\/es\/#website\"},\"datePublished\":\"2021-07-30T12:31:21+00:00\",\"dateModified\":\"2024-10-10T14:36:01+00:00\",\"description\":\"Descubre c\u00f3mo seleccionar un nuevo casino en l\u00ednea confiable en Argentina. Aprende sobre criterios clave como juegos, bonificaciones, soporte al cliente y tiempo de retiro para una experiencia de juego satisfactoria.\",\"breadcrumb\":{\"@id\":\"https:\/\/casinomira.com\/es\/casinos-rating\/new-casinos\/#breadcrumb\"},\"inLanguage\":\"es\",\"potentialAction\":[{\"@type\":\"ReadAction\",\"target\":[\"https:\/\/casinomira.com\/es\/casinos-rating\/new-casinos\/\"]}]},{\"@type\":\"BreadcrumbList\",\"@id\":\"https:\/\/casinomira.com\/es\/casinos-rating\/new-casinos\/#breadcrumb\",\"itemListElement\":[{\"@type\":\"ListItem\",\"position\":1,\"name\":\"Home\",\"item\":\"https:\/\/casinomira.com\/es\/\"},{\"@type\":\"ListItem\",\"position\":2,\"name\":\"Clasificaci\u00f3n del Casino\",\"item\":\"https:\/\/casinomira.com\/es\/casinos-rating\/\"},{\"@type\":\"ListItem\",\"position\":3,\"name\":\"Nuevos casinos en l\u00ednea\"}]},{\"@type\":\"WebSite\",\"@id\":\"https:\/\/casinomira.com\/es\/#website\",\"url\":\"https:\/\/casinomira.com\/es\/\",\"name\":\"CasinoMIRA.com\",\"description\":\"Online Casinos Canada \u2013 All About Online Gambling Canada.\",\"publisher\":{\"@id\":\"https:\/\/casinomira.com\/es\/#organization\"},\"alternateName\":\"CasinoMIRA\",\"potentialAction\":[{\"@type\":\"SearchAction\",\"target\":{\"@type\":\"EntryPoint\",\"urlTemplate\":\"https:\/\/casinomira.com\/es\/?s={search_term_string}\"},\"query-input\":\"required name=search_term_string\"}],\"inLanguage\":\"es\"},{\"@type\":\"Organization\",\"@id\":\"https:\/\/casinomira.com\/es\/#organization\",\"name\":\"CasinoMIRA.com\",\"url\":\"https:\/\/casinomira.com\/es\/\",\"logo\":{\"@type\":\"ImageObject\",\"inLanguage\":\"es\",\"@id\":\"https:\/\/casinomira.com\/es\/#\/schema\/logo\/image\/\",\"url\":\"https:\/\/casinomira.com\/wp-content\/uploads\/2022\/12\/casinomira_logo_Y.svg\",\"contentUrl\":\"https:\/\/casinomira.com\/wp-content\/uploads\/2022\/12\/casinomira_logo_Y.svg\",\"caption\":\"CasinoMIRA.com\"},\"image\":{\"@id\":\"https:\/\/casinomira.com\/es\/#\/schema\/logo\/image\/\"}}]}<\/script>\n<!-- \/ Yoast SEO plugin. -->","yoast_head_json":{"title":"Nuevos casinos en l\u00ednea C\u00f3mo Elegir el Mejor Nuevo Casino en L\u00ednea en Argentina: Gu\u00eda de Evaluaci\u00f3n","description":"Descubre c\u00f3mo seleccionar un nuevo casino en l\u00ednea confiable en Argentina. Aprende sobre criterios clave como juegos, bonificaciones, soporte al cliente y tiempo de retiro para una experiencia de juego satisfactoria.","robots":{"index":"index","follow":"follow","max-snippet":"max-snippet:-1","max-image-preview":"max-image-preview:large","max-video-preview":"max-video-preview:-1"},"canonical":"https:\/\/casinomira.com\/es\/casinos-rating\/new-casinos\/","og_locale":"es_ES","og_type":"article","og_title":"Nuevos casinos en l\u00ednea C\u00f3mo Elegir el Mejor Nuevo Casino en L\u00ednea en Argentina: Gu\u00eda de Evaluaci\u00f3n","og_description":"Descubre c\u00f3mo seleccionar un nuevo casino en l\u00ednea confiable en Argentina. Aprende sobre criterios clave como juegos, bonificaciones, soporte al cliente y tiempo de retiro para una experiencia de juego satisfactoria.","og_url":"https:\/\/casinomira.com\/es\/casinos-rating\/new-casinos\/","og_site_name":"CasinoMIRA.com","article_modified_time":"2024-10-10T14:36:01+00:00","twitter_card":"summary_large_image","twitter_misc":{"Tiempo de lectura":"11 minutos"},"schema":{"@context":"https:\/\/schema.org","@graph":[{"@type":"WebPage","@id":"https:\/\/casinomira.com\/es\/casinos-rating\/new-casinos\/","url":"https:\/\/casinomira.com\/es\/casinos-rating\/new-casinos\/","name":"Nuevos casinos en l\u00ednea C\u00f3mo Elegir el Mejor Nuevo Casino en L\u00ednea en Argentina: Gu\u00eda de Evaluaci\u00f3n","isPartOf":{"@id":"https:\/\/casinomira.com\/es\/#website"},"datePublished":"2021-07-30T12:31:21+00:00","dateModified":"2024-10-10T14:36:01+00:00","description":"Descubre c\u00f3mo seleccionar un nuevo casino en l\u00ednea confiable en Argentina. Aprende sobre criterios clave como juegos, bonificaciones, soporte al cliente y tiempo de retiro para una experiencia de juego satisfactoria.","breadcrumb":{"@id":"https:\/\/casinomira.com\/es\/casinos-rating\/new-casinos\/#breadcrumb"},"inLanguage":"es","potentialAction":[{"@type":"ReadAction","target":["https:\/\/casinomira.com\/es\/casinos-rating\/new-casinos\/"]}]},{"@type":"BreadcrumbList","@id":"https:\/\/casinomira.com\/es\/casinos-rating\/new-casinos\/#breadcrumb","itemListElement":[{"@type":"ListItem","position":1,"name":"Home","item":"https:\/\/casinomira.com\/es\/"},{"@type":"ListItem","position":2,"name":"Clasificaci\u00f3n del Casino","item":"https:\/\/casinomira.com\/es\/casinos-rating\/"},{"@type":"ListItem","position":3,"name":"Nuevos casinos en l\u00ednea"}]},{"@type":"WebSite","@id":"https:\/\/casinomira.com\/es\/#website","url":"https:\/\/casinomira.com\/es\/","name":"CasinoMIRA.com","description":"Online Casinos Canada \u2013 All About Online Gambling Canada.","publisher":{"@id":"https:\/\/casinomira.com\/es\/#organization"},"alternateName":"CasinoMIRA","potentialAction":[{"@type":"SearchAction","target":{"@type":"EntryPoint","urlTemplate":"https:\/\/casinomira.com\/es\/?s={search_term_string}"},"query-input":"required name=search_term_string"}],"inLanguage":"es"},{"@type":"Organization","@id":"https:\/\/casinomira.com\/es\/#organization","name":"CasinoMIRA.com","url":"https:\/\/casinomira.com\/es\/","logo":{"@type":"ImageObject","inLanguage":"es","@id":"https:\/\/casinomira.com\/es\/#\/schema\/logo\/image\/","url":"https:\/\/casinomira.com\/wp-content\/uploads\/2022\/12\/casinomira_logo_Y.svg","contentUrl":"https:\/\/casinomira.com\/wp-content\/uploads\/2022\/12\/casinomira_logo_Y.svg","caption":"CasinoMIRA.com"},"image":{"@id":"https:\/\/casinomira.com\/es\/#\/schema\/logo\/image\/"}}]}},"_links":{"self":[{"href":"https:\/\/casinomira.com\/es\/wp-json\/wp\/v2\/pages\/8095","targetHints":{"allow":["GET"]}}],"collection":[{"href":"https:\/\/casinomira.com\/es\/wp-json\/wp\/v2\/pages"}],"about":[{"href":"https:\/\/casinomira.com\/es\/wp-json\/wp\/v2\/types\/page"}],"author":[{"embeddable":true,"href":"https:\/\/casinomira.com\/es\/wp-json\/wp\/v2\/users\/1"}],"replies":[{"embeddable":true,"href":"https:\/\/casinomira.com\/es\/wp-json\/wp\/v2\/comments?post=8095"}],"version-history":[{"count":3,"href":"https:\/\/casinomira.com\/es\/wp-json\/wp\/v2\/pages\/8095\/revisions"}],"predecessor-version":[{"id":9056,"href":"https:\/\/casinomira.com\/es\/wp-json\/wp\/v2\/pages\/8095\/revisions\/9056"}],"up":[{"embeddable":true,"href":"https:\/\/casinomira.com\/es\/wp-json\/wp\/v2\/pages\/8058"}],"wp:attachment":[{"href":"https:\/\/casinomira.com\/es\/wp-json\/wp\/v2\/media?parent=8095"}],"curies":[{"name":"wp","href":"https:\/\/api.w.org\/{rel}","templated":true}]}}