{"id":8108,"date":"2021-07-30T15:57:33","date_gmt":"2021-07-30T12:57:33","guid":{"rendered":"http:\/\/casinomira.updated\/ios-mobile-casinos\/"},"modified":"2023-08-15T16:21:48","modified_gmt":"2023-08-15T13:21:48","slug":"ios-mobile-casinos","status":"publish","type":"page","link":"https:\/\/casinomira.com\/es\/casinos-rating\/mobile-casinos\/ios-mobile-casinos\/","title":{"rendered":"Casinos m\u00f3viles iOS"},"content":{"rendered":"<p>En el mundo moderno, <strong>es casi inconcebible imaginar la vida sin dispositivos m\u00f3viles<\/strong>. Los tel\u00e9fonos inteligentes, las tabletas y <a href=\"https:\/\/casinomira.com\/es\/casinos-rating\/\">otros gadgets port\u00e1tiles<\/a> se han integrado perfectamente en nuestra rutina diaria, facilitando el trabajo, la comunicaci\u00f3n, las compras y el entretenimiento. Para los entusiastas del juego, poseer un smartphone es imprescindible, ya que los casinos m\u00f3viles en Argentina se han convertido en una parte esencial de su experiencia de juego. Los tel\u00e9fonos m\u00f3viles se han convertido en una <strong>herramienta universal para el trabajo, la comunicaci\u00f3n y el ocio,<\/strong> llevando el entretenimiento directamente a nuestras manos. <strong>El advenimiento de los dispositivos m\u00f3viles modernos ha revolucionado la accesibilidad<\/strong> de las opciones de entretenimiento.<\/p>\n<h2><strong>Los Mejores Casinos M\u00f3viles<\/strong><\/h2>\n<p><strong>La era digital ha sido testigo del auge de los casinos m\u00f3viles<\/strong>, cautivando los corazones de los jugadores de todo el mundo. <strong>Si bien los primeros casinos m\u00f3viles enfrentaron<\/strong> desaf\u00edos como errores frecuentes, funcionalidad limitada y una peque\u00f1a selecci\u00f3n de juegos, la situaci\u00f3n ha cambiado significativamente ahora. Los casinos en l\u00ednea modernos ofrecen versiones de primera calidad dise\u00f1adas para dispositivos con pantalla t\u00e1ctil, adapt\u00e1ndose a las necesidades de los usuarios m\u00f3viles.<\/p>\n<h2><strong>La Comodidad de los Juegos en iOS<\/strong><\/h2>\n<p>Participar en juegos de casino desde tu smartphone o tableta con sistema operativo iOS ofrece la comodidad de jugar sobre la marcha. Los casinos m\u00f3viles ofrecen una amplia gama de m\u00e1quinas tragamonedas y juegos similares a las versiones de navegador.<\/p>\n<h3><strong>Elegir el Mejor Casino M\u00f3vil en iOS<\/strong><\/h3>\n<p>Para encontrar el mejor casino m\u00f3vil en iOS, considera los siguientes criterios basados en las <strong>rese\u00f1as de casinos: Experiencia y reputaci\u00f3n en el mercado<\/strong>. Rese\u00f1as de jugadores reales en sitios oficiales y de terceros. Una amplia selecci\u00f3n de juegos y opciones de juego. Promociones regulares para los usuarios m\u00f3viles. Soporte t\u00e9cnico eficiente.<\/p>\n<p><a href=\"https:\/\/casinomira.com\/es\/casinos-rating\/new-casinos\/\">Con los casinos m\u00f3viles<\/a>, puedes disfrutar de tus m\u00e1quinas tragamonedas<strong> favoritas en cualquier momento<\/strong>, sin estar atado a una computadora o una ubicaci\u00f3n espec\u00edfica. Ya sea que est\u00e9s en un tren, en el metro o relaj\u00e1ndote con amigos en un restaurante, los casinos en l\u00ednea m\u00f3viles en Argentina ofrecen innumerables opciones de entretenimiento.<\/p>\n<p>Para experimentar la m\u00e1xima emoci\u00f3n <strong>del casino en dispositivos m\u00f3viles<\/strong>, elige un casino de confianza de nuestras rese\u00f1as y descarga su aplicaci\u00f3n iOS desde<a href=\"https:\/\/casinomira.com\/es\/casinos-rating\/mobile-casinos\/android-casinos\/\"> la App Store<\/a>.<\/p>\n<h2><strong>Compatibilidad con iOS<\/strong><\/h2>\n<p>Antes de empezar, aseg\u00farate de que el casino en l\u00ednea admita el acceso m\u00f3vil. Verifica si tambi\u00e9n ofrecen una aplicaci\u00f3n para iOS, ya que las aplicaciones pueden mejorar significativamente tu experiencia de juego m\u00f3vil.<\/p>\n<p>Los dispositivos iOS son incre\u00edblemente populares y ofrecen una experiencia de juego fluida a los usuarios. La disponibilidad de juegos depende del dispositivo espec\u00edfico que tengas. Las opciones comunes incluyen: Dispositivos con sistema operativo Android. iPhones y iPads con iOS. Tel\u00e9fonos m\u00f3viles Windows. Dispositivos BlackBerry.<\/p>\n<p>Es posible que diferentes dispositivos tengan ligeras variaciones en la disponibilidad de juegos, pero en general puedes encontrar una amplia gama de opciones emocionantes para los usuarios de iOS.<\/p>\n<h2><strong>Selecci\u00f3n de Juegos en los Casinos M\u00f3viles en iOS<\/strong><\/h2>\n<p>Cuando busques el mejor casino m\u00f3vil en l\u00ednea, muchos jugadores prestan mucha atenci\u00f3n a la lista de proveedores de juegos. Las empresas con licencia garantizan un juego justo, evitando cualquier interferencia ilegal durante el juego. Los principales proveedores en el mundo del juego en l\u00ednea incluyen a Novomatic, NetEnt, Igrosoft, Yggdrasil, Playson, entre otros.<\/p>\n<p>Los mejores casinos en l\u00ednea en Argentina se esfuerzan por crear una amplia gama de opciones de entretenimiento para satisfacer a los jugadores. Esto incluye m\u00e1quinas tragamonedas cl\u00e1sicas, varios juegos de mesa y cartas, ruleta, loter\u00edas, juegos con crupier en vivo e incluso apuestas deportivas en algunos establecimientos. Cuanta mayor sea la variedad de juegos, m\u00e1s clientes atraer\u00e1 el casino m\u00f3vil.<\/p>\n<p>Las rese\u00f1as de los jugadores en recursos independientes juegan un papel vital en la popularizaci\u00f3n de los casinos en l\u00ednea, destacando las mejores caracter\u00edsticas y desventajas de cada plataforma. Los casinos m\u00f3viles en iOS ofrecen una variedad de bonificaciones para atraer y retener a los jugadores. Los mejores casinos en l\u00ednea en dispositivos m\u00f3viles en Argentina ofrecen los siguientes tipos de <a href=\"https:\/\/casinomira.com\/es\/casinos-rating\/no-deposit-casinos\/\">bonos sin dep\u00f3sito<\/a>: Paquete de bienvenida: una combinaci\u00f3n de giros gratis y fondos adicionales basados en un porcentaje del primer dep\u00f3sito, para atraer a nuevos jugadores.<\/p>\n<p>Bonificaciones para dep\u00f3sitos posteriores: para fomentar el juego continuo, algunos casinos ofrecen bonificaciones para el 2\u00ba, 3\u00ba, 4\u00ba y siguientes dep\u00f3sitos. Devoluci\u00f3n de dinero: los usuarios pueden recibir reembolsos parciales en funci\u00f3n de su actividad y apuestas con dinero real. Carreras y torneos: los jugadores pueden participar en emocionantes competiciones, ganar puntos y obtener premios en efectivo o viajes al extranjero seg\u00fan su clasificaci\u00f3n.<\/p>\n<h3><strong>Tipos de Dispositivos M\u00f3viles iOS para Casinos M\u00f3viles<\/strong><\/h3>\n<p>Los casinos m\u00f3viles en iOS han ganado gran popularidad entre los arriesgados, los buscadores de emociones y cualquier persona interesada en ganar dinero a trav\u00e9s de juegos de azar en l\u00ednea. La aparici\u00f3n de versiones m\u00f3viles de m\u00e1quinas tragamonedas populares ha aumentado significativamente el atractivo del juego en l\u00ednea, permitiendo a los jugadores disfrutar de sus juegos favoritos directamente desde sus tel\u00e9fonos. Todo lo que necesitas es una conexi\u00f3n a Internet, un smartphone y las aplicaciones necesarias.<\/p>\n<p>Aunque las m\u00e1quinas tragamonedas adaptadas para iOS tienen similitudes con otras plataformas, pueden tener algunas diferencias en t\u00e9rminos de la interfaz de usuario. Los botones pueden ser m\u00e1s grandes para facilitar su uso y las apuestas se pueden realizar con un simple toque en la pantalla t\u00e1ctil. Los usuarios de iOS pueden descargar f\u00e1cilmente aplicaciones est\u00e1ndar desde la App Store, pero es importante tener en cuenta que iOS solo admite programas creados con HTML5. Por otro lado, Blackberry tiene un n\u00famero limitado de usuarios, lo que hace que los juegos m\u00e1s nuevos y modernos est\u00e9n disponibles para dispositivos Android y iOS.<\/p>\n<p>En \u00faltima instancia, la elecci\u00f3n entre smartphones iOS y Android depende de las preferencias individuales, el presupuesto, la imagen y la facilidad de gesti\u00f3n. Ambos tienen sus ventajas y desventajas, por lo que es una decisi\u00f3n personal basada en necesidades y expectativas espec\u00edficas.<\/p>\n<h3><strong>Ventajas de los Casinos M\u00f3viles en iOS<\/strong><\/h3>\n<p>Muchas personas en todo el mundo prefieren los dispositivos iOS debido a sus ventajas \u00fanicas, que incluyen: Una amplia selecci\u00f3n de dispositivos iOS para adaptarse a cualquier presupuesto, apariencia y tama\u00f1o. La App Store de Apple ofrece una amplia gama de aplicaciones y programas para los usuarios de iOS. iOS es un sistema operativo abierto que admite una amplia selecci\u00f3n de programas creados por los usuarios, f\u00e1cilmente disponibles en el Play Market y otras fuentes confiables. La mayor\u00eda de los dispositivos iOS tienen conectores universales como micro-USB para la carga y transferencia de datos, y los accesorios originales suelen tener un precio razonable en comparaci\u00f3n con los de Apple.<\/p>\n<h2><strong>Casinos iOS de Apple<\/strong><\/h2>\n<p>Con el aumento del uso de dispositivos m\u00f3viles, los jugadores tienden a jugar en l\u00ednea con m\u00e1s frecuencia. Si tienes un iPhone o un iPad, puedes descargar f\u00e1cilmente aplicaciones de casino para mejorar tu experiencia de juego.<\/p>\n<p>Para descargar la aplicaci\u00f3n, abre la App Store en tu dispositivo iOS y busca el casino m\u00f3vil deseado. Elige entre las muchas opciones disponibles, asegur\u00e1ndote de seleccionar un casino confiable con una interfaz segura. De esta manera, puedes evitar estafas y disfrutar de una experiencia de juego fluida en tu dispositivo iOS.<\/p>\n<p>Con los casinos m\u00f3viles en iOS, puedes iniciar sesi\u00f3n en tu cuenta de casino en cualquier momento, desde cualquier lugar del mundo, utilizando Wi-Fi o 3G. Muchos casinos en l\u00ednea han desarrollado aplicaciones basadas en la tecnolog\u00eda HTML5, lo que elimina la necesidad de descargar aplicaciones desde la App Store. Esto te permite acceder directamente a los juegos y disfrutar del formato en l\u00ednea en cualquier navegador en tu iPhone.<\/p>\n<h3><strong>Encontrar los Mejores Juegos de Casino en iOS M\u00f3vil<\/strong><\/h3>\n<p>Seleccionar el mejor casino m\u00f3vil en <strong>iOS implica aplicar<\/strong> los mismos principios <strong>que para las versiones de navegador cl\u00e1sicas<\/strong>.<\/p>\n<p>Para tomar la decisi\u00f3n correcta, considera los siguientes criterios: Los jugadores experimentados comprenden la importancia de elegir un sitio de juego de confianza y suelen leer rese\u00f1as de casinos en l\u00ednea para evitar clubes sin escr\u00fapulos que se aprovechan de la reputaci\u00f3n de establecimientos bien establecidos. Los sitios fraudulentos que ofrecen juegos virtuales suelen enga\u00f1ar a los jugadores ingenuos. <strong>Al comprender los criterios esenciales para seleccionar<\/strong> los mejores casinos m\u00f3viles en <strong>iOS en Argentina <\/strong>, los jugadores pueden evitar estafas y disfrutar de una experiencia de juego justa y agradable.<\/p>\n<p>Los principales factores para determinar la confiabilidad y honestidad de los casinos m\u00f3viles en iOS en Argentina <strong>incluyen tener una licencia v\u00e1lida para actividades de juego<\/strong>, ofrecer un proceso de registro r\u00e1pido con un m\u00ednimo de informaci\u00f3n personal, proporcionar bonificaciones de bienvenida y programas de lealtad, implementar software de juego de alta calidad de desarrolladores de confianza, ofrecer una amplia selecci\u00f3n de opciones de entretenimiento, permitir jugar de forma gratuita y con dinero real en cualquier emulador, proporcionar diversos m\u00e9todos de pago, ofrecer soporte al cliente las <strong>24 horas del d\u00eda, los 7 d\u00edas de la semana y recibir comentarios positivos de entusiastas del juego en foros tem\u00e1ticos<\/strong>.<\/p>\n<h2><strong>Dep\u00f3sitos y Retiros en los Casinos M\u00f3viles en iOS<\/strong><\/h2>\n<p>Los entusiastas del juego en l\u00ednea conocen bien el funcionamiento de los dep\u00f3sitos en los casinos m\u00f3viles. Por lo general, los jugadores pueden utilizar diversos m\u00e9todos de pago, que incluyen tarjetas de cr\u00e9dito v\u00e1lidas, tarjetas de d\u00e9bito, m\u00e9todos prepagos, vales electr\u00f3nicos, giros postales, monederos electr\u00f3nicos y transferencias bancarias. Si bien los dep\u00f3sitos suelen ser instant\u00e1neos, los retiros pueden demorar algunos d\u00edas debido a las medidas de seguridad.<\/p>\n<p>Los m\u00e9todos de dep\u00f3sito comunes con tarjeta de cr\u00e9dito incluyen <a href=\"\/deposit\/visa\">VISA<\/a>\/<a href=\"\/deposit\/mastercard\">MasterCard<\/a>, <strong>JCB International y Diners Club International<\/strong>. Sin embargo, el pago a trav\u00e9s de American Express no est\u00e1 ampliamente disponible en la mayor\u00eda de las plataformas. Las tarjetas de d\u00e9bito como <strong>Electron<\/strong>, <strong>Solo<\/strong>, <strong>Switch<\/strong>, <strong>Maestro<\/strong> y otras tarjetas <strong>Visa<\/strong>\/<strong>MasterCard<\/strong> comunes se utilizan com\u00fanmente para dep\u00f3sitos en casinos m\u00f3viles en l\u00ednea en Argentina . Otros m\u00e9todos de pago populares incluyen Laser, CartaSi y Postepay, aunque pueden ser m\u00e1s comunes en otros pa\u00edses.<\/p>\n<p>Los casinos m\u00f3viles en iOS tambi\u00e9n aceptan m\u00e9todos de transferencia electr\u00f3nica como <a href=\"\/deposit\/neteller\">Neteller<\/a>, <a href=\"\/deposit\/skrill\">Skrill<\/a>, <a href=\"\/deposit\/paysafe-card\">Paysafecard<\/a>, <strong>Orange<\/strong>, <strong>iDEAL<\/strong>, <strong>POLi<\/strong>, <strong>Nordea<\/strong>, <strong>Giropay y Sofortuberweisung<\/strong>. Sin embargo, debido a restricciones legales y leyes federales de <strong>Estados Unidos<\/strong>, los canadienses no pueden usar <a href=\"\/deposit\/paypal\">PayPal<\/a> para dep\u00f3sitos, mientras que los jugadores de otros pa\u00edses, como el Reino Unido, tienen acceso a PayPal en muchas plataformas. Para los vales electr\u00f3nicos, los usuarios de iOS pueden utilizar el servicio Neosurf para dep\u00f3sitos, aunque los retiros pueden requerir un m\u00e9todo diferente.<\/p>\n<h2><strong>Conclusi\u00f3n<\/strong><\/h2>\n<p><strong>Comparados con sus contrapartes<\/strong> de escritorio, los casinos m\u00f3viles en l\u00ednea en Argentina ofrecen varias ventajas para los usuarios <strong>de iOS<\/strong>: Preservaci\u00f3n de la interfaz y funcionalidad al 100%. Acceso al casino en cualquier momento, d\u00eda o noche, est\u00e9s en l\u00ednea. Carga m\u00e1s r\u00e1pida y rendimiento m\u00e1s fluido de la <a href=\"https:\/\/casinomira.com\/es\/\">plataforma del casino<\/a>.<\/p>\n<p>La popularidad de los casinos m\u00f3viles ha explotado en todo el mundo, gracias a estas convincentes razones. Los mejores casinos en l\u00ednea evolucionan constantemente para satisfacer las demandas din\u00e1micas de sus usuarios, asegur\u00e1ndose de mantenerse a la vanguardia de las \u00faltimas tendencias. <strong>Disfruta de la comodidad<\/strong> y emoci\u00f3n de los casinos m\u00f3viles en iOS y disfruta del juego de alta calidad al alcance de tus dedos.<\/p>\n","protected":false},"excerpt":{"rendered":"<p>En el mundo moderno, es casi inconcebible imaginar la vida sin dispositivos m\u00f3viles. Los tel\u00e9fonos inteligentes, las tabletas y otros gadgets port\u00e1tiles se han integrado perfectamente en nuestra rutina diaria, facilitando el trabajo, la comunicaci\u00f3n, las compras y el entretenimiento. Para los entusiastas del juego, poseer un smartphone es imprescindible, ya que los casinos m\u00f3viles [&hellip;]<\/p>\n","protected":false},"author":1,"featured_media":0,"parent":8127,"menu_order":0,"comment_status":"closed","ping_status":"closed","template":"template-archive-casino2.php","meta":{"footnotes":""},"class_list":["post-8108","page","type-page","status-publish","hentry"],"acf":[],"yoast_head":"<!-- This site is optimized with the Yoast SEO plugin v21.9 - https:\/\/yoast.com\/wordpress\/plugins\/seo\/ -->\n<title>Casinos m\u00f3viles iOS - Libera tu potencial ganador. Rese\u00f1as de casinos m\u00f3vile<\/title>\n<meta name=\"description\" content=\"Sum\u00e9rgete en el mundo de los casinos m\u00f3viles iOS y disfruta de una experiencia de juego sin complicaciones sobre la marcha. Disfruta de comodidad, una amplia gama de juegos y tentadoras bonificaciones al alcance de tu mano. Explora los mejores casinos m\u00f3viles en l\u00ednea de Argentina y encuentra la plataforma perfecta para tu aventura de juego.\" \/>\n<meta name=\"robots\" content=\"index, follow, max-snippet:-1, max-image-preview:large, max-video-preview:-1\" \/>\n<link rel=\"canonical\" href=\"https:\/\/casinomira.com\/es\/casinos-rating\/mobile-casinos\/ios-mobile-casinos\/\" \/>\n<meta property=\"og:locale\" content=\"es_ES\" \/>\n<meta property=\"og:type\" content=\"article\" \/>\n<meta property=\"og:title\" content=\"Casinos m\u00f3viles iOS - Libera tu potencial ganador. Rese\u00f1as de casinos m\u00f3vile\" \/>\n<meta property=\"og:description\" content=\"Sum\u00e9rgete en el mundo de los casinos m\u00f3viles iOS y disfruta de una experiencia de juego sin complicaciones sobre la marcha. Disfruta de comodidad, una amplia gama de juegos y tentadoras bonificaciones al alcance de tu mano. Explora los mejores casinos m\u00f3viles en l\u00ednea de Argentina y encuentra la plataforma perfecta para tu aventura de juego.\" \/>\n<meta property=\"og:url\" content=\"https:\/\/casinomira.com\/es\/casinos-rating\/mobile-casinos\/ios-mobile-casinos\/\" \/>\n<meta property=\"og:site_name\" content=\"CasinoMIRA.com\" \/>\n<meta property=\"article:modified_time\" content=\"2023-08-15T13:21:48+00:00\" \/>\n<meta name=\"twitter:card\" content=\"summary_large_image\" \/>\n<meta name=\"twitter:label1\" content=\"Tiempo de lectura\" \/>\n\t<meta name=\"twitter:data1\" content=\"10 minutos\" \/>\n<script type=\"application\/ld+json\" class=\"yoast-schema-graph\">{\"@context\":\"https:\/\/schema.org\",\"@graph\":[{\"@type\":\"WebPage\",\"@id\":\"https:\/\/casinomira.com\/es\/casinos-rating\/mobile-casinos\/ios-mobile-casinos\/\",\"url\":\"https:\/\/casinomira.com\/es\/casinos-rating\/mobile-casinos\/ios-mobile-casinos\/\",\"name\":\"Casinos m\u00f3viles iOS - Libera tu potencial ganador. Rese\u00f1as de casinos m\u00f3vile\",\"isPartOf\":{\"@id\":\"https:\/\/casinomira.com\/es\/#website\"},\"datePublished\":\"2021-07-30T12:57:33+00:00\",\"dateModified\":\"2023-08-15T13:21:48+00:00\",\"description\":\"Sum\u00e9rgete en el mundo de los casinos m\u00f3viles iOS y disfruta de una experiencia de juego sin complicaciones sobre la marcha. Disfruta de comodidad, una amplia gama de juegos y tentadoras bonificaciones al alcance de tu mano. Explora los mejores casinos m\u00f3viles en l\u00ednea de Argentina y encuentra la plataforma perfecta para tu aventura de juego.\",\"breadcrumb\":{\"@id\":\"https:\/\/casinomira.com\/es\/casinos-rating\/mobile-casinos\/ios-mobile-casinos\/#breadcrumb\"},\"inLanguage\":\"es\",\"potentialAction\":[{\"@type\":\"ReadAction\",\"target\":[\"https:\/\/casinomira.com\/es\/casinos-rating\/mobile-casinos\/ios-mobile-casinos\/\"]}]},{\"@type\":\"BreadcrumbList\",\"@id\":\"https:\/\/casinomira.com\/es\/casinos-rating\/mobile-casinos\/ios-mobile-casinos\/#breadcrumb\",\"itemListElement\":[{\"@type\":\"ListItem\",\"position\":1,\"name\":\"Home\",\"item\":\"https:\/\/casinomira.com\/es\/\"},{\"@type\":\"ListItem\",\"position\":2,\"name\":\"Clasificaci\u00f3n del Casino\",\"item\":\"https:\/\/casinomira.com\/es\/casinos-rating\/\"},{\"@type\":\"ListItem\",\"position\":3,\"name\":\"Casinos m\u00f3viles\",\"item\":\"https:\/\/casinomira.com\/es\/casinos-rating\/mobile-casinos\/\"},{\"@type\":\"ListItem\",\"position\":4,\"name\":\"Casinos m\u00f3viles iOS\"}]},{\"@type\":\"WebSite\",\"@id\":\"https:\/\/casinomira.com\/es\/#website\",\"url\":\"https:\/\/casinomira.com\/es\/\",\"name\":\"CasinoMIRA.com\",\"description\":\"Online Casinos Canada \u2013 All About Online Gambling Canada.\",\"publisher\":{\"@id\":\"https:\/\/casinomira.com\/es\/#organization\"},\"alternateName\":\"CasinoMIRA\",\"potentialAction\":[{\"@type\":\"SearchAction\",\"target\":{\"@type\":\"EntryPoint\",\"urlTemplate\":\"https:\/\/casinomira.com\/es\/?s={search_term_string}\"},\"query-input\":\"required name=search_term_string\"}],\"inLanguage\":\"es\"},{\"@type\":\"Organization\",\"@id\":\"https:\/\/casinomira.com\/es\/#organization\",\"name\":\"CasinoMIRA.com\",\"url\":\"https:\/\/casinomira.com\/es\/\",\"logo\":{\"@type\":\"ImageObject\",\"inLanguage\":\"es\",\"@id\":\"https:\/\/casinomira.com\/es\/#\/schema\/logo\/image\/\",\"url\":\"https:\/\/casinomira.com\/wp-content\/uploads\/2022\/12\/casinomira_logo_Y.svg\",\"contentUrl\":\"https:\/\/casinomira.com\/wp-content\/uploads\/2022\/12\/casinomira_logo_Y.svg\",\"caption\":\"CasinoMIRA.com\"},\"image\":{\"@id\":\"https:\/\/casinomira.com\/es\/#\/schema\/logo\/image\/\"}}]}<\/script>\n<!-- \/ Yoast SEO plugin. -->","yoast_head_json":{"title":"Casinos m\u00f3viles iOS - Libera tu potencial ganador. Rese\u00f1as de casinos m\u00f3vile","description":"Sum\u00e9rgete en el mundo de los casinos m\u00f3viles iOS y disfruta de una experiencia de juego sin complicaciones sobre la marcha. Disfruta de comodidad, una amplia gama de juegos y tentadoras bonificaciones al alcance de tu mano. Explora los mejores casinos m\u00f3viles en l\u00ednea de Argentina y encuentra la plataforma perfecta para tu aventura de juego.","robots":{"index":"index","follow":"follow","max-snippet":"max-snippet:-1","max-image-preview":"max-image-preview:large","max-video-preview":"max-video-preview:-1"},"canonical":"https:\/\/casinomira.com\/es\/casinos-rating\/mobile-casinos\/ios-mobile-casinos\/","og_locale":"es_ES","og_type":"article","og_title":"Casinos m\u00f3viles iOS - Libera tu potencial ganador. Rese\u00f1as de casinos m\u00f3vile","og_description":"Sum\u00e9rgete en el mundo de los casinos m\u00f3viles iOS y disfruta de una experiencia de juego sin complicaciones sobre la marcha. Disfruta de comodidad, una amplia gama de juegos y tentadoras bonificaciones al alcance de tu mano. Explora los mejores casinos m\u00f3viles en l\u00ednea de Argentina y encuentra la plataforma perfecta para tu aventura de juego.","og_url":"https:\/\/casinomira.com\/es\/casinos-rating\/mobile-casinos\/ios-mobile-casinos\/","og_site_name":"CasinoMIRA.com","article_modified_time":"2023-08-15T13:21:48+00:00","twitter_card":"summary_large_image","twitter_misc":{"Tiempo de lectura":"10 minutos"},"schema":{"@context":"https:\/\/schema.org","@graph":[{"@type":"WebPage","@id":"https:\/\/casinomira.com\/es\/casinos-rating\/mobile-casinos\/ios-mobile-casinos\/","url":"https:\/\/casinomira.com\/es\/casinos-rating\/mobile-casinos\/ios-mobile-casinos\/","name":"Casinos m\u00f3viles iOS - Libera tu potencial ganador. Rese\u00f1as de casinos m\u00f3vile","isPartOf":{"@id":"https:\/\/casinomira.com\/es\/#website"},"datePublished":"2021-07-30T12:57:33+00:00","dateModified":"2023-08-15T13:21:48+00:00","description":"Sum\u00e9rgete en el mundo de los casinos m\u00f3viles iOS y disfruta de una experiencia de juego sin complicaciones sobre la marcha. Disfruta de comodidad, una amplia gama de juegos y tentadoras bonificaciones al alcance de tu mano. Explora los mejores casinos m\u00f3viles en l\u00ednea de Argentina y encuentra la plataforma perfecta para tu aventura de juego.","breadcrumb":{"@id":"https:\/\/casinomira.com\/es\/casinos-rating\/mobile-casinos\/ios-mobile-casinos\/#breadcrumb"},"inLanguage":"es","potentialAction":[{"@type":"ReadAction","target":["https:\/\/casinomira.com\/es\/casinos-rating\/mobile-casinos\/ios-mobile-casinos\/"]}]},{"@type":"BreadcrumbList","@id":"https:\/\/casinomira.com\/es\/casinos-rating\/mobile-casinos\/ios-mobile-casinos\/#breadcrumb","itemListElement":[{"@type":"ListItem","position":1,"name":"Home","item":"https:\/\/casinomira.com\/es\/"},{"@type":"ListItem","position":2,"name":"Clasificaci\u00f3n del Casino","item":"https:\/\/casinomira.com\/es\/casinos-rating\/"},{"@type":"ListItem","position":3,"name":"Casinos m\u00f3viles","item":"https:\/\/casinomira.com\/es\/casinos-rating\/mobile-casinos\/"},{"@type":"ListItem","position":4,"name":"Casinos m\u00f3viles iOS"}]},{"@type":"WebSite","@id":"https:\/\/casinomira.com\/es\/#website","url":"https:\/\/casinomira.com\/es\/","name":"CasinoMIRA.com","description":"Online Casinos Canada \u2013 All About Online Gambling Canada.","publisher":{"@id":"https:\/\/casinomira.com\/es\/#organization"},"alternateName":"CasinoMIRA","potentialAction":[{"@type":"SearchAction","target":{"@type":"EntryPoint","urlTemplate":"https:\/\/casinomira.com\/es\/?s={search_term_string}"},"query-input":"required name=search_term_string"}],"inLanguage":"es"},{"@type":"Organization","@id":"https:\/\/casinomira.com\/es\/#organization","name":"CasinoMIRA.com","url":"https:\/\/casinomira.com\/es\/","logo":{"@type":"ImageObject","inLanguage":"es","@id":"https:\/\/casinomira.com\/es\/#\/schema\/logo\/image\/","url":"https:\/\/casinomira.com\/wp-content\/uploads\/2022\/12\/casinomira_logo_Y.svg","contentUrl":"https:\/\/casinomira.com\/wp-content\/uploads\/2022\/12\/casinomira_logo_Y.svg","caption":"CasinoMIRA.com"},"image":{"@id":"https:\/\/casinomira.com\/es\/#\/schema\/logo\/image\/"}}]}},"_links":{"self":[{"href":"https:\/\/casinomira.com\/es\/wp-json\/wp\/v2\/pages\/8108","targetHints":{"allow":["GET"]}}],"collection":[{"href":"https:\/\/casinomira.com\/es\/wp-json\/wp\/v2\/pages"}],"about":[{"href":"https:\/\/casinomira.com\/es\/wp-json\/wp\/v2\/types\/page"}],"author":[{"embeddable":true,"href":"https:\/\/casinomira.com\/es\/wp-json\/wp\/v2\/users\/1"}],"replies":[{"embeddable":true,"href":"https:\/\/casinomira.com\/es\/wp-json\/wp\/v2\/comments?post=8108"}],"version-history":[{"count":4,"href":"https:\/\/casinomira.com\/es\/wp-json\/wp\/v2\/pages\/8108\/revisions"}],"predecessor-version":[{"id":9049,"href":"https:\/\/casinomira.com\/es\/wp-json\/wp\/v2\/pages\/8108\/revisions\/9049"}],"up":[{"embeddable":true,"href":"https:\/\/casinomira.com\/es\/wp-json\/wp\/v2\/pages\/8127"}],"wp:attachment":[{"href":"https:\/\/casinomira.com\/es\/wp-json\/wp\/v2\/media?parent=8108"}],"curies":[{"name":"wp","href":"https:\/\/api.w.org\/{rel}","templated":true}]}}