{"id":8127,"date":"2021-07-30T15:55:46","date_gmt":"2021-07-30T12:55:46","guid":{"rendered":"http:\/\/casinomira.updated\/casinos-rating\/mobile-casinos\/"},"modified":"2024-10-10T17:48:59","modified_gmt":"2024-10-10T14:48:59","slug":"mobile-casinos","status":"publish","type":"page","link":"https:\/\/casinomira.com\/es\/casinos-rating\/mobile-casinos\/","title":{"rendered":"Casinos m\u00f3viles"},"content":{"rendered":"<h2><strong>Casinos m\u00f3viles<\/strong><\/h2>\n<p>\u00bfPuedes imaginar tu vida sin dispositivos m\u00f3viles? Por supuesto, en la actualidad, usamos tel\u00e9fonos inteligentes, tabletas y otros dispositivos port\u00e1tiles todos los d\u00edas. Necesitamos trabajar, comunicarnos, ir de compras, y los dispositivos m\u00f3viles nos ayudan a hacerlo de manera r\u00e1pida y conveniente. Si eres jugador, es a\u00fan m\u00e1s importante que tengas un tel\u00e9fono inteligente para jugar, ya que los casinos en l\u00ednea m\u00f3viles en Colombia no son un capricho, \u00a1sino un requisito de la \u00e9poca! Probablemente ninguna persona en la Tierra pueda imaginar su vida sin un tel\u00e9fono m\u00f3vil. Casi todo nuestro trabajo, comunicaci\u00f3n y ocio no pasan sin dispositivos m\u00f3viles. Por cierto, \u00a1un dispositivo m\u00f3vil moderno ha hecho que el entretenimiento sea m\u00e1s accesible!<\/p>\n<p>En la era de la digitalizaci\u00f3n, los casinos m\u00f3viles se han vuelto populares entre los jugadores. Con la aparici\u00f3n de los primeros casinos m\u00f3viles, todo no era tan prometedor: a menudo se colgaban, ten\u00edan una funcionalidad limitada y una peque\u00f1a selecci\u00f3n de entretenimiento. Pero ahora todo ha cambiado dr\u00e1sticamente. Los casinos en l\u00ednea modernos tienen versiones de alta calidad para pantallas t\u00e1ctiles.<\/p>\n<p>\u00a1Jugar desde tu tel\u00e9fono inteligente o tableta te permite sumergirte en el juego donde quiera que est\u00e9s! La colecci\u00f3n de tragamonedas y otros entretenimientos en el casino m\u00f3vil es la misma que en la versi\u00f3n del navegador oficial.<\/p>\n<h3><strong>\u00bfC\u00f3mo elegir el mejor casino m\u00f3vil?<\/strong><\/h3>\n<p>Al elegir una plataforma m\u00f3vil adecuada para jugar, retirar fondos y otras opciones, debes prestar atenci\u00f3n a los siguientes criterios de las calificaciones de casinos m\u00f3viles:<\/p>\n<p>experiencia en el mercado y reputaci\u00f3n de la empresa; opiniones de jugadores reales, dejadas no solo en el sitio web oficial, sino tambi\u00e9n en recursos de terceros; variedad de direcciones de juego; regularidad de promociones para propietarios de dispositivos m\u00f3viles; la capacidad de interactuar con el soporte t\u00e9cnico.<\/p>\n<p>As\u00ed, cada jugador puede lanzar sus tragamonedas favoritas en cualquier momento. Despu\u00e9s de todo, esto no requiere estar atado a una computadora ni tener un lugar conveniente para jugar. Los clientes pueden disfrutar de los casinos en l\u00ednea m\u00f3viles en Colombia mientras viajan en tren, en el metro o relaj\u00e1ndose por la noche con amigos en un restaurante. \u00a1Los juegos en l\u00ednea nunca han estado tan disponibles! Para sentir toda la comodidad del juego en el casino m\u00f3vil, elige un casino confiable de nuestras calificaciones de casinos en l\u00ednea y desc\u00e1rgalo en la tienda de aplicaciones de tu dispositivo.<\/p>\n<p>Comprobando si el casino es compatible con tus dispositivos port\u00e1tiles<\/p>\n<p>Verifica si el club en l\u00ednea est\u00e1 realmente disponible en el m\u00f3vil. Adem\u00e1s, verifica si tienen una aplicaci\u00f3n de casino m\u00f3vil. Como mencionamos antes, las aplicaciones pueden mejorar tu experiencia de juego en dispositivos m\u00f3viles.<\/p>\n<h3><strong>Compatibilidad de dispositivos<\/strong><\/h3>\n<p>Verifica si el casino m\u00f3vil en l\u00ednea que vas a jugar es compatible con tu dispositivo. Cuanto m\u00e1s popular sea el sistema operativo, m\u00e1s juegos estar\u00e1n disponibles para el usuario. Las opciones m\u00e1s comunes son:<\/p>\n<p>dispositivos m\u00f3viles con sistema operativo Android; iPhones y iPads con iOs; tel\u00e9fonos m\u00f3viles con Windows; dispositivos Blackberry.<\/p>\n<p>Puede haber diferencias en la disponibilidad de entretenimiento seg\u00fan el dispositivo espec\u00edfico.<\/p>\n<p>Selecci\u00f3n de juegos en los casinos m\u00f3viles<\/p>\n<p>Cuando buscas la mejor plataforma confiable en l\u00ednea, muchos jugadores prestan atenci\u00f3n a la lista de proveedores cuyos productos se presentan en la lista de surtido. Solo las compa\u00f1\u00edas con licencia pueden garantizar un juego justo en emuladores sin la posibilidad de interferencia ilegal de terceros durante cada sesi\u00f3n por separado. Las m\u00e1quinas tragamonedas con licencia pueden satisfacer a todos los fan\u00e1ticos de los juegos de azar tanto como sea posible, permiti\u00e9ndoles esperar una victoria despu\u00e9s de cada giro siguiente.<\/p>\n<p>La lista de los principales proveedores, cuyos desarrollos son m\u00e1s populares en el mundo de la emoci\u00f3n y la adrenalina, incluye:<\/p>\n<p>Novomatic; NetEnt; Igrosoft; Yggdrasil; Playson y otros.<\/p>\n<p>Las administraciones de los mejores casinos en l\u00ednea m\u00f3viles que permiten contar con un juego limpio y ganancias de dinero real, se esfuerzan por llegar a una gran cantidad de sus propios fan\u00e1ticos. Para ello, se ha compilado la lista de entretenimientos con m\u00e1quinas tragamonedas modernas con efectos especiales innovadores, as\u00ed como:<\/p>\n<p>Tragamonedas cl\u00e1sicas; Una variedad de juegos de mesa y cartas; Una variedad de ruletas; Loter\u00edas y la posibilidad de jugar con crupieres en vivo; En algunos clubes seleccionados, puedes hacer apuestas en eventos deportivos.<\/p>\n<p>Cuanto m\u00e1s amplio sea el cat\u00e1logo de entretenimiento, m\u00e1s clientes podr\u00e1n disfrutar de los casinos en l\u00ednea m\u00f3viles. Son los jugadores los que popularizan los casinos en l\u00ednea, dejando sus opiniones en recursos independientes sobre las mejores cualidades y desventajas de una instituci\u00f3n en particular.<\/p>\n<h3><strong>Bonificaciones en los casinos m\u00f3viles<\/strong><\/h3>\n<p>Para evitar que los jugadores quieran cambiar de entorno, los l\u00edderes de los mejores casinos en l\u00ednea m\u00f3viles con ganancias reales desarrollan sus propios programas de bonificaci\u00f3n que permiten a los reci\u00e9n llegados y a los clientes habituales recibir recompensas regulares. Dependiendo de la lealtad del club, generalmente se encuentran los siguientes tipos de bonos en los portales de los mejores casinos en l\u00ednea m\u00f3viles sin dep\u00f3sito:<\/p>\n<p>Paquete de bienvenida. Por lo general, se proporcionan giros gratis en el emulador establecido en los reglamentos + fondos adicionales al saldo del jugador (en su mayor\u00eda, un cierto porcentaje del primer dep\u00f3sito). Bonificaciones por recarga de saldo posterior. Muchos clubes en l\u00ednea solo incentivan los primeros dep\u00f3sitos, pero tambi\u00e9n hay aquellos que proporcionan bonos para el segundo, tercer, cuarto y posteriores dep\u00f3sitos. Cashback. Reembolso parcial durante el per\u00edodo que depende de la actividad del usuario. Cuantos m\u00e1s dep\u00f3sitos de dinero real se realicen en el sitio oficial del club, mayor ser\u00e1 el porcentaje de devoluci\u00f3n. Carreras y Torneos: este aspecto se implementa en casi todos los casinos. Es una lucha entre los usuarios. Es necesario recopilar puntos por realizar ciertas acciones, que luego se transfieren a un lugar espec\u00edfico en la clasificaci\u00f3n general.<\/p>\n<p>Cuanto m\u00e1s alta sea la posici\u00f3n, mejor ser\u00e1 para el jugador, especialmente porque por lo general se otorgan varios miles de jugadores en los torneos. La lucha es, en primer lugar, por premios en efectivo muy grandes, pero tambi\u00e9n por viajes al extranjero, incluidos safaris marinos.<\/p>\n<h2><strong>Tipos de dispositivos para casinos m\u00f3viles<\/strong><\/h2>\n<p>Recientemente, los casinos en l\u00ednea m\u00f3viles sin dep\u00f3sito han ganado muchos fan\u00e1ticos que aman correr riesgos, la emoci\u00f3n y, por supuesto, el dinero. Con la aparici\u00f3n de versiones m\u00f3viles de m\u00e1quinas tragamonedas en las que los establecimientos virtuales m\u00e1s famosos ofrecen jugar, la popularidad de los juegos en l\u00ednea ha aumentado varias veces, ya que ahora puedes jugar tus simuladores favoritos directamente desde tu tel\u00e9fono. A los usuarios solo les hace falta acceso a la red, un tel\u00e9fono inteligente y algunas aplicaciones que puedes instalar t\u00fa mismo.<\/p>\n<p>A pesar de la similitud externa, las tragamonedas adaptadas para una plataforma espec\u00edfica todav\u00eda tienen algunas diferencias. Estas incluyen la presencia de un panel especial en el que se encuentran los botones m\u00e1s b\u00e1sicos. Para mayor comodidad, se agrandan en tama\u00f1o. Entre otras cosas, en la versi\u00f3n m\u00f3vil de las m\u00e1quinas tragamonedas, puedes hacer una apuesta con el dedo tocando la pantalla t\u00e1ctil. Si decides jugar en un casino con un iPhone, primero debes instalar una aplicaci\u00f3n est\u00e1ndar en tu tel\u00e9fono. Es importante estar al tanto de que el iOS solo funciona con aquellos programas que est\u00e1n creados con HTML5, y Blackberry tiene pocos usuarios, por lo que los juegos m\u00e1s nuevos y modernos est\u00e1n disponibles para dispositivos Android y iOS.<\/p>\n<p>Tanto los tel\u00e9fonos inteligentes IOS como Android tienen sus ventajas y desventajas. Al comprar, por muy trillado que suene, los usuarios se gu\u00edan por el presupuesto, la imagen y\/o la facilidad de manejo. No hay consenso sobre qu\u00e9 es mejor, cada uno decide por s\u00ed mismo, bas\u00e1ndose en sus necesidades y expectativas. La elecci\u00f3n es tuya.<\/p>\n<h3><strong>Casinos Android<\/strong><\/h3>\n<p>Muchas personas en todo el mundo prefieren los dispositivos Android porque est\u00e1n satisfechas con las ventajas que ofrece este sistema operativo. Es un sistema operativo popular que ejecuta la gran mayor\u00eda de los tel\u00e9fonos m\u00f3viles del mundo (incluidos los tel\u00e9fonos inteligentes Hyscreen), propiedad de la igualmente conocida empresa Google. Aquellos que prefieren los dispositivos Android para jugar en casinos m\u00f3viles destacan las siguientes ventajas:<\/p>\n<p>Gran selecci\u00f3n de tel\u00e9fonos Android para cualquier presupuesto, apariencia y tama\u00f1o; Tienda de aplicaciones propia Play Store con una gran cantidad de programas diversos; Android es un sistema operativo abierto; Posibilidad de una amplia selecci\u00f3n de programas para Android, escritos por los propios usuarios, que simplemente se pueden descargar desde Play Market u otras fuentes confiables; Los dispositivos en Android, en la mayor\u00eda de los casos, tienen conectores universales para la carga (micro USB), la transferencia de datos, el costo de los accesorios originales es diferente, pero generalmente no tan alto como el de Apple. Casinos Apple iOS<\/p>\n<p>Dado que la mayor\u00eda de las personas usan sus dispositivos m\u00f3viles con m\u00e1s frecuencia que una computadora regular en la actualidad, es natural que los jugadores tiendan a jugar en l\u00ednea con m\u00e1s frecuencia. Si eres propietario de un dispositivo iPhone o iPad, debes saber c\u00f3mo descargar aplicaciones.<\/p>\n<p>Para descargar la aplicaci\u00f3n, debes abrir la AppStore en tu dispositivo iOS. All\u00ed, ingresa en la barra de b\u00fasqueda el nombre del casino m\u00f3vil deseado. Despu\u00e9s de eso, se te presentar\u00e1n numerosas opciones donde puedes descargar esta aplicaci\u00f3n m\u00f3vil. Recomendamos seguir los primeros enlaces. Por lo general, son los m\u00e1s confiables. Al mismo tiempo, aseg\u00farate de que el sitio del casino en l\u00ednea confiable est\u00e9 protegido y su interfaz sea bastante decente. De esta manera, no te encontrar\u00e1s con estafadores.<\/p>\n<p>Esto permite a los jugadores iniciar sesi\u00f3n en su cuenta de casino a trav\u00e9s de su iPhone en cualquier momento del d\u00eda y desde cualquier lugar del mundo utilizando Wi-Fi o 3G. Muchos casinos en l\u00ednea han desarrollado sus propias aplicaciones basadas en la tecnolog\u00eda HTML5, y ahora no es necesario descargar aplicaciones de la App Store, los juegos se admitir\u00e1n directamente en el formato en l\u00ednea en cualquier navegador de tu iPhone.<\/p>\n<h3><strong>Encontrar los mejores juegos de casino m\u00f3vil<\/strong><\/h3>\n<p>Al elegir el mejor casino m\u00f3vil, debes seguir los mismos principios que para la versi\u00f3n de navegador regular. Entonces, \u00bfc\u00f3mo no tomar la decisi\u00f3n correcta?<\/p>\n<p>Los jugadores experimentados saben lo importante que es elegir el sitio de juego correcto, por lo que a menudo leen rese\u00f1as en l\u00ednea sobre casinos m\u00f3viles. Hay cientos de clubes poco \u00e9ticos que operan en la red, utilizando la fama y la autoridad de establecimientos eminentes. Los sitios fraudulentos con juegos virtuales no aportar\u00e1n beneficios, todo aqu\u00ed se basa en enga\u00f1ar a los jugadores cr\u00e9dulos. Para no enfrentarte a los estafadores, cada jugador debe conocer los criterios b\u00e1sicos para elegir los mejores casinos m\u00f3viles.<\/p>\n<p>El factor principal en la confiabilidad y honestidad de los casinos m\u00f3viles en l\u00ednea es la disponibilidad de una licencia para realizar actividades de juego en las vastas redes. Este documento es emitido por organismos especializados que controlan todos los establecimientos de juego. En el sitio web oficial de los casinos con licencia, se proporciona a los jugadores:<\/p>\n<p>Posibilidad de registro r\u00e1pido con la provisi\u00f3n de una cantidad m\u00ednima de informaci\u00f3n personal. Bonos de bienvenida y programas de lealtad. Software de juego de alta calidad de desarrolladores confiables. Una amplia selecci\u00f3n de entretenimientos diversos. Juegos en cualquier emulador en la versi\u00f3n gratuita o con dinero real. La disponibilidad de diferentes m\u00e9todos para realizar transacciones financieras. Soporte las 24 horas por parte del personal del centro de contacto. La presencia de opiniones positivas de fan\u00e1ticos de los juegos de azar en foros tem\u00e1ticos tambi\u00e9n se considera un factor importante.<\/p>\n<h2><strong>Dep\u00f3sitos y retiros en casinos m\u00f3viles<\/strong><\/h2>\n<p>Los fan\u00e1ticos de los juegos de azar en l\u00ednea saben c\u00f3mo funcionan los dep\u00f3sitos. En la mayor\u00eda de los casos, puedes usar una tarjeta de cr\u00e9dito v\u00e1lida, tarjetas de d\u00e9bito, m\u00e9todos prepagos, vales electr\u00f3nicos, giro postal o billetera web para realizar operaciones de pago. Si lo deseas, puedes hacer una transferencia bancaria directamente desde tu cuenta. Los casinos m\u00f3viles ofrecen usar los mismos m\u00e9todos para retirar fondos, aunque probablemente llevar\u00e1 varios d\u00edas por razones de seguridad.<\/p>\n<p>Los m\u00e9todos de dep\u00f3sito con tarjeta de cr\u00e9dito est\u00e1ndar incluyen VISA\/MasterCard, JCB International y Diners Club International. El pago a trav\u00e9s de American Express no es posible en la mayor\u00eda de las plataformas. Para hacer dep\u00f3sitos, a los clientes de los casinos m\u00f3viles en l\u00ednea se les ofrece usar tarjetas de d\u00e9bito Electron, Solo, Switch, Maestro y otras tarjetas Visa\/MasterCard comunes. Otros m\u00e9todos de pago incluyen Laser, CartaSi y Postepay, aunque estos se usan com\u00fanmente en otros pa\u00edses.<\/p>\n<p>M\u00e9todos de transferencia electr\u00f3nica como Neteller\/Skrill, Paysafecard, Orange, iDEAL, POLi, Nordea, Giropay y Sofortuberweisung tambi\u00e9n se pueden usar en casinos m\u00f3viles. Debido a problemas legales y al modo en que el gobierno federal de EE. UU. cambia las leyes, los canadienses no pueden realizar dep\u00f3sitos con PayPal, aunque los jugadores en otros pa\u00edses (como el Reino Unido) tienen PayPal disponible en muchas plataformas. Aquellos que deseen usar vales electr\u00f3nicos pueden usar el servicio Neosurf para hacer un dep\u00f3sito, pero no para retirar fondos.<\/p>\n<h2><strong>Conclusi\u00f3n<\/strong><\/h2>\n<p>Los casinos en l\u00ednea m\u00f3viles en Colombia, a diferencia de sus contrapartes de escritorio, tienen las siguientes ventajas:<\/p>\n<p>preservaci\u00f3n de la interfaz y funcionalidad al 100%; disponibilidad de acceso al club en cualquier momento de la semana o el d\u00eda; la rapidez de lanzamiento y funcionamiento de las plataformas de juego.<\/p>\n<p>Por estas razones, los clubes de tel\u00e9fonos m\u00f3viles se han vuelto populares entre los jugadores de todo el mundo. Los principales casinos en l\u00ednea siguen las tendencias actuales para satisfacer las necesidades actuales de sus usuarios.<\/p>\n","protected":false},"excerpt":{"rendered":"<p>Casinos m\u00f3viles \u00bfPuedes imaginar tu vida sin dispositivos m\u00f3viles? Por supuesto, en la actualidad, usamos tel\u00e9fonos inteligentes, tabletas y otros dispositivos port\u00e1tiles todos los d\u00edas. Necesitamos trabajar, comunicarnos, ir de compras, y los dispositivos m\u00f3viles nos ayudan a hacerlo de manera r\u00e1pida y conveniente. Si eres jugador, es a\u00fan m\u00e1s importante que tengas un tel\u00e9fono [&hellip;]<\/p>\n","protected":false},"author":1,"featured_media":0,"parent":8058,"menu_order":0,"comment_status":"closed","ping_status":"closed","template":"template-archive-casino2.php","meta":{"footnotes":""},"class_list":["post-8127","page","type-page","status-publish","hentry"],"acf":[],"yoast_head":"<!-- This site is optimized with the Yoast SEO plugin v21.9 - https:\/\/yoast.com\/wordpress\/plugins\/seo\/ -->\n<title>Casinos m\u00f3viles: Juegos, Bonos y Experiencia de Juego<\/title>\n<meta name=\"description\" content=\"Descubre la emocionante era de los casinos m\u00f3viles en este art\u00edculo. Aprende c\u00f3mo jugar y ganar en casinos en l\u00ednea desde tus dispositivos m\u00f3viles, con una amplia gama de juegos y bonos emocionantes.\" \/>\n<meta name=\"robots\" content=\"index, follow, max-snippet:-1, max-image-preview:large, max-video-preview:-1\" \/>\n<link rel=\"canonical\" href=\"https:\/\/casinomira.com\/es\/casinos-rating\/mobile-casinos\/\" \/>\n<meta property=\"og:locale\" content=\"es_ES\" \/>\n<meta property=\"og:type\" content=\"article\" \/>\n<meta property=\"og:title\" content=\"Casinos m\u00f3viles: Juegos, Bonos y Experiencia de Juego\" \/>\n<meta property=\"og:description\" content=\"Descubre la emocionante era de los casinos m\u00f3viles en este art\u00edculo. Aprende c\u00f3mo jugar y ganar en casinos en l\u00ednea desde tus dispositivos m\u00f3viles, con una amplia gama de juegos y bonos emocionantes.\" \/>\n<meta property=\"og:url\" content=\"https:\/\/casinomira.com\/es\/casinos-rating\/mobile-casinos\/\" \/>\n<meta property=\"og:site_name\" content=\"CasinoMIRA.com\" \/>\n<meta property=\"article:modified_time\" content=\"2024-10-10T14:48:59+00:00\" \/>\n<meta name=\"twitter:card\" content=\"summary_large_image\" \/>\n<meta name=\"twitter:label1\" content=\"Tiempo de lectura\" \/>\n\t<meta name=\"twitter:data1\" content=\"12 minutos\" \/>\n<script type=\"application\/ld+json\" class=\"yoast-schema-graph\">{\"@context\":\"https:\/\/schema.org\",\"@graph\":[{\"@type\":\"WebPage\",\"@id\":\"https:\/\/casinomira.com\/es\/casinos-rating\/mobile-casinos\/\",\"url\":\"https:\/\/casinomira.com\/es\/casinos-rating\/mobile-casinos\/\",\"name\":\"Casinos m\u00f3viles: Juegos, Bonos y Experiencia de Juego\",\"isPartOf\":{\"@id\":\"https:\/\/casinomira.com\/es\/#website\"},\"datePublished\":\"2021-07-30T12:55:46+00:00\",\"dateModified\":\"2024-10-10T14:48:59+00:00\",\"description\":\"Descubre la emocionante era de los casinos m\u00f3viles en este art\u00edculo. Aprende c\u00f3mo jugar y ganar en casinos en l\u00ednea desde tus dispositivos m\u00f3viles, con una amplia gama de juegos y bonos emocionantes.\",\"breadcrumb\":{\"@id\":\"https:\/\/casinomira.com\/es\/casinos-rating\/mobile-casinos\/#breadcrumb\"},\"inLanguage\":\"es\",\"potentialAction\":[{\"@type\":\"ReadAction\",\"target\":[\"https:\/\/casinomira.com\/es\/casinos-rating\/mobile-casinos\/\"]}]},{\"@type\":\"BreadcrumbList\",\"@id\":\"https:\/\/casinomira.com\/es\/casinos-rating\/mobile-casinos\/#breadcrumb\",\"itemListElement\":[{\"@type\":\"ListItem\",\"position\":1,\"name\":\"Home\",\"item\":\"https:\/\/casinomira.com\/es\/\"},{\"@type\":\"ListItem\",\"position\":2,\"name\":\"Clasificaci\u00f3n del Casino\",\"item\":\"https:\/\/casinomira.com\/es\/casinos-rating\/\"},{\"@type\":\"ListItem\",\"position\":3,\"name\":\"Casinos m\u00f3viles\"}]},{\"@type\":\"WebSite\",\"@id\":\"https:\/\/casinomira.com\/es\/#website\",\"url\":\"https:\/\/casinomira.com\/es\/\",\"name\":\"CasinoMIRA.com\",\"description\":\"Online Casinos Canada \u2013 All About Online Gambling Canada.\",\"publisher\":{\"@id\":\"https:\/\/casinomira.com\/es\/#organization\"},\"alternateName\":\"CasinoMIRA\",\"potentialAction\":[{\"@type\":\"SearchAction\",\"target\":{\"@type\":\"EntryPoint\",\"urlTemplate\":\"https:\/\/casinomira.com\/es\/?s={search_term_string}\"},\"query-input\":\"required name=search_term_string\"}],\"inLanguage\":\"es\"},{\"@type\":\"Organization\",\"@id\":\"https:\/\/casinomira.com\/es\/#organization\",\"name\":\"CasinoMIRA.com\",\"url\":\"https:\/\/casinomira.com\/es\/\",\"logo\":{\"@type\":\"ImageObject\",\"inLanguage\":\"es\",\"@id\":\"https:\/\/casinomira.com\/es\/#\/schema\/logo\/image\/\",\"url\":\"https:\/\/casinomira.com\/wp-content\/uploads\/2022\/12\/casinomira_logo_Y.svg\",\"contentUrl\":\"https:\/\/casinomira.com\/wp-content\/uploads\/2022\/12\/casinomira_logo_Y.svg\",\"caption\":\"CasinoMIRA.com\"},\"image\":{\"@id\":\"https:\/\/casinomira.com\/es\/#\/schema\/logo\/image\/\"}}]}<\/script>\n<!-- \/ Yoast SEO plugin. -->","yoast_head_json":{"title":"Casinos m\u00f3viles: Juegos, Bonos y Experiencia de Juego","description":"Descubre la emocionante era de los casinos m\u00f3viles en este art\u00edculo. Aprende c\u00f3mo jugar y ganar en casinos en l\u00ednea desde tus dispositivos m\u00f3viles, con una amplia gama de juegos y bonos emocionantes.","robots":{"index":"index","follow":"follow","max-snippet":"max-snippet:-1","max-image-preview":"max-image-preview:large","max-video-preview":"max-video-preview:-1"},"canonical":"https:\/\/casinomira.com\/es\/casinos-rating\/mobile-casinos\/","og_locale":"es_ES","og_type":"article","og_title":"Casinos m\u00f3viles: Juegos, Bonos y Experiencia de Juego","og_description":"Descubre la emocionante era de los casinos m\u00f3viles en este art\u00edculo. Aprende c\u00f3mo jugar y ganar en casinos en l\u00ednea desde tus dispositivos m\u00f3viles, con una amplia gama de juegos y bonos emocionantes.","og_url":"https:\/\/casinomira.com\/es\/casinos-rating\/mobile-casinos\/","og_site_name":"CasinoMIRA.com","article_modified_time":"2024-10-10T14:48:59+00:00","twitter_card":"summary_large_image","twitter_misc":{"Tiempo de lectura":"12 minutos"},"schema":{"@context":"https:\/\/schema.org","@graph":[{"@type":"WebPage","@id":"https:\/\/casinomira.com\/es\/casinos-rating\/mobile-casinos\/","url":"https:\/\/casinomira.com\/es\/casinos-rating\/mobile-casinos\/","name":"Casinos m\u00f3viles: Juegos, Bonos y Experiencia de Juego","isPartOf":{"@id":"https:\/\/casinomira.com\/es\/#website"},"datePublished":"2021-07-30T12:55:46+00:00","dateModified":"2024-10-10T14:48:59+00:00","description":"Descubre la emocionante era de los casinos m\u00f3viles en este art\u00edculo. Aprende c\u00f3mo jugar y ganar en casinos en l\u00ednea desde tus dispositivos m\u00f3viles, con una amplia gama de juegos y bonos emocionantes.","breadcrumb":{"@id":"https:\/\/casinomira.com\/es\/casinos-rating\/mobile-casinos\/#breadcrumb"},"inLanguage":"es","potentialAction":[{"@type":"ReadAction","target":["https:\/\/casinomira.com\/es\/casinos-rating\/mobile-casinos\/"]}]},{"@type":"BreadcrumbList","@id":"https:\/\/casinomira.com\/es\/casinos-rating\/mobile-casinos\/#breadcrumb","itemListElement":[{"@type":"ListItem","position":1,"name":"Home","item":"https:\/\/casinomira.com\/es\/"},{"@type":"ListItem","position":2,"name":"Clasificaci\u00f3n del Casino","item":"https:\/\/casinomira.com\/es\/casinos-rating\/"},{"@type":"ListItem","position":3,"name":"Casinos m\u00f3viles"}]},{"@type":"WebSite","@id":"https:\/\/casinomira.com\/es\/#website","url":"https:\/\/casinomira.com\/es\/","name":"CasinoMIRA.com","description":"Online Casinos Canada \u2013 All About Online Gambling Canada.","publisher":{"@id":"https:\/\/casinomira.com\/es\/#organization"},"alternateName":"CasinoMIRA","potentialAction":[{"@type":"SearchAction","target":{"@type":"EntryPoint","urlTemplate":"https:\/\/casinomira.com\/es\/?s={search_term_string}"},"query-input":"required name=search_term_string"}],"inLanguage":"es"},{"@type":"Organization","@id":"https:\/\/casinomira.com\/es\/#organization","name":"CasinoMIRA.com","url":"https:\/\/casinomira.com\/es\/","logo":{"@type":"ImageObject","inLanguage":"es","@id":"https:\/\/casinomira.com\/es\/#\/schema\/logo\/image\/","url":"https:\/\/casinomira.com\/wp-content\/uploads\/2022\/12\/casinomira_logo_Y.svg","contentUrl":"https:\/\/casinomira.com\/wp-content\/uploads\/2022\/12\/casinomira_logo_Y.svg","caption":"CasinoMIRA.com"},"image":{"@id":"https:\/\/casinomira.com\/es\/#\/schema\/logo\/image\/"}}]}},"_links":{"self":[{"href":"https:\/\/casinomira.com\/es\/wp-json\/wp\/v2\/pages\/8127","targetHints":{"allow":["GET"]}}],"collection":[{"href":"https:\/\/casinomira.com\/es\/wp-json\/wp\/v2\/pages"}],"about":[{"href":"https:\/\/casinomira.com\/es\/wp-json\/wp\/v2\/types\/page"}],"author":[{"embeddable":true,"href":"https:\/\/casinomira.com\/es\/wp-json\/wp\/v2\/users\/1"}],"replies":[{"embeddable":true,"href":"https:\/\/casinomira.com\/es\/wp-json\/wp\/v2\/comments?post=8127"}],"version-history":[{"count":3,"href":"https:\/\/casinomira.com\/es\/wp-json\/wp\/v2\/pages\/8127\/revisions"}],"predecessor-version":[{"id":9168,"href":"https:\/\/casinomira.com\/es\/wp-json\/wp\/v2\/pages\/8127\/revisions\/9168"}],"up":[{"embeddable":true,"href":"https:\/\/casinomira.com\/es\/wp-json\/wp\/v2\/pages\/8058"}],"wp:attachment":[{"href":"https:\/\/casinomira.com\/es\/wp-json\/wp\/v2\/media?parent=8127"}],"curies":[{"name":"wp","href":"https:\/\/api.w.org\/{rel}","templated":true}]}}