{"id":8142,"date":"2021-07-30T15:53:24","date_gmt":"2021-07-30T12:53:24","guid":{"rendered":"http:\/\/casinomira.updated\/casinos-rating\/best-payout-casinos\/"},"modified":"2024-10-10T17:27:14","modified_gmt":"2024-10-10T14:27:14","slug":"best-payout-casinos","status":"publish","type":"page","link":"https:\/\/casinomira.com\/es\/casinos-rating\/best-payout-casinos\/","title":{"rendered":"Casinos con mejores pagos"},"content":{"rendered":"<p>Jugar en el casino en l\u00ednea con los pagos m\u00e1s altos de Argentina es una excelente manera de obtener ganancias incre\u00edbles. Desafortunadamente, a menudo puede ser dif\u00edcil identificar uno, ya que te encuentras con muchos sitios de apuestas.<\/p>\n<p>Identificar un sitio confiable no siempre parece tan complicado. Nuestra rese\u00f1a explicar\u00e1 el significado de las ganancias de los apostadores y las mejores ofertas en t\u00e9rminos de pagos.<\/p>\n<p>Los mejores sitios de juegos ofrecen a los usuarios las ganancias m\u00e1s altas posibles. Adem\u00e1s, las probabilidades de recompensa son m\u00e1s favorables para los apostadores cuando hay una ventaja del casino baja en un campo altamente competitivo. Esto resulta en una gran probabilidad de ganar dinero real en varios servicios.<\/p>\n<p>El sitio de juegos m\u00e1s popular que ofrece grandes ganancias es Betway. La plataforma presenta un lugar virtual incre\u00edble con tecnolog\u00eda actualizada para juegos r\u00e1pidos, grandes recompensas y transacciones oportunas.<\/p>\n<p>Identificar el sitio de juegos en l\u00ednea adecuado para unirte no siempre es una tarea sencilla. Sin embargo, puedes acceder a estad\u00edsticas de ganancias en la web para conocer los principales lugares de juego. Por lo tanto, es aconsejable buscar minuciosamente.<\/p>\n<p>El hallazgo m\u00e1s confiable es el promedio de ganancias de los clientes. La salida se monitorea cada mes por entidades destacadas como eCOGRA. Adem\u00e1s, se comparte a trav\u00e9s de enlaces en el pie de p\u00e1gina de los sitios de apuestas. La informaci\u00f3n publicada muestra la cantidad de apuestas de los apostadores que se devuelven como ganancias.<\/p>\n<p>Otra cosa que demuestra que un operador paga grandes sumas de dinero es la ganancia ocasional masiva. Por supuesto, el principal indicador es el jackpot, pero las ganancias generales tambi\u00e9n importan.<\/p>\n<h2><strong>\u00bfQu\u00e9 criterios determinan los pagos principales en las plataformas en l\u00ednea de Argentina?<\/strong><\/h2>\n<p>Los casinos con los pagos m\u00e1s altos de Argentina son analizados por organizaciones prominentes como eCOGRA. El proceso asegura que cualquier informaci\u00f3n que un operador publique sobre las ganancias sea precisa.<\/p>\n<p>Por lo general, los principales sitios web se someten a pruebas. Los apostadores pueden saber si un sitio es leg\u00edtimo verificando el origen de sus pruebas. Si la informaci\u00f3n no proviene de un tercero independiente, evita el lugar. Desafortunadamente, muchas empresas publican datos falsos para atraer a los usuarios.<\/p>\n<p>Los revisores realizan controles detallados antes de recomendar casinos. Adem\u00e1s, utilizan dinero real para probar los servicios y garantizar que brinden a los apostadores sitios confiables.<\/p>\n<p>Adem\u00e1s de analizar las tasas de ganancias, los revisores tambi\u00e9n se aseguran de que el operador ofrezca servicios seguros y oportunos. Recomiendan adherirse a sitios con licencia y buena reputaci\u00f3n que brinden altos pagos y un excelente entorno de juego.<\/p>\n<p>Al determinar los mejores sitios de pago, debes considerar lo siguiente:<\/p>\n<p>Software disponible: Los apostadores en l\u00ednea prefieren diversas ofertas. Por lo tanto, al elegir un sitio, buscar\u00e1s el t\u00edtulo que te guste. Puedes encontrar art\u00edculos en l\u00ednea donde se enumeran los sitios seg\u00fan su proveedor o tipos de juegos. Por ejemplo, si deseas jugar al bacar\u00e1, puedes ver una lista de todos los sitios que lo ofrecen. Entonces, ya sea que quieras tragamonedas, t\u00edtulos con crupier en vivo o cualquier otra cosa, los filtros de b\u00fasqueda pueden ayudarte a encontrar el sitio que lo ofrece.<\/p>\n<p>Incentivos: Los incentivos disponibles, incluidos sus t\u00e9rminos, determinan si obtendr\u00e1s m\u00e1s ganancias en un sitio. Por ejemplo, las empresas de juegos de azar utilizan recompensas para promocionarse y atraer a nuevos apostadores. Si se utilizan de manera correcta, un incentivo puede hacer que los jugadores jueguen m\u00e1s o vuelvan una y otra vez. Incluso es posible ganarse la vida solo con incentivos.<\/p>\n<p>Desafortunadamente, a los mejores casinos de pago de Argentina no les gustan los cazadores de bonos. Por lo tanto, es necesario cumplir con las condiciones que los apostadores deben cumplir durante las actividades de juego en l\u00ednea. Si no cumples con las especificaciones, la empresa confiscar\u00e1 tus ganancias.<\/p>\n<p>Por lo tanto, es preferible comprender las instrucciones para evitar encontrarte en situaciones inesperadas.<\/p>\n<h3><strong>Probabilidades de ganancia de las ofertas de juegos de azar<\/strong><\/h3>\n<p>Esta parte te mostrar\u00e1 por qu\u00e9 tienes una excelente oportunidad de ganar, prestando atenci\u00f3n al porcentaje de RTP.<\/p>\n<p>Blackjack: La oferta es la m\u00e1s gratificante en las plataformas en l\u00ednea y tiene un margen de la casa peque\u00f1o. El juego tiene 1 o 2 mazos en lugar de ocho, como en los casinos f\u00edsicos. Esto es esencial porque cada mazo mejora la ventaja del casino en aproximadamente un 0,02%. El retorno del blackjack es del 99,5%.<\/p>\n<p>Ruleta: La ruleta viene en varias variantes. Por ejemplo, puedes encontrar opciones europeas y americanas, donde la americana tiene un cero adicional en su sistema. El cero adicional altera significativamente la ventaja del sitio web del casino. Las variantes con un solo cero exponen a los apostadores a una ventaja del casino del 2,7%, mientras que la de doble cero es del 5,26%. Es mejor elegir la variante europea, ya que su RTP es del 97,3%.<\/p>\n<p>Baccarat: La opci\u00f3n principal al jugar en l\u00ednea es el jugador o el banquero. Este \u00faltimo ofrece una ventaja del 1,36% sobre el casino, mientras que hay un 1,36% de captura para el cliente. Por lo tanto, los jugadores pueden preferir apostar al banquero. Lamentablemente, los casinos saben eso y aplican algunas tarifas a tales apuestas. Sin embargo, los bancos son la alternativa perfecta, ya que su retorno es del 98,95%.<\/p>\n<p>Casino War: La ventaja de la empresa en esta oferta es imparcial. Los jugadores pueden vencer o no a un crupier. Tambi\u00e9n pueden empatar. Sin embargo, algunos casinos en vivo no permitir\u00e1n a los usuarios continuar luchando y un empate conduce a una p\u00e9rdida. Los lugares de juego en l\u00ednea ofrecen la apuesta de empate. El retorno es del 97,2%.<\/p>\n<p>Tragamonedas: Existen muchos tipos de tragamonedas en la mayor\u00eda de los casinos en l\u00ednea. Tienen diferentes temas, incentivos, n\u00famero de l\u00edneas de pago y carretes. Tambi\u00e9n var\u00edan las ganancias de los juegos. Sin embargo, la mayor\u00eda de ellos tienen un RTP superior al 95%.<\/p>\n<p>Aqu\u00ed tienes algunos ejemplos de tragamonedas yJuego responsable. Siempre es importante jugar con responsabilidad y establecer l\u00edmites para tus apuestas. Recuerda que el juego debe ser una forma de entretenimiento y nunca debes apostar m\u00e1s de lo que puedes permitirte perder.<\/p>\n<p>Espero que esta informaci\u00f3n te sea \u00fatil al buscar los mejores sitios de pagos en l\u00ednea en Argentina. Recuerda investigar y leer rese\u00f1as para tomar una decisi\u00f3n informada. \u00a1Buena suerte en tus apuestas!<\/p>\n<div class=\"group w-full text-gray-800 dark:text-gray-100 border-b border-black\/10 dark:border-gray-900\/50 bg-gray-50 dark:bg-[#444654]\">\n<div class=\"flex p-4 gap-4 text-base md:gap-6 md:max-w-2xl lg:max-w-[38rem] xl:max-w-3xl md:py-6 lg:px-0 m-auto\">\n<div class=\"relative flex w-[calc(100%-50px)] flex-col gap-1 md:gap-3 lg:w-[calc(100%-115px)]\">\n<div class=\"flex flex-grow flex-col gap-3\">\n<div class=\"flex items-start overflow-x-auto whitespace-pre-wrap break-words flex-col gap-4\">\n<div class=\"markdown prose w-full break-words dark:prose-invert dark\">\n<p><strong>ejemplos de sus porcentajes de pagos:<\/strong><\/p>\n<p>Wheel of Fortune: 94%. Thunderstruck 2: 96%. Triple Diamond: 95%. Wizard of Oz: 96%. Mega Fortune: 96%.<\/p>\n<p>Video poker:<\/p>\n<p>La porcentaje de ganancia en el juego de video p\u00f3ker en l\u00ednea no se puede alterar, pero los jugadores pueden elegir juegos que tengan un retorno del 99,99%. Jacks or Better tiene una ventaja de la casa del 0,46%. As\u00ed que las probabilidades son buenas. Sin embargo, los jugadores pueden mejorarlas.<\/p>\n<p>Otros t\u00edtulos tienen los siguientes porcentajes de ganancia:<\/p>\n<p>Jacks or Better: 99,54%. Double Joker Poker: 99,96%. Deuces Wild: 99%. Sevens Wild: 98,8%. Aces &amp; Faces: 99,85%. Double Bonus Poker: 100,17%.<\/p>\n<h3><strong>C\u00f3mo obtener los mejores pagos en los juegos en l\u00ednea:<\/strong><\/h3>\n<p>Determinar los mejores casinos de pago en Argentina requiere elegir un sitio de juegos destacado. Adem\u00e1s, considera elegir juegos con altos porcentajes de retorno al jugador (RTP).<\/p>\n<p>Los sitios de pago l\u00edderes tambi\u00e9n ofrecen servicios de transacciones r\u00e1pidos.<\/p>\n<p>La mayor\u00eda de los operadores procesan los pagos en un d\u00eda. El m\u00e9todo de pago m\u00e1s r\u00e1pido hasta ahora es la billetera electr\u00f3nica. Sin embargo, otros m\u00e9todos pueden tardar de uno a tres d\u00edas en procesar los retiros.<\/p>\n<p>Puedes conocer qu\u00e9 tan r\u00e1pido recibir\u00e1s tus ganancias leyendo la informaci\u00f3n proporcionada en la secci\u00f3n de cajero del sitio web que elijas. Los mejores servicios no publican informaci\u00f3n falsa porque no quieren perder a sus clientes.<\/p>\n<p>Tambi\u00e9n debes verificar los requisitos de pago. Los casinos pueden cobrarte una tarifa por los retiros, y la cantidad var\u00eda seg\u00fan el m\u00e9todo que uses.<\/p>\n<h2><strong>Revisa el casino en nuestra clasificaci\u00f3n de casinos en l\u00ednea.<\/strong><\/h2>\n<p>Los revisores califican los sitios web de juegos de azar seg\u00fan lo que ofrecen. Las plataformas con altas calificaciones de casinos en l\u00ednea valen la pena unirse porque operan legalmente, ofrecen muchos juegos, m\u00e9todos de pago r\u00e1pidos, el mejor servicio de atenci\u00f3n al cliente, entre otros.<\/p>\n<h2><strong>Reg\u00edstrate en el sitio de juegos.<\/strong><\/h2>\n<p>Cuando encuentres un sitio web que cumpla con todas tus necesidades, debes unirte. El proceso implica completar un formulario de registro. Los datos que proporcionas incluyen nombre, direcci\u00f3n de correo electr\u00f3nico e informaci\u00f3n bancaria.<\/p>\n<h2><strong>Realiza un dep\u00f3sito y juega.<\/strong><\/h2>\n<p>Una vez que te conviertas en miembro de cualquier sitio de juegos de tu elecci\u00f3n, puedes realizar un dep\u00f3sito. Tu dep\u00f3sito te permitir\u00e1 disfrutar de un juego que te guste. Puedes disfrutar de un juego en modo de prueba sin pagar, donde no ganar\u00e1s dinero real.<\/p>\n<p>Retira tus ganancias r\u00e1pidamente.<\/p>\n<p>Los mejores casinos de pago en Argentina ofrecen opciones de retiro r\u00e1pidas y seguras. Por ejemplo, despu\u00e9s de ganar tu juego favorito, puedes enviar una solicitud de retiro que se procesar\u00e1 al instante o en pocos minutos. El m\u00e9todo de retiro m\u00e1s r\u00e1pido que puedes usar es la billetera electr\u00f3nica. Puedes esperar transacciones instant\u00e1neas si la usas.<\/p>\n<p>Las tarjetas de cr\u00e9dito y d\u00e9bito tambi\u00e9n pueden ser m\u00e1s r\u00e1pidas. Sin embargo, depende del proveedor.<\/p>\n<h3><strong>Las principales tragamonedas en l\u00ednea con pagos:<\/strong><\/h3>\n<p>Ya sea que seas un nuevo jugador o hayas jugado en sitios web antes y est\u00e9s buscando las mejores tragamonedas, esta parte puede ayudarte. Te presentar\u00e9 los juegos m\u00e1s emocionantes en el mercado. Tienen grandes botes, rondas de juego gratuitas, caracter\u00edsticas de apuesta, recompensas y mec\u00e1nicas modernas.<\/p>\n<p>Cada tragamonedas tiene su propio RTP, que determina la probabilidad de obtener ganancias cuando juegas. Si el RTP es alto, la ventaja de la casa es baja. Por lo tanto, tendr\u00e1s mejores posibilidades de obtener m\u00e1s ganancias.<\/p>\n<p>La mayor\u00eda de las tragamonedas revelan su RTP o permiten que los sitios web que las ofrecen lo muestren. Sin embargo, todav\u00eda hay otras que no son transparentes, lo que dificulta conocer su RTP.<\/p>\n<p>A continuaci\u00f3n, encontrar\u00e1s los t\u00edtulos que ofrecen los casinos con los mejores pagos en tragamonedas:<\/p>\n<p>Book of 99: El software fue dise\u00f1ado por Relax Gaming. Tiene un RTP del 99%. El juego consta de cinco carretes y tres filas y tiene una alta volatilidad. Las l\u00edneas de pago disponibles son diez.<\/p>\n<p>Mega Joker: El t\u00edtulo de NetEnt tiene un RTP del 99%. El juego tambi\u00e9n tiene un bote progresivo que aumenta para brindar a los jugadores grandes ganancias.<\/p>\n<p>Monopoly Big Event: El juego tiene un RTP del 99%. Fue dise\u00f1ado por Barcrest. El t\u00edtulo tiene cinco carretes y veinte l\u00edneas de pago. La tragamonedas tambi\u00e9n cuenta con un bono que recompensa a los jugadores con cinco giros.<\/p>\n<p>Ooh Aah Dracula: El juego fue desarrollado por Barcrest. Los jugadores pueden jugar en dos modos. Puedes comprar cinco giros a un precio asequible. El RTP ser\u00e1 del 96%. Alternativamente, puedes gastar un poco m\u00e1s para cinco rondas con un RTP del 99%. El juego cuenta con giros gratis donde los clientes obtienen hasta quince rondas de juego. Otras caracter\u00edsticas del juego incluyen comodines adicionales.<\/p>\n<p>Blood Suckers: El juego es de NetEnt. Tiene cinco carretes y veinticinco l\u00edneas de pago. El RTP es del 98%. Otras caracter\u00edsticas incluyen gr\u00e1ficos suaves y un tema espeluznante.<\/p>\n<p>Wolfpack Pays: El juego de NextGen tiene cinco carretes y 243 formas de ganar. Puedes apostar desde $\/\u00a30,40 hasta $\/\u00a380 por giro. El RTP es del 97,75%. Otras caracter\u00edsticas incluyen gr\u00e1ficos atractivos con un fondo pintoresco.<\/p>\n<p>Los principales beneficios de las empresas con transacciones r\u00e1pidas:<\/p>\n<p>Cuando buscas la plataforma l\u00edder para unirte, deseas un entorno queprocese los pagos r\u00e1pidamente. Como se detalla en las rese\u00f1as de los mejores casinos en l\u00ednea con pagos, algunos sitios ofrecen dep\u00f3sitos y retiros instant\u00e1neos con solo un clic.<\/p>\n<p>Los principales servicios de juego tienen las siguientes caracter\u00edsticas:<\/p>\n<p>Menos tiempo de espera para los fondos: Puede ser inconveniente tener que esperar mucho tiempo para que se procese una transacci\u00f3n. Especialmente si lleva d\u00edas, los jugadores pueden necesitar esperar, lo que les impedir\u00e1 apostar.<\/p>\n<p>Las velocidades de los diferentes procesos de transacci\u00f3n var\u00edan. Las opciones bancarias y las tarjetas de d\u00e9bito tienen la velocidad de procesamiento m\u00e1s lenta. Necesitas una opci\u00f3n que procese las transacciones en poco tiempo, si no de inmediato.<\/p>\n<p>Los mejores operadores procesan las solicitudes de retiro al instante o en poco tiempo. Por lo tanto, nunca tendr\u00e1s que perder tiempo esperando para recibir tus ganancias.<\/p>\n<p>Opciones de transacci\u00f3n seguras: Es recomendable analizar los est\u00e1ndares de seguridad de cada opci\u00f3n de pago antes de elegir una. Adem\u00e1s, es aconsejable seleccionar un proveedor que utilice cifrado de datos.<\/p>\n<p>Los lugares confiables ofrecen un entorno de juego seguro y eficiente. Adem\u00e1s de procesar pagos r\u00e1pidamente, los usuarios disfrutan de opciones de transacci\u00f3n seguras. Nunca tendr\u00e1s que preocuparte por que se divulguen tus datos bancarios. Los mejores sitios no comparten los datos de los clientes con terceros. Adem\u00e1s, obtienes la privacidad que deseas para procesar pagos.<\/p>\n<p>Soporte al cliente confiable: Una de las caracter\u00edsticas principales de un buen sitio web es un excelente sistema de soporte. Como se puede ver en las rese\u00f1as de casinos en l\u00ednea, las principales plataformas tienen representantes experimentados y amigables que trabajan las 24 horas del d\u00eda. Su funci\u00f3n es atender a las personas que tienen problemas o preguntas sobre el servicio de juegos de azar.<\/p>\n<p>Existen varias opciones para comunicarse con un agente de soporte, como el chat en vivo, el correo electr\u00f3nico y los n\u00fameros de tel\u00e9fono.<\/p>\n<h2><strong>Conclusi\u00f3n:<\/strong><\/h2>\n<p>Cuando seleccionas un sitio web, deseas obtener ganancias altas de manera r\u00e1pida y sin problemas.<\/p>\n<p>Los jugadores solo pueden disfrutar de eso si encuentran la mejor plataforma de juegos. Hay varios servicios para elegir, y cada uno de ellos tiene diferentes formas de transacci\u00f3n confiables.<\/p>\n<p>Aseg\u00farate de conocer las calificaciones para determinar los casinos de pago confiables en Argentina que te brindar\u00e1n tiempos cortos para acceder a las ganancias con cargos m\u00ednimos o nulos.<\/p>\n<p>Espero que esta informaci\u00f3n sea \u00fatil cuando busques los mejores sitios de pagos en l\u00ednea en Argentina. Recuerda investigar y leer rese\u00f1as para tomar una decisi\u00f3n informada. \u00a1Buena suerte en tus apuestas!<\/p>\n<\/div>\n<\/div>\n<\/div>\n<\/div>\n<\/div>\n<\/div>\n","protected":false},"excerpt":{"rendered":"<p>Jugar en el casino en l\u00ednea con los pagos m\u00e1s altos de Argentina es una excelente manera de obtener ganancias incre\u00edbles. Desafortunadamente, a menudo puede ser dif\u00edcil identificar uno, ya que te encuentras con muchos sitios de apuestas. Identificar un sitio confiable no siempre parece tan complicado. Nuestra rese\u00f1a explicar\u00e1 el significado de las ganancias [&hellip;]<\/p>\n","protected":false},"author":1,"featured_media":0,"parent":8058,"menu_order":0,"comment_status":"closed","ping_status":"closed","template":"template-archive-casino1.php","meta":{"footnotes":""},"class_list":["post-8142","page","type-page","status-publish","hentry"],"acf":[],"yoast_head":"<!-- This site is optimized with the Yoast SEO plugin v21.9 - https:\/\/yoast.com\/wordpress\/plugins\/seo\/ -->\n<title>Casinos con mejores pagos com os melhores pagamentos na Argentina: Principais recursos, ofertas mais gratificantes<\/title>\n<meta name=\"description\" content=\"Todos os principais cassinos de pagamento da Argentina oferecem produtos diferentes e oferecem recompensas diferentes. Os clientes recebem altos pagamentos e realizam transa\u00e7\u00f5es rapidamente.\" \/>\n<meta name=\"robots\" content=\"index, follow, max-snippet:-1, max-image-preview:large, max-video-preview:-1\" \/>\n<link rel=\"canonical\" href=\"https:\/\/casinomira.com\/es\/casinos-rating\/best-payout-casinos\/\" \/>\n<meta property=\"og:locale\" content=\"es_ES\" \/>\n<meta property=\"og:type\" content=\"article\" \/>\n<meta property=\"og:title\" content=\"Casinos con mejores pagos com os melhores pagamentos na Argentina: Principais recursos, ofertas mais gratificantes\" \/>\n<meta property=\"og:description\" content=\"Todos os principais cassinos de pagamento da Argentina oferecem produtos diferentes e oferecem recompensas diferentes. Os clientes recebem altos pagamentos e realizam transa\u00e7\u00f5es rapidamente.\" \/>\n<meta property=\"og:url\" content=\"https:\/\/casinomira.com\/es\/casinos-rating\/best-payout-casinos\/\" \/>\n<meta property=\"og:site_name\" content=\"CasinoMIRA.com\" \/>\n<meta property=\"article:modified_time\" content=\"2024-10-10T14:27:14+00:00\" \/>\n<meta name=\"twitter:card\" content=\"summary_large_image\" \/>\n<meta name=\"twitter:label1\" content=\"Tiempo de lectura\" \/>\n\t<meta name=\"twitter:data1\" content=\"9 minutos\" \/>\n<script type=\"application\/ld+json\" class=\"yoast-schema-graph\">{\"@context\":\"https:\/\/schema.org\",\"@graph\":[{\"@type\":\"WebPage\",\"@id\":\"https:\/\/casinomira.com\/es\/casinos-rating\/best-payout-casinos\/\",\"url\":\"https:\/\/casinomira.com\/es\/casinos-rating\/best-payout-casinos\/\",\"name\":\"Casinos con mejores pagos com os melhores pagamentos na Argentina: Principais recursos, ofertas mais gratificantes\",\"isPartOf\":{\"@id\":\"https:\/\/casinomira.com\/es\/#website\"},\"datePublished\":\"2021-07-30T12:53:24+00:00\",\"dateModified\":\"2024-10-10T14:27:14+00:00\",\"description\":\"Todos os principais cassinos de pagamento da Argentina oferecem produtos diferentes e oferecem recompensas diferentes. Os clientes recebem altos pagamentos e realizam transa\u00e7\u00f5es rapidamente.\",\"breadcrumb\":{\"@id\":\"https:\/\/casinomira.com\/es\/casinos-rating\/best-payout-casinos\/#breadcrumb\"},\"inLanguage\":\"es\",\"potentialAction\":[{\"@type\":\"ReadAction\",\"target\":[\"https:\/\/casinomira.com\/es\/casinos-rating\/best-payout-casinos\/\"]}]},{\"@type\":\"BreadcrumbList\",\"@id\":\"https:\/\/casinomira.com\/es\/casinos-rating\/best-payout-casinos\/#breadcrumb\",\"itemListElement\":[{\"@type\":\"ListItem\",\"position\":1,\"name\":\"Home\",\"item\":\"https:\/\/casinomira.com\/es\/\"},{\"@type\":\"ListItem\",\"position\":2,\"name\":\"Clasificaci\u00f3n del Casino\",\"item\":\"https:\/\/casinomira.com\/es\/casinos-rating\/\"},{\"@type\":\"ListItem\",\"position\":3,\"name\":\"Casinos con mejores pagos\"}]},{\"@type\":\"WebSite\",\"@id\":\"https:\/\/casinomira.com\/es\/#website\",\"url\":\"https:\/\/casinomira.com\/es\/\",\"name\":\"CasinoMIRA.com\",\"description\":\"Online Casinos Canada \u2013 All About Online Gambling Canada.\",\"publisher\":{\"@id\":\"https:\/\/casinomira.com\/es\/#organization\"},\"alternateName\":\"CasinoMIRA\",\"potentialAction\":[{\"@type\":\"SearchAction\",\"target\":{\"@type\":\"EntryPoint\",\"urlTemplate\":\"https:\/\/casinomira.com\/es\/?s={search_term_string}\"},\"query-input\":\"required name=search_term_string\"}],\"inLanguage\":\"es\"},{\"@type\":\"Organization\",\"@id\":\"https:\/\/casinomira.com\/es\/#organization\",\"name\":\"CasinoMIRA.com\",\"url\":\"https:\/\/casinomira.com\/es\/\",\"logo\":{\"@type\":\"ImageObject\",\"inLanguage\":\"es\",\"@id\":\"https:\/\/casinomira.com\/es\/#\/schema\/logo\/image\/\",\"url\":\"https:\/\/casinomira.com\/wp-content\/uploads\/2022\/12\/casinomira_logo_Y.svg\",\"contentUrl\":\"https:\/\/casinomira.com\/wp-content\/uploads\/2022\/12\/casinomira_logo_Y.svg\",\"caption\":\"CasinoMIRA.com\"},\"image\":{\"@id\":\"https:\/\/casinomira.com\/es\/#\/schema\/logo\/image\/\"}}]}<\/script>\n<!-- \/ Yoast SEO plugin. -->","yoast_head_json":{"title":"Casinos con mejores pagos com os melhores pagamentos na Argentina: Principais recursos, ofertas mais gratificantes","description":"Todos os principais cassinos de pagamento da Argentina oferecem produtos diferentes e oferecem recompensas diferentes. Os clientes recebem altos pagamentos e realizam transa\u00e7\u00f5es rapidamente.","robots":{"index":"index","follow":"follow","max-snippet":"max-snippet:-1","max-image-preview":"max-image-preview:large","max-video-preview":"max-video-preview:-1"},"canonical":"https:\/\/casinomira.com\/es\/casinos-rating\/best-payout-casinos\/","og_locale":"es_ES","og_type":"article","og_title":"Casinos con mejores pagos com os melhores pagamentos na Argentina: Principais recursos, ofertas mais gratificantes","og_description":"Todos os principais cassinos de pagamento da Argentina oferecem produtos diferentes e oferecem recompensas diferentes. Os clientes recebem altos pagamentos e realizam transa\u00e7\u00f5es rapidamente.","og_url":"https:\/\/casinomira.com\/es\/casinos-rating\/best-payout-casinos\/","og_site_name":"CasinoMIRA.com","article_modified_time":"2024-10-10T14:27:14+00:00","twitter_card":"summary_large_image","twitter_misc":{"Tiempo de lectura":"9 minutos"},"schema":{"@context":"https:\/\/schema.org","@graph":[{"@type":"WebPage","@id":"https:\/\/casinomira.com\/es\/casinos-rating\/best-payout-casinos\/","url":"https:\/\/casinomira.com\/es\/casinos-rating\/best-payout-casinos\/","name":"Casinos con mejores pagos com os melhores pagamentos na Argentina: Principais recursos, ofertas mais gratificantes","isPartOf":{"@id":"https:\/\/casinomira.com\/es\/#website"},"datePublished":"2021-07-30T12:53:24+00:00","dateModified":"2024-10-10T14:27:14+00:00","description":"Todos os principais cassinos de pagamento da Argentina oferecem produtos diferentes e oferecem recompensas diferentes. Os clientes recebem altos pagamentos e realizam transa\u00e7\u00f5es rapidamente.","breadcrumb":{"@id":"https:\/\/casinomira.com\/es\/casinos-rating\/best-payout-casinos\/#breadcrumb"},"inLanguage":"es","potentialAction":[{"@type":"ReadAction","target":["https:\/\/casinomira.com\/es\/casinos-rating\/best-payout-casinos\/"]}]},{"@type":"BreadcrumbList","@id":"https:\/\/casinomira.com\/es\/casinos-rating\/best-payout-casinos\/#breadcrumb","itemListElement":[{"@type":"ListItem","position":1,"name":"Home","item":"https:\/\/casinomira.com\/es\/"},{"@type":"ListItem","position":2,"name":"Clasificaci\u00f3n del Casino","item":"https:\/\/casinomira.com\/es\/casinos-rating\/"},{"@type":"ListItem","position":3,"name":"Casinos con mejores pagos"}]},{"@type":"WebSite","@id":"https:\/\/casinomira.com\/es\/#website","url":"https:\/\/casinomira.com\/es\/","name":"CasinoMIRA.com","description":"Online Casinos Canada \u2013 All About Online Gambling Canada.","publisher":{"@id":"https:\/\/casinomira.com\/es\/#organization"},"alternateName":"CasinoMIRA","potentialAction":[{"@type":"SearchAction","target":{"@type":"EntryPoint","urlTemplate":"https:\/\/casinomira.com\/es\/?s={search_term_string}"},"query-input":"required name=search_term_string"}],"inLanguage":"es"},{"@type":"Organization","@id":"https:\/\/casinomira.com\/es\/#organization","name":"CasinoMIRA.com","url":"https:\/\/casinomira.com\/es\/","logo":{"@type":"ImageObject","inLanguage":"es","@id":"https:\/\/casinomira.com\/es\/#\/schema\/logo\/image\/","url":"https:\/\/casinomira.com\/wp-content\/uploads\/2022\/12\/casinomira_logo_Y.svg","contentUrl":"https:\/\/casinomira.com\/wp-content\/uploads\/2022\/12\/casinomira_logo_Y.svg","caption":"CasinoMIRA.com"},"image":{"@id":"https:\/\/casinomira.com\/es\/#\/schema\/logo\/image\/"}}]}},"_links":{"self":[{"href":"https:\/\/casinomira.com\/es\/wp-json\/wp\/v2\/pages\/8142","targetHints":{"allow":["GET"]}}],"collection":[{"href":"https:\/\/casinomira.com\/es\/wp-json\/wp\/v2\/pages"}],"about":[{"href":"https:\/\/casinomira.com\/es\/wp-json\/wp\/v2\/types\/page"}],"author":[{"embeddable":true,"href":"https:\/\/casinomira.com\/es\/wp-json\/wp\/v2\/users\/1"}],"replies":[{"embeddable":true,"href":"https:\/\/casinomira.com\/es\/wp-json\/wp\/v2\/comments?post=8142"}],"version-history":[{"count":4,"href":"https:\/\/casinomira.com\/es\/wp-json\/wp\/v2\/pages\/8142\/revisions"}],"predecessor-version":[{"id":9058,"href":"https:\/\/casinomira.com\/es\/wp-json\/wp\/v2\/pages\/8142\/revisions\/9058"}],"up":[{"embeddable":true,"href":"https:\/\/casinomira.com\/es\/wp-json\/wp\/v2\/pages\/8058"}],"wp:attachment":[{"href":"https:\/\/casinomira.com\/es\/wp-json\/wp\/v2\/media?parent=8142"}],"curies":[{"name":"wp","href":"https:\/\/api.w.org\/{rel}","templated":true}]}}