{"id":8428,"date":"2021-07-08T16:52:31","date_gmt":"2021-07-08T13:52:31","guid":{"rendered":"http:\/\/casinomira.updated\/news\/"},"modified":"2024-10-10T17:44:15","modified_gmt":"2024-10-10T14:44:15","slug":"news","status":"publish","type":"page","link":"https:\/\/casinomira.com\/es\/news\/","title":{"rendered":"Noticias"},"content":{"rendered":"<p>Bienvenido al fascinante universo de las noticias sobre casinos, su puerta de entrada a las \u00faltimas novedades, tendencias y acontecimientos en el siempre din\u00e1mico mundo de la industria del juego. En esta exploraci\u00f3n exhaustiva, nos embarcamos en una inmersi\u00f3n profunda en el significado multifac\u00e9tico de las noticias sobre casinos, revelando c\u00f3mo sirven como faro de conocimiento para los entusiastas, jugadores y conocedores de la industria, manteni\u00e9ndolos al tanto de la evoluci\u00f3n de la industria.<\/p>\n<h2><strong>La fuerza din\u00e1mica de las noticias sobre casinos<\/strong><\/h2>\n<p>Las noticias sobre casinos ejercen un poder incomparable, actuando como un gigante de la informaci\u00f3n que gu\u00eda tanto a los jugadores experimentados como a los novatos curiosos. Desde desentra\u00f1ar tecnolog\u00edas innovadoras hasta destacar cambios regulatorios, compartir historias de \u00e9xito de jugadores y m\u00e1s sobre la industria del juego, este recurso din\u00e1mico mantiene el coraz\u00f3n del mundo del juego latiendo.<\/p>\n<h3><strong>Experimentar emociones novedosas: presentaci\u00f3n de lanzamientos de juegos<\/strong><\/h3>\n<p>La emoci\u00f3n que rodea a los nuevos lanzamientos de juegos refleja la alegr\u00eda de abrir un regalo largamente esperado. Las noticias de casinos destacan estos lanzamientos y presentan a los jugadores conceptos de tragamonedas innovadores, im\u00e1genes envolventes y mec\u00e1nicas revolucionarias. Ya sea que se embarque en una antigua b\u00fasqueda mitol\u00f3gica o se sumerja en un reino ciberpunk futurista, los nuevos juegos evocan una ola de anticipaci\u00f3n entre los jugadores.<\/p>\n<h3><strong>Maravillas tecnol\u00f3gicas: innovaciones y avances<\/strong><\/h3>\n<p>La tecnolog\u00eda es la piedra angular de la transformaci\u00f3n de los casinos. Las noticias de casinos cierran la brecha entre los jugadores y las maravillas tecnol\u00f3gicas, mostrando todo, desde la integraci\u00f3n perfecta de la realidad virtual hasta el potencial revolucionario de la cadena de bloques. Profundice en historias que iluminan c\u00f3mo la tecnolog\u00eda eleva el juego, refuerza la seguridad y amplifica la experiencia general del jugador.<\/p>\n<h2><strong>Adaptaci\u00f3n al cambio: informaci\u00f3n sobre los desarrollos regulatorios<\/strong><\/h2>\n<p>El intrincado panorama de las regulaciones del juego se vuelve navegable con las noticias de casinos como su br\u00fajula. Mant\u00e9ngase informado sobre los cambios en la legislaci\u00f3n, los procedimientos de licencias y los mandatos de cumplimiento. Las noticias de casinos brindan conocimiento a los jugadores, lo que garantiza que cada movimiento sea informado, responsable y dentro de los l\u00edmites de las pr\u00e1cticas de juego legales.<\/p>\n<h3><strong>Espa\u00f1olDefendiendo victorias: grandes premios y botes<\/strong><\/h3>\n<p>Todos los juegos de azar est\u00e1n impulsados \u200b\u200bpor el sue\u00f1o de ganar el bote. Las noticias de casinos se deleitan con los \u00e9xitos de los jugadores que transforman sus sue\u00f1os en realidad con victorias monumentales y botes que cambian la vida. Estas historias de triunfo no solo nos inspiran, sino que tambi\u00e9n nos recuerdan el potencial estimulante inherente a las actividades de juego.<\/p>\n<h3><strong>Guardianes de la \u00e9tica: Promoviendo el juego responsable<\/strong><\/h3>\n<p>A medida que la industria florece, tambi\u00e9n lo hace el compromiso con el juego responsable. Las plataformas de noticias de casinos promueven iniciativas centradas en el juego responsable, arrojando luz sobre herramientas como mecanismos de autoexclusi\u00f3n, redes de apoyo y recursos educativos. Al compartir estas historias, las noticias de casinos fomentan una cultura de pr\u00e1cticas de juego seguras y agradables.<\/p>\n<h3><strong>El gran escenario: presentaci\u00f3n de eventos y c\u00f3nclaves de la industria<\/strong><\/h3>\n<p>La industria del juego es un escenario en constante evoluci\u00f3n donde la innovaci\u00f3n toma la delantera. Las noticias de casinos lo invitan a estar detr\u00e1s de escena de prestigiosos eventos y conferencias de la industria. Sum\u00e9rjase en debates sobre tendencias emergentes, tecnolog\u00edas innovadoras y esfuerzos colaborativos que dan forma a la trayectoria futura del juego.<\/p>\n<h2><strong>Ep\u00edlogo: La saga contin\u00faa<\/strong><\/h2>\n<p>En la cautivadora narrativa de las noticias sobre casinos, cada titular es un nuevo cap\u00edtulo y cada actualizaci\u00f3n agrega una capa a la aventura. Ya seas un jugador en busca de los \u00faltimos lanzamientos de juegos, un aficionado a la tecnolog\u00eda, un defensor del cumplimiento normativo o un defensor del juego responsable, las noticias sobre casinos ofrecen una vista panor\u00e1mica del din\u00e1mico y siempre cambiante mundo de los juegos de azar. \u00a1Permanece atento a la pr\u00f3xima y emocionante entrega de la saga de noticias sobre casinos!<\/p>\n","protected":false},"excerpt":{"rendered":"<p>Bienvenido al fascinante universo de las noticias sobre casinos, su puerta de entrada a las \u00faltimas novedades, tendencias y acontecimientos en el siempre din\u00e1mico mundo de la industria del juego. En esta exploraci\u00f3n exhaustiva, nos embarcamos en una inmersi\u00f3n profunda en el significado multifac\u00e9tico de las noticias sobre casinos, revelando c\u00f3mo sirven como faro de [&hellip;]<\/p>\n","protected":false},"author":1,"featured_media":0,"parent":0,"menu_order":0,"comment_status":"closed","ping_status":"closed","template":"","meta":{"footnotes":""},"class_list":["post-8428","page","type-page","status-publish","hentry"],"acf":[],"yoast_head":"<!-- This site is optimized with the Yoast SEO plugin v21.9 - https:\/\/yoast.com\/wordpress\/plugins\/seo\/ -->\n<title>\u00daltimas Noticias: Mantente al D\u00eda con las Novedades m\u00e1s Relevantes<\/title>\n<meta name=\"description\" content=\"Explora las \u00faltimas noticias y novedades en una variedad de temas. Mantente informado con las noticias m\u00e1s recientes sobre tecnolog\u00eda, salud, entretenimiento y mucho m\u00e1s. Actualizaciones diarias para estar al tanto de lo que est\u00e1 sucediendo en el mundo\" \/>\n<meta name=\"robots\" content=\"index, follow, max-snippet:-1, max-image-preview:large, max-video-preview:-1\" \/>\n<link rel=\"canonical\" href=\"https:\/\/casinomira.com\/es\/news\/\" \/>\n<meta property=\"og:locale\" content=\"es_ES\" \/>\n<meta property=\"og:type\" content=\"article\" \/>\n<meta property=\"og:title\" content=\"\u00daltimas Noticias: Mantente al D\u00eda con las Novedades m\u00e1s Relevantes\" \/>\n<meta property=\"og:description\" content=\"Explora las \u00faltimas noticias y novedades en una variedad de temas. Mantente informado con las noticias m\u00e1s recientes sobre tecnolog\u00eda, salud, entretenimiento y mucho m\u00e1s. Actualizaciones diarias para estar al tanto de lo que est\u00e1 sucediendo en el mundo\" \/>\n<meta property=\"og:url\" content=\"https:\/\/casinomira.com\/es\/news\/\" \/>\n<meta property=\"og:site_name\" content=\"CasinoMIRA.com\" \/>\n<meta property=\"article:modified_time\" content=\"2024-10-10T14:44:15+00:00\" \/>\n<meta name=\"twitter:card\" content=\"summary_large_image\" \/>\n<meta name=\"twitter:label1\" content=\"Tiempo de lectura\" \/>\n\t<meta name=\"twitter:data1\" content=\"4 minutos\" \/>\n<script type=\"application\/ld+json\" class=\"yoast-schema-graph\">{\"@context\":\"https:\/\/schema.org\",\"@graph\":[{\"@type\":\"WebPage\",\"@id\":\"https:\/\/casinomira.com\/es\/news\/\",\"url\":\"https:\/\/casinomira.com\/es\/news\/\",\"name\":\"\u00daltimas Noticias: Mantente al D\u00eda con las Novedades m\u00e1s Relevantes\",\"isPartOf\":{\"@id\":\"https:\/\/casinomira.com\/es\/#website\"},\"datePublished\":\"2021-07-08T13:52:31+00:00\",\"dateModified\":\"2024-10-10T14:44:15+00:00\",\"description\":\"Explora las \u00faltimas noticias y novedades en una variedad de temas. Mantente informado con las noticias m\u00e1s recientes sobre tecnolog\u00eda, salud, entretenimiento y mucho m\u00e1s. Actualizaciones diarias para estar al tanto de lo que est\u00e1 sucediendo en el mundo\",\"breadcrumb\":{\"@id\":\"https:\/\/casinomira.com\/es\/news\/#breadcrumb\"},\"inLanguage\":\"es\",\"potentialAction\":[{\"@type\":\"ReadAction\",\"target\":[\"https:\/\/casinomira.com\/es\/news\/\"]}]},{\"@type\":\"BreadcrumbList\",\"@id\":\"https:\/\/casinomira.com\/es\/news\/#breadcrumb\",\"itemListElement\":[{\"@type\":\"ListItem\",\"position\":1,\"name\":\"Home\",\"item\":\"https:\/\/casinomira.com\/es\/\"},{\"@type\":\"ListItem\",\"position\":2,\"name\":\"Noticias\"}]},{\"@type\":\"WebSite\",\"@id\":\"https:\/\/casinomira.com\/es\/#website\",\"url\":\"https:\/\/casinomira.com\/es\/\",\"name\":\"CasinoMIRA.com\",\"description\":\"Online Casinos Canada \u2013 All About Online Gambling Canada.\",\"publisher\":{\"@id\":\"https:\/\/casinomira.com\/es\/#organization\"},\"alternateName\":\"CasinoMIRA\",\"potentialAction\":[{\"@type\":\"SearchAction\",\"target\":{\"@type\":\"EntryPoint\",\"urlTemplate\":\"https:\/\/casinomira.com\/es\/?s={search_term_string}\"},\"query-input\":\"required name=search_term_string\"}],\"inLanguage\":\"es\"},{\"@type\":\"Organization\",\"@id\":\"https:\/\/casinomira.com\/es\/#organization\",\"name\":\"CasinoMIRA.com\",\"url\":\"https:\/\/casinomira.com\/es\/\",\"logo\":{\"@type\":\"ImageObject\",\"inLanguage\":\"es\",\"@id\":\"https:\/\/casinomira.com\/es\/#\/schema\/logo\/image\/\",\"url\":\"https:\/\/casinomira.com\/wp-content\/uploads\/2022\/12\/casinomira_logo_Y.svg\",\"contentUrl\":\"https:\/\/casinomira.com\/wp-content\/uploads\/2022\/12\/casinomira_logo_Y.svg\",\"caption\":\"CasinoMIRA.com\"},\"image\":{\"@id\":\"https:\/\/casinomira.com\/es\/#\/schema\/logo\/image\/\"}}]}<\/script>\n<!-- \/ Yoast SEO plugin. -->","yoast_head_json":{"title":"\u00daltimas Noticias: Mantente al D\u00eda con las Novedades m\u00e1s Relevantes","description":"Explora las \u00faltimas noticias y novedades en una variedad de temas. Mantente informado con las noticias m\u00e1s recientes sobre tecnolog\u00eda, salud, entretenimiento y mucho m\u00e1s. Actualizaciones diarias para estar al tanto de lo que est\u00e1 sucediendo en el mundo","robots":{"index":"index","follow":"follow","max-snippet":"max-snippet:-1","max-image-preview":"max-image-preview:large","max-video-preview":"max-video-preview:-1"},"canonical":"https:\/\/casinomira.com\/es\/news\/","og_locale":"es_ES","og_type":"article","og_title":"\u00daltimas Noticias: Mantente al D\u00eda con las Novedades m\u00e1s Relevantes","og_description":"Explora las \u00faltimas noticias y novedades en una variedad de temas. Mantente informado con las noticias m\u00e1s recientes sobre tecnolog\u00eda, salud, entretenimiento y mucho m\u00e1s. Actualizaciones diarias para estar al tanto de lo que est\u00e1 sucediendo en el mundo","og_url":"https:\/\/casinomira.com\/es\/news\/","og_site_name":"CasinoMIRA.com","article_modified_time":"2024-10-10T14:44:15+00:00","twitter_card":"summary_large_image","twitter_misc":{"Tiempo de lectura":"4 minutos"},"schema":{"@context":"https:\/\/schema.org","@graph":[{"@type":"WebPage","@id":"https:\/\/casinomira.com\/es\/news\/","url":"https:\/\/casinomira.com\/es\/news\/","name":"\u00daltimas Noticias: Mantente al D\u00eda con las Novedades m\u00e1s Relevantes","isPartOf":{"@id":"https:\/\/casinomira.com\/es\/#website"},"datePublished":"2021-07-08T13:52:31+00:00","dateModified":"2024-10-10T14:44:15+00:00","description":"Explora las \u00faltimas noticias y novedades en una variedad de temas. Mantente informado con las noticias m\u00e1s recientes sobre tecnolog\u00eda, salud, entretenimiento y mucho m\u00e1s. Actualizaciones diarias para estar al tanto de lo que est\u00e1 sucediendo en el mundo","breadcrumb":{"@id":"https:\/\/casinomira.com\/es\/news\/#breadcrumb"},"inLanguage":"es","potentialAction":[{"@type":"ReadAction","target":["https:\/\/casinomira.com\/es\/news\/"]}]},{"@type":"BreadcrumbList","@id":"https:\/\/casinomira.com\/es\/news\/#breadcrumb","itemListElement":[{"@type":"ListItem","position":1,"name":"Home","item":"https:\/\/casinomira.com\/es\/"},{"@type":"ListItem","position":2,"name":"Noticias"}]},{"@type":"WebSite","@id":"https:\/\/casinomira.com\/es\/#website","url":"https:\/\/casinomira.com\/es\/","name":"CasinoMIRA.com","description":"Online Casinos Canada \u2013 All About Online Gambling Canada.","publisher":{"@id":"https:\/\/casinomira.com\/es\/#organization"},"alternateName":"CasinoMIRA","potentialAction":[{"@type":"SearchAction","target":{"@type":"EntryPoint","urlTemplate":"https:\/\/casinomira.com\/es\/?s={search_term_string}"},"query-input":"required name=search_term_string"}],"inLanguage":"es"},{"@type":"Organization","@id":"https:\/\/casinomira.com\/es\/#organization","name":"CasinoMIRA.com","url":"https:\/\/casinomira.com\/es\/","logo":{"@type":"ImageObject","inLanguage":"es","@id":"https:\/\/casinomira.com\/es\/#\/schema\/logo\/image\/","url":"https:\/\/casinomira.com\/wp-content\/uploads\/2022\/12\/casinomira_logo_Y.svg","contentUrl":"https:\/\/casinomira.com\/wp-content\/uploads\/2022\/12\/casinomira_logo_Y.svg","caption":"CasinoMIRA.com"},"image":{"@id":"https:\/\/casinomira.com\/es\/#\/schema\/logo\/image\/"}}]}},"_links":{"self":[{"href":"https:\/\/casinomira.com\/es\/wp-json\/wp\/v2\/pages\/8428","targetHints":{"allow":["GET"]}}],"collection":[{"href":"https:\/\/casinomira.com\/es\/wp-json\/wp\/v2\/pages"}],"about":[{"href":"https:\/\/casinomira.com\/es\/wp-json\/wp\/v2\/types\/page"}],"author":[{"embeddable":true,"href":"https:\/\/casinomira.com\/es\/wp-json\/wp\/v2\/users\/1"}],"replies":[{"embeddable":true,"href":"https:\/\/casinomira.com\/es\/wp-json\/wp\/v2\/comments?post=8428"}],"version-history":[{"count":3,"href":"https:\/\/casinomira.com\/es\/wp-json\/wp\/v2\/pages\/8428\/revisions"}],"predecessor-version":[{"id":23802,"href":"https:\/\/casinomira.com\/es\/wp-json\/wp\/v2\/pages\/8428\/revisions\/23802"}],"wp:attachment":[{"href":"https:\/\/casinomira.com\/es\/wp-json\/wp\/v2\/media?parent=8428"}],"curies":[{"name":"wp","href":"https:\/\/api.w.org\/{rel}","templated":true}]}}