{"id":3692,"date":"2020-11-06T08:45:53","date_gmt":"2020-11-06T05:45:53","guid":{"rendered":"http:\/\/casinomira.updated\/online-casinos-canada\/"},"modified":"2025-07-22T12:52:35","modified_gmt":"2025-07-22T09:52:35","slug":"online-casinos-canada","status":"publish","type":"page","link":"https:\/\/casinomira.com\/fr\/","title":{"rendered":"Page d&rsquo;accueil"},"content":{"rendered":"","protected":false},"excerpt":{"rendered":"","protected":false},"author":1,"featured_media":0,"parent":0,"menu_order":0,"comment_status":"closed","ping_status":"open","template":"template-home.php","meta":{"footnotes":""},"class_list":["post-3692","page","type-page","status-publish","hentry"],"acf":[],"yoast_head":"<!-- This site is optimized with the Yoast SEO plugin v21.9 - https:\/\/yoast.com\/wordpress\/plugins\/seo\/ -->\n<title>Online Casinos Canada - Tout sur les jeux d&#039;argent en ligne au Canada.<\/title>\n<meta name=\"description\" content=\"Vous voulez trouver le meilleur casino en ligne pour jouer avec de l&#039;argent r\u00e9el au Canada ? Nous vous aiderons \u00e0 choisir la bonne plateforme, et vous fournirons les actualit\u00e9s des casinos en ligne, les casinos gratuits en ligne, les meilleurs bonus de casino et bien d&#039;autres informations utiles.\" \/>\n<meta name=\"robots\" content=\"index, follow, max-snippet:-1, max-image-preview:large, max-video-preview:-1\" \/>\n<link rel=\"canonical\" href=\"https:\/\/casinomira.com\/fr\/\" \/>\n<meta property=\"og:locale\" content=\"fr_FR\" \/>\n<meta property=\"og:type\" content=\"article\" \/>\n<meta property=\"og:title\" content=\"Online Casinos Canada - Tout sur les jeux d&#039;argent en ligne au Canada.\" \/>\n<meta property=\"og:description\" content=\"Vous voulez trouver le meilleur casino en ligne pour jouer avec de l&#039;argent r\u00e9el au Canada ? Nous vous aiderons \u00e0 choisir la bonne plateforme, et vous fournirons les actualit\u00e9s des casinos en ligne, les casinos gratuits en ligne, les meilleurs bonus de casino et bien d&#039;autres informations utiles.\" \/>\n<meta property=\"og:url\" content=\"https:\/\/casinomira.com\/fr\/\" \/>\n<meta property=\"og:site_name\" content=\"CasinoMIRA.com\" \/>\n<meta property=\"article:modified_time\" content=\"2025-07-22T09:52:35+00:00\" \/>\n<meta name=\"twitter:card\" content=\"summary_large_image\" \/>\n<script type=\"application\/ld+json\" class=\"yoast-schema-graph\">{\"@context\":\"https:\/\/schema.org\",\"@graph\":[{\"@type\":\"WebPage\",\"@id\":\"https:\/\/casinomira.com\/fr\/\",\"url\":\"https:\/\/casinomira.com\/fr\/\",\"name\":\"Online Casinos Canada - Tout sur les jeux d'argent en ligne au Canada.\",\"isPartOf\":{\"@id\":\"https:\/\/casinomira.com\/fr\/#website\"},\"datePublished\":\"2020-11-06T05:45:53+00:00\",\"dateModified\":\"2025-07-22T09:52:35+00:00\",\"description\":\"Vous voulez trouver le meilleur casino en ligne pour jouer avec de l'argent r\u00e9el au Canada ? Nous vous aiderons \u00e0 choisir la bonne plateforme, et vous fournirons les actualit\u00e9s des casinos en ligne, les casinos gratuits en ligne, les meilleurs bonus de casino et bien d'autres informations utiles.\",\"breadcrumb\":{\"@id\":\"https:\/\/casinomira.com\/fr\/#breadcrumb\"},\"inLanguage\":\"fr-FR\",\"potentialAction\":[{\"@type\":\"ReadAction\",\"target\":[\"https:\/\/casinomira.com\/fr\/\"]}]},{\"@type\":\"BreadcrumbList\",\"@id\":\"https:\/\/casinomira.com\/fr\/#breadcrumb\",\"itemListElement\":[{\"@type\":\"ListItem\",\"position\":1,\"name\":\"Home\",\"item\":\"https:\/\/casinomira.com\/fr\/\"},{\"@type\":\"ListItem\",\"position\":2,\"name\":\"Page d&rsquo;accueil\"}]},{\"@type\":\"WebSite\",\"@id\":\"https:\/\/casinomira.com\/fr\/#website\",\"url\":\"https:\/\/casinomira.com\/fr\/\",\"name\":\"CasinoMIRA.com\",\"description\":\"Online Casinos Canada \u2013 All About Online Gambling Canada.\",\"publisher\":{\"@id\":\"https:\/\/casinomira.com\/fr\/#organization\"},\"alternateName\":\"CasinoMIRA\",\"potentialAction\":[{\"@type\":\"SearchAction\",\"target\":{\"@type\":\"EntryPoint\",\"urlTemplate\":\"https:\/\/casinomira.com\/fr\/?s={search_term_string}\"},\"query-input\":\"required name=search_term_string\"}],\"inLanguage\":\"fr-FR\"},{\"@type\":\"Organization\",\"@id\":\"https:\/\/casinomira.com\/fr\/#organization\",\"name\":\"CasinoMIRA.com\",\"url\":\"https:\/\/casinomira.com\/fr\/\",\"logo\":{\"@type\":\"ImageObject\",\"inLanguage\":\"fr-FR\",\"@id\":\"https:\/\/casinomira.com\/fr\/#\/schema\/logo\/image\/\",\"url\":\"https:\/\/casinomira.com\/wp-content\/uploads\/2022\/12\/casinomira_logo_Y.svg\",\"contentUrl\":\"https:\/\/casinomira.com\/wp-content\/uploads\/2022\/12\/casinomira_logo_Y.svg\",\"caption\":\"CasinoMIRA.com\"},\"image\":{\"@id\":\"https:\/\/casinomira.com\/fr\/#\/schema\/logo\/image\/\"}}]}<\/script>\n<!-- \/ Yoast SEO plugin. -->","yoast_head_json":{"title":"Online Casinos Canada - Tout sur les jeux d'argent en ligne au Canada.","description":"Vous voulez trouver le meilleur casino en ligne pour jouer avec de l'argent r\u00e9el au Canada ? Nous vous aiderons \u00e0 choisir la bonne plateforme, et vous fournirons les actualit\u00e9s des casinos en ligne, les casinos gratuits en ligne, les meilleurs bonus de casino et bien d'autres informations utiles.","robots":{"index":"index","follow":"follow","max-snippet":"max-snippet:-1","max-image-preview":"max-image-preview:large","max-video-preview":"max-video-preview:-1"},"canonical":"https:\/\/casinomira.com\/fr\/","og_locale":"fr_FR","og_type":"article","og_title":"Online Casinos Canada - Tout sur les jeux d'argent en ligne au Canada.","og_description":"Vous voulez trouver le meilleur casino en ligne pour jouer avec de l'argent r\u00e9el au Canada ? Nous vous aiderons \u00e0 choisir la bonne plateforme, et vous fournirons les actualit\u00e9s des casinos en ligne, les casinos gratuits en ligne, les meilleurs bonus de casino et bien d'autres informations utiles.","og_url":"https:\/\/casinomira.com\/fr\/","og_site_name":"CasinoMIRA.com","article_modified_time":"2025-07-22T09:52:35+00:00","twitter_card":"summary_large_image","schema":{"@context":"https:\/\/schema.org","@graph":[{"@type":"WebPage","@id":"https:\/\/casinomira.com\/fr\/","url":"https:\/\/casinomira.com\/fr\/","name":"Online Casinos Canada - Tout sur les jeux d'argent en ligne au Canada.","isPartOf":{"@id":"https:\/\/casinomira.com\/fr\/#website"},"datePublished":"2020-11-06T05:45:53+00:00","dateModified":"2025-07-22T09:52:35+00:00","description":"Vous voulez trouver le meilleur casino en ligne pour jouer avec de l'argent r\u00e9el au Canada ? Nous vous aiderons \u00e0 choisir la bonne plateforme, et vous fournirons les actualit\u00e9s des casinos en ligne, les casinos gratuits en ligne, les meilleurs bonus de casino et bien d'autres informations utiles.","breadcrumb":{"@id":"https:\/\/casinomira.com\/fr\/#breadcrumb"},"inLanguage":"fr-FR","potentialAction":[{"@type":"ReadAction","target":["https:\/\/casinomira.com\/fr\/"]}]},{"@type":"BreadcrumbList","@id":"https:\/\/casinomira.com\/fr\/#breadcrumb","itemListElement":[{"@type":"ListItem","position":1,"name":"Home","item":"https:\/\/casinomira.com\/fr\/"},{"@type":"ListItem","position":2,"name":"Page d&rsquo;accueil"}]},{"@type":"WebSite","@id":"https:\/\/casinomira.com\/fr\/#website","url":"https:\/\/casinomira.com\/fr\/","name":"CasinoMIRA.com","description":"Online Casinos Canada \u2013 All About Online Gambling Canada.","publisher":{"@id":"https:\/\/casinomira.com\/fr\/#organization"},"alternateName":"CasinoMIRA","potentialAction":[{"@type":"SearchAction","target":{"@type":"EntryPoint","urlTemplate":"https:\/\/casinomira.com\/fr\/?s={search_term_string}"},"query-input":"required name=search_term_string"}],"inLanguage":"fr-FR"},{"@type":"Organization","@id":"https:\/\/casinomira.com\/fr\/#organization","name":"CasinoMIRA.com","url":"https:\/\/casinomira.com\/fr\/","logo":{"@type":"ImageObject","inLanguage":"fr-FR","@id":"https:\/\/casinomira.com\/fr\/#\/schema\/logo\/image\/","url":"https:\/\/casinomira.com\/wp-content\/uploads\/2022\/12\/casinomira_logo_Y.svg","contentUrl":"https:\/\/casinomira.com\/wp-content\/uploads\/2022\/12\/casinomira_logo_Y.svg","caption":"CasinoMIRA.com"},"image":{"@id":"https:\/\/casinomira.com\/fr\/#\/schema\/logo\/image\/"}}]}},"_links":{"self":[{"href":"https:\/\/casinomira.com\/fr\/wp-json\/wp\/v2\/pages\/3692","targetHints":{"allow":["GET"]}}],"collection":[{"href":"https:\/\/casinomira.com\/fr\/wp-json\/wp\/v2\/pages"}],"about":[{"href":"https:\/\/casinomira.com\/fr\/wp-json\/wp\/v2\/types\/page"}],"author":[{"embeddable":true,"href":"https:\/\/casinomira.com\/fr\/wp-json\/wp\/v2\/users\/1"}],"replies":[{"embeddable":true,"href":"https:\/\/casinomira.com\/fr\/wp-json\/wp\/v2\/comments?post=3692"}],"version-history":[{"count":8,"href":"https:\/\/casinomira.com\/fr\/wp-json\/wp\/v2\/pages\/3692\/revisions"}],"predecessor-version":[{"id":8055,"href":"https:\/\/casinomira.com\/fr\/wp-json\/wp\/v2\/pages\/3692\/revisions\/8055"}],"wp:attachment":[{"href":"https:\/\/casinomira.com\/fr\/wp-json\/wp\/v2\/media?parent=3692"}],"curies":[{"name":"wp","href":"https:\/\/api.w.org\/{rel}","templated":true}]}}