{"id":8056,"date":"2021-07-30T15:21:21","date_gmt":"2021-07-30T12:21:21","guid":{"rendered":"http:\/\/casinomira.updated\/casinos-rating\/"},"modified":"2024-10-10T17:25:07","modified_gmt":"2024-10-10T14:25:07","slug":"casinos-rating","status":"publish","type":"page","link":"https:\/\/casinomira.com\/fr\/casinos-rating\/","title":{"rendered":"Notation du casino"},"content":{"rendered":"<p>Quand vous avez une pl\u00e9thore d&rsquo;options disponibles, chacune promettant une exp\u00e9rience unique, les joueurs cherchent souvent des indices pour jouer dans ce vaste paysage num\u00e9rique. C&rsquo;est l\u00e0 que nos classements de casinos viennent \u00e0 la rescousse, <strong>en tant que phares de fiabilit\u00e9 et guident les joueurs vers les meilleurs \u00e9tablissements de jeux d&rsquo;argent<\/strong>. Dans ce guide approfondi, nous explorerons les rouages des classements de casinos, examinerons les crit\u00e8res selon lesquels<a href=\"\/\"> les casinos sont \u00e9valu\u00e9s<\/a>, identifierons les meilleures destinations de jeux en ligne et discuterons de l&rsquo;impact des classements sur le processus <strong>de prise de d\u00e9cision des joueurs<\/strong>. Pr\u00e9parez-vous pour un voyage passionnant \u00e0 travers le monde <a href=\"https:\/\/casinomira.com\/fr\/casinos-rating\/\">des classements de casinos<\/a> !<\/p>\n<h2><strong>Compr\u00e9hension des Classements de Casinos :<\/strong><\/h2>\n<p><strong>Les classements de casinos servent de boussole pour les joueurs novices et exp\u00e9riment\u00e9s<\/strong>, les dirigeant vers des plateformes de jeux d&rsquo;argent r\u00e9put\u00e9es et gratifiantes. Ces classements sont m\u00e9ticuleusement \u00e9labor\u00e9s en utilisant une s\u00e9rie de crit\u00e8res complets qui \u00e9valuent diff\u00e9rents aspects de la performance d&rsquo;un casino. <strong>Des facteurs cl\u00e9s tels que la s\u00e9lection de jeux<\/strong>, l&rsquo;exp\u00e9rience utilisateur, les <a href=\"https:\/\/casinomira.com\/fr\/casino-bonuses\/\">bonus et promotins<\/a>, les m\u00e9thodes de paiement, le service client, les mesures de s\u00e9curit\u00e9 et la r\u00e9putation globale sont soigneusement examin\u00e9s. <strong>Munis de ces informations pr\u00e9cieuses<\/strong>, les joueurs peuvent prendre des d\u00e9cisions \u00e9clair\u00e9es et choisir en toute confiance les casinos qui correspondent \u00e0 leurs pr\u00e9f\u00e9rences et attentes en mati\u00e8re de jeux.<\/p>\n<h3><strong>Les Crit\u00e8res Employ\u00e9s dans les Classements de Casinos\u00a0<\/strong><\/h3>\n<p><strong> S\u00e9lection de Machines \u00e0 Sous et de Jeux<\/strong> : Les meilleurs casinos en ligne peuvent proposer une vaste et vari\u00e9e collection de jeux, <strong>des machines \u00e0 sous classiques aux options<\/strong> innovantes de croupier en direct. En s&rsquo;associant \u00e0 des fournisseurs de jeux de premier plan, ils offrent la meilleure exp\u00e9rience de jeu possible. Les joueurs peuvent se plonger <strong>dans des machines<\/strong> \u00e0 sous \u00e0 th\u00e8me, profiter de jeux de table comme le <strong>blackjack et la roulette<\/strong>, et participer \u00e0 des s\u00e9ances palpitantes de casino en direct.<\/p>\n<p><strong>Exp\u00e9rience Utilisateur<\/strong> : Une exp\u00e9rience utilisateur de premier ordre est essentielle, et les casinos les mieux not\u00e9s veillent \u00e0 une interface fluide et conviviale. Gr\u00e2ce \u00e0 la compatibilit\u00e9 mobile, les joueurs peuvent profiter d&rsquo;un voyage de jeu sans heurts sur diff\u00e9rents appareils. Une navigation intuitive, un design attrayant et des temps de chargement rapides contribuent \u00e0 une excellente exp\u00e9rience utilisateur, permettant aux joueurs de se concentrer uniquement sur le frisson des jeux.<\/p>\n<p><strong>Bonus et Promotions<\/strong> : La g\u00e9n\u00e9rosit\u00e9 des casinos les mieux not\u00e9s n&rsquo;a pas de limites. Les joueurs peuvent s&rsquo;attendre \u00e0 des<a href=\"\/?page_id=8146\"> bonus de bienvenue all\u00e9chants<\/a>, des promotions r\u00e9guli\u00e8res et des r\u00e9compenses de fid\u00e9lit\u00e9 qui enrichissent leur aventure de jeu. Une politique de bonus \u00e9quitable et transparente est cruciale pour la r\u00e9putation d&rsquo;un casino, garantissant que les joueurs re\u00e7oivent ce qui leur est promis sans conditions cach\u00e9es.<\/p>\n<p><strong>M\u00e9thodes <a href=\"https:\/\/casinomira.com\/fr\/casinos-rating\/best-payout-casinos\/\">de Paiement\u00a0Les casinos<\/a><\/strong> dignes de confiance proposent une large gamme d&rsquo;options de paiement s\u00e9curis\u00e9es et pratiques pour des d\u00e9p\u00f4ts et des retraits sans probl\u00e8me. <strong>Les paiements rapides et efficaces sont tr\u00e8s appr\u00e9ci\u00e9s des joueurs<\/strong>, et les casinos les mieux not\u00e9s font le maximum pour satisfaire diff\u00e9rentes pr\u00e9f\u00e9rences en mati\u00e8re de paiement.<\/p>\n<p><strong>Assistance Client\u00e8le<\/strong> : Les joueurs m\u00e9ritent une assistance de premier ordre chaque fois que n\u00e9cessaire. Les meilleurs casinos accordent la priorit\u00e9 \u00e0 un service client r\u00e9actif et comp\u00e9tent, r\u00e9pondant \u00e0 chaque demande avec efficacit\u00e9 et courtoisie. Un support par chat en direct, par email et par t\u00e9l\u00e9phone devrait \u00eatre disponible <strong>24h\/24 et 7j\/7<\/strong>, offrant aux joueurs une tranquillit\u00e9 d&rsquo;esprit.<\/p>\n<p><strong>S\u00e9curit\u00e9 et Licence<\/strong> : Les casinos r\u00e9put\u00e9s d\u00e9tiennent des licences valides et <strong>utilisent une technologie de cryptage de pointe<\/strong> pour prot\u00e9ger les informations personnelles et les transactions financi\u00e8res des joueurs, cr\u00e9ant ainsi un environnement de jeu s\u00fbr et s\u00e9curis\u00e9. Des politiques de confidentialit\u00e9 transparentes inspirent la confiance, rassurant les joueurs que leurs donn\u00e9es sont prot\u00e9g\u00e9es.<\/p>\n<h3><strong>\u00c9quit\u00e9 et G\u00e9n\u00e9rateur de Nombres Al\u00e9atoires<\/strong><\/h3>\n<p>Les casinos les mieux not\u00e9s sont soumis \u00e0 des audits r\u00e9guliers pour garantir l&rsquo;\u00e9quit\u00e9, et ils <strong>utilisent des G\u00e9n\u00e9rateurs de Nombres Al\u00e9atoires (RNG)<\/strong> pour assurer que les r\u00e9sultats des jeux sont totalement impartiaux. Les certifications d&rsquo;organismes de test ind\u00e9pendants confirment l&rsquo;\u00e9quit\u00e9 des jeux, renfor\u00e7ant l&rsquo;engagement du casino \u00e0 offrir un terrain de jeu \u00e9quitable pour tous les joueurs.<\/p>\n<h3><strong>Les Meilleurs Casinos Not\u00e9s\u00a0<\/strong><\/h3>\n<p><a href=\"https:\/\/casinomira.com\/fr\/casino\/pelican-casino\/\"><strong> Pelican Casino<\/strong> <\/a>: \u00c9tablissant la norme d&rsquo;excellence en mati\u00e8re <strong>de jeux mobiles, Pelican Casino propose aux joueurs une vaste s\u00e9lection de jeux<\/strong>, ainsi que des options bancaires s\u00e9curis\u00e9es et un flux continu de promotions excitantes. L&rsquo;engagement du casino envers l&rsquo;\u00e9quit\u00e9 et la satisfaction des joueurs est vraiment louable, en faisant un choix de pr\u00e9dilection parmi les joueurs mobiles.<\/p>\n<p><strong>Vegaz Casino<\/strong> : Incarnant l&rsquo;excellence en mati\u00e8re de <strong>jeux mobiles, Vegaz Casino laisse une impression durable avec son design \u00e9pur\u00e9<\/strong>, une grande vari\u00e9t\u00e9 d&rsquo;options de jeu et un service client prim\u00e9. Pla\u00e7ant le jeu responsable au c\u0153ur de sa mission, Vegaz Casino donne la priorit\u00e9 au bien-\u00eatre des joueurs avant tout.<\/p>\n<p><strong>888Starz.bet Casino<\/strong> : V\u00e9ritable pionnier de <strong>l&rsquo;industrie, 888Starz.bet Casino s&rsquo;est forg\u00e9 une r\u00e9putation impeccable au fil des ans<\/strong>. En vantant une vaste s\u00e9lection de jeux, des bonus tentants et un programme de fid\u00e9lit\u00e9 VIP, il reste une destination privil\u00e9gi\u00e9e des joueurs du monde entier, restant fid\u00e8le \u00e0 son engagement envers l&rsquo;excellence dans tous les aspects.<\/p>\n<p><a href=\"https:\/\/casinomira.com\/fr\/casino\/bonanzagame-casino\/\"><strong>Bonanza Casino<\/strong><\/a> : Une bouff\u00e9e d&rsquo;air frais dans le monde <strong>des casinos en ligne, Bananza Casino se d\u00e9marque par son approche transparente, offrant des bonus sans exigences de mise<\/strong>. Cette caract\u00e9ristique distincte le distingue de la concurrence et r\u00e9pond aux joueurs recherchant des exp\u00e9riences de jeu justes et transparentes.<\/p>\n<p><a href=\"https:\/\/casinomira.com\/fr\/casino\/good-day-4-play-casino\/\"><strong>GDF Casino<\/strong><\/a> : \u00c9mergeant comme un nom de premier plan dans <strong>l&rsquo;industrie, GDF Casino ravit les joueurs avec une vaste s\u00e9lection de jeux<\/strong>, des options de paiement s\u00e9curis\u00e9es et un service client exceptionnel. L&rsquo;ajout des paris sportifs ajoute une couche suppl\u00e9mentaire d&rsquo;excitation, en faisant une destination de jeu compl\u00e8te et palpitante pour tous.<\/p>\n<h2><strong>Conclusion\u00a0<\/strong><\/h2>\n<p>Dans le monde en constante \u00e9volution des <strong>jeux d&rsquo;argent en ligne, les classements de casinos servent de guides inestimables, conduisant<\/strong> les joueurs vers des exp\u00e9riences de jeu exceptionnelles. Arm\u00e9s des connaissances acquises dans ce guide, <strong>vous \u00eates maintenant pr\u00eats \u00e0 explorer le paysage du casino<\/strong> virtuel en toute confiance. Que vos aventures de jeu soient remplies d&rsquo;excitation, <strong>de r\u00e9compenses et de moments inoubliables<\/strong>, alors que vous vous lancez dans un voyage palpitant \u00e0 travers les meilleures destinations de jeux d&rsquo;argent disponibles pour les joueurs du monde entier. <strong>Jouez de mani\u00e8re responsable et profitez<\/strong> du passionnant monde des jeux d&rsquo;argent en ligne !<\/p>\n","protected":false},"excerpt":{"rendered":"<p>Quand vous avez une pl\u00e9thore d&rsquo;options disponibles, chacune promettant une exp\u00e9rience unique, les joueurs cherchent souvent des indices pour jouer dans ce vaste paysage num\u00e9rique. C&rsquo;est l\u00e0 que nos classements de casinos viennent \u00e0 la rescousse, en tant que phares de fiabilit\u00e9 et guident les joueurs vers les meilleurs \u00e9tablissements de jeux d&rsquo;argent. Dans ce [&hellip;]<\/p>\n","protected":false},"author":1,"featured_media":0,"parent":0,"menu_order":0,"comment_status":"closed","ping_status":"closed","template":"template-archive-casino1.php","meta":{"footnotes":""},"class_list":["post-8056","page","type-page","status-publish","hentry"],"acf":[],"yoast_head":"<!-- This site is optimized with the Yoast SEO plugin v21.9 - https:\/\/yoast.com\/wordpress\/plugins\/seo\/ -->\n<title>Les Classements de Casinos en Ligne : Un Voyage Passionnant dans le Monde des Jeux d&#039;Argent<\/title>\n<meta name=\"description\" content=\"Plongez dans le monde captivant du jeu en ligne avec notre guide des meilleures destinations de casino ! D\u00e9couvrez comment nous \u00e9valuons les casinos, quels crit\u00e8res nous prenons en compte, et trouvez les plateformes de jeu offrant une large s\u00e9lection de jeux, des promotions attrayantes et des m\u00e9thodes de paiement s\u00e9curis\u00e9es.\" \/>\n<meta name=\"robots\" content=\"index, follow, max-snippet:-1, max-image-preview:large, max-video-preview:-1\" \/>\n<link rel=\"canonical\" href=\"https:\/\/casinomira.com\/fr\/casinos-rating\/\" \/>\n<meta property=\"og:locale\" content=\"fr_FR\" \/>\n<meta property=\"og:type\" content=\"article\" \/>\n<meta property=\"og:title\" content=\"Les Classements de Casinos en Ligne : Un Voyage Passionnant dans le Monde des Jeux d&#039;Argent\" \/>\n<meta property=\"og:description\" content=\"Plongez dans le monde captivant du jeu en ligne avec notre guide des meilleures destinations de casino ! D\u00e9couvrez comment nous \u00e9valuons les casinos, quels crit\u00e8res nous prenons en compte, et trouvez les plateformes de jeu offrant une large s\u00e9lection de jeux, des promotions attrayantes et des m\u00e9thodes de paiement s\u00e9curis\u00e9es.\" \/>\n<meta property=\"og:url\" content=\"https:\/\/casinomira.com\/fr\/casinos-rating\/\" \/>\n<meta property=\"og:site_name\" content=\"CasinoMIRA.com\" \/>\n<meta property=\"article:modified_time\" content=\"2024-10-10T14:25:07+00:00\" \/>\n<meta name=\"twitter:card\" content=\"summary_large_image\" \/>\n<meta name=\"twitter:label1\" content=\"Dur\u00e9e de lecture estim\u00e9e\" \/>\n\t<meta name=\"twitter:data1\" content=\"6 minutes\" \/>\n<script type=\"application\/ld+json\" class=\"yoast-schema-graph\">{\"@context\":\"https:\/\/schema.org\",\"@graph\":[{\"@type\":\"WebPage\",\"@id\":\"https:\/\/casinomira.com\/fr\/casinos-rating\/\",\"url\":\"https:\/\/casinomira.com\/fr\/casinos-rating\/\",\"name\":\"Les Classements de Casinos en Ligne : Un Voyage Passionnant dans le Monde des Jeux d'Argent\",\"isPartOf\":{\"@id\":\"https:\/\/casinomira.com\/fr\/#website\"},\"datePublished\":\"2021-07-30T12:21:21+00:00\",\"dateModified\":\"2024-10-10T14:25:07+00:00\",\"description\":\"Plongez dans le monde captivant du jeu en ligne avec notre guide des meilleures destinations de casino ! D\u00e9couvrez comment nous \u00e9valuons les casinos, quels crit\u00e8res nous prenons en compte, et trouvez les plateformes de jeu offrant une large s\u00e9lection de jeux, des promotions attrayantes et des m\u00e9thodes de paiement s\u00e9curis\u00e9es.\",\"breadcrumb\":{\"@id\":\"https:\/\/casinomira.com\/fr\/casinos-rating\/#breadcrumb\"},\"inLanguage\":\"fr-FR\",\"potentialAction\":[{\"@type\":\"ReadAction\",\"target\":[\"https:\/\/casinomira.com\/fr\/casinos-rating\/\"]}]},{\"@type\":\"BreadcrumbList\",\"@id\":\"https:\/\/casinomira.com\/fr\/casinos-rating\/#breadcrumb\",\"itemListElement\":[{\"@type\":\"ListItem\",\"position\":1,\"name\":\"Home\",\"item\":\"https:\/\/casinomira.com\/fr\/\"},{\"@type\":\"ListItem\",\"position\":2,\"name\":\"Notation du casino\"}]},{\"@type\":\"WebSite\",\"@id\":\"https:\/\/casinomira.com\/fr\/#website\",\"url\":\"https:\/\/casinomira.com\/fr\/\",\"name\":\"CasinoMIRA.com\",\"description\":\"Online Casinos Canada \u2013 All About Online Gambling Canada.\",\"publisher\":{\"@id\":\"https:\/\/casinomira.com\/fr\/#organization\"},\"alternateName\":\"CasinoMIRA\",\"potentialAction\":[{\"@type\":\"SearchAction\",\"target\":{\"@type\":\"EntryPoint\",\"urlTemplate\":\"https:\/\/casinomira.com\/fr\/?s={search_term_string}\"},\"query-input\":\"required name=search_term_string\"}],\"inLanguage\":\"fr-FR\"},{\"@type\":\"Organization\",\"@id\":\"https:\/\/casinomira.com\/fr\/#organization\",\"name\":\"CasinoMIRA.com\",\"url\":\"https:\/\/casinomira.com\/fr\/\",\"logo\":{\"@type\":\"ImageObject\",\"inLanguage\":\"fr-FR\",\"@id\":\"https:\/\/casinomira.com\/fr\/#\/schema\/logo\/image\/\",\"url\":\"https:\/\/casinomira.com\/wp-content\/uploads\/2022\/12\/casinomira_logo_Y.svg\",\"contentUrl\":\"https:\/\/casinomira.com\/wp-content\/uploads\/2022\/12\/casinomira_logo_Y.svg\",\"caption\":\"CasinoMIRA.com\"},\"image\":{\"@id\":\"https:\/\/casinomira.com\/fr\/#\/schema\/logo\/image\/\"}}]}<\/script>\n<!-- \/ Yoast SEO plugin. -->","yoast_head_json":{"title":"Les Classements de Casinos en Ligne : Un Voyage Passionnant dans le Monde des Jeux d'Argent","description":"Plongez dans le monde captivant du jeu en ligne avec notre guide des meilleures destinations de casino ! D\u00e9couvrez comment nous \u00e9valuons les casinos, quels crit\u00e8res nous prenons en compte, et trouvez les plateformes de jeu offrant une large s\u00e9lection de jeux, des promotions attrayantes et des m\u00e9thodes de paiement s\u00e9curis\u00e9es.","robots":{"index":"index","follow":"follow","max-snippet":"max-snippet:-1","max-image-preview":"max-image-preview:large","max-video-preview":"max-video-preview:-1"},"canonical":"https:\/\/casinomira.com\/fr\/casinos-rating\/","og_locale":"fr_FR","og_type":"article","og_title":"Les Classements de Casinos en Ligne : Un Voyage Passionnant dans le Monde des Jeux d'Argent","og_description":"Plongez dans le monde captivant du jeu en ligne avec notre guide des meilleures destinations de casino ! D\u00e9couvrez comment nous \u00e9valuons les casinos, quels crit\u00e8res nous prenons en compte, et trouvez les plateformes de jeu offrant une large s\u00e9lection de jeux, des promotions attrayantes et des m\u00e9thodes de paiement s\u00e9curis\u00e9es.","og_url":"https:\/\/casinomira.com\/fr\/casinos-rating\/","og_site_name":"CasinoMIRA.com","article_modified_time":"2024-10-10T14:25:07+00:00","twitter_card":"summary_large_image","twitter_misc":{"Dur\u00e9e de lecture estim\u00e9e":"6 minutes"},"schema":{"@context":"https:\/\/schema.org","@graph":[{"@type":"WebPage","@id":"https:\/\/casinomira.com\/fr\/casinos-rating\/","url":"https:\/\/casinomira.com\/fr\/casinos-rating\/","name":"Les Classements de Casinos en Ligne : Un Voyage Passionnant dans le Monde des Jeux d'Argent","isPartOf":{"@id":"https:\/\/casinomira.com\/fr\/#website"},"datePublished":"2021-07-30T12:21:21+00:00","dateModified":"2024-10-10T14:25:07+00:00","description":"Plongez dans le monde captivant du jeu en ligne avec notre guide des meilleures destinations de casino ! D\u00e9couvrez comment nous \u00e9valuons les casinos, quels crit\u00e8res nous prenons en compte, et trouvez les plateformes de jeu offrant une large s\u00e9lection de jeux, des promotions attrayantes et des m\u00e9thodes de paiement s\u00e9curis\u00e9es.","breadcrumb":{"@id":"https:\/\/casinomira.com\/fr\/casinos-rating\/#breadcrumb"},"inLanguage":"fr-FR","potentialAction":[{"@type":"ReadAction","target":["https:\/\/casinomira.com\/fr\/casinos-rating\/"]}]},{"@type":"BreadcrumbList","@id":"https:\/\/casinomira.com\/fr\/casinos-rating\/#breadcrumb","itemListElement":[{"@type":"ListItem","position":1,"name":"Home","item":"https:\/\/casinomira.com\/fr\/"},{"@type":"ListItem","position":2,"name":"Notation du casino"}]},{"@type":"WebSite","@id":"https:\/\/casinomira.com\/fr\/#website","url":"https:\/\/casinomira.com\/fr\/","name":"CasinoMIRA.com","description":"Online Casinos Canada \u2013 All About Online Gambling Canada.","publisher":{"@id":"https:\/\/casinomira.com\/fr\/#organization"},"alternateName":"CasinoMIRA","potentialAction":[{"@type":"SearchAction","target":{"@type":"EntryPoint","urlTemplate":"https:\/\/casinomira.com\/fr\/?s={search_term_string}"},"query-input":"required name=search_term_string"}],"inLanguage":"fr-FR"},{"@type":"Organization","@id":"https:\/\/casinomira.com\/fr\/#organization","name":"CasinoMIRA.com","url":"https:\/\/casinomira.com\/fr\/","logo":{"@type":"ImageObject","inLanguage":"fr-FR","@id":"https:\/\/casinomira.com\/fr\/#\/schema\/logo\/image\/","url":"https:\/\/casinomira.com\/wp-content\/uploads\/2022\/12\/casinomira_logo_Y.svg","contentUrl":"https:\/\/casinomira.com\/wp-content\/uploads\/2022\/12\/casinomira_logo_Y.svg","caption":"CasinoMIRA.com"},"image":{"@id":"https:\/\/casinomira.com\/fr\/#\/schema\/logo\/image\/"}}]}},"_links":{"self":[{"href":"https:\/\/casinomira.com\/fr\/wp-json\/wp\/v2\/pages\/8056","targetHints":{"allow":["GET"]}}],"collection":[{"href":"https:\/\/casinomira.com\/fr\/wp-json\/wp\/v2\/pages"}],"about":[{"href":"https:\/\/casinomira.com\/fr\/wp-json\/wp\/v2\/types\/page"}],"author":[{"embeddable":true,"href":"https:\/\/casinomira.com\/fr\/wp-json\/wp\/v2\/users\/1"}],"replies":[{"embeddable":true,"href":"https:\/\/casinomira.com\/fr\/wp-json\/wp\/v2\/comments?post=8056"}],"version-history":[{"count":5,"href":"https:\/\/casinomira.com\/fr\/wp-json\/wp\/v2\/pages\/8056\/revisions"}],"predecessor-version":[{"id":9067,"href":"https:\/\/casinomira.com\/fr\/wp-json\/wp\/v2\/pages\/8056\/revisions\/9067"}],"wp:attachment":[{"href":"https:\/\/casinomira.com\/fr\/wp-json\/wp\/v2\/media?parent=8056"}],"curies":[{"name":"wp","href":"https:\/\/api.w.org\/{rel}","templated":true}]}}