{"id":8093,"date":"2021-07-30T15:31:21","date_gmt":"2021-07-30T12:31:21","guid":{"rendered":"http:\/\/casinomira.updated\/casinos-rating\/new-casinos\/"},"modified":"2024-10-10T17:34:47","modified_gmt":"2024-10-10T14:34:47","slug":"new-casinos","status":"publish","type":"page","link":"https:\/\/casinomira.com\/fr\/casinos-rating\/new-casinos\/","title":{"rendered":"Nouveaux casinos en ligne"},"content":{"rendered":"<p>Les nouvelles critiques de casinos en ligne permettent aux amateurs de jeux d&rsquo;argent de trouver le meilleur nouveau casino en ligne au Canada qui tient compte des erreurs de leurs concurrents plus anciens et propose des offres plus attractives \u00e0 ses utilisateurs. L&rsquo;administration a la possibilit\u00e9 d&rsquo;analyser le march\u00e9 et de cr\u00e9er un programme de bonus compl\u00e8tement nouveau qui plaira \u00e0 la majorit\u00e9 des utilisateurs. Les plus r\u00e9cents casinos en ligne au Canada proposent davantage de bonus d&rsquo;inscription sans d\u00e9p\u00f4t. Ils r\u00e9compensent souvent les joueurs r\u00e9guliers avec des cadeaux en argent, des tours gratuits et d&rsquo;autres promotions.<\/p>\n<h2><strong>Comment choisir un nouveau casino en ligne ?<\/strong><\/h2>\n<p>Un \u00e9tablissement virtuel de haute qualit\u00e9 doit \u00eatre d\u00e9cent et honn\u00eate. Les param\u00e8tres d&rsquo;honn\u00eatet\u00e9 et de d\u00e9cence d&rsquo;un casino en ligne au Canada ne peuvent \u00eatre mesur\u00e9s que par le biais de l&rsquo;interaction de jeu avec celui-ci. Il est important pour tout amateur de casino en ligne, en particulier ceux qui essaient les jeux en ligne pour la premi\u00e8re fois, de savoir si les nouveaux casinos m\u00e9ritent la confiance. Les \u00e9tablissements virtuels permettent de jouer n&rsquo;importe o\u00f9 et \u00e0 tout moment sur diff\u00e9rents types d&rsquo;appareils. Vous pouvez participer \u00e0 des tournois et \u00e0 des promotions, rivaliser avec d&rsquo;autres utilisateurs, gagner des prix et vous amuser simplement. Cependant, avant de vous inscrire dans un nouveau casino au Canada , il est important de pr\u00eater attention \u00e0 quelques crit\u00e8res de base.<\/p>\n<h3><strong>Principaux crit\u00e8res pour \u00e9valuer la note d&rsquo;un nouveau casino en ligne<\/strong><\/h3>\n<p>En tant que ressource s\u00e9rieuse, nous nous engageons \u00e0 ce que nos critiques soient de haute qualit\u00e9, fiables et fournissent les meilleures donn\u00e9es possibles aux joueurs. Examinons les crit\u00e8res que nous prenons en compte lors de l&rsquo;\u00e9tablissement de la note des casinos en ligne ou lors de la r\u00e9daction et de la v\u00e9rification de la qualit\u00e9 des casinos.<\/p>\n<h2><strong>Note globale<\/strong><\/h2>\n<p>Nous effectuons toujours des recherches sur les casinos avant de les r\u00e9pertorier sur notre site. Nous voulons qu&rsquo;ils r\u00e9pondent \u00e0 plusieurs crit\u00e8res, car nous souhaitons offrir un service utile \u00e0 nos lecteurs. Nous recevons des informations sur les casinos existants ou nous apprenons le lancement \u00e0 venir de nouveaux \u00e9tablissements en ligne, puis nous les \u00e9tudions attentivement, en pr\u00eatant attention \u00e0 leur conformit\u00e9 \u00e0 nos crit\u00e8res pour un bon casino.<\/p>\n<h2><strong>Jeux et logiciels<\/strong><\/h2>\n<p>Les casinos en ligne en argent r\u00e9el doivent travailler avec des fournisseurs de logiciels de confiance tels que Microgaming, Playtech, NetEnt, Novomatic ou d&rsquo;autres grandes entreprises. Nous d\u00e9terminons \u00e9galement si ces casinos proposent des jeux instantan\u00e9s, des jeux sur mobile et des t\u00e9l\u00e9chargements. Il est important de noter que les jeux ne doivent pas rencontrer de probl\u00e8mes techniques ou d&rsquo;erreurs, et ils doivent \u00eatre disponibles sur tous les appareils \u00e0 mesure qu&rsquo;ils se mettent \u00e0 jour.<\/p>\n<h2><strong>Bonus et promotions<\/strong><\/h2>\n<p>Les nouveaux casinos en ligne sont plus favorables aux offres de bonus. Au d\u00e9but de leur parcours, chaque \u00e9tablissement souhaite attirer plus d&rsquo;utilisateurs et propose donc des cadeaux g\u00e9n\u00e9reux. De nombreux passionn\u00e9s de jeux d&rsquo;argent ont commenc\u00e9 leur parcours en recevant des cadeaux \u00e0 l&rsquo;inscription.<\/p>\n<p>Caract\u00e9ristiques du pack de bienvenue. Si les nouveaux venus re\u00e7oivent des bonus de d\u00e9p\u00f4t, des tours gratuits et des offres sans d\u00e9p\u00f4t, le club se classera certainement dans le top 3. Cela signifie qu&rsquo;un joueur peut commencer \u00e0 jouer avec un avantage et m\u00eame gagner. Promotions hebdomadaires. Les tours gratuits le week-end, un bonus de d\u00e9p\u00f4t r\u00e9gulier et des loteries renforcent la position du site. C&rsquo;est gr\u00e2ce aux bonus que la plupart des jackpots sont remport\u00e9s. \u00c9l\u00e9ments du programme de fid\u00e9lit\u00e9. Les casinos en ligne proposent g\u00e9n\u00e9ralement jusqu&rsquo;\u00e0 7 niveaux de fid\u00e9lit\u00e9. Une augmentation du classement augmente le remboursement en argent et aide \u00e0 \u00e9changer les points de fid\u00e9lit\u00e9 contre de l&rsquo;argent r\u00e9el \u00e0 un taux avantageux. Les conditions de mise sont analys\u00e9es s\u00e9par\u00e9ment. Un club qui propose de miser le bonus x70 ou plus est peu susceptible d&rsquo;\u00eatre class\u00e9, sans parler du top 10. Dans de telles conditions, le client de l&rsquo;\u00e9tablissement a pratiquement aucune chance de r\u00e9aliser un profit financier.<\/p>\n<h2><strong>Service client<\/strong><\/h2>\n<p>Les retours des joueurs sont tr\u00e8s importants pour le casino en ligne. Des questions et des situations litigieuses se produisent r\u00e9guli\u00e8rement dans les casinos en ligne qui comptent des milliers de clients. M\u00eame si les r\u00e9gulateurs autorisaient l&rsquo;utilisation de bots automatis\u00e9s dans les chats, cela ne suffirait pas \u00e0 sauver la situation. Dans l&rsquo;un des 10 meilleurs clubs en ligne certifi\u00e9s sur Internet, la discussion en ligne est g\u00e9r\u00e9e par une \u00e9quipe distincte de collaborateurs. Cela aide dans les aspects suivants :<\/p>\n<p>Retrait rapide des fonds. Gr\u00e2ce au chat interne, vous pouvez clarifier le statut de la transaction et comprendre pourquoi l&rsquo;administration ne transf\u00e8re pas l&rsquo;argent dans le d\u00e9lai sp\u00e9cifi\u00e9. Des situations de force majeure se produisent m\u00eame dans les \u00e9tablissements de renom. Obtention d&rsquo;informations sur les bonus. Les promotions sont g\u00e9n\u00e9ralement complexes et comprennent de nombreuses conditions cach\u00e9es. Le chat de support a \u00e9t\u00e9 cr\u00e9\u00e9 pour donner des conseils aux d\u00e9butants et leur expliquer les r\u00e8gles des fonctions de prix individuelles. Activation de codes promotionnels individuels. Les meilleurs casinos en ligne r\u00e9compensent les utilisateurs pour leur activit\u00e9. Les joueurs re\u00e7oivent des tours gratuits, et ils sont activ\u00e9s pr\u00e9cis\u00e9ment gr\u00e2ce \u00e0 la communication avec un employ\u00e9 du casino.<\/p>\n<h2><strong>D\u00e9lai de retrait<\/strong><\/h2>\n<p>Si vous \u00eates au Canada , vous pouvez effectuer des d\u00e9p\u00f4ts et des retraits d&rsquo;argent en toute s\u00e9curit\u00e9 sur les casinos en ligne du Canada en utilisant diff\u00e9rentes options de paiement, y compris les m\u00e9thodes les plus populaires telles que les cartes de cr\u00e9dit comme VISA et Mastercard, ainsi que les portefeuilles \u00e9lectroniques comme PayPal, EcoPayz et iDebit. Le meilleur casino en ligne au Canada prend en charge plusieurs syst\u00e8mes de paiement afin que les joueurs puissent choisir l&rsquo;option la plus pratique pour eux. Le syst\u00e8me de paiement que vous choisissez est un facteur d\u00e9terminant de la rapidit\u00e9 avec laquelle vous pouvez retirer des fonds d&rsquo;un casino en ligne. Alors que les retraits via portefeuilles \u00e9lectroniques sont instantan\u00e9s, les retraits par carte de cr\u00e9dit et les virements bancaires peuvent prendre plusieurs jours. Cependant, la rapidit\u00e9 de votre retrait d\u00e9pend \u00e9galement du tempsde traitement du casino.<\/p>\n<p>Les meilleurs casinos en ligne canadiens traiteront tous les paiements en 24 heures ou moins, tandis que d&rsquo;autres peuvent prendre plus de temps, surtout les week-ends.<\/p>\n<p>Pour acc\u00e9l\u00e9rer le processus de retrait, nous vous recommandons \u00e9galement de passer par la v\u00e9rification en fournissant certains documents. Enregistrez une copie num\u00e9ris\u00e9e de votre passeport, de votre pi\u00e8ce d&rsquo;identit\u00e9 et de votre carte de cr\u00e9dit afin de pouvoir les envoyer au casino sur demande. Les casinos peuvent \u00e9galement exiger une v\u00e9rification des documents, notamment en cas de demande de retrait importante, afin de pr\u00e9venir la fraude. Pour \u00e9viter un long processus de v\u00e9rification, assurez-vous que la carte de cr\u00e9dit ou autre option de paiement que vous choisissez pour retirer de l&rsquo;argent est la m\u00eame carte ou le m\u00eame portefeuille \u00e9lectronique avec lequel vous avez effectu\u00e9 le d\u00e9p\u00f4t.<\/p>\n<h2><strong>Conseils pour jouer dans les nouveaux casinos en ligne<\/strong><\/h2>\n<p>Les salles de jeux de casino en ligne sont r\u00e9guli\u00e8rement mises \u00e0 jour avec de nouveaux produits de grands fournisseurs. Les nouveaux clubs collaborent avec des d\u00e9veloppeurs mondialement connus et proposent aux utilisateurs uniquement des logiciels certifi\u00e9s et fiables. Les invit\u00e9s ont acc\u00e8s \u00e0 des machines \u00e0 sous qui imitent le fonctionnement des bandits manchots terrestres, des machines \u00e0 sous utilisant des graphismes en 3D et des technologies modernes. Tous les sites modernes sont con\u00e7us pour \u00eatre optimis\u00e9s sur n&rsquo;importe quel appareil. Apr\u00e8s s&rsquo;\u00eatre inscrit sur le site du nouveau casino, les invit\u00e9s peuvent utiliser un smartphone ou une tablette pour passer leur temps libre en utilisant n&rsquo;importe quel syst\u00e8me d&rsquo;exploitation. L&rsquo;\u00e9tablissement s&rsquo;adapte automatiquement \u00e0 n&rsquo;importe quelle taille d&rsquo;\u00e9cran, offrant des graphismes color\u00e9s, des effets sonores et des d\u00e9tails symboliques. Tous les syst\u00e8mes de paiement et bonus propos\u00e9s par l&rsquo;\u00e9tablissement virtuel sont disponibles pour les clients utilisant un smartphone ou une tablette. Pour la commodit\u00e9 des visiteurs et la possibilit\u00e9 de lancer rapidement une plateforme en ligne, le club d\u00e9veloppe souvent une application t\u00e9l\u00e9chargeable sur votre appareil.<\/p>\n<h3><strong>Trouver un nouveau casino en ligne fiable<\/strong><\/h3>\n<p>Cette t\u00e2che n&rsquo;est pas facile, car vous pouvez facilement tomber sur des escrocs. C&rsquo;est pourquoi la premi\u00e8re chose \u00e0 faire est de rechercher les casinos r\u00e9cemment autoris\u00e9s qui exercent leurs activit\u00e9s sous le contr\u00f4le des r\u00e9gulateurs. Il est important de pr\u00e9ciser que la licence de l&rsquo;\u00e9tablissement et l&rsquo;autorisation en vertu de laquelle l&rsquo;entreprise op\u00e8re doivent \u00eatre valides et d\u00e9livr\u00e9es par une v\u00e9ritable soci\u00e9t\u00e9.<\/p>\n<h3><strong>Lisez les termes et conditions<\/strong><\/h3>\n<p>Le premier et le plus important signe d&rsquo;un casino en ligne de qualit\u00e9 est la pr\u00e9sence d&rsquo;une licence ou d&rsquo;un document d\u00e9livr\u00e9 par les autorit\u00e9s de r\u00e9gulation. Important ! Pour v\u00e9rifier la validit\u00e9 d&rsquo;une licence, vous devez vous rendre sur le portail du casino et, en bas de la page principale, vous assurer qu&rsquo;il existe un lien vers les documents de jeu autoris\u00e9s. De plus, la pr\u00e9sence d&rsquo;une licence d\u00e9livr\u00e9e par un r\u00e9gulateur fiable confirme la qualit\u00e9 du casino en ligne. Pour le v\u00e9rifier, il doit y avoir une ic\u00f4ne interactive ou un logo de l&rsquo;organisme agr\u00e9\u00e9 sur la page officielle du site de jeux d&rsquo;argent. L&rsquo;algorithme ult\u00e9rieur pour v\u00e9rifier la qualit\u00e9 d&rsquo;un \u00e9tablissement de jeu d&rsquo;argent r\u00e9el comprend les \u00e9tapes suivantes :<\/p>\n<p>\u00e9tudier tr\u00e8s attentivement l&rsquo;accord client. Si quelque chose n&rsquo;est pas clair dans l&rsquo;accord, vous devez contacter le service d&rsquo;assistance pour clarifier cette question. De cette fa\u00e7on, vous pouvez v\u00e9rifier la disponibilit\u00e9 de ce service. Si le service d&rsquo;assistance ne peut pas r\u00e9pondre \u00e0 la demande pendant une longue p\u00e9riode, cela constitue un argument pour douter de l&rsquo;int\u00e9grit\u00e9 du casino en ligne canadien ; vous devez vous assurer que le site r\u00e9pond aux exigences de l&rsquo;utilisateur, tant en termes de capacit\u00e9s de jeu que de disponibilit\u00e9 de syst\u00e8mes de paiement fiables et s\u00e9curis\u00e9s v\u00e9rifi\u00e9s par l&rsquo;utilisateur ; vous devez v\u00e9rifier la disponibilit\u00e9 des programmes de bonus, des promotions, des loteries et d&rsquo;autres moyens qui t\u00e9moignent de la loyaut\u00e9 de l&rsquo;\u00e9tablissement envers les joueurs. Choisissez un bonus appropri\u00e9 et v\u00e9rifiez ses conditions<\/p>\n<p>Les conditions de bonus sont d\u00e9termin\u00e9es par les r\u00e8gles de chaque casino en ligne au Canada. Il n&rsquo;y a pas de dispositions et d&rsquo;exigences communes \u00e0 tous les casinos en ligne de l&rsquo;industrie du jeu. Par cons\u00e9quent, \u00e9tudiez attentivement les accords d&rsquo;utilisation, m\u00eame dans les \u00e9tablissements d&rsquo;un m\u00eame r\u00e9seau. Ils peuvent varier consid\u00e9rablement.<\/p>\n<h2><strong>Jouez de mani\u00e8re responsable<\/strong><\/h2>\n<p>Personne n&rsquo;est \u00e0 l&rsquo;abri de la d\u00e9pendance aux jeux de hasard, qu&rsquo;il s&rsquo;agisse d&rsquo;un joueur exp\u00e9riment\u00e9 ou d&rsquo;un d\u00e9butant. Pour \u00e9viter que votre famille ne souffre de probl\u00e8mes graves, vous devez utiliser des moyens de \u00ab\u00a0pr\u00e9vention\u00a0\u00bb sous la forme de :<\/p>\n<p>planifier chaque visite dans un casino en ligne en \u00e9tablissant des r\u00e8gles claires, tant en termes de temps que de finances ; ne jamais d\u00e9passer les restrictions r\u00e9glementaires ; utiliser des syst\u00e8mes de limitation fournis par les ressources de jeu, ainsi que participer \u00e0 des programmes d&rsquo;auto-exclusion. Avantages et inconv\u00e9nients des nouveaux casinos en ligne<\/p>\n<p>Les jeux d&rsquo;argent en ligne se d\u00e9veloppent \u00e0 un rythme effr\u00e9n\u00e9. Les machines \u00e0 sous sont tr\u00e8s populaires sur le Web. Les anciens portails cessent de fonctionner, tandis que de nouveaux sites de jeux d&rsquo;argent commencent \u00e0 gagner en popularit\u00e9. Et personne ne peut dire avec certitude quels \u00e9tablissements sont meilleurs &#8211; ceux qui ont d\u00e9j\u00e0 d\u00e9velopp\u00e9 leur base de clients, leur image et n&rsquo;accordent pas une grande importance aux invit\u00e9s, ou ceux qui viennent d&rsquo;ouvrir et qui commencent tout juste \u00e0 rivaliser pour les clients.<\/p>\n<h2><strong>Avantages des nouveaux casinos en ligne<\/strong><\/h2>\n<p>Pourquoi vaut-il la peine de jouer dans des casinos en ligne qui sont apparus relativement r\u00e9cemment ? Comme d&rsquo;autres \u00e9tablissements en ligne, les nouveaux casinos en ligne pr\u00e9sentent plusieurs avantages :<\/p>\n<p>Les nouveaux venus se voient offrir des r\u00e9compenses plus g\u00e9n\u00e9reuses, et les joueurs actifs re\u00e7oivent des bonus suppl\u00e9mentaires. Les collections de jeux dans les nouveaux clubs en ligne sont constamment enrichies de nouveaux produits. Les nouveaux \u00e9tablissements utilisent des algorithmes de cryptage modernes pour<\/p>\n","protected":false},"excerpt":{"rendered":"<p>Les nouvelles critiques de casinos en ligne permettent aux amateurs de jeux d&rsquo;argent de trouver le meilleur nouveau casino en ligne au Canada qui tient compte des erreurs de leurs concurrents plus anciens et propose des offres plus attractives \u00e0 ses utilisateurs. L&rsquo;administration a la possibilit\u00e9 d&rsquo;analyser le march\u00e9 et de cr\u00e9er un programme de [&hellip;]<\/p>\n","protected":false},"author":1,"featured_media":0,"parent":8056,"menu_order":0,"comment_status":"closed","ping_status":"closed","template":"template-archive-casino2.php","meta":{"footnotes":""},"class_list":["post-8093","page","type-page","status-publish","hentry"],"acf":[],"yoast_head":"<!-- This site is optimized with the Yoast SEO plugin v21.9 - https:\/\/yoast.com\/wordpress\/plugins\/seo\/ -->\n<title>Nouveaux casinos en ligne - Comment trouver un excellent casino en ligne au Canada avec de nouveaux bonus de casino en ligne<\/title>\n<meta name=\"description\" content=\"Vous \u00eates \u00e0 la recherche de nouvelles revues de casinos en ligne pour obtenir les informations les plus pertinentes sur les nouvelles sorties, l&#039;\u00e9valuation des casinos en ligne, les nouveaux bonus de casinos en ligne et bien plus encore. Nous vous aiderons \u00e0 rendre votre exp\u00e9rience de jeu divertissante et int\u00e9ressante.\" \/>\n<meta name=\"robots\" content=\"index, follow, max-snippet:-1, max-image-preview:large, max-video-preview:-1\" \/>\n<link rel=\"canonical\" href=\"https:\/\/casinomira.com\/fr\/casinos-rating\/new-casinos\/\" \/>\n<meta property=\"og:locale\" content=\"fr_FR\" \/>\n<meta property=\"og:type\" content=\"article\" \/>\n<meta property=\"og:title\" content=\"Nouveaux casinos en ligne - Comment trouver un excellent casino en ligne au Canada avec de nouveaux bonus de casino en ligne\" \/>\n<meta property=\"og:description\" content=\"Vous \u00eates \u00e0 la recherche de nouvelles revues de casinos en ligne pour obtenir les informations les plus pertinentes sur les nouvelles sorties, l&#039;\u00e9valuation des casinos en ligne, les nouveaux bonus de casinos en ligne et bien plus encore. Nous vous aiderons \u00e0 rendre votre exp\u00e9rience de jeu divertissante et int\u00e9ressante.\" \/>\n<meta property=\"og:url\" content=\"https:\/\/casinomira.com\/fr\/casinos-rating\/new-casinos\/\" \/>\n<meta property=\"og:site_name\" content=\"CasinoMIRA.com\" \/>\n<meta property=\"article:modified_time\" content=\"2024-10-10T14:34:47+00:00\" \/>\n<meta name=\"twitter:card\" content=\"summary_large_image\" \/>\n<meta name=\"twitter:label1\" content=\"Dur\u00e9e de lecture estim\u00e9e\" \/>\n\t<meta name=\"twitter:data1\" content=\"9 minutes\" \/>\n<script type=\"application\/ld+json\" class=\"yoast-schema-graph\">{\"@context\":\"https:\/\/schema.org\",\"@graph\":[{\"@type\":\"WebPage\",\"@id\":\"https:\/\/casinomira.com\/fr\/casinos-rating\/new-casinos\/\",\"url\":\"https:\/\/casinomira.com\/fr\/casinos-rating\/new-casinos\/\",\"name\":\"Nouveaux casinos en ligne - Comment trouver un excellent casino en ligne au Canada avec de nouveaux bonus de casino en ligne\",\"isPartOf\":{\"@id\":\"https:\/\/casinomira.com\/fr\/#website\"},\"datePublished\":\"2021-07-30T12:31:21+00:00\",\"dateModified\":\"2024-10-10T14:34:47+00:00\",\"description\":\"Vous \u00eates \u00e0 la recherche de nouvelles revues de casinos en ligne pour obtenir les informations les plus pertinentes sur les nouvelles sorties, l'\u00e9valuation des casinos en ligne, les nouveaux bonus de casinos en ligne et bien plus encore. Nous vous aiderons \u00e0 rendre votre exp\u00e9rience de jeu divertissante et int\u00e9ressante.\",\"breadcrumb\":{\"@id\":\"https:\/\/casinomira.com\/fr\/casinos-rating\/new-casinos\/#breadcrumb\"},\"inLanguage\":\"fr-FR\",\"potentialAction\":[{\"@type\":\"ReadAction\",\"target\":[\"https:\/\/casinomira.com\/fr\/casinos-rating\/new-casinos\/\"]}]},{\"@type\":\"BreadcrumbList\",\"@id\":\"https:\/\/casinomira.com\/fr\/casinos-rating\/new-casinos\/#breadcrumb\",\"itemListElement\":[{\"@type\":\"ListItem\",\"position\":1,\"name\":\"Home\",\"item\":\"https:\/\/casinomira.com\/fr\/\"},{\"@type\":\"ListItem\",\"position\":2,\"name\":\"Notation du casino\",\"item\":\"https:\/\/casinomira.com\/fr\/casinos-rating\/\"},{\"@type\":\"ListItem\",\"position\":3,\"name\":\"Nouveaux casinos en ligne\"}]},{\"@type\":\"WebSite\",\"@id\":\"https:\/\/casinomira.com\/fr\/#website\",\"url\":\"https:\/\/casinomira.com\/fr\/\",\"name\":\"CasinoMIRA.com\",\"description\":\"Online Casinos Canada \u2013 All About Online Gambling Canada.\",\"publisher\":{\"@id\":\"https:\/\/casinomira.com\/fr\/#organization\"},\"alternateName\":\"CasinoMIRA\",\"potentialAction\":[{\"@type\":\"SearchAction\",\"target\":{\"@type\":\"EntryPoint\",\"urlTemplate\":\"https:\/\/casinomira.com\/fr\/?s={search_term_string}\"},\"query-input\":\"required name=search_term_string\"}],\"inLanguage\":\"fr-FR\"},{\"@type\":\"Organization\",\"@id\":\"https:\/\/casinomira.com\/fr\/#organization\",\"name\":\"CasinoMIRA.com\",\"url\":\"https:\/\/casinomira.com\/fr\/\",\"logo\":{\"@type\":\"ImageObject\",\"inLanguage\":\"fr-FR\",\"@id\":\"https:\/\/casinomira.com\/fr\/#\/schema\/logo\/image\/\",\"url\":\"https:\/\/casinomira.com\/wp-content\/uploads\/2022\/12\/casinomira_logo_Y.svg\",\"contentUrl\":\"https:\/\/casinomira.com\/wp-content\/uploads\/2022\/12\/casinomira_logo_Y.svg\",\"caption\":\"CasinoMIRA.com\"},\"image\":{\"@id\":\"https:\/\/casinomira.com\/fr\/#\/schema\/logo\/image\/\"}}]}<\/script>\n<!-- \/ Yoast SEO plugin. -->","yoast_head_json":{"title":"Nouveaux casinos en ligne - Comment trouver un excellent casino en ligne au Canada avec de nouveaux bonus de casino en ligne","description":"Vous \u00eates \u00e0 la recherche de nouvelles revues de casinos en ligne pour obtenir les informations les plus pertinentes sur les nouvelles sorties, l'\u00e9valuation des casinos en ligne, les nouveaux bonus de casinos en ligne et bien plus encore. Nous vous aiderons \u00e0 rendre votre exp\u00e9rience de jeu divertissante et int\u00e9ressante.","robots":{"index":"index","follow":"follow","max-snippet":"max-snippet:-1","max-image-preview":"max-image-preview:large","max-video-preview":"max-video-preview:-1"},"canonical":"https:\/\/casinomira.com\/fr\/casinos-rating\/new-casinos\/","og_locale":"fr_FR","og_type":"article","og_title":"Nouveaux casinos en ligne - Comment trouver un excellent casino en ligne au Canada avec de nouveaux bonus de casino en ligne","og_description":"Vous \u00eates \u00e0 la recherche de nouvelles revues de casinos en ligne pour obtenir les informations les plus pertinentes sur les nouvelles sorties, l'\u00e9valuation des casinos en ligne, les nouveaux bonus de casinos en ligne et bien plus encore. Nous vous aiderons \u00e0 rendre votre exp\u00e9rience de jeu divertissante et int\u00e9ressante.","og_url":"https:\/\/casinomira.com\/fr\/casinos-rating\/new-casinos\/","og_site_name":"CasinoMIRA.com","article_modified_time":"2024-10-10T14:34:47+00:00","twitter_card":"summary_large_image","twitter_misc":{"Dur\u00e9e de lecture estim\u00e9e":"9 minutes"},"schema":{"@context":"https:\/\/schema.org","@graph":[{"@type":"WebPage","@id":"https:\/\/casinomira.com\/fr\/casinos-rating\/new-casinos\/","url":"https:\/\/casinomira.com\/fr\/casinos-rating\/new-casinos\/","name":"Nouveaux casinos en ligne - Comment trouver un excellent casino en ligne au Canada avec de nouveaux bonus de casino en ligne","isPartOf":{"@id":"https:\/\/casinomira.com\/fr\/#website"},"datePublished":"2021-07-30T12:31:21+00:00","dateModified":"2024-10-10T14:34:47+00:00","description":"Vous \u00eates \u00e0 la recherche de nouvelles revues de casinos en ligne pour obtenir les informations les plus pertinentes sur les nouvelles sorties, l'\u00e9valuation des casinos en ligne, les nouveaux bonus de casinos en ligne et bien plus encore. Nous vous aiderons \u00e0 rendre votre exp\u00e9rience de jeu divertissante et int\u00e9ressante.","breadcrumb":{"@id":"https:\/\/casinomira.com\/fr\/casinos-rating\/new-casinos\/#breadcrumb"},"inLanguage":"fr-FR","potentialAction":[{"@type":"ReadAction","target":["https:\/\/casinomira.com\/fr\/casinos-rating\/new-casinos\/"]}]},{"@type":"BreadcrumbList","@id":"https:\/\/casinomira.com\/fr\/casinos-rating\/new-casinos\/#breadcrumb","itemListElement":[{"@type":"ListItem","position":1,"name":"Home","item":"https:\/\/casinomira.com\/fr\/"},{"@type":"ListItem","position":2,"name":"Notation du casino","item":"https:\/\/casinomira.com\/fr\/casinos-rating\/"},{"@type":"ListItem","position":3,"name":"Nouveaux casinos en ligne"}]},{"@type":"WebSite","@id":"https:\/\/casinomira.com\/fr\/#website","url":"https:\/\/casinomira.com\/fr\/","name":"CasinoMIRA.com","description":"Online Casinos Canada \u2013 All About Online Gambling Canada.","publisher":{"@id":"https:\/\/casinomira.com\/fr\/#organization"},"alternateName":"CasinoMIRA","potentialAction":[{"@type":"SearchAction","target":{"@type":"EntryPoint","urlTemplate":"https:\/\/casinomira.com\/fr\/?s={search_term_string}"},"query-input":"required name=search_term_string"}],"inLanguage":"fr-FR"},{"@type":"Organization","@id":"https:\/\/casinomira.com\/fr\/#organization","name":"CasinoMIRA.com","url":"https:\/\/casinomira.com\/fr\/","logo":{"@type":"ImageObject","inLanguage":"fr-FR","@id":"https:\/\/casinomira.com\/fr\/#\/schema\/logo\/image\/","url":"https:\/\/casinomira.com\/wp-content\/uploads\/2022\/12\/casinomira_logo_Y.svg","contentUrl":"https:\/\/casinomira.com\/wp-content\/uploads\/2022\/12\/casinomira_logo_Y.svg","caption":"CasinoMIRA.com"},"image":{"@id":"https:\/\/casinomira.com\/fr\/#\/schema\/logo\/image\/"}}]}},"_links":{"self":[{"href":"https:\/\/casinomira.com\/fr\/wp-json\/wp\/v2\/pages\/8093","targetHints":{"allow":["GET"]}}],"collection":[{"href":"https:\/\/casinomira.com\/fr\/wp-json\/wp\/v2\/pages"}],"about":[{"href":"https:\/\/casinomira.com\/fr\/wp-json\/wp\/v2\/types\/page"}],"author":[{"embeddable":true,"href":"https:\/\/casinomira.com\/fr\/wp-json\/wp\/v2\/users\/1"}],"replies":[{"embeddable":true,"href":"https:\/\/casinomira.com\/fr\/wp-json\/wp\/v2\/comments?post=8093"}],"version-history":[{"count":7,"href":"https:\/\/casinomira.com\/fr\/wp-json\/wp\/v2\/pages\/8093\/revisions"}],"predecessor-version":[{"id":8937,"href":"https:\/\/casinomira.com\/fr\/wp-json\/wp\/v2\/pages\/8093\/revisions\/8937"}],"up":[{"embeddable":true,"href":"https:\/\/casinomira.com\/fr\/wp-json\/wp\/v2\/pages\/8056"}],"wp:attachment":[{"href":"https:\/\/casinomira.com\/fr\/wp-json\/wp\/v2\/media?parent=8093"}],"curies":[{"name":"wp","href":"https:\/\/api.w.org\/{rel}","templated":true}]}}