{"id":8112,"date":"2021-07-30T15:56:48","date_gmt":"2021-07-30T12:56:48","guid":{"rendered":"http:\/\/casinomira.updated\/android-casinos\/"},"modified":"2024-10-10T17:29:46","modified_gmt":"2024-10-10T14:29:46","slug":"android-casinos","status":"publish","type":"page","link":"https:\/\/casinomira.com\/fr\/casinos-rating\/mobile-casinos\/android-casinos\/","title":{"rendered":"Casinos Android"},"content":{"rendered":"<p>Avec la prolif\u00e9ration des appareils mobiles, les habitudes g\u00e9n\u00e9rales des personnes ont consid\u00e9rablement chang\u00e9, et ces technologies ne pouvaient pas ne pas affecter les habitudes de jeu. Pour les joueurs, cette nouvelle m\u00e9thode de communication num\u00e9rique signifie que vous n&rsquo;\u00eates plus li\u00e9 \u00e0 un ordinateur ou \u00e0 un ordinateur portable. Jouer \u00e0 des jeux de casino en ligne ou faire des paris est d\u00e9sormais possible o\u00f9 que vous puissiez emmener votre smartphone ou votre tablette.<\/p>\n<h2><strong>Comment choisir le meilleur casino Android ?<\/strong><\/h2>\n<p>Les casinos mobiles Android les plus fiables et populaires au Canada occupent les premi\u00e8res places dans les classements des casinos mobiles. Le classement des casinos en ligne est \u00e9tabli sur la base de plusieurs crit\u00e8res cl\u00e9s. L&rsquo;une des principales r\u00e8gles lors du choix d&rsquo;un casino fiable pour Android est un niveau \u00e9lev\u00e9 de s\u00e9curit\u00e9. Les principales plateformes de jeux utilisent des protocoles de cryptage double pour assurer la confidentialit\u00e9 et la s\u00e9curit\u00e9 des informations personnelles et de paiement. Les positions des salles de jeux en ligne dans les classements des casinos mobiles sont d\u00e9termin\u00e9es par certains facteurs :<\/p>\n<ul>\n<li>Pr\u00e9sence d&rsquo;une licence ;<\/li>\n<li>Possibilit\u00e9 de choisir parmi plusieurs syst\u00e8mes de paiement ;<\/li>\n<li>Offres lucratives de programme de fid\u00e9lit\u00e9 ;<\/li>\n<li>Machines \u00e0 sous avec diff\u00e9rentes fonctionnalit\u00e9s et th\u00e8mes ;<\/li>\n<li>Retraits rapides des gains ;<\/li>\n<li>Support client qualifi\u00e9 et professionnel.<\/li>\n<\/ul>\n<p>Les casinos mobiles Android au Canada re\u00e7oivent r\u00e9guli\u00e8rement des estimations positives des clients et des critiques agr\u00e9ables. Les plaintes des joueurs et les commentaires n\u00e9gatifs conduisent \u00e0 une baisse du classement des casinos en ligne. Pour commencer \u00e0 jouer dans un casino en ligne, vous devez simplement choisir un casino fiable.<\/p>\n<h3><strong>Offres de bienvenue<\/strong><\/h3>\n<p>Il s&rsquo;agit du type de r\u00e9compense le plus populaire. Il est propos\u00e9 aux visiteurs nouvellement inscrits de l&rsquo;\u00e9tablissement. Le bonus d&rsquo;inscription peut \u00eatre sous forme de bonus en argent et\/ou de tours gratuits. Cela d\u00e9pend uniquement de la politique publicitaire de chaque casino individuel. De mani\u00e8re g\u00e9n\u00e9rale, ces bonus peuvent \u00eatre divis\u00e9s en deux cat\u00e9gories :<\/p>\n<ul>\n<li>Les bonus sans d\u00e9p\u00f4t sont cr\u00e9dit\u00e9s sur le compte personnel du joueur imm\u00e9diatement apr\u00e8s l&rsquo;installation de l&rsquo;application et l&rsquo;ouverture d&rsquo;un compte. La taille des bonus d&rsquo;inscription est g\u00e9n\u00e9ralement petite.<\/li>\n<li>Il est impossible de retirer imm\u00e9diatement le bonus sans d\u00e9p\u00f4t du casino. Pour cela, certaines conditions doivent \u00eatre remplies. En r\u00e8gle g\u00e9n\u00e9rale, un certain montant total de paris doit \u00eatre effectu\u00e9.<\/li>\n<\/ul>\n<p>Il est n\u00e9cessaire de v\u00e9rifier les conditions de mise en jeu du bonus dans chaque casino en ligne, et il est \u00e9galement important de s&rsquo;informer si les joueurs de votre pays peuvent les recevoir. De telles restrictions ne sont pas rares dans les casinos mobiles en ligne Android au Canada. Les bonus de d\u00e9p\u00f4t sont propos\u00e9s dans tous les \u00e9tablissements s\u00e9rieux et respectables. Pour les recevoir, vous devez effectuer un d\u00e9p\u00f4t sur votre compte de jeu. Habituellement, les casinos fixent le d\u00e9p\u00f4t minimum requis pour le cr\u00e9dit du bonus.<\/p>\n<p>Le bonus est calcul\u00e9 en pourcentage d&rsquo;un certain montant de d\u00e9p\u00f4t, mais son montant maximum est d\u00e9fini. Dans presque tous les \u00e9tablissements, un bonus d&rsquo;au moins cent pour cent du montant du d\u00e9p\u00f4t est cr\u00e9dit\u00e9 pour le premier d\u00e9p\u00f4t, bien que ces conditions puissent varier consid\u00e9rablement. En r\u00e8gle g\u00e9n\u00e9rale, le bonus du premier d\u00e9p\u00f4t est une sorte de bonus d&rsquo;introduction.<\/p>\n<p>Il est cr\u00e9dit\u00e9 la premi\u00e8re fois qu&rsquo;un nouveau joueur effectue un d\u00e9p\u00f4t. Parfois, les conditions de mise en jeu des bonus impliquent que cela ne peut \u00eatre fait que dans certains jeux sp\u00e9cifiques. Cela confirme une fois de plus qu&rsquo;avant de faire un d\u00e9p\u00f4t et de compter sur un bonus, il est n\u00e9cessaire d&rsquo;\u00e9tudier attentivement les conditions de votre club en ligne.<\/p>\n<h2><strong>Vari\u00e9t\u00e9 de jeux<\/strong><\/h2>\n<p>Les clients pr\u00eats \u00e0 jouer pour de l&rsquo;argent r\u00e9el doivent pr\u00eater attention \u00e0 la gamme d&rsquo;appareils de jeu propos\u00e9s par le club en ligne. Les clubs fiables et r\u00e9put\u00e9s offrent des machines \u00e0 sous originales. Les soci\u00e9t\u00e9s travaillent avec des fournisseurs officiels d&rsquo;\u00e9quipements sous licence.<\/p>\n<p>Seuls les plateformes de jeu fiables peuvent figurer dans le top des casinos Android. Les clients des clubs en ligne lancent des jeux de hasard \u00e0 tout moment, ressentant de l&rsquo;adr\u00e9naline et recevant des paiements de mani\u00e8re r\u00e9guli\u00e8re. Les utilisateurs ont la possibilit\u00e9 de choisir un mode d\u00e9mo ou de passer en mode payant. L&rsquo;utilisation du mode d\u00e9mo ne n\u00e9cessite ni d\u00e9p\u00f4t sur le compte ni inscription. Tout le monde peut jouer en utilisant l&rsquo;argent de casino gratuit pour Android. Le mode d\u00e9mo permet de s&rsquo;assurer que le logiciel de jeu fonctionne correctement, que les combinaisons sont form\u00e9es correctement, et de choisir une strat\u00e9gie qui permettra de r\u00e9ussir r\u00e9guli\u00e8rement.<\/p>\n<h2><strong>Confidentialit\u00e9 et s\u00e9curit\u00e9<\/strong><\/h2>\n<p>La pr\u00e9sence d&rsquo;un document d&rsquo;autorisation reconnu internationalement indique que le casino Android que vous avez choisi respecte strictement les normes de jeu sur Internet dans trois domaines cl\u00e9s : il joue \u00e9quitablement et n&rsquo;utilise pas de logiciel contrefait, tout en assurant la s\u00e9curit\u00e9 de vos informations et de vos finances.<\/p>\n<p>Parmi les juridictions les plus r\u00e9put\u00e9es qui d\u00e9livrent des licences, on trouve Cura\u00e7ao, Malte, le Royaume-Uni, l&rsquo;\u00eele de Man et Gibraltar. Si vous voyez une ic\u00f4ne pour une certaine licence sur le site web, son num\u00e9ro est indiqu\u00e9 et vous pouvez v\u00e9rifier les informations sur un lien sp\u00e9cial, vous pouvez donc certainement jouer ici. Les r\u00e9gulateurs sont examin\u00e9s pour s&rsquo;assurer que le casino ne peut pas manipuler les param\u00e8tres de jeu, conform\u00e9ment aux r\u00e8gles du jeu \u00e9quitable. Comment un casino prot\u00e8ge-t-il les informations ?<\/p>\n<p>Les jeux de hasard en ligne impliquent le transfert d&rsquo;une grande quantit\u00e9 d&rsquo;informations personnelles vers le serveur du club. Ainsi, si vous avez pass\u00e9 la v\u00e9rification, alors vos donn\u00e9es personnelles sont transf\u00e9r\u00e9es au casino : nom et pr\u00e9nom, date de naissance, adresse de r\u00e9sidence. De plus, vous devez souvent envoyer des photos ou des scans de votre passeport ou d&rsquo;autres documents, des factures de services publics ou des relev\u00e9s bancaires, ainsi que des images d&rsquo;une carte bancaire. Pour prot\u00e9ger toutes ces informations, le casino utilise des outils cryptographiques &#8211; il chiffre les canaux de communication entre le serveur et l&rsquo;ordinateur du joueur.<\/p>\n<p>Cela se fait par le biais du chiffrement SSL. De plus, la baseCasinos m\u00f3veis Android Com a prolifera\u00e7\u00e3o de dispositivos m\u00f3veis, os h\u00e1bitos gerais das pessoas mudaram drasticamente, e essas tecnologias n\u00e3o poderiam deixar de afetar os h\u00e1bitos de jogo. Para os jogadores, esse novo m\u00e9todo de comunica\u00e7\u00e3o digital significa que voc\u00ea n\u00e3o est\u00e1 mais limitado a um computador ou laptop. Jogar jogos de cassino online ou fazer apostas se tornou dispon\u00edvel onde quer que voc\u00ea possa levar seu smartphone ou tablet.<\/p>\n<h2><strong>Como escolher o melhor cassino Android?<\/strong><\/h2>\n<p>Os cassinos m\u00f3veis Android mais confi\u00e1veis e populares no Canad\u00e1 ocupam as primeiras posi\u00e7\u00f5es nos rankings de cassinos m\u00f3veis. O ranking dos cassinos online \u00e9 compilado com base em v\u00e1rios crit\u00e9rios-chave. Uma das principais regras ao escolher um cassino confi\u00e1vel para Android \u00e9 um alto n\u00edvel de seguran\u00e7a. As principais plataformas de jogos utilizam protocolos de criptografia dupla para garantir a privacidade e seguran\u00e7a das informa\u00e7\u00f5es pessoais e de pagamento. As posi\u00e7\u00f5es das salas de jogos online nos rankings de cassinos m\u00f3veis s\u00e3o determinadas por fatores espec\u00edficos:<\/p>\n<ul>\n<li>Presen\u00e7a de licen\u00e7a;<\/li>\n<li>Capacidade de escolher entre v\u00e1rios sistemas de pagamento;<\/li>\n<li>Ofertas lucrativas de programas de fidelidade;<\/li>\n<li>M\u00e1quinas ca\u00e7a-n\u00edqueis com diferentes funcionalidades e temas;<\/li>\n<li>Saques r\u00e1pidos de ganhos;<\/li>\n<li>Suporte ao cliente qualificado e profissional.<\/li>\n<\/ul>\n<p>Os cassinos m\u00f3veis Android no Canad\u00e1 recebem regularmente avalia\u00e7\u00f5es positivas dos clientes e an\u00e1lises agrad\u00e1veis. Reclama\u00e7\u00f5es dos jogadores e coment\u00e1rios negativos levam a uma redu\u00e7\u00e3o nos rankings de cassinos online. Para come\u00e7ar a jogar em um cassino online, voc\u00ea s\u00f3 precisa escolher um cassino confi\u00e1vel.<\/p>\n<h2><strong>Ofertas de boas-vindas<\/strong><\/h2>\n<p>Este \u00e9 o tipo de recompensa mais popular. \u00c9 oferecido para visitantes rec\u00e9m-registrados do estabelecimento. O b\u00f4nus de boas-vindas pode ser na forma de b\u00f4nus em dinheiro e\/ou rodadas gr\u00e1tis. Isso depende exclusivamente da pol\u00edtica publicit\u00e1ria de cada cassino individual. De forma geral, esses b\u00f4nus podem ser divididos em duas categorias:<\/p>\n<ul>\n<li>B\u00f4nus sem dep\u00f3sito s\u00e3o creditados na conta pessoal do jogador imediatamente ap\u00f3s a instala\u00e7\u00e3o do aplicativo e abertura de uma conta. O valor dos b\u00f4nus de inscri\u00e7\u00e3o geralmente \u00e9 pequeno.<\/li>\n<li>N\u00e3o \u00e9 poss\u00edvel sacar o b\u00f4nus sem dep\u00f3sito do cassino imediatamente. Para isso, certas condi\u00e7\u00f5es devem ser cumpridas. Geralmente, um determinado valor total de apostas deve ser feito.<\/li>\n<\/ul>\n<p>\u00c9 necess\u00e1rio verificar as condi\u00e7\u00f5es de apostas do b\u00f4nus em cada cassino online e tamb\u00e9m \u00e9 importante verificar se os jogadores do seu pa\u00eds podem receb\u00ea-los. Restri\u00e7\u00f5es desse tipo n\u00e3o s\u00e3o incomuns nos cassinos m\u00f3veis online Android no Canad\u00e1. Os b\u00f4nus de dep\u00f3sito s\u00e3o oferecidos em todos os estabelecimentos s\u00e9rios e respeit\u00e1veis. Para receb\u00ea-los, voc\u00ea precisa fazer um dep\u00f3sito em sua conta de jogo. Normalmente, os cassinos estabelecem o dep\u00f3sito m\u00ednimo necess\u00e1rio para o cr\u00e9dito do b\u00f4nus.<\/p>\n<p>O b\u00f4nus \u00e9 calculado como uma porcentagem de determinado valor de dep\u00f3sito, mas seu valor m\u00e1ximo \u00e9 definido. Em quase todos os estabelecimentos, um b\u00f4nus de pelo menos cem por cento do valor do dep\u00f3sito \u00e9 creditado para o primeiro dep\u00f3sito, embora essas condi\u00e7\u00f5es possam variar consideravelmente. Geralmente, o b\u00f4nus do primeiro dep\u00f3sito \u00e9 uma esp\u00e9cie de b\u00f4nus de introdu\u00e7\u00e3o.<\/p>\n<p>Ele \u00e9 creditado na primeira vez em que um novo jogador faz um dep\u00f3sito. \u00c0s vezes, as condi\u00e7\u00f5es de apostas do b\u00f4nus implicam que isso s\u00f3 pode ser feito em alguns jogos espec\u00edficos. Isso confirma mais uma vez que antes de fazer um dep\u00f3sito e contar com um b\u00f4nus, \u00e9 necess\u00e1rio estudar cuidadosamente as condi\u00e7\u00f5es do seu clube online.<\/p>\n<h2><strong>Variedade de jogos<\/strong><\/h2>\n<p>Os clientes que est\u00e3o prontos para jogar com dinheiro real devem prestar aten\u00e7\u00e3o \u00e0 variedade de dispositivos de jogo oferecidos pelo clube online. Os clubes confi\u00e1veis com boa reputa\u00e7\u00e3o oferecem m\u00e1quinas ca\u00e7a-n\u00edqueis originais. As empresas trabalham com fornecedores oficiais de equipamentos licenciados.<\/p>\n<p>Somente plataformas de jogos confi\u00e1veis podem estar entre os principais cassinos Android. Os clientesqui sont pr\u00eats \u00e0 jogar com dinheiro real devem prestar aten\u00e7\u00e3o \u00e0 gama de dispositivos de jogos oferecidos pelo clube online. Os clubes confi\u00e1veis com boa reputa\u00e7\u00e3o oferecem m\u00e1quinas ca\u00e7a-n\u00edqueis originais. As empresas trabalham com fornecedores oficiais de equipamentos licenciados.<\/p>\n<p>Apenas plataformas de jogos confi\u00e1veis podem ocupar um lugar nos principais cassinos para Android. Os clientes dos clubes online lan\u00e7am jogos de azar a qualquer momento, carregando-se com emo\u00e7\u00f5es de adrenalina e recebendo pagamentos regularmente. Os usu\u00e1rios t\u00eam a oportunidade de escolher o modo de demonstra\u00e7\u00e3o ou alternar para o modo pago. O uso do formato de demonstra\u00e7\u00e3o n\u00e3o requer dep\u00f3sito na conta ou registro. Qualquer pessoa pode jogar usando dinheiro gr\u00e1tis de cassino para Android. O modo de demonstra\u00e7\u00e3o permite garantir que o software de jogo esteja funcionando corretamente, que as combina\u00e7\u00f5es sejam formadas corretamente e que voc\u00ea possa escolher uma estrat\u00e9gia que permita alcan\u00e7ar o sucesso regularmente.<\/p>\n<h2><strong>Privacidade e seguran\u00e7a<\/strong><\/h2>\n<p>A presen\u00e7a de um documento de autoriza\u00e7\u00e3o internacionalmente reconhecido indica que o cassino para Android que voc\u00ea acessou adere estritamente aos padr\u00f5es de jogos de azar na Internet em tr\u00eas \u00e1reas-chave &#8211; joga limpo e n\u00e3o usa software falso, al\u00e9m de garantir a seguran\u00e7a de suas informa\u00e7\u00f5es e finan\u00e7as. Entre as jurisdi\u00e7\u00f5es mais respeit\u00e1veis que emitem licen\u00e7as est\u00e3o: Cura\u00e7ao, Malta, Reino Unido, Ilha de Man e Gibraltar. Se voc\u00ea vir um \u00edcone para uma determinada licen\u00e7a no site, seu n\u00famero ser\u00e1 indicado e voc\u00ea poder\u00e1 verificar as informa\u00e7\u00f5es em um link especial, ent\u00e3o voc\u00ea definitivamente pode jogar aqui. Os reguladores s\u00e3o examinados para garantir que o cassino n\u00e3o possa alterar as configura\u00e7\u00f5es de jogo, de acordo com as regras de Fair Play.<\/p>\n<p>Como um cassino protege as informa\u00e7\u00f5es? Os jogos de azar online envolvem a transfer\u00eancia de uma grande quantidade de informa\u00e7\u00f5es pessoais para o servidor do clube. Portanto, se voc\u00ea passou pela verifica\u00e7\u00e3o, suas informa\u00e7\u00f5es pessoais s\u00e3o transferidas para o cassino: nome e sobrenome, data de nascimento, endere\u00e7o de resid\u00eancia. Al\u00e9m disso, voc\u00ea frequentemente precisa enviar fotos ou digitaliza\u00e7\u00f5es de seu passaporte ou outros documentos, contas de servi\u00e7os p\u00fablicos ou extratos banc\u00e1rios, bem como imagens de um cart\u00e3o banc\u00e1rio. Para proteger todas essas informa\u00e7\u00f5es, o cassino usa ferramentas criptogr\u00e1ficas &#8211; ele criptografa os canais de comunica\u00e7\u00e3o entre o servidor e o computador do jogador. Isso \u00e9 feito por meio de criptografia SSL. Al\u00e9m disso, o pr\u00f3prio banco de dados do cliente \u00e9 protegido o m\u00e1ximo poss\u00edvel. Assim, terceiros n\u00e3o podem interceptar e acessar essas informa\u00e7\u00f5es cr\u00edticas.<\/p>\n","protected":false},"excerpt":{"rendered":"<p>Avec la prolif\u00e9ration des appareils mobiles, les habitudes g\u00e9n\u00e9rales des personnes ont consid\u00e9rablement chang\u00e9, et ces technologies ne pouvaient pas ne pas affecter les habitudes de jeu. Pour les joueurs, cette nouvelle m\u00e9thode de communication num\u00e9rique signifie que vous n&rsquo;\u00eates plus li\u00e9 \u00e0 un ordinateur ou \u00e0 un ordinateur portable. Jouer \u00e0 des jeux de [&hellip;]<\/p>\n","protected":false},"author":1,"featured_media":0,"parent":8117,"menu_order":0,"comment_status":"closed","ping_status":"closed","template":"template-archive-casino2.php","meta":{"footnotes":""},"class_list":["post-8112","page","type-page","status-publish","hentry"],"acf":[],"yoast_head":"<!-- This site is optimized with the Yoast SEO plugin v21.9 - https:\/\/yoast.com\/wordpress\/plugins\/seo\/ -->\n<title>Revue des casinos Android pour nos joueurs prosp\u00e8res. \u00c9valuations des casinos mobiles.<\/title>\n<meta name=\"description\" content=\"Lisez notre revue des casinos Android, utilisez nos \u00e9valuations des casinos mobiles pour jouer aux casinos mobiles Android en ligne au Canada, d\u00e9couvrez comment profiter de l&#039;argent gratuit des casinos Android et devenez un heureux gagnant !\" \/>\n<meta name=\"robots\" content=\"index, follow, max-snippet:-1, max-image-preview:large, max-video-preview:-1\" \/>\n<link rel=\"canonical\" href=\"https:\/\/casinomira.com\/fr\/casinos-rating\/mobile-casinos\/android-casinos\/\" \/>\n<meta property=\"og:locale\" content=\"fr_FR\" \/>\n<meta property=\"og:type\" content=\"article\" \/>\n<meta property=\"og:title\" content=\"Revue des casinos Android pour nos joueurs prosp\u00e8res. \u00c9valuations des casinos mobiles.\" \/>\n<meta property=\"og:description\" content=\"Lisez notre revue des casinos Android, utilisez nos \u00e9valuations des casinos mobiles pour jouer aux casinos mobiles Android en ligne au Canada, d\u00e9couvrez comment profiter de l&#039;argent gratuit des casinos Android et devenez un heureux gagnant !\" \/>\n<meta property=\"og:url\" content=\"https:\/\/casinomira.com\/fr\/casinos-rating\/mobile-casinos\/android-casinos\/\" \/>\n<meta property=\"og:site_name\" content=\"CasinoMIRA.com\" \/>\n<meta property=\"article:modified_time\" content=\"2024-10-10T14:29:46+00:00\" \/>\n<meta name=\"twitter:card\" content=\"summary_large_image\" \/>\n<meta name=\"twitter:label1\" content=\"Dur\u00e9e de lecture estim\u00e9e\" \/>\n\t<meta name=\"twitter:data1\" content=\"12 minutes\" \/>\n<script type=\"application\/ld+json\" class=\"yoast-schema-graph\">{\"@context\":\"https:\/\/schema.org\",\"@graph\":[{\"@type\":\"WebPage\",\"@id\":\"https:\/\/casinomira.com\/fr\/casinos-rating\/mobile-casinos\/android-casinos\/\",\"url\":\"https:\/\/casinomira.com\/fr\/casinos-rating\/mobile-casinos\/android-casinos\/\",\"name\":\"Revue des casinos Android pour nos joueurs prosp\u00e8res. \u00c9valuations des casinos mobiles.\",\"isPartOf\":{\"@id\":\"https:\/\/casinomira.com\/fr\/#website\"},\"datePublished\":\"2021-07-30T12:56:48+00:00\",\"dateModified\":\"2024-10-10T14:29:46+00:00\",\"description\":\"Lisez notre revue des casinos Android, utilisez nos \u00e9valuations des casinos mobiles pour jouer aux casinos mobiles Android en ligne au Canada, d\u00e9couvrez comment profiter de l'argent gratuit des casinos Android et devenez un heureux gagnant !\",\"breadcrumb\":{\"@id\":\"https:\/\/casinomira.com\/fr\/casinos-rating\/mobile-casinos\/android-casinos\/#breadcrumb\"},\"inLanguage\":\"fr-FR\",\"potentialAction\":[{\"@type\":\"ReadAction\",\"target\":[\"https:\/\/casinomira.com\/fr\/casinos-rating\/mobile-casinos\/android-casinos\/\"]}]},{\"@type\":\"BreadcrumbList\",\"@id\":\"https:\/\/casinomira.com\/fr\/casinos-rating\/mobile-casinos\/android-casinos\/#breadcrumb\",\"itemListElement\":[{\"@type\":\"ListItem\",\"position\":1,\"name\":\"Home\",\"item\":\"https:\/\/casinomira.com\/fr\/\"},{\"@type\":\"ListItem\",\"position\":2,\"name\":\"Notation du casino\",\"item\":\"https:\/\/casinomira.com\/fr\/casinos-rating\/\"},{\"@type\":\"ListItem\",\"position\":3,\"name\":\"Casinos Mobile\",\"item\":\"https:\/\/casinomira.com\/fr\/casinos-rating\/mobile-casinos\/\"},{\"@type\":\"ListItem\",\"position\":4,\"name\":\"Casinos Android\"}]},{\"@type\":\"WebSite\",\"@id\":\"https:\/\/casinomira.com\/fr\/#website\",\"url\":\"https:\/\/casinomira.com\/fr\/\",\"name\":\"CasinoMIRA.com\",\"description\":\"Online Casinos Canada \u2013 All About Online Gambling Canada.\",\"publisher\":{\"@id\":\"https:\/\/casinomira.com\/fr\/#organization\"},\"alternateName\":\"CasinoMIRA\",\"potentialAction\":[{\"@type\":\"SearchAction\",\"target\":{\"@type\":\"EntryPoint\",\"urlTemplate\":\"https:\/\/casinomira.com\/fr\/?s={search_term_string}\"},\"query-input\":\"required name=search_term_string\"}],\"inLanguage\":\"fr-FR\"},{\"@type\":\"Organization\",\"@id\":\"https:\/\/casinomira.com\/fr\/#organization\",\"name\":\"CasinoMIRA.com\",\"url\":\"https:\/\/casinomira.com\/fr\/\",\"logo\":{\"@type\":\"ImageObject\",\"inLanguage\":\"fr-FR\",\"@id\":\"https:\/\/casinomira.com\/fr\/#\/schema\/logo\/image\/\",\"url\":\"https:\/\/casinomira.com\/wp-content\/uploads\/2022\/12\/casinomira_logo_Y.svg\",\"contentUrl\":\"https:\/\/casinomira.com\/wp-content\/uploads\/2022\/12\/casinomira_logo_Y.svg\",\"caption\":\"CasinoMIRA.com\"},\"image\":{\"@id\":\"https:\/\/casinomira.com\/fr\/#\/schema\/logo\/image\/\"}}]}<\/script>\n<!-- \/ Yoast SEO plugin. -->","yoast_head_json":{"title":"Revue des casinos Android pour nos joueurs prosp\u00e8res. \u00c9valuations des casinos mobiles.","description":"Lisez notre revue des casinos Android, utilisez nos \u00e9valuations des casinos mobiles pour jouer aux casinos mobiles Android en ligne au Canada, d\u00e9couvrez comment profiter de l'argent gratuit des casinos Android et devenez un heureux gagnant !","robots":{"index":"index","follow":"follow","max-snippet":"max-snippet:-1","max-image-preview":"max-image-preview:large","max-video-preview":"max-video-preview:-1"},"canonical":"https:\/\/casinomira.com\/fr\/casinos-rating\/mobile-casinos\/android-casinos\/","og_locale":"fr_FR","og_type":"article","og_title":"Revue des casinos Android pour nos joueurs prosp\u00e8res. \u00c9valuations des casinos mobiles.","og_description":"Lisez notre revue des casinos Android, utilisez nos \u00e9valuations des casinos mobiles pour jouer aux casinos mobiles Android en ligne au Canada, d\u00e9couvrez comment profiter de l'argent gratuit des casinos Android et devenez un heureux gagnant !","og_url":"https:\/\/casinomira.com\/fr\/casinos-rating\/mobile-casinos\/android-casinos\/","og_site_name":"CasinoMIRA.com","article_modified_time":"2024-10-10T14:29:46+00:00","twitter_card":"summary_large_image","twitter_misc":{"Dur\u00e9e de lecture estim\u00e9e":"12 minutes"},"schema":{"@context":"https:\/\/schema.org","@graph":[{"@type":"WebPage","@id":"https:\/\/casinomira.com\/fr\/casinos-rating\/mobile-casinos\/android-casinos\/","url":"https:\/\/casinomira.com\/fr\/casinos-rating\/mobile-casinos\/android-casinos\/","name":"Revue des casinos Android pour nos joueurs prosp\u00e8res. \u00c9valuations des casinos mobiles.","isPartOf":{"@id":"https:\/\/casinomira.com\/fr\/#website"},"datePublished":"2021-07-30T12:56:48+00:00","dateModified":"2024-10-10T14:29:46+00:00","description":"Lisez notre revue des casinos Android, utilisez nos \u00e9valuations des casinos mobiles pour jouer aux casinos mobiles Android en ligne au Canada, d\u00e9couvrez comment profiter de l'argent gratuit des casinos Android et devenez un heureux gagnant !","breadcrumb":{"@id":"https:\/\/casinomira.com\/fr\/casinos-rating\/mobile-casinos\/android-casinos\/#breadcrumb"},"inLanguage":"fr-FR","potentialAction":[{"@type":"ReadAction","target":["https:\/\/casinomira.com\/fr\/casinos-rating\/mobile-casinos\/android-casinos\/"]}]},{"@type":"BreadcrumbList","@id":"https:\/\/casinomira.com\/fr\/casinos-rating\/mobile-casinos\/android-casinos\/#breadcrumb","itemListElement":[{"@type":"ListItem","position":1,"name":"Home","item":"https:\/\/casinomira.com\/fr\/"},{"@type":"ListItem","position":2,"name":"Notation du casino","item":"https:\/\/casinomira.com\/fr\/casinos-rating\/"},{"@type":"ListItem","position":3,"name":"Casinos Mobile","item":"https:\/\/casinomira.com\/fr\/casinos-rating\/mobile-casinos\/"},{"@type":"ListItem","position":4,"name":"Casinos Android"}]},{"@type":"WebSite","@id":"https:\/\/casinomira.com\/fr\/#website","url":"https:\/\/casinomira.com\/fr\/","name":"CasinoMIRA.com","description":"Online Casinos Canada \u2013 All About Online Gambling Canada.","publisher":{"@id":"https:\/\/casinomira.com\/fr\/#organization"},"alternateName":"CasinoMIRA","potentialAction":[{"@type":"SearchAction","target":{"@type":"EntryPoint","urlTemplate":"https:\/\/casinomira.com\/fr\/?s={search_term_string}"},"query-input":"required name=search_term_string"}],"inLanguage":"fr-FR"},{"@type":"Organization","@id":"https:\/\/casinomira.com\/fr\/#organization","name":"CasinoMIRA.com","url":"https:\/\/casinomira.com\/fr\/","logo":{"@type":"ImageObject","inLanguage":"fr-FR","@id":"https:\/\/casinomira.com\/fr\/#\/schema\/logo\/image\/","url":"https:\/\/casinomira.com\/wp-content\/uploads\/2022\/12\/casinomira_logo_Y.svg","contentUrl":"https:\/\/casinomira.com\/wp-content\/uploads\/2022\/12\/casinomira_logo_Y.svg","caption":"CasinoMIRA.com"},"image":{"@id":"https:\/\/casinomira.com\/fr\/#\/schema\/logo\/image\/"}}]}},"_links":{"self":[{"href":"https:\/\/casinomira.com\/fr\/wp-json\/wp\/v2\/pages\/8112","targetHints":{"allow":["GET"]}}],"collection":[{"href":"https:\/\/casinomira.com\/fr\/wp-json\/wp\/v2\/pages"}],"about":[{"href":"https:\/\/casinomira.com\/fr\/wp-json\/wp\/v2\/types\/page"}],"author":[{"embeddable":true,"href":"https:\/\/casinomira.com\/fr\/wp-json\/wp\/v2\/users\/1"}],"replies":[{"embeddable":true,"href":"https:\/\/casinomira.com\/fr\/wp-json\/wp\/v2\/comments?post=8112"}],"version-history":[{"count":3,"href":"https:\/\/casinomira.com\/fr\/wp-json\/wp\/v2\/pages\/8112\/revisions"}],"predecessor-version":[{"id":8115,"href":"https:\/\/casinomira.com\/fr\/wp-json\/wp\/v2\/pages\/8112\/revisions\/8115"}],"up":[{"embeddable":true,"href":"https:\/\/casinomira.com\/fr\/wp-json\/wp\/v2\/pages\/8117"}],"wp:attachment":[{"href":"https:\/\/casinomira.com\/fr\/wp-json\/wp\/v2\/media?parent=8112"}],"curies":[{"name":"wp","href":"https:\/\/api.w.org\/{rel}","templated":true}]}}