{"id":3712,"date":"2020-11-06T08:45:53","date_gmt":"2020-11-06T05:45:53","guid":{"rendered":"http:\/\/casinomira.updated\/online-casinos-canada\/"},"modified":"2025-06-26T17:19:51","modified_gmt":"2025-06-26T14:19:51","slug":"online-casinos-canada","status":"publish","type":"page","link":"https:\/\/casinomira.com\/pt-br\/","title":{"rendered":"P\u00e1gina inicial"},"content":{"rendered":"","protected":false},"excerpt":{"rendered":"","protected":false},"author":1,"featured_media":0,"parent":0,"menu_order":0,"comment_status":"closed","ping_status":"open","template":"template-home.php","meta":{"footnotes":""},"class_list":["post-3712","page","type-page","status-publish","hentry"],"acf":[],"yoast_head":"<!-- This site is optimized with the Yoast SEO plugin v21.9 - https:\/\/yoast.com\/wordpress\/plugins\/seo\/ -->\n<title>Casinos Online no Canada- Tudo Sobre Apostas Online no Canada<\/title>\n<meta name=\"description\" content=\"Quer encontrar o melhor cassino on-line para jogar com dinheiro real no Canada? N\u00f3s o ajudaremos a escolher a plataforma certa e lhe forneceremos not\u00edcias sobre cassinos on-line, cassinos on-line gratuitos, os melhores b\u00f4nus de cassino e muitas outras informa\u00e7\u00f5es \u00fateis.\" \/>\n<meta name=\"robots\" content=\"index, follow, max-snippet:-1, max-image-preview:large, max-video-preview:-1\" \/>\n<link rel=\"canonical\" href=\"https:\/\/casinomira.com\/pt-br\/\" \/>\n<meta property=\"og:locale\" content=\"pt_BR\" \/>\n<meta property=\"og:type\" content=\"article\" \/>\n<meta property=\"og:title\" content=\"Casinos Online no Canada- Tudo Sobre Apostas Online no Canada\" \/>\n<meta property=\"og:description\" content=\"Quer encontrar o melhor cassino on-line para jogar com dinheiro real no Canada? N\u00f3s o ajudaremos a escolher a plataforma certa e lhe forneceremos not\u00edcias sobre cassinos on-line, cassinos on-line gratuitos, os melhores b\u00f4nus de cassino e muitas outras informa\u00e7\u00f5es \u00fateis.\" \/>\n<meta property=\"og:url\" content=\"https:\/\/casinomira.com\/pt-br\/\" \/>\n<meta property=\"og:site_name\" content=\"CasinoMIRA.com\" \/>\n<meta property=\"article:modified_time\" content=\"2025-06-26T14:19:51+00:00\" \/>\n<meta name=\"twitter:card\" content=\"summary_large_image\" \/>\n<script type=\"application\/ld+json\" class=\"yoast-schema-graph\">{\"@context\":\"https:\/\/schema.org\",\"@graph\":[{\"@type\":\"WebPage\",\"@id\":\"https:\/\/casinomira.com\/pt-br\/\",\"url\":\"https:\/\/casinomira.com\/pt-br\/\",\"name\":\"Casinos Online no Canada- Tudo Sobre Apostas Online no Canada\",\"isPartOf\":{\"@id\":\"https:\/\/casinomira.com\/pt-br\/#website\"},\"datePublished\":\"2020-11-06T05:45:53+00:00\",\"dateModified\":\"2025-06-26T14:19:51+00:00\",\"description\":\"Quer encontrar o melhor cassino on-line para jogar com dinheiro real no Canada? N\u00f3s o ajudaremos a escolher a plataforma certa e lhe forneceremos not\u00edcias sobre cassinos on-line, cassinos on-line gratuitos, os melhores b\u00f4nus de cassino e muitas outras informa\u00e7\u00f5es \u00fateis.\",\"breadcrumb\":{\"@id\":\"https:\/\/casinomira.com\/pt-br\/#breadcrumb\"},\"inLanguage\":\"pt-BR\",\"potentialAction\":[{\"@type\":\"ReadAction\",\"target\":[\"https:\/\/casinomira.com\/pt-br\/\"]}]},{\"@type\":\"BreadcrumbList\",\"@id\":\"https:\/\/casinomira.com\/pt-br\/#breadcrumb\",\"itemListElement\":[{\"@type\":\"ListItem\",\"position\":1,\"name\":\"Home\",\"item\":\"https:\/\/casinomira.com\/pt-br\/\"},{\"@type\":\"ListItem\",\"position\":2,\"name\":\"P\u00e1gina inicial\"}]},{\"@type\":\"WebSite\",\"@id\":\"https:\/\/casinomira.com\/pt-br\/#website\",\"url\":\"https:\/\/casinomira.com\/pt-br\/\",\"name\":\"CasinoMIRA.com\",\"description\":\"Online Casinos Canada \u2013 All About Online Gambling Canada.\",\"publisher\":{\"@id\":\"https:\/\/casinomira.com\/pt-br\/#organization\"},\"alternateName\":\"CasinoMIRA\",\"potentialAction\":[{\"@type\":\"SearchAction\",\"target\":{\"@type\":\"EntryPoint\",\"urlTemplate\":\"https:\/\/casinomira.com\/pt-br\/?s={search_term_string}\"},\"query-input\":\"required name=search_term_string\"}],\"inLanguage\":\"pt-BR\"},{\"@type\":\"Organization\",\"@id\":\"https:\/\/casinomira.com\/pt-br\/#organization\",\"name\":\"CasinoMIRA.com\",\"url\":\"https:\/\/casinomira.com\/pt-br\/\",\"logo\":{\"@type\":\"ImageObject\",\"inLanguage\":\"pt-BR\",\"@id\":\"https:\/\/casinomira.com\/pt-br\/#\/schema\/logo\/image\/\",\"url\":\"https:\/\/casinomira.com\/wp-content\/uploads\/2022\/12\/casinomira_logo_Y.svg\",\"contentUrl\":\"https:\/\/casinomira.com\/wp-content\/uploads\/2022\/12\/casinomira_logo_Y.svg\",\"caption\":\"CasinoMIRA.com\"},\"image\":{\"@id\":\"https:\/\/casinomira.com\/pt-br\/#\/schema\/logo\/image\/\"}}]}<\/script>\n<!-- \/ Yoast SEO plugin. -->","yoast_head_json":{"title":"Casinos Online no Canada- Tudo Sobre Apostas Online no Canada","description":"Quer encontrar o melhor cassino on-line para jogar com dinheiro real no Canada? N\u00f3s o ajudaremos a escolher a plataforma certa e lhe forneceremos not\u00edcias sobre cassinos on-line, cassinos on-line gratuitos, os melhores b\u00f4nus de cassino e muitas outras informa\u00e7\u00f5es \u00fateis.","robots":{"index":"index","follow":"follow","max-snippet":"max-snippet:-1","max-image-preview":"max-image-preview:large","max-video-preview":"max-video-preview:-1"},"canonical":"https:\/\/casinomira.com\/pt-br\/","og_locale":"pt_BR","og_type":"article","og_title":"Casinos Online no Canada- Tudo Sobre Apostas Online no Canada","og_description":"Quer encontrar o melhor cassino on-line para jogar com dinheiro real no Canada? N\u00f3s o ajudaremos a escolher a plataforma certa e lhe forneceremos not\u00edcias sobre cassinos on-line, cassinos on-line gratuitos, os melhores b\u00f4nus de cassino e muitas outras informa\u00e7\u00f5es \u00fateis.","og_url":"https:\/\/casinomira.com\/pt-br\/","og_site_name":"CasinoMIRA.com","article_modified_time":"2025-06-26T14:19:51+00:00","twitter_card":"summary_large_image","schema":{"@context":"https:\/\/schema.org","@graph":[{"@type":"WebPage","@id":"https:\/\/casinomira.com\/pt-br\/","url":"https:\/\/casinomira.com\/pt-br\/","name":"Casinos Online no Canada- Tudo Sobre Apostas Online no Canada","isPartOf":{"@id":"https:\/\/casinomira.com\/pt-br\/#website"},"datePublished":"2020-11-06T05:45:53+00:00","dateModified":"2025-06-26T14:19:51+00:00","description":"Quer encontrar o melhor cassino on-line para jogar com dinheiro real no Canada? N\u00f3s o ajudaremos a escolher a plataforma certa e lhe forneceremos not\u00edcias sobre cassinos on-line, cassinos on-line gratuitos, os melhores b\u00f4nus de cassino e muitas outras informa\u00e7\u00f5es \u00fateis.","breadcrumb":{"@id":"https:\/\/casinomira.com\/pt-br\/#breadcrumb"},"inLanguage":"pt-BR","potentialAction":[{"@type":"ReadAction","target":["https:\/\/casinomira.com\/pt-br\/"]}]},{"@type":"BreadcrumbList","@id":"https:\/\/casinomira.com\/pt-br\/#breadcrumb","itemListElement":[{"@type":"ListItem","position":1,"name":"Home","item":"https:\/\/casinomira.com\/pt-br\/"},{"@type":"ListItem","position":2,"name":"P\u00e1gina inicial"}]},{"@type":"WebSite","@id":"https:\/\/casinomira.com\/pt-br\/#website","url":"https:\/\/casinomira.com\/pt-br\/","name":"CasinoMIRA.com","description":"Online Casinos Canada \u2013 All About Online Gambling Canada.","publisher":{"@id":"https:\/\/casinomira.com\/pt-br\/#organization"},"alternateName":"CasinoMIRA","potentialAction":[{"@type":"SearchAction","target":{"@type":"EntryPoint","urlTemplate":"https:\/\/casinomira.com\/pt-br\/?s={search_term_string}"},"query-input":"required name=search_term_string"}],"inLanguage":"pt-BR"},{"@type":"Organization","@id":"https:\/\/casinomira.com\/pt-br\/#organization","name":"CasinoMIRA.com","url":"https:\/\/casinomira.com\/pt-br\/","logo":{"@type":"ImageObject","inLanguage":"pt-BR","@id":"https:\/\/casinomira.com\/pt-br\/#\/schema\/logo\/image\/","url":"https:\/\/casinomira.com\/wp-content\/uploads\/2022\/12\/casinomira_logo_Y.svg","contentUrl":"https:\/\/casinomira.com\/wp-content\/uploads\/2022\/12\/casinomira_logo_Y.svg","caption":"CasinoMIRA.com"},"image":{"@id":"https:\/\/casinomira.com\/pt-br\/#\/schema\/logo\/image\/"}}]}},"_links":{"self":[{"href":"https:\/\/casinomira.com\/pt-br\/wp-json\/wp\/v2\/pages\/3712","targetHints":{"allow":["GET"]}}],"collection":[{"href":"https:\/\/casinomira.com\/pt-br\/wp-json\/wp\/v2\/pages"}],"about":[{"href":"https:\/\/casinomira.com\/pt-br\/wp-json\/wp\/v2\/types\/page"}],"author":[{"embeddable":true,"href":"https:\/\/casinomira.com\/pt-br\/wp-json\/wp\/v2\/users\/1"}],"replies":[{"embeddable":true,"href":"https:\/\/casinomira.com\/pt-br\/wp-json\/wp\/v2\/comments?post=3712"}],"version-history":[{"count":8,"href":"https:\/\/casinomira.com\/pt-br\/wp-json\/wp\/v2\/pages\/3712\/revisions"}],"predecessor-version":[{"id":11085,"href":"https:\/\/casinomira.com\/pt-br\/wp-json\/wp\/v2\/pages\/3712\/revisions\/11085"}],"wp:attachment":[{"href":"https:\/\/casinomira.com\/pt-br\/wp-json\/wp\/v2\/media?parent=3712"}],"curies":[{"name":"wp","href":"https:\/\/api.w.org\/{rel}","templated":true}]}}