{"id":8057,"date":"2021-07-30T15:21:21","date_gmt":"2021-07-30T12:21:21","guid":{"rendered":"http:\/\/casinomira.updated\/casinos-rating\/"},"modified":"2024-10-10T17:25:33","modified_gmt":"2024-10-10T14:25:33","slug":"casinos-rating","status":"publish","type":"page","link":"https:\/\/casinomira.com\/pt-br\/casinos-rating\/","title":{"rendered":"Classifica\u00e7\u00e3o do Cassino"},"content":{"rendered":"<p>Quando voc\u00ea tem uma infinidade de op\u00e7\u00f5es dispon\u00edveis, <a href=\"https:\/\/casinomira.com\/pt-br\/casino-bonuses\/\">cada uma prometendo uma experi\u00eancia \u00fanica<\/a>, os jogadores muitas vezes procuram pistas para jogar neste vasto cen\u00e1rio digital. \u00c9 a\u00ed que nossas classifica\u00e7\u00f5es de cassinos entram em a\u00e7\u00e3o, como far\u00f3is de confiabilidade, orientando os jogadores para os melhores estabelecimentos de apostas. <strong>Neste guia abrangente, vamos explorar as min\u00facias das classifica\u00e7\u00f5es de cassinos,<\/strong> analisar os crit\u00e9rios pelos quais os cassinos s\u00e3o avaliados, identificar os melhores estabelecimentos de apostas online e discutir o impacto das classifica\u00e7\u00f5es no processo de tomada de decis\u00e3o dos jogadores. <strong>Prepare-se para uma jornada emocionante pelo mundo das classifica\u00e7\u00f5es de cassinos!<\/strong><\/p>\n<h2><strong>Compreens\u00e3o das Classifica\u00e7\u00e3o do Cassino:<\/strong><\/h2>\n<p><strong>As classifica\u00e7\u00f5es de cassino servem como uma b\u00fassola para jogadores iniciantes e experientes<\/strong>, direcionando-os para plataformas de apostas respeit\u00e1veis e recompensadoras. Essas classifica\u00e7\u00f5es s\u00e3o meticulosamente elaboradas usando uma s\u00e9rie de crit\u00e9rios abrangentes que avaliam diversos aspectos do desempenho de um cassino. <strong>Fatores-chave, como sele\u00e7\u00e3o de jogos, experi\u00eancia do usu\u00e1rio, b\u00f4nus e promo\u00e7\u00f5es, m\u00e9todos de pagamento, suporte ao cliente<\/strong>, <strong>medidas de seguran\u00e7a e reputa\u00e7\u00e3o geral s\u00e3o<\/strong> cuidadosamente analisados. Munidos dessas informa\u00e7\u00f5es valiosas, <strong>os jogadores podem tomar decis\u00f5es informadas<\/strong> e escolher cassinos com confian\u00e7a que se alinhem \u00e0s suas prefer\u00eancias e expectativas de jogo.<\/p>\n<h3><strong>Os Crit\u00e9rios Utilizados nas Classifica\u00e7\u00e3o de Cassino<\/strong><\/h3>\n<p><strong>Sele\u00e7\u00e3o de Slots e Jogos<\/strong>: Os melhores<a href=\"https:\/\/casinomira.com\/pt-br\/casinos-rating\/new-casinos\/\"> cassinos online<\/a> oferecem uma vasta e variada cole\u00e7\u00e3o de jogos, desde slots cl\u00e1ssicos at\u00e9 op\u00e7\u00f5es inovadoras de dealers ao vivo. Ao se associarem com os principais provedores de jogos, eles oferecem a melhor experi\u00eancia de jogo. Os jogadores podem se envolver em <strong>slots<\/strong> <strong>tem\u00e1ticos<\/strong>, desfrutar de jogos de mesa como blackjack e roleta, e participar de empolgantes sess\u00f5es de cassino ao vivo.<\/p>\n<p><strong>Experi\u00eancia do Usu\u00e1rio<\/strong>: Uma experi\u00eancia do usu\u00e1rio de primeira classe \u00e9 vital, e os cassinos mais bem avaliados garantem uma interface perfeita e amig\u00e1vel. Com compatibilidade m\u00f3vel, os jogadores podem desfrutar de uma jornada de apostas suave e sem complica\u00e7\u00f5es em diversos dispositivos. A navega\u00e7\u00e3o intuitiva, design atraente e tempos r\u00e1pidos de carregamento contribuem para uma <strong>excelente experi\u00eancia do usu\u00e1rio<\/strong>, permitindo que os <strong>jogadores se concentrem apenas na emo\u00e7\u00e3o dos jogos classifica\u00e7\u00e3o\u00a0<\/strong>.<\/p>\n<p><strong>B\u00f4nus e Promo\u00e7\u00f5es<\/strong>: <strong>A generosidade dos cassinos mais bem avaliados n\u00e3o tem limites<\/strong>. Os jogadores podem esperar atraentes b\u00f4nus de boas-vindas, promo\u00e7\u00f5es regulares e recompensas de fidelidade que enriquecem sua aventura de jogo. Uma pol\u00edtica de b\u00f4nus justa e transparente \u00e9 crucial para a <strong>reputa\u00e7\u00e3o de um cassino<\/strong>, garantindo que os jogadores recebam o que lhes \u00e9 prometido, sem quaisquer termos ocultos.<\/p>\n<p><strong>M\u00e9todos de Pagamento<\/strong>: Cassinos confi\u00e1veis oferecem uma ampla variedade de op\u00e7\u00f5es de pagamento seguras e convenientes para <a href=\"\/?page_id=8147\">dep\u00f3sitos e saques sem complica\u00e7\u00f5es<\/a>, garantindo transa\u00e7\u00f5es financeiras sem problemas. Pagamentos r\u00e1pidos e eficientes s\u00e3o altamente valorizados pelos jogadores, e os cassinos mais bem avaliados se esfor\u00e7am para acomodar diversas prefer\u00eancias de pagamento.<\/p>\n<p><strong>Suporte ao Cliente<\/strong>: Os jogadores merecem assist\u00eancia de primeira classe sempre que necess\u00e1rio. Os melhores cassinos priorizam um suporte ao cliente responsivo e experiente, abordando todas as consultas com efici\u00eancia e cortesia. O suporte via chat ao vivo, e-mail e telefone deve estar dispon\u00edvel 24 horas por dia, oferecendo aos jogadores tranquilidade.<\/p>\n<p><strong>Seguran\u00e7a e Licen\u00e7a<\/strong>:<strong>Cassinos respeit\u00e1veis possuem licen\u00e7as v\u00e1lidas e utilizam<\/strong> tecnologia de criptografia de \u00faltima gera\u00e7\u00e3o para proteger as informa\u00e7\u00f5es pessoais e transa\u00e7\u00f5es financeiras dos jogadores, proporcionando um ambiente de jogo seguro e protegido. Pol\u00edticas de privacidade transparentes inspiram confian\u00e7a, assegurando aos jogadores que seus dados est\u00e3o protegidos.<\/p>\n<p><strong>Justi\u00e7a e RNG<\/strong>: Os cassinos mais bem avaliados s\u00e3o regularmente auditados para garantir a justi\u00e7a e utilizam <strong>Geradores<\/strong> de <strong>N\u00fameros Aleat\u00f3rios (RNG)<\/strong> para garantir que os resultados dos jogos sejam totalmente imparciais. Certifica\u00e7\u00f5es de ag\u00eancias de teste independentes atestam a justi\u00e7a do jogo, refor\u00e7ando o compromisso do cassino em oferecer um campo de jogo equitativo para todos os jogadores.<\/p>\n<h3><strong>Os Cassinos Melhor Avaliados<\/strong><\/h3>\n<p><a href=\"https:\/\/casinomira.com\/pt-br\/casino\/pelican-casino\/\"><strong>Pelican Casino<\/strong><\/a>: Estabelecendo o padr\u00e3o ouro para jogos em <a href=\"https:\/\/casinomira.com\/pt-br\/casinos-rating\/mobile-casinos\/\">dispositivos m\u00f3veis<\/a>, o Pelican Casino oferece aos jogadores uma ampla variedade de jogos, juntamente com op\u00e7\u00f5es seguras de transa\u00e7\u00f5es banc\u00e1rias e uma sequ\u00eancia cont\u00ednua de promo\u00e7\u00f5es empolgantes. A dedica\u00e7\u00e3o do cassino ao jogo justo e \u00e0 satisfa\u00e7\u00e3o do jogador \u00e9 verdadeiramente louv\u00e1vel, tornando-o uma escolha principal entre os jogadores m\u00f3veis.<\/p>\n<p><strong>Vegaz Casino<\/strong>: Encarnando o ep\u00edtome da excel\u00eancia <strong>m\u00f3vel, o Vegaz Casino deixa uma impress\u00e3o duradoura com seu design elegante<\/strong>, uma ampla variedade de op\u00e7\u00f5es de jogos e um atendimento ao cliente premiado. Colocando o jogo respons\u00e1vel no centro de sua miss\u00e3o, o Vegaz Casino prioriza o bem-estar dos jogadores acima de tudo.<\/p>\n<p><strong>888Starz.bet Casino<\/strong>: Um verdadeiro pioneiro na<strong> ind\u00fastria, o 888Starz.bet Casinoconquistou uma reputa\u00e7\u00e3o impec\u00e1vel ao longo dos anos<\/strong>. Orgulhando-se de uma vasta sele\u00e7\u00e3o de jogos, b\u00f4nus tentadores e um programa de fidelidade VIP, ele continua sendo um destino favorito para jogadores em todo o mundo, mantendo o compromisso de oferecer excel\u00eancia em todos os aspectos.<\/p>\n<p><a href=\"https:\/\/casinomira.com\/pt-br\/casino\/bonanzagame-casino\/\"><strong>Bonanza Casino<\/strong><\/a>: Uma lufada de ar fresco no mundo dos <strong>cassinos online, o Bananza Casino se destaca com sua abordagem transparente<\/strong>, oferecendo b\u00f4nus sem requisitos de apostas. Essa caracter\u00edstica distinta o diferencia da concorr\u00eancia e atende aos jogadores que buscam experi\u00eancias de jogo justas e transparentes.<\/p>\n<p><a href=\"https:\/\/casinomira.com\/pt-br\/casino\/good-day-4-play-casino\/\"><strong>GDF Casino<\/strong><\/a>: Emergindo como um nome proeminente na <strong>ind\u00fastria, o GDF Casino encanta os jogadores com uma ampla variedade de jogos<\/strong>, op\u00e7\u00f5es seguras de pagamento e um atendimento ao cliente excepcional. A adi\u00e7\u00e3o de apostas esportivas acrescenta uma camada extra de emo\u00e7\u00e3o, tornando-o um destino de apostas completo e emocionante para todos.<\/p>\n<p><strong>Classifica\u00e7\u00e3o de Cassinos: Explorando os Melhores Destinos de Apostas<\/strong><\/p>\n<p>No mundo em constante evolu\u00e7\u00e3o das apostas online, a busca pelo cassino perfeito pode ser uma tarefa assustadora. Com uma infinidade de op\u00e7\u00f5es dispon\u00edveis, cada uma prometendo uma experi\u00eancia excepcional, os jogadores muitas vezes buscam orienta\u00e7\u00e3o para navegar por esta vasta paisagem digital.<\/p>\n<p>\u00c9 a\u00ed que as classifica\u00e7\u00f5es de cassinos entram em a\u00e7\u00e3o como far\u00f3is de confian\u00e7a e confiabilidade, guiando os <strong>jogadores em dire\u00e7\u00e3o aos melhores destinos de apostas<\/strong>. Neste guia abrangente, vamos mergulhar nas min\u00facias das <strong>classifica\u00e7\u00f5es de cassinos<\/strong>, explorar os crit\u00e9rios usados para avaliar os cassinos, revelar os melhores estabelecimentos de apostas online e discutir o impacto das classifica\u00e7\u00f5es no processo de tomada de <strong>decis\u00e3o dos jogadores<\/strong>. Prepare-se para uma jornada envolvente pelo mundo das classifica\u00e7\u00f5es de cassinos!<\/p>\n<h2><strong>Compreens\u00e3o das Classifica\u00e7\u00f5es do Cassino<\/strong><\/h2>\n<p><strong>As classifica\u00e7\u00f5es de cassino servem como uma b\u00fassola para jogadores iniciantes<\/strong> e experientes, direcionando-os para plataformas de apostas respeit\u00e1veis e recompensadoras. Essas classifica\u00e7\u00f5es s\u00e3o meticulosamente elaboradas usando uma s\u00e9rie de crit\u00e9rios abrangentes que avaliam diversos aspectos do desempenho de um cassino.<\/p>\n<p>Fatores-chave, como sele\u00e7\u00e3o de jogos, experi\u00eancia do usu\u00e1rio, b\u00f4nus e promo\u00e7\u00f5es, m\u00e9todos de pagamento, suporte ao cliente, medidas de seguran\u00e7a e reputa\u00e7\u00e3o geral s\u00e3o cuidadosamente analisados. Munidos dessas informa\u00e7\u00f5es valiosas, os jogadores podem tomar decis\u00f5es informadas e escolher cassinos com confian\u00e7a que se alinhem \u00e0s suas prefer\u00eancias e expectativas de jogo.<\/p>\n<h2><strong>Conclus\u00e3o<\/strong><\/h2>\n<p>Nossos classifica\u00e7\u00e3o do cassino mais bem avaliados oferecem uma <strong>experi\u00eancia excepcional de jogo, garantindo<\/strong> aos jogadores momentos inesquec\u00edveis e agrad\u00e1veis, al\u00e9m de b\u00f4nus e pr\u00eamios incr\u00edveis. Munidos do conhecimento adquirido neste guia, voc\u00ea agora poder\u00e1 navegar pelo cassino virtual com confian\u00e7a. Deixe suas aventuras <strong>de jogo serem repletas de emo\u00e7\u00e3o<\/strong>, recompensas e momentos inesquec\u00edveis ao <strong>explorar os melhores estabelecimentos de apostas dispon\u00edveis para<\/strong> jogadores ao redor do mundo. Jogue com responsabilidade e desfrute do emocionante mundo das apostas online!<\/p>\n","protected":false},"excerpt":{"rendered":"<p>Quando voc\u00ea tem uma infinidade de op\u00e7\u00f5es dispon\u00edveis, cada uma prometendo uma experi\u00eancia \u00fanica, os jogadores muitas vezes procuram pistas para jogar neste vasto cen\u00e1rio digital. \u00c9 a\u00ed que nossas classifica\u00e7\u00f5es de cassinos entram em a\u00e7\u00e3o, como far\u00f3is de confiabilidade, orientando os jogadores para os melhores estabelecimentos de apostas. Neste guia abrangente, vamos explorar as [&hellip;]<\/p>\n","protected":false},"author":1,"featured_media":0,"parent":0,"menu_order":0,"comment_status":"closed","ping_status":"closed","template":"template-archive-casino1.php","meta":{"footnotes":""},"class_list":["post-8057","page","type-page","status-publish","hentry"],"acf":[],"yoast_head":"<!-- This site is optimized with the Yoast SEO plugin v21.9 - https:\/\/yoast.com\/wordpress\/plugins\/seo\/ -->\n<title>Classifica\u00e7\u00e3o do Cassino encontre os Melhores Cassinos Online no Brasil<\/title>\n<meta name=\"description\" content=\"Explore os melhores cassinos online no Brasil com o nosso abrangente guia de Classifica\u00e7\u00e3o de Cassinos. Descubra os melhores destinos de apostas, crit\u00e9rios meticulosos para avalia\u00e7\u00f5es e tome decis\u00f5es informadas para uma experi\u00eancia de jogo excepcional. Jogue de forma respons\u00e1vel e embarque em uma emocionante jornada no mundo das avalia\u00e7\u00f5es de cassinos brasileiros!\" \/>\n<meta name=\"robots\" content=\"index, follow, max-snippet:-1, max-image-preview:large, max-video-preview:-1\" \/>\n<link rel=\"canonical\" href=\"https:\/\/casinomira.com\/pt-br\/casinos-rating\/\" \/>\n<meta property=\"og:locale\" content=\"pt_BR\" \/>\n<meta property=\"og:type\" content=\"article\" \/>\n<meta property=\"og:title\" content=\"Classifica\u00e7\u00e3o do Cassino encontre os Melhores Cassinos Online no Brasil\" \/>\n<meta property=\"og:description\" content=\"Explore os melhores cassinos online no Brasil com o nosso abrangente guia de Classifica\u00e7\u00e3o de Cassinos. Descubra os melhores destinos de apostas, crit\u00e9rios meticulosos para avalia\u00e7\u00f5es e tome decis\u00f5es informadas para uma experi\u00eancia de jogo excepcional. Jogue de forma respons\u00e1vel e embarque em uma emocionante jornada no mundo das avalia\u00e7\u00f5es de cassinos brasileiros!\" \/>\n<meta property=\"og:url\" content=\"https:\/\/casinomira.com\/pt-br\/casinos-rating\/\" \/>\n<meta property=\"og:site_name\" content=\"CasinoMIRA.com\" \/>\n<meta property=\"article:modified_time\" content=\"2024-10-10T14:25:33+00:00\" \/>\n<meta name=\"twitter:card\" content=\"summary_large_image\" \/>\n<meta name=\"twitter:label1\" content=\"Est. tempo de leitura\" \/>\n\t<meta name=\"twitter:data1\" content=\"7 minutos\" \/>\n<script type=\"application\/ld+json\" class=\"yoast-schema-graph\">{\"@context\":\"https:\/\/schema.org\",\"@graph\":[{\"@type\":\"WebPage\",\"@id\":\"https:\/\/casinomira.com\/pt-br\/casinos-rating\/\",\"url\":\"https:\/\/casinomira.com\/pt-br\/casinos-rating\/\",\"name\":\"Classifica\u00e7\u00e3o do Cassino encontre os Melhores Cassinos Online no Brasil\",\"isPartOf\":{\"@id\":\"https:\/\/casinomira.com\/pt-br\/#website\"},\"datePublished\":\"2021-07-30T12:21:21+00:00\",\"dateModified\":\"2024-10-10T14:25:33+00:00\",\"description\":\"Explore os melhores cassinos online no Brasil com o nosso abrangente guia de Classifica\u00e7\u00e3o de Cassinos. Descubra os melhores destinos de apostas, crit\u00e9rios meticulosos para avalia\u00e7\u00f5es e tome decis\u00f5es informadas para uma experi\u00eancia de jogo excepcional. Jogue de forma respons\u00e1vel e embarque em uma emocionante jornada no mundo das avalia\u00e7\u00f5es de cassinos brasileiros!\",\"breadcrumb\":{\"@id\":\"https:\/\/casinomira.com\/pt-br\/casinos-rating\/#breadcrumb\"},\"inLanguage\":\"pt-BR\",\"potentialAction\":[{\"@type\":\"ReadAction\",\"target\":[\"https:\/\/casinomira.com\/pt-br\/casinos-rating\/\"]}]},{\"@type\":\"BreadcrumbList\",\"@id\":\"https:\/\/casinomira.com\/pt-br\/casinos-rating\/#breadcrumb\",\"itemListElement\":[{\"@type\":\"ListItem\",\"position\":1,\"name\":\"Home\",\"item\":\"https:\/\/casinomira.com\/pt-br\/\"},{\"@type\":\"ListItem\",\"position\":2,\"name\":\"Classifica\u00e7\u00e3o do Cassino\"}]},{\"@type\":\"WebSite\",\"@id\":\"https:\/\/casinomira.com\/pt-br\/#website\",\"url\":\"https:\/\/casinomira.com\/pt-br\/\",\"name\":\"CasinoMIRA.com\",\"description\":\"Online Casinos Canada \u2013 All About Online Gambling Canada.\",\"publisher\":{\"@id\":\"https:\/\/casinomira.com\/pt-br\/#organization\"},\"alternateName\":\"CasinoMIRA\",\"potentialAction\":[{\"@type\":\"SearchAction\",\"target\":{\"@type\":\"EntryPoint\",\"urlTemplate\":\"https:\/\/casinomira.com\/pt-br\/?s={search_term_string}\"},\"query-input\":\"required name=search_term_string\"}],\"inLanguage\":\"pt-BR\"},{\"@type\":\"Organization\",\"@id\":\"https:\/\/casinomira.com\/pt-br\/#organization\",\"name\":\"CasinoMIRA.com\",\"url\":\"https:\/\/casinomira.com\/pt-br\/\",\"logo\":{\"@type\":\"ImageObject\",\"inLanguage\":\"pt-BR\",\"@id\":\"https:\/\/casinomira.com\/pt-br\/#\/schema\/logo\/image\/\",\"url\":\"https:\/\/casinomira.com\/wp-content\/uploads\/2022\/12\/casinomira_logo_Y.svg\",\"contentUrl\":\"https:\/\/casinomira.com\/wp-content\/uploads\/2022\/12\/casinomira_logo_Y.svg\",\"caption\":\"CasinoMIRA.com\"},\"image\":{\"@id\":\"https:\/\/casinomira.com\/pt-br\/#\/schema\/logo\/image\/\"}}]}<\/script>\n<!-- \/ Yoast SEO plugin. -->","yoast_head_json":{"title":"Classifica\u00e7\u00e3o do Cassino encontre os Melhores Cassinos Online no Brasil","description":"Explore os melhores cassinos online no Brasil com o nosso abrangente guia de Classifica\u00e7\u00e3o de Cassinos. Descubra os melhores destinos de apostas, crit\u00e9rios meticulosos para avalia\u00e7\u00f5es e tome decis\u00f5es informadas para uma experi\u00eancia de jogo excepcional. Jogue de forma respons\u00e1vel e embarque em uma emocionante jornada no mundo das avalia\u00e7\u00f5es de cassinos brasileiros!","robots":{"index":"index","follow":"follow","max-snippet":"max-snippet:-1","max-image-preview":"max-image-preview:large","max-video-preview":"max-video-preview:-1"},"canonical":"https:\/\/casinomira.com\/pt-br\/casinos-rating\/","og_locale":"pt_BR","og_type":"article","og_title":"Classifica\u00e7\u00e3o do Cassino encontre os Melhores Cassinos Online no Brasil","og_description":"Explore os melhores cassinos online no Brasil com o nosso abrangente guia de Classifica\u00e7\u00e3o de Cassinos. Descubra os melhores destinos de apostas, crit\u00e9rios meticulosos para avalia\u00e7\u00f5es e tome decis\u00f5es informadas para uma experi\u00eancia de jogo excepcional. Jogue de forma respons\u00e1vel e embarque em uma emocionante jornada no mundo das avalia\u00e7\u00f5es de cassinos brasileiros!","og_url":"https:\/\/casinomira.com\/pt-br\/casinos-rating\/","og_site_name":"CasinoMIRA.com","article_modified_time":"2024-10-10T14:25:33+00:00","twitter_card":"summary_large_image","twitter_misc":{"Est. tempo de leitura":"7 minutos"},"schema":{"@context":"https:\/\/schema.org","@graph":[{"@type":"WebPage","@id":"https:\/\/casinomira.com\/pt-br\/casinos-rating\/","url":"https:\/\/casinomira.com\/pt-br\/casinos-rating\/","name":"Classifica\u00e7\u00e3o do Cassino encontre os Melhores Cassinos Online no Brasil","isPartOf":{"@id":"https:\/\/casinomira.com\/pt-br\/#website"},"datePublished":"2021-07-30T12:21:21+00:00","dateModified":"2024-10-10T14:25:33+00:00","description":"Explore os melhores cassinos online no Brasil com o nosso abrangente guia de Classifica\u00e7\u00e3o de Cassinos. Descubra os melhores destinos de apostas, crit\u00e9rios meticulosos para avalia\u00e7\u00f5es e tome decis\u00f5es informadas para uma experi\u00eancia de jogo excepcional. Jogue de forma respons\u00e1vel e embarque em uma emocionante jornada no mundo das avalia\u00e7\u00f5es de cassinos brasileiros!","breadcrumb":{"@id":"https:\/\/casinomira.com\/pt-br\/casinos-rating\/#breadcrumb"},"inLanguage":"pt-BR","potentialAction":[{"@type":"ReadAction","target":["https:\/\/casinomira.com\/pt-br\/casinos-rating\/"]}]},{"@type":"BreadcrumbList","@id":"https:\/\/casinomira.com\/pt-br\/casinos-rating\/#breadcrumb","itemListElement":[{"@type":"ListItem","position":1,"name":"Home","item":"https:\/\/casinomira.com\/pt-br\/"},{"@type":"ListItem","position":2,"name":"Classifica\u00e7\u00e3o do Cassino"}]},{"@type":"WebSite","@id":"https:\/\/casinomira.com\/pt-br\/#website","url":"https:\/\/casinomira.com\/pt-br\/","name":"CasinoMIRA.com","description":"Online Casinos Canada \u2013 All About Online Gambling Canada.","publisher":{"@id":"https:\/\/casinomira.com\/pt-br\/#organization"},"alternateName":"CasinoMIRA","potentialAction":[{"@type":"SearchAction","target":{"@type":"EntryPoint","urlTemplate":"https:\/\/casinomira.com\/pt-br\/?s={search_term_string}"},"query-input":"required name=search_term_string"}],"inLanguage":"pt-BR"},{"@type":"Organization","@id":"https:\/\/casinomira.com\/pt-br\/#organization","name":"CasinoMIRA.com","url":"https:\/\/casinomira.com\/pt-br\/","logo":{"@type":"ImageObject","inLanguage":"pt-BR","@id":"https:\/\/casinomira.com\/pt-br\/#\/schema\/logo\/image\/","url":"https:\/\/casinomira.com\/wp-content\/uploads\/2022\/12\/casinomira_logo_Y.svg","contentUrl":"https:\/\/casinomira.com\/wp-content\/uploads\/2022\/12\/casinomira_logo_Y.svg","caption":"CasinoMIRA.com"},"image":{"@id":"https:\/\/casinomira.com\/pt-br\/#\/schema\/logo\/image\/"}}]}},"_links":{"self":[{"href":"https:\/\/casinomira.com\/pt-br\/wp-json\/wp\/v2\/pages\/8057","targetHints":{"allow":["GET"]}}],"collection":[{"href":"https:\/\/casinomira.com\/pt-br\/wp-json\/wp\/v2\/pages"}],"about":[{"href":"https:\/\/casinomira.com\/pt-br\/wp-json\/wp\/v2\/types\/page"}],"author":[{"embeddable":true,"href":"https:\/\/casinomira.com\/pt-br\/wp-json\/wp\/v2\/users\/1"}],"replies":[{"embeddable":true,"href":"https:\/\/casinomira.com\/pt-br\/wp-json\/wp\/v2\/comments?post=8057"}],"version-history":[{"count":7,"href":"https:\/\/casinomira.com\/pt-br\/wp-json\/wp\/v2\/pages\/8057\/revisions"}],"predecessor-version":[{"id":11072,"href":"https:\/\/casinomira.com\/pt-br\/wp-json\/wp\/v2\/pages\/8057\/revisions\/11072"}],"wp:attachment":[{"href":"https:\/\/casinomira.com\/pt-br\/wp-json\/wp\/v2\/media?parent=8057"}],"curies":[{"name":"wp","href":"https:\/\/api.w.org\/{rel}","templated":true}]}}