{"id":8085,"date":"2021-07-30T15:50:22","date_gmt":"2021-07-30T12:50:22","guid":{"rendered":"http:\/\/casinomira.updated\/casinos-rating\/no-deposit-casinos\/"},"modified":"2024-10-10T17:33:05","modified_gmt":"2024-10-10T14:33:05","slug":"no-deposit-casinos","status":"publish","type":"page","link":"https:\/\/casinomira.com\/pt-br\/casinos-rating\/no-deposit-casinos\/","title":{"rendered":"Casinos sem dep\u00f3sito"},"content":{"rendered":"<p>Os b\u00f4nus sem dep\u00f3sito s\u00e3o o tipo mais atrativo de presente dispon\u00edvel para os clientes registrados em cassinos online. A principal vantagem desse tipo de recompensa \u00e9 que o usu\u00e1rio pode come\u00e7ar a jogar ca\u00e7a-n\u00edqueis literalmente do zero, sem fazer seus pr\u00f3prios investimentos. Os b\u00f4nus de cassino sem dep\u00f3sito s\u00e3o especialmente apreciados por iniciantes que n\u00e3o possuem experi\u00eancia suficiente em jogos de azar. O valor do b\u00f4nus sem dep\u00f3sito geralmente n\u00e3o \u00e9 muito alto, mas \u00e9 o suficiente para uma sess\u00e3o de jogo eficaz com apostas baixas. Se o jogador tiver sucesso, poder\u00e1 ganhar um capital inicial para continuar jogando. Bem, em um cen\u00e1rio desfavor\u00e1vel, o usu\u00e1rio n\u00e3o perde nada, mas, pelo contr\u00e1rio, adquire uma valiosa experi\u00eancia pr\u00e1tica de jogar com dinheiro real. Os b\u00f4nus sem dep\u00f3sito para registro s\u00e3o emitidos apenas uma vez e s\u00e3o retirados para a conta ap\u00f3s o cumprimento de certas condi\u00e7\u00f5es de apostas.<\/p>\n<h2><strong>Como escolher o cassino sem dep\u00f3sito certo?<\/strong><\/h2>\n<p>Para entender em quais crit\u00e9rios voc\u00ea deve prestar aten\u00e7\u00e3o ao escolher cassinos sem dep\u00f3sito, sugerimos destacar as seguintes nuances do cassino:<\/p>\n<p>Disponibilidade de licen\u00e7a; Avalia\u00e7\u00f5es positivas e negativas de f\u00e3s de jogos de azar e especialistas independentes; Disponibilidade de diferentes op\u00e7\u00f5es de b\u00f4nus, promo\u00e7\u00f5es e outros incentivos; Um cassino com alta classifica\u00e7\u00e3o deve ter uma vasta biblioteca de ca\u00e7a-n\u00edqueis licenciados; Relev\u00e2ncia entre os usu\u00e1rios; Servi\u00e7os de pagamento, velocidade geral de transfer\u00eancia de fundos e saque de dinheiro ganho ao jogar nas m\u00e1quinas ca\u00e7a-n\u00edqueis; Resposta r\u00e1pida do suporte t\u00e9cnico a diferentes solicita\u00e7\u00f5es dos jogadores; Recursos de gerenciamento convenientes; Presen\u00e7a de um clube de jogos para celular e assim por diante.<\/p>\n<p>Como voc\u00ea pode ver, a filtragem \u00e9 capaz de destacar quaisquer par\u00e2metros e fornecer exatamente as op\u00e7\u00f5es que atendam a todos os requisitos dos jogadores. O foco na forma\u00e7\u00e3o da classifica\u00e7\u00e3o \u00e9 geralmente feito em pontos bastante importantes, nos quais cada usu\u00e1rio deve levar em considera\u00e7\u00e3o os crit\u00e9rios principais.<\/p>\n<h3><strong>Os principais crit\u00e9rios para avaliar a classifica\u00e7\u00e3o dos cassinos sem dep\u00f3sito<\/strong><\/h3>\n<p>O n\u00famero de cassinos online ultrapassa v\u00e1rias centenas. N\u00e3o \u00e9 t\u00e3o f\u00e1cil para os jogadores iniciantes encontrar um clube honesto e confort\u00e1vel. A classifica\u00e7\u00e3o de cassinos sem dep\u00f3sito online economiza tempo e ajuda a comparar diferentes clubes online de acordo com v\u00e1rios crit\u00e9rios. Se o cassino n\u00e3o tiver um certificado do regulador ou o operador perder esse privil\u00e9gio por algum motivo, a plataforma fica fora do topo. Os seguintes crit\u00e9rios de avalia\u00e7\u00e3o geralmente s\u00e3o considerados:<\/p>\n<h3><strong>Classifica\u00e7\u00e3o geral;<\/strong><\/h3>\n<p>As primeiras posi\u00e7\u00f5es dos cassinos com rodadas gr\u00e1tis sem dep\u00f3sito s\u00e3o ocupadas apenas por cassinos online comprovados e confi\u00e1veis. O fator chave ao escolher um clube \u00e9 a licen\u00e7a. Em diferentes sites de informa\u00e7\u00f5es, a lista dos 100 melhores portais de jogos pode variar significativamente. Um mesmo cassino pode estar entre os dez primeiros em um site e, por outro lado, estar no final da classifica\u00e7\u00e3o em outro. Isso \u00e9 uma pr\u00e1tica bastante normal, pois os crit\u00e9rios de avalia\u00e7\u00e3o s\u00e3o diferentes.<\/p>\n<h3><strong>Jogos e software;<\/strong><\/h3>\n<p>Voc\u00ea pode fazer apostas nos principais clubes n\u00e3o apenas em ca\u00e7a-n\u00edqueis. A administra\u00e7\u00e3o oferece solu\u00e7\u00f5es de cassino ao vivo, simuladores de jogos de mesa e torneios.<\/p>\n<p>B\u00f4nus e promo\u00e7\u00f5es;<\/p>\n<p>A variedade de op\u00e7\u00f5es de b\u00f4nus n\u00e3o significa necessariamente uma vantagem para o jogador. Alguns clubes imp\u00f5em requisitos de apostas muito altos. Como resultado, pode ser simplesmente imposs\u00edvel cumprir os requisitos de apostas. O tipo de b\u00f4nus mais valioso nas classifica\u00e7\u00f5es de cassinos online \u00e9 considerado um presente sem dep\u00f3sito.<\/p>\n<h3><strong>Suporte ao cliente;<\/strong><\/h3>\n<p>Mesmo nos cassinos mais justos e seguros, existem jogadores insatisfeitos ou aqueles que tiveram alguns problemas. Bons cassinos est\u00e3o sempre em contato com seus clientes e os ajudam a resolver qualquer problema. Se a administra\u00e7\u00e3o do cassino n\u00e3o resolve o problema, n\u00e3o reage a coment\u00e1rios negativos, isso significa que a administra\u00e7\u00e3o n\u00e3o valoriza seus jogadores e o cassino online sem dep\u00f3sito n\u00e3o est\u00e1 interessado neles.<\/p>\n<h3><strong>Tempos e limites de saque;<\/strong><\/h3>\n<p>Os cassinos sem dep\u00f3sito empregam os melhores servi\u00e7os de pagamento: carteiras eletr\u00f4nicas, servi\u00e7os banc\u00e1rios m\u00f3veis online, cart\u00f5es banc\u00e1rios e de cr\u00e9dito. Apesar do fato de os cassinos com rodadas gr\u00e1tis sem dep\u00f3sito oferecerem dinheiro gr\u00e1tis, n\u00e3o \u00e9 poss\u00edvel sac\u00e1-lo imediatamente.<\/p>\n<p>Gostar\u00edamos de lembrar mais uma vez sobre a import\u00e2ncia de escolher os cassinos sem dep\u00f3sito certos. Nem todos os estabelecimentos s\u00e3o generosos. Sempre faz sentido se registrar em v\u00e1rios cassinos e obter alguns b\u00f4nus.<\/p>\n<h2><strong>Como obter um b\u00f4nus sem dep\u00f3sito em um cassino online?<\/strong><\/h2>\n<p>Na maioria das vezes, para reivindicar uma oferta espec\u00edfica sem dep\u00f3sito, voc\u00ea precisar\u00e1 clicar no bot\u00e3o especial de b\u00f4nus. No entanto, \u00e0s vezes \u00e9 necess\u00e1rio usar c\u00f3digos espec\u00edficos de cassino sem dep\u00f3sito ao se registrar para ativar o b\u00f4nus.<\/p>\n<p>Como regra geral, voc\u00ea pode obter um b\u00f4nus sem dep\u00f3sito seguindo o algoritmo de a\u00e7\u00f5es mais simples.<\/p>\n<p>Etapa 1: Encontre um site de jogos confi\u00e1vel que ofere\u00e7a um b\u00f4nus de registro.<\/p>\n<p>Voc\u00ea pode escolher o melhor clube online usando classifica\u00e7\u00f5es de cassino com an\u00e1lises detalhadas para cada cassino. Voc\u00ea tamb\u00e9m pode ver a lista atual de b\u00f4nus e escolher uma oferta adequada para voc\u00ea. Se voc\u00ea est\u00e1 procurando um b\u00f4nus de um cassino espec\u00edfico, use o filtro apropriado.<\/p>\n<p>Etapa 2: Leia os termos e condi\u00e7\u00f5es.<\/p>\n<p>\u00c9 melhor fazer isso no site oficial da organiza\u00e7\u00e3o, pois as informa\u00e7\u00f5es em outros recursos da web podem ser imprecisas e irrelevantes, o que resultar\u00e1 em pequenas ou at\u00e9 mesmo grandes perdas financeiras.<\/p>\n<p>Etapa 3: Registrar-se.<\/p>\n<p>Na maioria dos estabelecimentos, voc\u00ea pode fazer isso por e-mail, n\u00famero de telefone ou atrav\u00e9s de uma rede social. Esses par\u00e2metros s\u00e3o os logins para autoriza\u00e7\u00e3o. Voc\u00ea tamb\u00e9m ter\u00e1 que criar uma senha: quanto mais complexa for, mais segura ser\u00e1.<\/p>\n<p>Etapa 4: Passar pela verifica\u00e7\u00e3o.<\/p>\n<p>Para isso, voc\u00ea ter\u00e1 que fornecer informa\u00e7\u00f5es do seu passaporte, bem como enviar uma foto e digitaliza\u00e7\u00e3o delePara fazer isso, voc\u00ea precisar\u00e1 indicar informa\u00e7\u00f5es do seu passaporte, al\u00e9m de enviar sua foto e digitaliza\u00e7\u00e3o. Talvez seja necess\u00e1rio uma selfie, juntamente com um documento de identifica\u00e7\u00e3o. Nessa etapa, voc\u00ea ter\u00e1 que aguardar enquanto o administrador verifica os dados.<\/p>\n<p>Etapa 5: Obtenha seu b\u00f4nus.<\/p>\n<p>Depois disso, tudo o que resta \u00e9 receber um b\u00f4nus sem dep\u00f3sito em sua conta de jogo e us\u00e1-lo de acordo com sua finalidade. Todo o procedimento n\u00e3o levar\u00e1 nem mesmo 10 minutos.<\/p>\n<p>Tipos de b\u00f4nus sem dep\u00f3sito em cassinos online<\/p>\n<p>Os b\u00f4nus de inscri\u00e7\u00e3o sem dep\u00f3sito s\u00e3o a pr\u00e1tica mais comum que fornece aos cassinos uma entrada de novos clientes. Para aproveitar esse presente, um jogador s\u00f3 precisa se registrar no site do cassino. Nesse caso, deve haver apenas uma conta. Se a administra\u00e7\u00e3o descobrir que v\u00e1rios perfis foram registrados para um \u00fanico usu\u00e1rio ou a partir de um \u00fanico endere\u00e7o IP, todos eles ser\u00e3o bloqueados.<\/p>\n<p>Como voc\u00ea j\u00e1 entendeu, existem muitos tipos de cassinos com rodadas gr\u00e1tis sem dep\u00f3sito e suas ofertas. Ent\u00e3o, vamos considerar as ofertas sem dep\u00f3sito mais populares que voc\u00ea pode esperar ver.<\/p>\n<h2><strong>B\u00f4nus de inscri\u00e7\u00e3o sem dep\u00f3sito<\/strong><\/h2>\n<p>Este \u00e9 um cr\u00e9dito de boas-vindas sem dep\u00f3sito emitido na forma de dinheiro ou rodadas gr\u00e1tis. Se voc\u00ea deseja obter esse b\u00f4nus, ser\u00e1 suficiente indicar um pequeno conjunto de dados sobre voc\u00ea, na maioria das vezes &#8211; um n\u00famero de telefone ou e-mail, uma senha (invente). Muitas vezes, para retirar os ganhos online, voc\u00ea precisar\u00e1 passar pelo procedimento de verifica\u00e7\u00e3o, indicando dados do passaporte &#8211; s\u00e9rie e n\u00famero, data de nascimento, local de registro, etc.<\/p>\n<h2><strong>Presentes para as festas<\/strong><\/h2>\n<p>Na maioria das vezes, os b\u00f4nus sem dep\u00f3sito s\u00e3o emitidos para o anivers\u00e1rio, Ano Novo e outras datas significativas (por exemplo, durante os eventos festivos do pr\u00f3prio cassino sem dep\u00f3sito). Para receber um pr\u00eamio, voc\u00ea precisa entrar em contato com o suporte t\u00e9cnico e especificar o c\u00f3digo promocional.<\/p>\n<p>B\u00f4nus para obten\u00e7\u00e3o de status VIP<\/p>\n<p>Se um jogador atinge um novo n\u00edvel no programa de fidelidade que excede o status anterior, ele tamb\u00e9m pode receber b\u00f4nus especiais sem dep\u00f3sito. Isso \u00e9 determinado pelas condi\u00e7\u00f5es espec\u00edficas de um determinado cassino sem dep\u00f3sito online, mas quanto maior o n\u00edvel, mais generoso \u00e9 o b\u00f4nus.<\/p>\n<h2><strong>B\u00f4nus para atrair um novo jogador<\/strong><\/h2>\n<p>Na maioria das vezes, o usu\u00e1rio recebe uma porcentagem da contribui\u00e7\u00e3o do jogador, embora \u00e0s vezes o sistema permita que eles obtenham uma recompensa sem reabastecer a conta, em um valor fixo.<\/p>\n<p>As rodadas gr\u00e1tis recebidas como b\u00f4nus sem dep\u00f3sito s\u00e3o geralmente inclu\u00eddas no pacote inicial como um complemento ao presente em dinheiro. No entanto, as rodadas gr\u00e1tis em ca\u00e7a-n\u00edqueis selecionados podem ser obtidas como um presente separado. Isso depender\u00e1 das capacidades e da pol\u00edtica de b\u00f4nus do operador.<\/p>\n<p>Um b\u00f4nus gratuito emitido como dinheiro real para jogar \u00e9 fornecido aos visitantes que criaram uma conta e preencheram o formul\u00e1rio de registro. O b\u00f4nus geralmente \u00e9 destinado a novos jogadores. Em alguns casos, por iniciativa da administra\u00e7\u00e3o do site, ele \u00e9 emitido para incentivar usu\u00e1rios inativos a jogar novamente.<\/p>\n<p>Os diferentes motivos para emitir um b\u00f4nus sem dep\u00f3sito ditam diferentes condi\u00e7\u00f5es para seu uso e resgate.<\/p>\n<h2><strong>Op\u00e7\u00f5es para obter dinheiro real ou rodadas gr\u00e1tis em cassinos sem dep\u00f3sito<\/strong><\/h2>\n<p>Os cassinos com rodadas gr\u00e1tis sem dep\u00f3sito tamb\u00e9m diferem uns dos outros na forma de obter um b\u00f4nus sem dep\u00f3sito. Atualmente, as seguintes op\u00e7\u00f5es s\u00e3o as mais comuns:<\/p>\n<p>Automaticamente ap\u00f3s o registro. A maioria das rodadas gr\u00e1tis em cassinos \u00e9 emitida para os usu\u00e1rios imediatamente ap\u00f3s o registro de suas contas. Este m\u00e9todo difere do anterior apenas pelo fato de que, ap\u00f3s o registro, o jogador precisar\u00e1 ativar a conta por e-mail ou telefone. Se necess\u00e1rio, use a fonte de alimenta\u00e7\u00e3o. Com um c\u00f3digo. Os c\u00f3digos de b\u00f4nus podem ser inseridos durante o processo de registro ou ap\u00f3s ele. Os c\u00f3digos podem ser exclusivos e p\u00fablicos. Sem c\u00f3digos. Este m\u00e9todo \u00e9 amplamente utilizado em cassinos sem dep\u00f3sito. O usu\u00e1rio simplesmente precisa registrar uma conta pela primeira vez. Se necess\u00e1rio, ele pode confirmar o n\u00famero de telefone. C\u00f3digos de b\u00f4nus de cassino online sem dep\u00f3sito<\/p>\n<p>A ativa\u00e7\u00e3o com um c\u00f3digo promocional \u00e9 usada em diferentes tipos de ofertas sem dep\u00f3sito. No caso de b\u00f4nus de boas-vindas, o conjunto de s\u00edmbolos pode ser encontrado na p\u00e1gina principal, no formul\u00e1rio de registro ou na carta enviada ao usu\u00e1rio para confirmar o endere\u00e7o de e-mail. As promo\u00e7\u00f5es podem ser realizadas em conjunto com sites parceiros. O c\u00f3digo geralmente est\u00e1 hospedado em um recurso de terceiros. A promo\u00e7\u00e3o fornecida ao jogador \u00e9 individual e ativada por um c\u00f3digo promocional \u00fanico. Ele \u00e9 enviado por e-mail, SMS, exibido na Conta Pessoal ou creditado pelo funcion\u00e1rio do cassino no chat online.<\/p>\n<h2><strong>Cassinos sem dep\u00f3sito no Brazil<\/strong><\/h2>\n<p>Atualmente, os cassinos n\u00e3o podem operar legalmente no Brazil, no entanto, se eles operam offshore e est\u00e3o registrados nas autoridades canadenses, os usu\u00e1rios podem jogar nesses sites. Existem v\u00e1rios cassinos online que s\u00e3o operados por governos locais. O fato \u00e9 que o jogo online ainda \u00e9 uma \u00e1rea cinzenta no Brazil. H\u00e1 muitos cassinos online de alta qualidade para canadenses que oferecem b\u00f4nus sem dep\u00f3sito.<\/p>\n<h2><strong>Como apostar o b\u00f4nus em cassinos sem dep\u00f3sito no Brazil<\/strong><\/h2>\n<p>Cada site tem seus pr\u00f3prios requisitos de aposta, que tamb\u00e9m variam dependendo do tipo de b\u00f4nus. Em primeiro lugar, a aposta \u00e9 o n\u00famero de apostas que um jogador precisa fazer para ter a oportunidade de sacar seus ganhos. Por exemplo, se voc\u00ea recebeu 10 CAD sem dep\u00f3sito e a aposta \u00e9 x30, os usu\u00e1rios precisam fazer 300 giros de 1 CAD cada. O per\u00edodo de aposta \u00e9 o per\u00edodo que come\u00e7a quando o b\u00f4nus \u00e9 ativado e termina quando ele \u00e9 encerrado. O usu\u00e1rio deve cumprir esse prazo, caso contr\u00e1rio, os fundos do pr\u00eamio ser\u00e3o cancelados. Os cassinos estabelecem uma lista de jogos nos quais o b\u00f4nus pode ser apostado.<\/p>\n<h2><strong>Conclus\u00e3o<\/strong><\/h2>\n<p>Ao jogar em um site de jogos de azarcom um b\u00f4nus sem dep\u00f3sito, voc\u00ea tem a real oportunidade de obter lucro sem investir seu pr\u00f3prio dinheiro. No entanto, alguns operadores, antes de sacar o presente, podem exigir que o cliente verifique o instrumento de pagamento fazendo um dep\u00f3sito m\u00ednimo. E se o usu\u00e1rio se recusar a fazer isso, o saque ser\u00e1 negado. De qualquer forma, se voc\u00ea n\u00e3o gostar, n\u00e3o perder\u00e1 nada. Bem, se voc\u00ea gostar, poder\u00e1 criar um bankroll com seus pr\u00f3prios fundos ap\u00f3s praticar com o b\u00f4nus. Em conclus\u00e3o, lembramos que jogar em cassinos sem dep\u00f3sito pode gerar dinheiro apenas se todos os requisitos de aposta forem cumpridos. Para evitar decep\u00e7\u00f5es e correspond\u00eancias com o suporte t\u00e9cnico, estude cuidadosamente os termos do programa de b\u00f4nus nas regras do site do cassino. Boa sorte e divirta-se!<\/p>\n","protected":false},"excerpt":{"rendered":"<p>Os b\u00f4nus sem dep\u00f3sito s\u00e3o o tipo mais atrativo de presente dispon\u00edvel para os clientes registrados em cassinos online. A principal vantagem desse tipo de recompensa \u00e9 que o usu\u00e1rio pode come\u00e7ar a jogar ca\u00e7a-n\u00edqueis literalmente do zero, sem fazer seus pr\u00f3prios investimentos. Os b\u00f4nus de cassino sem dep\u00f3sito s\u00e3o especialmente apreciados por iniciantes que [&hellip;]<\/p>\n","protected":false},"author":1,"featured_media":0,"parent":8057,"menu_order":0,"comment_status":"closed","ping_status":"closed","template":"template-archive-casino1.php","meta":{"footnotes":""},"class_list":["post-8085","page","type-page","status-publish","hentry"],"acf":[],"yoast_head":"<!-- This site is optimized with the Yoast SEO plugin v21.9 - https:\/\/yoast.com\/wordpress\/plugins\/seo\/ -->\n<title>Casinos Sem Dep\u00f3sito: Experimente a Divers\u00e3o do Jogo Sem Riscos<\/title>\n<meta name=\"description\" content=\"Est\u00e1 procurando ofertas e cassinos sem dep\u00f3sito confi\u00e1veis e generosos? Aqui voc\u00ea encontrar\u00e1 fatos interessantes sobre classifica\u00e7\u00f5es de cassinos on-line, rodadas gr\u00e1tis de cassinos sem dep\u00f3sito e muito mais informa\u00e7\u00f5es \u00fateis para um jogo lucrativo.\" \/>\n<meta name=\"robots\" content=\"index, follow, max-snippet:-1, max-image-preview:large, max-video-preview:-1\" \/>\n<link rel=\"canonical\" href=\"https:\/\/casinomira.com\/pt-br\/casinos-rating\/no-deposit-casinos\/\" \/>\n<meta property=\"og:locale\" content=\"pt_BR\" \/>\n<meta property=\"og:type\" content=\"article\" \/>\n<meta property=\"og:title\" content=\"Casinos Sem Dep\u00f3sito: Experimente a Divers\u00e3o do Jogo Sem Riscos\" \/>\n<meta property=\"og:description\" content=\"Est\u00e1 procurando ofertas e cassinos sem dep\u00f3sito confi\u00e1veis e generosos? Aqui voc\u00ea encontrar\u00e1 fatos interessantes sobre classifica\u00e7\u00f5es de cassinos on-line, rodadas gr\u00e1tis de cassinos sem dep\u00f3sito e muito mais informa\u00e7\u00f5es \u00fateis para um jogo lucrativo.\" \/>\n<meta property=\"og:url\" content=\"https:\/\/casinomira.com\/pt-br\/casinos-rating\/no-deposit-casinos\/\" \/>\n<meta property=\"og:site_name\" content=\"CasinoMIRA.com\" \/>\n<meta property=\"article:modified_time\" content=\"2024-10-10T14:33:05+00:00\" \/>\n<meta name=\"twitter:card\" content=\"summary_large_image\" \/>\n<meta name=\"twitter:label1\" content=\"Est. tempo de leitura\" \/>\n\t<meta name=\"twitter:data1\" content=\"12 minutos\" \/>\n<script type=\"application\/ld+json\" class=\"yoast-schema-graph\">{\"@context\":\"https:\/\/schema.org\",\"@graph\":[{\"@type\":\"WebPage\",\"@id\":\"https:\/\/casinomira.com\/pt-br\/casinos-rating\/no-deposit-casinos\/\",\"url\":\"https:\/\/casinomira.com\/pt-br\/casinos-rating\/no-deposit-casinos\/\",\"name\":\"Casinos Sem Dep\u00f3sito: Experimente a Divers\u00e3o do Jogo Sem Riscos\",\"isPartOf\":{\"@id\":\"https:\/\/casinomira.com\/pt-br\/#website\"},\"datePublished\":\"2021-07-30T12:50:22+00:00\",\"dateModified\":\"2024-10-10T14:33:05+00:00\",\"description\":\"Est\u00e1 procurando ofertas e cassinos sem dep\u00f3sito confi\u00e1veis e generosos? Aqui voc\u00ea encontrar\u00e1 fatos interessantes sobre classifica\u00e7\u00f5es de cassinos on-line, rodadas gr\u00e1tis de cassinos sem dep\u00f3sito e muito mais informa\u00e7\u00f5es \u00fateis para um jogo lucrativo.\",\"breadcrumb\":{\"@id\":\"https:\/\/casinomira.com\/pt-br\/casinos-rating\/no-deposit-casinos\/#breadcrumb\"},\"inLanguage\":\"pt-BR\",\"potentialAction\":[{\"@type\":\"ReadAction\",\"target\":[\"https:\/\/casinomira.com\/pt-br\/casinos-rating\/no-deposit-casinos\/\"]}]},{\"@type\":\"BreadcrumbList\",\"@id\":\"https:\/\/casinomira.com\/pt-br\/casinos-rating\/no-deposit-casinos\/#breadcrumb\",\"itemListElement\":[{\"@type\":\"ListItem\",\"position\":1,\"name\":\"Home\",\"item\":\"https:\/\/casinomira.com\/pt-br\/\"},{\"@type\":\"ListItem\",\"position\":2,\"name\":\"Classifica\u00e7\u00e3o do Cassino\",\"item\":\"https:\/\/casinomira.com\/pt-br\/casinos-rating\/\"},{\"@type\":\"ListItem\",\"position\":3,\"name\":\"Casinos sem dep\u00f3sito\"}]},{\"@type\":\"WebSite\",\"@id\":\"https:\/\/casinomira.com\/pt-br\/#website\",\"url\":\"https:\/\/casinomira.com\/pt-br\/\",\"name\":\"CasinoMIRA.com\",\"description\":\"Online Casinos Canada \u2013 All About Online Gambling Canada.\",\"publisher\":{\"@id\":\"https:\/\/casinomira.com\/pt-br\/#organization\"},\"alternateName\":\"CasinoMIRA\",\"potentialAction\":[{\"@type\":\"SearchAction\",\"target\":{\"@type\":\"EntryPoint\",\"urlTemplate\":\"https:\/\/casinomira.com\/pt-br\/?s={search_term_string}\"},\"query-input\":\"required name=search_term_string\"}],\"inLanguage\":\"pt-BR\"},{\"@type\":\"Organization\",\"@id\":\"https:\/\/casinomira.com\/pt-br\/#organization\",\"name\":\"CasinoMIRA.com\",\"url\":\"https:\/\/casinomira.com\/pt-br\/\",\"logo\":{\"@type\":\"ImageObject\",\"inLanguage\":\"pt-BR\",\"@id\":\"https:\/\/casinomira.com\/pt-br\/#\/schema\/logo\/image\/\",\"url\":\"https:\/\/casinomira.com\/wp-content\/uploads\/2022\/12\/casinomira_logo_Y.svg\",\"contentUrl\":\"https:\/\/casinomira.com\/wp-content\/uploads\/2022\/12\/casinomira_logo_Y.svg\",\"caption\":\"CasinoMIRA.com\"},\"image\":{\"@id\":\"https:\/\/casinomira.com\/pt-br\/#\/schema\/logo\/image\/\"}}]}<\/script>\n<!-- \/ Yoast SEO plugin. -->","yoast_head_json":{"title":"Casinos Sem Dep\u00f3sito: Experimente a Divers\u00e3o do Jogo Sem Riscos","description":"Est\u00e1 procurando ofertas e cassinos sem dep\u00f3sito confi\u00e1veis e generosos? Aqui voc\u00ea encontrar\u00e1 fatos interessantes sobre classifica\u00e7\u00f5es de cassinos on-line, rodadas gr\u00e1tis de cassinos sem dep\u00f3sito e muito mais informa\u00e7\u00f5es \u00fateis para um jogo lucrativo.","robots":{"index":"index","follow":"follow","max-snippet":"max-snippet:-1","max-image-preview":"max-image-preview:large","max-video-preview":"max-video-preview:-1"},"canonical":"https:\/\/casinomira.com\/pt-br\/casinos-rating\/no-deposit-casinos\/","og_locale":"pt_BR","og_type":"article","og_title":"Casinos Sem Dep\u00f3sito: Experimente a Divers\u00e3o do Jogo Sem Riscos","og_description":"Est\u00e1 procurando ofertas e cassinos sem dep\u00f3sito confi\u00e1veis e generosos? Aqui voc\u00ea encontrar\u00e1 fatos interessantes sobre classifica\u00e7\u00f5es de cassinos on-line, rodadas gr\u00e1tis de cassinos sem dep\u00f3sito e muito mais informa\u00e7\u00f5es \u00fateis para um jogo lucrativo.","og_url":"https:\/\/casinomira.com\/pt-br\/casinos-rating\/no-deposit-casinos\/","og_site_name":"CasinoMIRA.com","article_modified_time":"2024-10-10T14:33:05+00:00","twitter_card":"summary_large_image","twitter_misc":{"Est. tempo de leitura":"12 minutos"},"schema":{"@context":"https:\/\/schema.org","@graph":[{"@type":"WebPage","@id":"https:\/\/casinomira.com\/pt-br\/casinos-rating\/no-deposit-casinos\/","url":"https:\/\/casinomira.com\/pt-br\/casinos-rating\/no-deposit-casinos\/","name":"Casinos Sem Dep\u00f3sito: Experimente a Divers\u00e3o do Jogo Sem Riscos","isPartOf":{"@id":"https:\/\/casinomira.com\/pt-br\/#website"},"datePublished":"2021-07-30T12:50:22+00:00","dateModified":"2024-10-10T14:33:05+00:00","description":"Est\u00e1 procurando ofertas e cassinos sem dep\u00f3sito confi\u00e1veis e generosos? Aqui voc\u00ea encontrar\u00e1 fatos interessantes sobre classifica\u00e7\u00f5es de cassinos on-line, rodadas gr\u00e1tis de cassinos sem dep\u00f3sito e muito mais informa\u00e7\u00f5es \u00fateis para um jogo lucrativo.","breadcrumb":{"@id":"https:\/\/casinomira.com\/pt-br\/casinos-rating\/no-deposit-casinos\/#breadcrumb"},"inLanguage":"pt-BR","potentialAction":[{"@type":"ReadAction","target":["https:\/\/casinomira.com\/pt-br\/casinos-rating\/no-deposit-casinos\/"]}]},{"@type":"BreadcrumbList","@id":"https:\/\/casinomira.com\/pt-br\/casinos-rating\/no-deposit-casinos\/#breadcrumb","itemListElement":[{"@type":"ListItem","position":1,"name":"Home","item":"https:\/\/casinomira.com\/pt-br\/"},{"@type":"ListItem","position":2,"name":"Classifica\u00e7\u00e3o do Cassino","item":"https:\/\/casinomira.com\/pt-br\/casinos-rating\/"},{"@type":"ListItem","position":3,"name":"Casinos sem dep\u00f3sito"}]},{"@type":"WebSite","@id":"https:\/\/casinomira.com\/pt-br\/#website","url":"https:\/\/casinomira.com\/pt-br\/","name":"CasinoMIRA.com","description":"Online Casinos Canada \u2013 All About Online Gambling Canada.","publisher":{"@id":"https:\/\/casinomira.com\/pt-br\/#organization"},"alternateName":"CasinoMIRA","potentialAction":[{"@type":"SearchAction","target":{"@type":"EntryPoint","urlTemplate":"https:\/\/casinomira.com\/pt-br\/?s={search_term_string}"},"query-input":"required name=search_term_string"}],"inLanguage":"pt-BR"},{"@type":"Organization","@id":"https:\/\/casinomira.com\/pt-br\/#organization","name":"CasinoMIRA.com","url":"https:\/\/casinomira.com\/pt-br\/","logo":{"@type":"ImageObject","inLanguage":"pt-BR","@id":"https:\/\/casinomira.com\/pt-br\/#\/schema\/logo\/image\/","url":"https:\/\/casinomira.com\/wp-content\/uploads\/2022\/12\/casinomira_logo_Y.svg","contentUrl":"https:\/\/casinomira.com\/wp-content\/uploads\/2022\/12\/casinomira_logo_Y.svg","caption":"CasinoMIRA.com"},"image":{"@id":"https:\/\/casinomira.com\/pt-br\/#\/schema\/logo\/image\/"}}]}},"_links":{"self":[{"href":"https:\/\/casinomira.com\/pt-br\/wp-json\/wp\/v2\/pages\/8085","targetHints":{"allow":["GET"]}}],"collection":[{"href":"https:\/\/casinomira.com\/pt-br\/wp-json\/wp\/v2\/pages"}],"about":[{"href":"https:\/\/casinomira.com\/pt-br\/wp-json\/wp\/v2\/types\/page"}],"author":[{"embeddable":true,"href":"https:\/\/casinomira.com\/pt-br\/wp-json\/wp\/v2\/users\/1"}],"replies":[{"embeddable":true,"href":"https:\/\/casinomira.com\/pt-br\/wp-json\/wp\/v2\/comments?post=8085"}],"version-history":[{"count":3,"href":"https:\/\/casinomira.com\/pt-br\/wp-json\/wp\/v2\/pages\/8085\/revisions"}],"predecessor-version":[{"id":8940,"href":"https:\/\/casinomira.com\/pt-br\/wp-json\/wp\/v2\/pages\/8085\/revisions\/8940"}],"up":[{"embeddable":true,"href":"https:\/\/casinomira.com\/pt-br\/wp-json\/wp\/v2\/pages\/8057"}],"wp:attachment":[{"href":"https:\/\/casinomira.com\/pt-br\/wp-json\/wp\/v2\/media?parent=8085"}],"curies":[{"name":"wp","href":"https:\/\/api.w.org\/{rel}","templated":true}]}}