{"id":8094,"date":"2021-07-30T15:31:21","date_gmt":"2021-07-30T12:31:21","guid":{"rendered":"http:\/\/casinomira.updated\/casinos-rating\/new-casinos\/"},"modified":"2024-10-10T17:38:25","modified_gmt":"2024-10-10T14:38:25","slug":"new-casinos","status":"publish","type":"page","link":"https:\/\/casinomira.com\/pt-br\/casinos-rating\/new-casinos\/","title":{"rendered":"Novos cassinos online"},"content":{"rendered":"<h2><strong>Novos cassinos online<\/strong><\/h2>\n<p>As novas an\u00e1lises de cassinos online permitem que os entusiastas do jogo encontrem o melhor novo cassino online no Brasil, levando em considera\u00e7\u00e3o os erros de seus concorrentes mais antigos e oferecendo ofertas mais atrativas aos usu\u00e1rios. A administra\u00e7\u00e3o tem a chance de analisar o mercado e criar um programa de b\u00f4nus completamente novo que agrade \u00e0 maioria dos usu\u00e1rios. Os mais novos cassinos online no Brasil oferecem mais b\u00f4nus de inscri\u00e7\u00e3o sem dep\u00f3sito. Eles frequentemente recompensam jogadores regulares com presentes em dinheiro, rodadas gr\u00e1tis e outras promo\u00e7\u00f5es.<\/p>\n<h2><strong>Como escolher um novo cassino online?<\/strong><\/h2>\n<p>Uma institui\u00e7\u00e3o virtual de alta qualidade deve ser decente e honesta. Os par\u00e2metros de honestidade e dec\u00eancia de um cassino online no Brasil s\u00f3 podem ser medidos por meio da intera\u00e7\u00e3o de jogo com o mesmo. \u00c9 importante para todo f\u00e3 de cassino online, especialmente aqueles que est\u00e3o experimentando jogos online pela primeira vez, saber se os novos cassinos merecem confian\u00e7a. Os estabelecimentos virtuais permitem jogar em qualquer lugar e a qualquer momento em diferentes tipos de dispositivos. Voc\u00ea pode participar de torneios e promo\u00e7\u00f5es, competir com outros usu\u00e1rios, ganhar pr\u00eamios e se divertir. No entanto, antes de se registrar em um novo cassino no Brasil, \u00e9 importante prestar aten\u00e7\u00e3o a alguns crit\u00e9rios b\u00e1sicos.<\/p>\n<p>Principais crit\u00e9rios para avaliar a classifica\u00e7\u00e3o de um novo cassino online<\/p>\n<p>Como um recurso s\u00e9rio, nos comprometemos a garantir que nossas an\u00e1lises sejam de alta qualidade, confi\u00e1veis e forne\u00e7am os melhores dados poss\u00edveis para os jogadores. Vamos considerar os crit\u00e9rios que levamos em considera\u00e7\u00e3o ao estabelecer a classifica\u00e7\u00e3o dos cassinos online ou ao escrever e verificar a qualidade dos cassinos.<\/p>\n<h3><strong>Classifica\u00e7\u00e3o geral<\/strong><\/h3>\n<p>Sempre pesquisamos os cassinos antes de list\u00e1-los em nosso site. Queremos que eles atendam a v\u00e1rios crit\u00e9rios, pois desejamos fornecer um servi\u00e7o \u00fatil para nossos leitores. Recebemos informa\u00e7\u00f5es sobre cassinos existentes ou ficamos sabendo do lan\u00e7amento iminente de novos estabelecimentos online, e ent\u00e3o os pesquisamos cuidadosamente, prestando aten\u00e7\u00e3o \u00e0 sua conformidade com nossos crit\u00e9rios para um bom cassino.<\/p>\n<h3><strong>Jogos e software<\/strong><\/h3>\n<p>Os cassinos online de dinheiro real devem trabalhar com fornecedores de software confi\u00e1veis, como Microgaming, Playtech, NetEnt, Novomatic ou outras grandes empresas. Tamb\u00e9m determinamos se esses cassinos oferecem jogos instant\u00e2neos, jogos para dispositivos m\u00f3veis e downloads. \u00c9 importante observar que os jogos n\u00e3o devem apresentar problemas t\u00e9cnicos ou erros, e eles devem estar dispon\u00edveis em todos os dispositivos \u00e0 medida que s\u00e3o atualizados.<\/p>\n<h2><strong>B\u00f4nus e promo\u00e7\u00f5es<\/strong><\/h2>\n<p>Os novos cassinos online s\u00e3o mais favor\u00e1veis \u00e0s ofertas de b\u00f4nus. No in\u00edcio de sua jornada, cada estabelecimento deseja atrair mais usu\u00e1rios e, portanto, oferece presentes generosos. Muitos entusiastas do jogo come\u00e7aram sua jornada recebendo presentes ao se inscrever.<\/p>\n<p>Caracter\u00edsticas do pacote de boas-vindas. Se os rec\u00e9m-chegados recebem b\u00f4nus de dep\u00f3sito, rodadas gr\u00e1tis e ofertas sem dep\u00f3sito, o clube certamente estar\u00e1 entre os tr\u00eas melhores. Isso significa que um jogador pode come\u00e7ar a jogar com uma vantagem e at\u00e9 mesmo ganhar. Promo\u00e7\u00f5es semanais. Rodadas gr\u00e1tis no fim de semana, um b\u00f4nus de dep\u00f3sito regular e loterias fortalecem a posi\u00e7\u00e3o do site. \u00c9 por meio dos b\u00f4nus que a maioria dos jackpots s\u00e3o ganhos. Elementos do programa de fidelidade. Os cassinos online geralmente oferecem at\u00e9 7 n\u00edveis de fidelidade. Aumentar a classifica\u00e7\u00e3o aumenta o retorno em dinheiro e ajuda a trocar pontos de fidelidade por dinheiro real em uma taxa favor\u00e1vel. As condi\u00e7\u00f5es de apostas s\u00e3o analisadas separadamente. Um clube que oferece apostar o b\u00f4nus x70 ou mais provavelmente n\u00e3o ser\u00e1 classificado, sem falar no top 10. Nessas condi\u00e7\u00f5es, o cliente do estabelecimento praticamente n\u00e3o tem chance de obter lucro financeiro.<\/p>\n<h3><strong>Atendimento ao cliente<\/strong><\/h3>\n<p>O feedback dos jogadores \u00e9 muito importante para o cassino online. Quest\u00f5es e situa\u00e7\u00f5es controversas ocorrem regularmente nos cassinos online que possuem milhares de clientes. Mesmo que os reguladores autorizem o uso de bots automatizados nos chats, isso n\u00e3o seria suficiente para resolver a situa\u00e7\u00e3o. Em um dos 10 melhores clubes online certificados na Internet, o chat online \u00e9 gerenciado por uma equipe separada de colaboradores. Isso ajuda nos seguintes aspectos:<\/p>\n<p>Retirada r\u00e1pida de fundos. Atrav\u00e9s do chat interno, voc\u00ea pode esclarecer o status da transa\u00e7\u00e3o e entender por que a administra\u00e7\u00e3o n\u00e3o est\u00e1 transferindo o dinheiro dentro do prazo especificado. Situa\u00e7\u00f5es de for\u00e7a maior ocorrem mesmo em estabelecimentos renomados. Obten\u00e7\u00e3o de informa\u00e7\u00f5es sobre b\u00f4nus. As promo\u00e7\u00f5es geralmente s\u00e3o complexas e incluem muitas condi\u00e7\u00f5es ocultas. O chat de suporte foi criado para dar conselhos aos iniciantes e explicar as regras das fun\u00e7\u00f5es de pr\u00eamios individuais. Ativa\u00e7\u00e3o de c\u00f3digos promocionais individuais. Os melhores cassinos online recompensam os usu\u00e1rios por sua atividade. Os jogadores recebem rodadas gr\u00e1tis, e elas s\u00e3o ativadas exatamente por meio da comunica\u00e7\u00e3o com um funcion\u00e1rio do cassino.<\/p>\n<h2><strong>Prazo de retirada<\/strong><\/h2>\n<p>Se voc\u00ea estiver no Brasil, poder\u00e1 fazer dep\u00f3sitos e retiradas de dinheiro com seguran\u00e7a nos cassinos online do Brasil usando diferentes op\u00e7\u00f5es de pagamento, incluindo os m\u00e9todos mais populares, como cart\u00f5es de cr\u00e9dito como VISA e Mastercard, al\u00e9m de carteiras eletr\u00f4nicas como PayPal, EcoPayz e iDebit. O melhor cassino online no Brasil suporta v\u00e1rios sistemas de pagamento para que os jogadores possam escolher a op\u00e7\u00e3o mais conveniente para eles. O sistema de pagamento que voc\u00ea escolher \u00e9 o fator determinante de qu\u00e3o rapidamente voc\u00ea pode fazer uma retirada de um cassino online. Enquanto as retiradas via carteiras eletr\u00f4nicas s\u00e3o instant\u00e2neas, as retiradas por cart\u00e3o de cr\u00e9dito e transfer\u00eancias banc\u00e1rias podem levar v\u00e1rios dias. No entanto, a rapidez de sua retirada tamb\u00e9m depende do tempo de processamento do cassino.<\/p>\n<h2><strong>Dicas para jogar em novos cassinos online<\/strong><\/h2>\n<p>Assalas de jogos de cassino online s\u00e3o atualizadas regularmente com novos produtos de grandes fornecedores. Os novos clubes colaboram com desenvolvedores mundialmente conhecidos e oferecem aos usu\u00e1rios apenas softwares certificados e confi\u00e1veis. Os visitantes t\u00eam acesso a m\u00e1quinas ca\u00e7a-n\u00edqueis que imitam o funcionamento das tradicionais m\u00e1quinas de cassino terrestres, ca\u00e7a-n\u00edqueis com gr\u00e1ficos em 3D e tecnologias modernas. Todos os sites modernos s\u00e3o projetados para serem otimizados em qualquer dispositivo. Ap\u00f3s se registrar no site do novo cassino, os visitantes podem usar um smartphone ou tablet para passar o tempo livre, utilizando qualquer sistema operacional. O estabelecimento se adapta automaticamente a qualquer tamanho de tela, oferecendo gr\u00e1ficos coloridos, efeitos sonoros e detalhes simb\u00f3licos. Todos os sistemas de pagamento e b\u00f4nus oferecidos pelo estabelecimento virtual est\u00e3o dispon\u00edveis para os clientes que usam um smartphone ou tablet. Para a conveni\u00eancia dos visitantes e a capacidade de lan\u00e7ar rapidamente uma plataforma online, o clube frequentemente desenvolve um aplicativo que pode ser baixado para o dispositivo.<\/p>\n<h3><strong>Encontrar um novo cassino online confi\u00e1vel<\/strong><\/h3>\n<p>Essa tarefa n\u00e3o \u00e9 f\u00e1cil, pois voc\u00ea pode facilmente encontrar golpistas. \u00c9 por isso que a primeira coisa a fazer \u00e9 procurar por cassinos recentemente licenciados que operam sob o controle de reguladores. \u00c9 importante esclarecer que a licen\u00e7a do estabelecimento e a autoriza\u00e7\u00e3o sob a qual a empresa opera devem ser v\u00e1lidas e emitidas por uma empresa real.<\/p>\n<h2><strong>Leia os termos e condi\u00e7\u00f5es<\/strong><\/h2>\n<p>O primeiro e mais importante sinal de um cassino online de qualidade \u00e9 a presen\u00e7a de uma licen\u00e7a ou documento emitido por autoridades reguladoras. Importante! Para verificar a validade de uma licen\u00e7a, voc\u00ea deve acessar o portal do cassino e, na parte inferior da p\u00e1gina principal, verificar se h\u00e1 um link para os documentos de jogo autorizados. Al\u00e9m disso, a presen\u00e7a de uma licen\u00e7a emitida por um regulador confi\u00e1vel confirma a qualidade do cassino online. Para verificar isso, deve haver um \u00edcone interativo ou um logotipo do \u00f3rg\u00e3o licenciado na p\u00e1gina oficial do site de jogos de azar. O algoritmo adicional para verificar a qualidade de um estabelecimento de jogos de azar real inclui as seguintes etapas:<\/p>\n<p>estudar cuidadosamente o contrato do cliente. Se algo n\u00e3o estiver claro no contrato, voc\u00ea deve entrar em contato com o servi\u00e7o de suporte para esclarecer essa quest\u00e3o. Dessa forma, voc\u00ea pode verificar a disponibilidade desse servi\u00e7o. Se o servi\u00e7o de suporte n\u00e3o puder responder \u00e0 solicita\u00e7\u00e3o por um longo per\u00edodo, isso \u00e9 um motivo para duvidar da integridade do cassino online canadense; certifique-se de que o site atenda aos requisitos do usu\u00e1rio, tanto em termos de capacidades de jogo quanto em termos de disponibilidade de sistemas de pagamento confi\u00e1veis e seguros verificados pelo usu\u00e1rio; verifique a disponibilidade de programas de b\u00f4nus, promo\u00e7\u00f5es, loterias e outros meios que demonstram a lealdade do estabelecimento aos jogadores. Escolha um b\u00f4nus adequado e verifique suas condi\u00e7\u00f5es<\/p>\n<p>As condi\u00e7\u00f5es do b\u00f4nus s\u00e3o determinadas pelas regras de cada cassino online no Brasil. N\u00e3o existem disposi\u00e7\u00f5es e requisitos comuns a todos os cassinos online do setor de jogos de azar. Portanto, estude cuidadosamente os acordos de uso, mesmo nos estabelecimentos de uma mesma rede. Eles podem variar significativamente.<\/p>\n<h2><strong>Jogue de forma respons\u00e1vel<\/strong><\/h2>\n<p>Ningu\u00e9m est\u00e1 imune ao v\u00edcio em jogos de azar, seja um jogador experiente ou um iniciante. Para evitar que sua fam\u00edlia sofra problemas graves, voc\u00ea deve usar meios de &#8220;preven\u00e7\u00e3o&#8221; na forma de:<\/p>\n<p>planejar cada visita a um cassino online estabelecendo regras claras, tanto em termos de tempo quanto de finan\u00e7as; nunca ultrapassar as restri\u00e7\u00f5es regulat\u00f3rias; usar sistemas de limita\u00e7\u00e3o fornecidos pelos recursos de jogos de azar, bem como participar de programas de autoexclus\u00e3o. Vantagens e desvantagens de novos cassinos online<\/p>\n<p>Os jogos de azar online est\u00e3o se desenvolvendo em um ritmo fren\u00e9tico. As m\u00e1quinas ca\u00e7a-n\u00edqueis s\u00e3o muito populares na web. Portais antigos deixam de funcionar, enquanto novos sites de jogos de azar come\u00e7am a ganhar popularidade. E ningu\u00e9m pode dizer com certeza quais estabelecimentos s\u00e3o melhores &#8211; aqueles que j\u00e1 desenvolveram sua base de clientes, sua imagem e n\u00e3o d\u00e3o muita import\u00e2ncia aos convidados, ou aqueles que acabaram de abrir e est\u00e3o come\u00e7ando a competir pelos clientes.<\/p>\n<h3><strong>Benef\u00edcios de novos cassinos online<\/strong><\/h3>\n<p>Por que vale a pena jogar em cassinos online que apareceram relativamente recentemente? Como outros estabelecimentos online, os novos cassinos online t\u00eam v\u00e1rias vantagens:<\/p>\n<p>Os novos jogadores s\u00e3o oferecidos recompensas mais generosas, e os jogadores ativos recebem b\u00f4nus adicionais. As cole\u00e7\u00f5es de jogos nos novos clubes online s\u00e3o constantemente enriquecidas com novos produtos. Os novos estabelecimentos usam algoritmos de criptografia modernos para garantir a seguran\u00e7a das transa\u00e7\u00f5es financeiras. Os novos sites t\u00eam interfaces modernas, cuidam da facilidade de navega\u00e7\u00e3o no recurso. Desvantagens de novos cassinos online<\/p>\n<p>No entanto, n\u00e3o se esque\u00e7a das desvantagens dos novos cassinos virtuais. A maior desvantagem desses portais \u00e9 sua potencial falta de confiabilidade. As pessoas ainda n\u00e3o tiveram tempo de avaliar esse componente e depositam seu dinheiro eletr\u00f4nico por sua pr\u00f3pria conta e risco. N\u00e3o h\u00e1 garantia de que o site n\u00e3o seja passageiro e deixe de existir em breve. Al\u00e9m disso, ningu\u00e9m est\u00e1 imune a fracassos, e alguns clubes falidos que oferecem jogos de azar online por dinheiro, mesmo com todo o desejo, simplesmente n\u00e3o conseguem pagar aos usu\u00e1rios.<\/p>\n<h2><strong>Conclus\u00e3o<\/strong><\/h2>\n<p>Se voc\u00ea est\u00e1 planejando jogar em um novo cassino online, a primeira coisa a fazer \u00e9 ler as an\u00e1lises de novos cassinos online para estudar as informa\u00e7\u00f5es sobre eles. \u00c0s vezes, tamb\u00e9m h\u00e1 an\u00e1lises em v\u00eddeo de especialistas no campo de jogos de azar em grandes plataformas e canais. Eles ocasionalmente cobrem novos cassinos da Internet, mas \u00e0s vezes essas an\u00e1lises podem ser promocionais. Colaborativamente, o autor n\u00e3o revelar\u00e1 osaspectos negativos do cassino. Tamb\u00e9m existem &#8220;materiais preparados&#8221; criados com dinheiro de concorrentes. A ess\u00eancia desses materiais \u00e9 criar uma reputa\u00e7\u00e3o negativa para o cassino online, uma forma de black PR. Portanto, sempre vale a pena estudar informa\u00e7\u00f5es de v\u00e1rias fontes, a fim de reduzir ao m\u00ednimo a probabilidade de erros. \u00c9 assim que procedemos. Combinando nossa experi\u00eancia no estudo do recurso com as opini\u00f5es de jogadores e especialistas, chegamos a uma conclus\u00e3o cuja efic\u00e1cia \u00e9 muito maior. Leia nossas an\u00e1lises de novos cassinos online para ficar atualizado sobre as mudan\u00e7as mais importantes no mundo dos jogos de azar, novos lan\u00e7amentos e os melhores b\u00f4nus de cassino online.<\/p>\n","protected":false},"excerpt":{"rendered":"<p>Novos cassinos online As novas an\u00e1lises de cassinos online permitem que os entusiastas do jogo encontrem o melhor novo cassino online no Brasil, levando em considera\u00e7\u00e3o os erros de seus concorrentes mais antigos e oferecendo ofertas mais atrativas aos usu\u00e1rios. A administra\u00e7\u00e3o tem a chance de analisar o mercado e criar um programa de b\u00f4nus [&hellip;]<\/p>\n","protected":false},"author":1,"featured_media":0,"parent":8057,"menu_order":0,"comment_status":"closed","ping_status":"closed","template":"template-archive-casino2.php","meta":{"footnotes":""},"class_list":["post-8094","page","type-page","status-publish","hentry"],"acf":[],"yoast_head":"<!-- This site is optimized with the Yoast SEO plugin v21.9 - https:\/\/yoast.com\/wordpress\/plugins\/seo\/ -->\n<title>Novos Cassinos Online: Descubra as \u00daltimas Experi\u00eancias de Jogo<\/title>\n<meta name=\"description\" content=\"Voc\u00ea est\u00e1 procurando por novas avalia\u00e7\u00f5es de cassinos online para obter as informa\u00e7\u00f5es mais relevantes sobre os lan\u00e7amentos mais recentes, classifica\u00e7\u00e3o de cassinos online, novos b\u00f4nus de cassino online e muito mais. Vamos ajud\u00e1-lo a tornar sua experi\u00eancia de jogo divertida e interessante.\" \/>\n<meta name=\"robots\" content=\"index, follow, max-snippet:-1, max-image-preview:large, max-video-preview:-1\" \/>\n<link rel=\"canonical\" href=\"https:\/\/casinomira.com\/pt-br\/casinos-rating\/new-casinos\/\" \/>\n<meta property=\"og:locale\" content=\"pt_BR\" \/>\n<meta property=\"og:type\" content=\"article\" \/>\n<meta property=\"og:title\" content=\"Novos Cassinos Online: Descubra as \u00daltimas Experi\u00eancias de Jogo\" \/>\n<meta property=\"og:description\" content=\"Voc\u00ea est\u00e1 procurando por novas avalia\u00e7\u00f5es de cassinos online para obter as informa\u00e7\u00f5es mais relevantes sobre os lan\u00e7amentos mais recentes, classifica\u00e7\u00e3o de cassinos online, novos b\u00f4nus de cassino online e muito mais. Vamos ajud\u00e1-lo a tornar sua experi\u00eancia de jogo divertida e interessante.\" \/>\n<meta property=\"og:url\" content=\"https:\/\/casinomira.com\/pt-br\/casinos-rating\/new-casinos\/\" \/>\n<meta property=\"og:site_name\" content=\"CasinoMIRA.com\" \/>\n<meta property=\"article:modified_time\" content=\"2024-10-10T14:38:25+00:00\" \/>\n<meta name=\"twitter:card\" content=\"summary_large_image\" \/>\n<meta name=\"twitter:label1\" content=\"Est. tempo de leitura\" \/>\n\t<meta name=\"twitter:data1\" content=\"11 minutos\" \/>\n<script type=\"application\/ld+json\" class=\"yoast-schema-graph\">{\"@context\":\"https:\/\/schema.org\",\"@graph\":[{\"@type\":\"WebPage\",\"@id\":\"https:\/\/casinomira.com\/pt-br\/casinos-rating\/new-casinos\/\",\"url\":\"https:\/\/casinomira.com\/pt-br\/casinos-rating\/new-casinos\/\",\"name\":\"Novos Cassinos Online: Descubra as \u00daltimas Experi\u00eancias de Jogo\",\"isPartOf\":{\"@id\":\"https:\/\/casinomira.com\/pt-br\/#website\"},\"datePublished\":\"2021-07-30T12:31:21+00:00\",\"dateModified\":\"2024-10-10T14:38:25+00:00\",\"description\":\"Voc\u00ea est\u00e1 procurando por novas avalia\u00e7\u00f5es de cassinos online para obter as informa\u00e7\u00f5es mais relevantes sobre os lan\u00e7amentos mais recentes, classifica\u00e7\u00e3o de cassinos online, novos b\u00f4nus de cassino online e muito mais. Vamos ajud\u00e1-lo a tornar sua experi\u00eancia de jogo divertida e interessante.\",\"breadcrumb\":{\"@id\":\"https:\/\/casinomira.com\/pt-br\/casinos-rating\/new-casinos\/#breadcrumb\"},\"inLanguage\":\"pt-BR\",\"potentialAction\":[{\"@type\":\"ReadAction\",\"target\":[\"https:\/\/casinomira.com\/pt-br\/casinos-rating\/new-casinos\/\"]}]},{\"@type\":\"BreadcrumbList\",\"@id\":\"https:\/\/casinomira.com\/pt-br\/casinos-rating\/new-casinos\/#breadcrumb\",\"itemListElement\":[{\"@type\":\"ListItem\",\"position\":1,\"name\":\"Home\",\"item\":\"https:\/\/casinomira.com\/pt-br\/\"},{\"@type\":\"ListItem\",\"position\":2,\"name\":\"Classifica\u00e7\u00e3o do Cassino\",\"item\":\"https:\/\/casinomira.com\/pt-br\/casinos-rating\/\"},{\"@type\":\"ListItem\",\"position\":3,\"name\":\"Novos cassinos online\"}]},{\"@type\":\"WebSite\",\"@id\":\"https:\/\/casinomira.com\/pt-br\/#website\",\"url\":\"https:\/\/casinomira.com\/pt-br\/\",\"name\":\"CasinoMIRA.com\",\"description\":\"Online Casinos Canada \u2013 All About Online Gambling Canada.\",\"publisher\":{\"@id\":\"https:\/\/casinomira.com\/pt-br\/#organization\"},\"alternateName\":\"CasinoMIRA\",\"potentialAction\":[{\"@type\":\"SearchAction\",\"target\":{\"@type\":\"EntryPoint\",\"urlTemplate\":\"https:\/\/casinomira.com\/pt-br\/?s={search_term_string}\"},\"query-input\":\"required name=search_term_string\"}],\"inLanguage\":\"pt-BR\"},{\"@type\":\"Organization\",\"@id\":\"https:\/\/casinomira.com\/pt-br\/#organization\",\"name\":\"CasinoMIRA.com\",\"url\":\"https:\/\/casinomira.com\/pt-br\/\",\"logo\":{\"@type\":\"ImageObject\",\"inLanguage\":\"pt-BR\",\"@id\":\"https:\/\/casinomira.com\/pt-br\/#\/schema\/logo\/image\/\",\"url\":\"https:\/\/casinomira.com\/wp-content\/uploads\/2022\/12\/casinomira_logo_Y.svg\",\"contentUrl\":\"https:\/\/casinomira.com\/wp-content\/uploads\/2022\/12\/casinomira_logo_Y.svg\",\"caption\":\"CasinoMIRA.com\"},\"image\":{\"@id\":\"https:\/\/casinomira.com\/pt-br\/#\/schema\/logo\/image\/\"}}]}<\/script>\n<!-- \/ Yoast SEO plugin. -->","yoast_head_json":{"title":"Novos Cassinos Online: Descubra as \u00daltimas Experi\u00eancias de Jogo","description":"Voc\u00ea est\u00e1 procurando por novas avalia\u00e7\u00f5es de cassinos online para obter as informa\u00e7\u00f5es mais relevantes sobre os lan\u00e7amentos mais recentes, classifica\u00e7\u00e3o de cassinos online, novos b\u00f4nus de cassino online e muito mais. Vamos ajud\u00e1-lo a tornar sua experi\u00eancia de jogo divertida e interessante.","robots":{"index":"index","follow":"follow","max-snippet":"max-snippet:-1","max-image-preview":"max-image-preview:large","max-video-preview":"max-video-preview:-1"},"canonical":"https:\/\/casinomira.com\/pt-br\/casinos-rating\/new-casinos\/","og_locale":"pt_BR","og_type":"article","og_title":"Novos Cassinos Online: Descubra as \u00daltimas Experi\u00eancias de Jogo","og_description":"Voc\u00ea est\u00e1 procurando por novas avalia\u00e7\u00f5es de cassinos online para obter as informa\u00e7\u00f5es mais relevantes sobre os lan\u00e7amentos mais recentes, classifica\u00e7\u00e3o de cassinos online, novos b\u00f4nus de cassino online e muito mais. Vamos ajud\u00e1-lo a tornar sua experi\u00eancia de jogo divertida e interessante.","og_url":"https:\/\/casinomira.com\/pt-br\/casinos-rating\/new-casinos\/","og_site_name":"CasinoMIRA.com","article_modified_time":"2024-10-10T14:38:25+00:00","twitter_card":"summary_large_image","twitter_misc":{"Est. tempo de leitura":"11 minutos"},"schema":{"@context":"https:\/\/schema.org","@graph":[{"@type":"WebPage","@id":"https:\/\/casinomira.com\/pt-br\/casinos-rating\/new-casinos\/","url":"https:\/\/casinomira.com\/pt-br\/casinos-rating\/new-casinos\/","name":"Novos Cassinos Online: Descubra as \u00daltimas Experi\u00eancias de Jogo","isPartOf":{"@id":"https:\/\/casinomira.com\/pt-br\/#website"},"datePublished":"2021-07-30T12:31:21+00:00","dateModified":"2024-10-10T14:38:25+00:00","description":"Voc\u00ea est\u00e1 procurando por novas avalia\u00e7\u00f5es de cassinos online para obter as informa\u00e7\u00f5es mais relevantes sobre os lan\u00e7amentos mais recentes, classifica\u00e7\u00e3o de cassinos online, novos b\u00f4nus de cassino online e muito mais. Vamos ajud\u00e1-lo a tornar sua experi\u00eancia de jogo divertida e interessante.","breadcrumb":{"@id":"https:\/\/casinomira.com\/pt-br\/casinos-rating\/new-casinos\/#breadcrumb"},"inLanguage":"pt-BR","potentialAction":[{"@type":"ReadAction","target":["https:\/\/casinomira.com\/pt-br\/casinos-rating\/new-casinos\/"]}]},{"@type":"BreadcrumbList","@id":"https:\/\/casinomira.com\/pt-br\/casinos-rating\/new-casinos\/#breadcrumb","itemListElement":[{"@type":"ListItem","position":1,"name":"Home","item":"https:\/\/casinomira.com\/pt-br\/"},{"@type":"ListItem","position":2,"name":"Classifica\u00e7\u00e3o do Cassino","item":"https:\/\/casinomira.com\/pt-br\/casinos-rating\/"},{"@type":"ListItem","position":3,"name":"Novos cassinos online"}]},{"@type":"WebSite","@id":"https:\/\/casinomira.com\/pt-br\/#website","url":"https:\/\/casinomira.com\/pt-br\/","name":"CasinoMIRA.com","description":"Online Casinos Canada \u2013 All About Online Gambling Canada.","publisher":{"@id":"https:\/\/casinomira.com\/pt-br\/#organization"},"alternateName":"CasinoMIRA","potentialAction":[{"@type":"SearchAction","target":{"@type":"EntryPoint","urlTemplate":"https:\/\/casinomira.com\/pt-br\/?s={search_term_string}"},"query-input":"required name=search_term_string"}],"inLanguage":"pt-BR"},{"@type":"Organization","@id":"https:\/\/casinomira.com\/pt-br\/#organization","name":"CasinoMIRA.com","url":"https:\/\/casinomira.com\/pt-br\/","logo":{"@type":"ImageObject","inLanguage":"pt-BR","@id":"https:\/\/casinomira.com\/pt-br\/#\/schema\/logo\/image\/","url":"https:\/\/casinomira.com\/wp-content\/uploads\/2022\/12\/casinomira_logo_Y.svg","contentUrl":"https:\/\/casinomira.com\/wp-content\/uploads\/2022\/12\/casinomira_logo_Y.svg","caption":"CasinoMIRA.com"},"image":{"@id":"https:\/\/casinomira.com\/pt-br\/#\/schema\/logo\/image\/"}}]}},"_links":{"self":[{"href":"https:\/\/casinomira.com\/pt-br\/wp-json\/wp\/v2\/pages\/8094","targetHints":{"allow":["GET"]}}],"collection":[{"href":"https:\/\/casinomira.com\/pt-br\/wp-json\/wp\/v2\/pages"}],"about":[{"href":"https:\/\/casinomira.com\/pt-br\/wp-json\/wp\/v2\/types\/page"}],"author":[{"embeddable":true,"href":"https:\/\/casinomira.com\/pt-br\/wp-json\/wp\/v2\/users\/1"}],"replies":[{"embeddable":true,"href":"https:\/\/casinomira.com\/pt-br\/wp-json\/wp\/v2\/comments?post=8094"}],"version-history":[{"count":4,"href":"https:\/\/casinomira.com\/pt-br\/wp-json\/wp\/v2\/pages\/8094\/revisions"}],"predecessor-version":[{"id":11077,"href":"https:\/\/casinomira.com\/pt-br\/wp-json\/wp\/v2\/pages\/8094\/revisions\/11077"}],"up":[{"embeddable":true,"href":"https:\/\/casinomira.com\/pt-br\/wp-json\/wp\/v2\/pages\/8057"}],"wp:attachment":[{"href":"https:\/\/casinomira.com\/pt-br\/wp-json\/wp\/v2\/media?parent=8094"}],"curies":[{"name":"wp","href":"https:\/\/api.w.org\/{rel}","templated":true}]}}