{"id":8113,"date":"2021-07-30T15:56:48","date_gmt":"2021-07-30T12:56:48","guid":{"rendered":"http:\/\/casinomira.updated\/android-casinos\/"},"modified":"2024-10-10T17:32:00","modified_gmt":"2024-10-10T14:32:00","slug":"android-casinos","status":"publish","type":"page","link":"https:\/\/casinomira.com\/pt-br\/casinos-rating\/mobile-casinos\/android-casinos\/","title":{"rendered":"Cassino Android"},"content":{"rendered":"<p>Da mesma forma que gravar um v\u00eddeo, as pessoas come\u00e7aram a fotografar tudo, absolutamente tudo \u2014 uma po\u00e7a no asfalto de formato interessante ou uma nuvem no c\u00e9u, at\u00e9 mesmo a pr\u00f3pria comida. Gra\u00e7as ao seu smartphone, voc\u00ea sempre tem um GPS e pode usar a navega\u00e7\u00e3o em qualquer cidade. Tornou-se mais f\u00e1cil usar servi\u00e7os banc\u00e1rios. Voc\u00ea sempre tem acesso a qualquer informa\u00e7\u00e3o se tiver um smartphone com voc\u00ea, ou seja, voc\u00ea pode obter instantaneamente uma resposta para quase qualquer pergunta e em qualquer lugar.<\/p>\n<p>Assim, com a prolifera\u00e7\u00e3o de dispositivos m\u00f3veis, os h\u00e1bitos gerais das pessoas mudaram muito, e essas tecnologias n\u00e3o puderam deixar de afetar a mudan\u00e7a em seus h\u00e1bitos de jogo. Para os jogadores, esse novo m\u00e9todo de comunica\u00e7\u00e3o digital significa que voc\u00ea n\u00e3o est\u00e1 mais preso a um computador ou laptop. Jogar jogos de cassino online ou fazer apostas se tornou dispon\u00edvel onde quer que voc\u00ea possa levar seu smartphone ou tablet.<\/p>\n<h2><strong>Como escolher o melhor cassino Android?<\/strong><\/h2>\n<p>Classifica\u00e7\u00e3o de cassino m\u00f3vel os cassinos m\u00f3veis online mais confi\u00e1veis e populares do Brasil ocupam as principais posi\u00e7\u00f5es nos rankings de cassinos m\u00f3veis. A classifica\u00e7\u00e3o de cassinos online \u00e9 compilada com base em v\u00e1rios crit\u00e9rios-chave. Uma das principais regras ao escolher um cassino confi\u00e1vel para Android \u00e9 um alto n\u00edvel de seguran\u00e7a. As principais plataformas de jogos usam protocolos de criptografia dupla para garantir a privacidade e a seguran\u00e7a das informa\u00e7\u00f5es pessoais e de pagamento. As posi\u00e7\u00f5es das salas de jogos online nos rankings de cassinos m\u00f3veis s\u00e3o determinadas por fatores espec\u00edficos:<\/p>\n<ul>\n<li>presen\u00e7a de uma licen\u00e7a;<\/li>\n<li>a capacidade de escolher entre v\u00e1rios sistemas de pagamento;<\/li>\n<li>ofertas lucrativas de programas de fidelidade;<\/li>\n<li>m\u00e1quinas ca\u00e7a-n\u00edqueis com funcionalidades e temas diferentes;<\/li>\n<li>saques r\u00e1pidos de ganhos;<\/li>\n<li>suporte ao cliente qualificado e profissional.<\/li>\n<\/ul>\n<p>Os cassinos m\u00f3veis online do Brasil regularmente recebem estimativas positivas dos clientes e an\u00e1lises agrad\u00e1veis de cassinos m\u00f3veis online. Reclama\u00e7\u00f5es dos jogadores e coment\u00e1rios negativos levam a classifica\u00e7\u00f5es mais baixas de cassinos online. Para come\u00e7ar a jogar em um cassino online, voc\u00ea s\u00f3 precisa escolher um confi\u00e1vel.<\/p>\n<h3><strong>Ofertas de Boas-Vindas<\/strong><\/h3>\n<p>Esse \u00e9 o tipo mais popular de recompensas. \u00c9 oferecido para visitantes rec\u00e9m-registrados na institui\u00e7\u00e3o. O b\u00f4nus de introdu\u00e7\u00e3o pode ser concedido na forma de b\u00f4nus em dinheiro e\/ou rodadas gr\u00e1tis. Isso depende exclusivamente da pol\u00edtica de publicidade de cada cassino individual. Convencionalmente, tais b\u00f4nus podem ser divididos em duas categorias:<\/p>\n<ol>\n<li><strong>B\u00f4nus sem Dep\u00f3sito<\/strong> s\u00e3o creditados na conta pessoal do jogador imediatamente ap\u00f3s a instala\u00e7\u00e3o do aplicativo e o registro de uma conta. O valor dos b\u00f4nus de inscri\u00e7\u00e3o geralmente n\u00e3o \u00e9 grande. N\u00e3o \u00e9 poss\u00edvel sacar o b\u00f4nus sem dep\u00f3sito do cassino imediatamente. Para isso, certas condi\u00e7\u00f5es devem ser cumpridas. Como regra, \u00e9 necess\u00e1rio fazer um determinado valor total de apostas.<\/li>\n<li><strong>\u00c9 necess\u00e1rio esclarecer as condi\u00e7\u00f5es<\/strong> para apostar o b\u00f4nus em cada cassino online e tamb\u00e9m se interessar especialmente se jogadores do seu pa\u00eds podem receb\u00ea-los. Tais restri\u00e7\u00f5es n\u00e3o s\u00e3o incomuns nos cassinos m\u00f3veis online do Brasil. B\u00f4nus de Dep\u00f3sito s\u00e3o oferecidos em todos os estabelecimentos online s\u00e9rios e respeit\u00e1veis. Para receb\u00ea-lo, voc\u00ea deve definitivamente depositar algum valor em sua conta de jogo. Geralmente, os cassinos definem o dep\u00f3sito m\u00ednimo necess\u00e1rio para o cr\u00e9dito do b\u00f4nus.<\/li>\n<\/ol>\n<p>O valor do b\u00f4nus \u00e9 calculado em um determinado percentual do valor do dep\u00f3sito, mas seu valor m\u00e1ximo \u00e9 definido. Em quase todos os estabelecimentos, um b\u00f4nus de pelo menos cem por cento do valor do dep\u00f3sito \u00e9 creditado para o primeiro dep\u00f3sito, embora essas condi\u00e7\u00f5es possam variar bastante. Basicamente, o b\u00f4nus de primeiro dep\u00f3sito \u00e9 uma esp\u00e9cie de b\u00f4nus introdut\u00f3rio. Ele \u00e9 creditado na primeira vez que um novato faz um dep\u00f3sito. \u00c0s vezes, as condi\u00e7\u00f5es para apostar b\u00f4nus implicam que isso s\u00f3 pode ser feito em alguns jogos espec\u00edficos. Isso confirma mais uma vez que antes de fazer um dep\u00f3sito e contar com a recep\u00e7\u00e3o de um b\u00f4nus, voc\u00ea precisa estudar cuidadosamente as condi\u00e7\u00f5es de seu clube online.<\/p>\n<h2><strong>Variedade de jogos<\/strong><\/h2>\n<p>Clientes que est\u00e3o prontos para jogar por dinheiro real devem prestar aten\u00e7\u00e3o \u00e0 variedade de dispositivos de jogo oferecidos pelo clube de internet. Clubes confi\u00e1veis com boa reputa\u00e7\u00e3o oferecem m\u00e1quinas ca\u00e7a-n\u00edqueis originais. As empresas trabalham com fornecedores oficiais de equipamentos licenciados.<\/p>\n<p>Somente plataformas de jogos confi\u00e1veis podem ocupar um lugar nos melhores cassinos para Android. Clientes de clubes de internet lan\u00e7am jogos de azar online a qualquer momento, carregando-se com emo\u00e7\u00f5es de adrenalina e recebendo pagamentos regularmente. Os usu\u00e1rios t\u00eam a oportunidade de escolher um modo de demonstra\u00e7\u00e3o ou mudar para o modo pago. O uso do formato de demonstra\u00e7\u00e3o n\u00e3o requer o reabastecimento da conta ou o registro. Qualquer pessoa pode jogar usando dinheiro gratuito de cassino para Android. O modo de demonstra\u00e7\u00e3o permite que voc\u00ea se certifique de que o software de jogo est\u00e1 funcionando corretamente, as combina\u00e7\u00f5es est\u00e3o sendo formadas corretamente e que voc\u00ea pode escolher uma estrat\u00e9gia que permitir\u00e1 alcan\u00e7ar o sucesso regularmente.<\/p>\n<h2><strong>Privacidade e Seguran\u00e7a<\/strong><\/h2>\n<p>A presen\u00e7a de um documento de autoriza\u00e7\u00e3o internacionalmente reconhecido indica que o cassino para Android que voc\u00ea acessou adere estritamente aos padr\u00f5es de jogos de azar na Internet em tr\u00eas \u00e1reas-chave \u2014 joga de forma justa e n\u00e3o usa software falso, bem como garante sua seguran\u00e7a e informa\u00e7\u00f5es financeiras. Entre as jurisdi\u00e7\u00f5es mais respeit\u00e1veis que emitem licen\u00e7as est\u00e3o: Cura\u00e7ao, Malta, Reino Unido, Ilha de Man, Gibraltar. Classifica\u00e7\u00e3o de cassino m\u00f3vel\u00a0 se voc\u00ea vir um \u00edcone de uma determinada licen\u00e7a no site, seu n\u00famero \u00e9 indicado e voc\u00ea pode verificar as informa\u00e7\u00f5es em um link especial, ent\u00e3o voc\u00ea definitivamente pode jogar aqui. Os reguladores s\u00e3o examinados para garantir que o cassino n\u00e3o possa adulterar as configura\u00e7\u00f5es de jogabilidade, de acordo com as regras de Fair Play. Como o cassino protege as informa\u00e7\u00f5es? Os jogos de azar online envolvem a transfer\u00eancia de uma grande quantidade de informa\u00e7\u00f5es pessoais para o servidor dointernet. Antes de lan\u00e7ar seus ca\u00e7a-n\u00edqueis favoritos em seu dispositivo Android, voc\u00ea tamb\u00e9m deve garantir que tenha uma conex\u00e3o de internet m\u00f3vel r\u00e1pida. Em particular, ca\u00e7a-n\u00edqueis graficamente complexos podem causar problemas com conex\u00f5es de internet ruins e, assim, reduzir o prazer do jogo.<\/p>\n<h2><strong>Bacar\u00e1 para Android<\/strong><\/h2>\n<p>Al\u00e9m das m\u00e1quinas ca\u00e7a-n\u00edqueis, os jogos de mesa s\u00e3o especialmente populares entre os visitantes de cassinos Android. Os principais desenvolvedores de software tamb\u00e9m oferecem jogos de mesa populares como bacar\u00e1. Isso significa que esses jogos de cassino tamb\u00e9m s\u00e3o compat\u00edveis com todos os dispositivos m\u00f3veis Android modernos.<\/p>\n<h3><strong>Roleta para Android<\/strong><\/h3>\n<p>Ao contr\u00e1rio dos ca\u00e7a-n\u00edqueis, os jogos de mesa t\u00eam a desvantagem de que n\u00e3o s\u00e3o f\u00e1ceis de gerenciar. Isso est\u00e1, \u00e9 claro, relacionado principalmente \u00e0 estrutura do jogo. \u00c9 mais dif\u00edcil fazer apostas na roleta do que iniciar uma rodada em um ca\u00e7a-n\u00edquel. Com tamanhos de tela menores, isso pode ser um pouco complicado. No entanto, muitos jogos de mesa m\u00f3veis para Android t\u00eam recursos de zoom muito bons e, com um pouco de pr\u00e1tica, \u00e9 poss\u00edvel fazer apostas relativamente rapidamente em dispositivos com telas menores.<\/p>\n<p>Devido ao uso mais complexo dos jogos de mesa, o fornecimento no espa\u00e7o m\u00f3vel costuma ser um pouco menor do que em PCs ou laptops. No entanto, voc\u00ea frequentemente encontrar\u00e1 dois ou tr\u00eas jogos de roleta m\u00f3vel em cada bom cassino.Classifica\u00e7\u00e3o de cassino m\u00f3vel vers\u00f5es adaptadas t\u00eam vantagens \u00f3bvias. Voc\u00ea pode jogar roleta em v\u00eddeo em qualquer lugar sem estar preso a um dispositivo estacion\u00e1rio. A principal condi\u00e7\u00e3o \u00e9 o acesso \u00e0 Internet. Baixos requisitos do sistema garantem o lan\u00e7amento correto em smartphones e tablets com caracter\u00edsticas t\u00e9cnicas modestas. Varia\u00e7\u00f5es populares da roleta em v\u00eddeo dispon\u00edveis para jogadores incluem as vers\u00f5es europeia, francesa e americana.<\/p>\n<h3><strong>Blackjack para Android<\/strong><\/h3>\n<p>Para jogar blackjack por meio de aplicativos de cassino, voc\u00ea precisa baixar o arquivo de instala\u00e7\u00e3o, permitir a instala\u00e7\u00e3o do aplicativo nas configura\u00e7\u00f5es do telefone e iniciar o jogo. Posteriormente, voc\u00ea pode acessar o cassino usando o atalho de inicializa\u00e7\u00e3o r\u00e1pida. Qualquer uma das varia\u00e7\u00f5es de blackjack dispon\u00edveis por meio do aplicativo pode ser jogada com dinheiro real ou em modo gratuito. A principal diferen\u00e7a entre essa forma de jogo n\u00e3o \u00e9 a mobilidade do usu\u00e1rio, mas a capacidade de se conectar ao entretenimento de cartas sem restri\u00e7\u00f5es e bloqueios.<\/p>\n<h3><strong>Cassino ao Vivo para Android<\/strong><\/h3>\n<p>Os cassinos ao vivo t\u00eam se tornado cada vez mais populares. Atualmente, cada vez mais provedores est\u00e3o percebendo que os jogos com dealers ao vivo precisam estar dispon\u00edveis em plataformas m\u00f3veis. Gra\u00e7as \u00e0 muito boa resolu\u00e7\u00e3o de tela em dispositivos Android. Os principais provedores nessa \u00e1rea s\u00e3o a Extreme Live Gaming, a Ezugi e a Evolution Gaming.<\/p>\n<p>Para jogar em um cassino ao vivo em smartphones Android, voc\u00ea precisa de uma conex\u00e3o de internet muito r\u00e1pida. A transmiss\u00e3o de v\u00eddeo, por meio da qual uma imagem com um dealer ao vivo e uma mesa \u00e9 transmitida, requer pelo menos 1Mb\/s.<\/p>\n<p>A principal vantagem de um cassino ao vivo declarada nas an\u00e1lises de cassinos Android \u00e9 o realismo do jogo. Uma pessoa real, n\u00e3o uma m\u00e1quina, est\u00e1 do outro lado da tela. O jogador faz apostas, se comunica com o dealer da mesma forma que em um clube de jogos presencial. V\u00e1rias c\u00e2meras s\u00e3o instaladas no sal\u00e3o. Todos os dados s\u00e3o processados por um software especial e transmitidos para a tela. Portanto, qualquer tipo de fraude \u00e9 exclu\u00eddo.<\/p>\n<h3><strong>V\u00eddeo Poker para Android<\/strong><\/h3>\n<p>Para jogar v\u00eddeo poker m\u00f3vel, inicie o jogo que voc\u00ea gosta e decida qual aposta deseja fazer. Clique em &#8220;Distribuir&#8221; ap\u00f3s ter feito sua aposta e voc\u00ea receber\u00e1 suas primeiras cartas.<\/p>\n<p>Em alguns jogos de v\u00eddeo poker m\u00f3vel, sua m\u00e3o deve vencer o dealer. Em outros, sua m\u00e3o simplesmente precisa corresponder a uma das premia\u00e7\u00f5es especificadas na tabela de pagamentos, que normalmente inclui todas as combina\u00e7\u00f5es de m\u00e3os vencedoras cl\u00e1ssicas em jogo.<\/p>\n<p>\u00c9 bastante conveniente jogar jogos de v\u00eddeo poker em dispositivos Android.<\/p>\n<h2>Conclus\u00e3o<\/h2>\n<p>Podemos n\u00e3o estar gastando muito dinheiro em jogos de azar neste momento, mas estamos gastando mais e mais do que gastamos com entretenimento, em jogos de azar na internet. E isso, juntamente com o crescimento r\u00e1pido da popula\u00e7\u00e3o de jogadores online, \u00e9 o incentivo que manter\u00e1 a ind\u00fastria de jogos m\u00f3veis forte nos pr\u00f3ximos anos. Nossa equipe lhe fornece informa\u00e7\u00f5es completas sobre as nuances desse sistema e sobre jogar em cassinos para dispositivos Android. Resta apenas desejar boa sorte e se divertir!<\/p>\n","protected":false},"excerpt":{"rendered":"<p>Da mesma forma que gravar um v\u00eddeo, as pessoas come\u00e7aram a fotografar tudo, absolutamente tudo \u2014 uma po\u00e7a no asfalto de formato interessante ou uma nuvem no c\u00e9u, at\u00e9 mesmo a pr\u00f3pria comida. Gra\u00e7as ao seu smartphone, voc\u00ea sempre tem um GPS e pode usar a navega\u00e7\u00e3o em qualquer cidade. Tornou-se mais f\u00e1cil usar servi\u00e7os [&hellip;]<\/p>\n","protected":false},"author":1,"featured_media":0,"parent":8126,"menu_order":0,"comment_status":"closed","ping_status":"closed","template":"template-archive-casino2.php","meta":{"footnotes":""},"class_list":["post-8113","page","type-page","status-publish","hentry"],"acf":[],"yoast_head":"<!-- This site is optimized with the Yoast SEO plugin v21.9 - https:\/\/yoast.com\/wordpress\/plugins\/seo\/ -->\n<title>Cassino Android para nossos jogos de sucesso. Classifica\u00e7\u00e3o de cassino m\u00f3vel<\/title>\n<meta name=\"description\" content=\"Leia nossa an\u00e1lise dos cassinos Android, use nossas classifica\u00e7\u00f5es de cassinos m\u00f3veis para jogar nos cassinos m\u00f3veis Android do Brasil, descubra como aproveitar o dinheiro gr\u00e1tis dos cassinos Android e torne-se um vencedor sortudo!\" \/>\n<meta name=\"robots\" content=\"index, follow, max-snippet:-1, max-image-preview:large, max-video-preview:-1\" \/>\n<link rel=\"canonical\" href=\"https:\/\/casinomira.com\/pt-br\/casinos-rating\/mobile-casinos\/android-casinos\/\" \/>\n<meta property=\"og:locale\" content=\"pt_BR\" \/>\n<meta property=\"og:type\" content=\"article\" \/>\n<meta property=\"og:title\" content=\"Cassino Android para nossos jogos de sucesso. Classifica\u00e7\u00e3o de cassino m\u00f3vel\" \/>\n<meta property=\"og:description\" content=\"Leia nossa an\u00e1lise dos cassinos Android, use nossas classifica\u00e7\u00f5es de cassinos m\u00f3veis para jogar nos cassinos m\u00f3veis Android do Brasil, descubra como aproveitar o dinheiro gr\u00e1tis dos cassinos Android e torne-se um vencedor sortudo!\" \/>\n<meta property=\"og:url\" content=\"https:\/\/casinomira.com\/pt-br\/casinos-rating\/mobile-casinos\/android-casinos\/\" \/>\n<meta property=\"og:site_name\" content=\"CasinoMIRA.com\" \/>\n<meta property=\"article:modified_time\" content=\"2024-10-10T14:32:00+00:00\" \/>\n<meta name=\"twitter:card\" content=\"summary_large_image\" \/>\n<meta name=\"twitter:label1\" content=\"Est. tempo de leitura\" \/>\n\t<meta name=\"twitter:data1\" content=\"10 minutos\" \/>\n<script type=\"application\/ld+json\" class=\"yoast-schema-graph\">{\"@context\":\"https:\/\/schema.org\",\"@graph\":[{\"@type\":\"WebPage\",\"@id\":\"https:\/\/casinomira.com\/pt-br\/casinos-rating\/mobile-casinos\/android-casinos\/\",\"url\":\"https:\/\/casinomira.com\/pt-br\/casinos-rating\/mobile-casinos\/android-casinos\/\",\"name\":\"Cassino Android para nossos jogos de sucesso. Classifica\u00e7\u00e3o de cassino m\u00f3vel\",\"isPartOf\":{\"@id\":\"https:\/\/casinomira.com\/pt-br\/#website\"},\"datePublished\":\"2021-07-30T12:56:48+00:00\",\"dateModified\":\"2024-10-10T14:32:00+00:00\",\"description\":\"Leia nossa an\u00e1lise dos cassinos Android, use nossas classifica\u00e7\u00f5es de cassinos m\u00f3veis para jogar nos cassinos m\u00f3veis Android do Brasil, descubra como aproveitar o dinheiro gr\u00e1tis dos cassinos Android e torne-se um vencedor sortudo!\",\"breadcrumb\":{\"@id\":\"https:\/\/casinomira.com\/pt-br\/casinos-rating\/mobile-casinos\/android-casinos\/#breadcrumb\"},\"inLanguage\":\"pt-BR\",\"potentialAction\":[{\"@type\":\"ReadAction\",\"target\":[\"https:\/\/casinomira.com\/pt-br\/casinos-rating\/mobile-casinos\/android-casinos\/\"]}]},{\"@type\":\"BreadcrumbList\",\"@id\":\"https:\/\/casinomira.com\/pt-br\/casinos-rating\/mobile-casinos\/android-casinos\/#breadcrumb\",\"itemListElement\":[{\"@type\":\"ListItem\",\"position\":1,\"name\":\"Home\",\"item\":\"https:\/\/casinomira.com\/pt-br\/\"},{\"@type\":\"ListItem\",\"position\":2,\"name\":\"Classifica\u00e7\u00e3o do Cassino\",\"item\":\"https:\/\/casinomira.com\/pt-br\/casinos-rating\/\"},{\"@type\":\"ListItem\",\"position\":3,\"name\":\"Casinos M\u00f3veis\",\"item\":\"https:\/\/casinomira.com\/pt-br\/casinos-rating\/mobile-casinos\/\"},{\"@type\":\"ListItem\",\"position\":4,\"name\":\"Cassino Android\"}]},{\"@type\":\"WebSite\",\"@id\":\"https:\/\/casinomira.com\/pt-br\/#website\",\"url\":\"https:\/\/casinomira.com\/pt-br\/\",\"name\":\"CasinoMIRA.com\",\"description\":\"Online Casinos Canada \u2013 All About Online Gambling Canada.\",\"publisher\":{\"@id\":\"https:\/\/casinomira.com\/pt-br\/#organization\"},\"alternateName\":\"CasinoMIRA\",\"potentialAction\":[{\"@type\":\"SearchAction\",\"target\":{\"@type\":\"EntryPoint\",\"urlTemplate\":\"https:\/\/casinomira.com\/pt-br\/?s={search_term_string}\"},\"query-input\":\"required name=search_term_string\"}],\"inLanguage\":\"pt-BR\"},{\"@type\":\"Organization\",\"@id\":\"https:\/\/casinomira.com\/pt-br\/#organization\",\"name\":\"CasinoMIRA.com\",\"url\":\"https:\/\/casinomira.com\/pt-br\/\",\"logo\":{\"@type\":\"ImageObject\",\"inLanguage\":\"pt-BR\",\"@id\":\"https:\/\/casinomira.com\/pt-br\/#\/schema\/logo\/image\/\",\"url\":\"https:\/\/casinomira.com\/wp-content\/uploads\/2022\/12\/casinomira_logo_Y.svg\",\"contentUrl\":\"https:\/\/casinomira.com\/wp-content\/uploads\/2022\/12\/casinomira_logo_Y.svg\",\"caption\":\"CasinoMIRA.com\"},\"image\":{\"@id\":\"https:\/\/casinomira.com\/pt-br\/#\/schema\/logo\/image\/\"}}]}<\/script>\n<!-- \/ Yoast SEO plugin. -->","yoast_head_json":{"title":"Cassino Android para nossos jogos de sucesso. Classifica\u00e7\u00e3o de cassino m\u00f3vel","description":"Leia nossa an\u00e1lise dos cassinos Android, use nossas classifica\u00e7\u00f5es de cassinos m\u00f3veis para jogar nos cassinos m\u00f3veis Android do Brasil, descubra como aproveitar o dinheiro gr\u00e1tis dos cassinos Android e torne-se um vencedor sortudo!","robots":{"index":"index","follow":"follow","max-snippet":"max-snippet:-1","max-image-preview":"max-image-preview:large","max-video-preview":"max-video-preview:-1"},"canonical":"https:\/\/casinomira.com\/pt-br\/casinos-rating\/mobile-casinos\/android-casinos\/","og_locale":"pt_BR","og_type":"article","og_title":"Cassino Android para nossos jogos de sucesso. Classifica\u00e7\u00e3o de cassino m\u00f3vel","og_description":"Leia nossa an\u00e1lise dos cassinos Android, use nossas classifica\u00e7\u00f5es de cassinos m\u00f3veis para jogar nos cassinos m\u00f3veis Android do Brasil, descubra como aproveitar o dinheiro gr\u00e1tis dos cassinos Android e torne-se um vencedor sortudo!","og_url":"https:\/\/casinomira.com\/pt-br\/casinos-rating\/mobile-casinos\/android-casinos\/","og_site_name":"CasinoMIRA.com","article_modified_time":"2024-10-10T14:32:00+00:00","twitter_card":"summary_large_image","twitter_misc":{"Est. tempo de leitura":"10 minutos"},"schema":{"@context":"https:\/\/schema.org","@graph":[{"@type":"WebPage","@id":"https:\/\/casinomira.com\/pt-br\/casinos-rating\/mobile-casinos\/android-casinos\/","url":"https:\/\/casinomira.com\/pt-br\/casinos-rating\/mobile-casinos\/android-casinos\/","name":"Cassino Android para nossos jogos de sucesso. Classifica\u00e7\u00e3o de cassino m\u00f3vel","isPartOf":{"@id":"https:\/\/casinomira.com\/pt-br\/#website"},"datePublished":"2021-07-30T12:56:48+00:00","dateModified":"2024-10-10T14:32:00+00:00","description":"Leia nossa an\u00e1lise dos cassinos Android, use nossas classifica\u00e7\u00f5es de cassinos m\u00f3veis para jogar nos cassinos m\u00f3veis Android do Brasil, descubra como aproveitar o dinheiro gr\u00e1tis dos cassinos Android e torne-se um vencedor sortudo!","breadcrumb":{"@id":"https:\/\/casinomira.com\/pt-br\/casinos-rating\/mobile-casinos\/android-casinos\/#breadcrumb"},"inLanguage":"pt-BR","potentialAction":[{"@type":"ReadAction","target":["https:\/\/casinomira.com\/pt-br\/casinos-rating\/mobile-casinos\/android-casinos\/"]}]},{"@type":"BreadcrumbList","@id":"https:\/\/casinomira.com\/pt-br\/casinos-rating\/mobile-casinos\/android-casinos\/#breadcrumb","itemListElement":[{"@type":"ListItem","position":1,"name":"Home","item":"https:\/\/casinomira.com\/pt-br\/"},{"@type":"ListItem","position":2,"name":"Classifica\u00e7\u00e3o do Cassino","item":"https:\/\/casinomira.com\/pt-br\/casinos-rating\/"},{"@type":"ListItem","position":3,"name":"Casinos M\u00f3veis","item":"https:\/\/casinomira.com\/pt-br\/casinos-rating\/mobile-casinos\/"},{"@type":"ListItem","position":4,"name":"Cassino Android"}]},{"@type":"WebSite","@id":"https:\/\/casinomira.com\/pt-br\/#website","url":"https:\/\/casinomira.com\/pt-br\/","name":"CasinoMIRA.com","description":"Online Casinos Canada \u2013 All About Online Gambling Canada.","publisher":{"@id":"https:\/\/casinomira.com\/pt-br\/#organization"},"alternateName":"CasinoMIRA","potentialAction":[{"@type":"SearchAction","target":{"@type":"EntryPoint","urlTemplate":"https:\/\/casinomira.com\/pt-br\/?s={search_term_string}"},"query-input":"required name=search_term_string"}],"inLanguage":"pt-BR"},{"@type":"Organization","@id":"https:\/\/casinomira.com\/pt-br\/#organization","name":"CasinoMIRA.com","url":"https:\/\/casinomira.com\/pt-br\/","logo":{"@type":"ImageObject","inLanguage":"pt-BR","@id":"https:\/\/casinomira.com\/pt-br\/#\/schema\/logo\/image\/","url":"https:\/\/casinomira.com\/wp-content\/uploads\/2022\/12\/casinomira_logo_Y.svg","contentUrl":"https:\/\/casinomira.com\/wp-content\/uploads\/2022\/12\/casinomira_logo_Y.svg","caption":"CasinoMIRA.com"},"image":{"@id":"https:\/\/casinomira.com\/pt-br\/#\/schema\/logo\/image\/"}}]}},"_links":{"self":[{"href":"https:\/\/casinomira.com\/pt-br\/wp-json\/wp\/v2\/pages\/8113","targetHints":{"allow":["GET"]}}],"collection":[{"href":"https:\/\/casinomira.com\/pt-br\/wp-json\/wp\/v2\/pages"}],"about":[{"href":"https:\/\/casinomira.com\/pt-br\/wp-json\/wp\/v2\/types\/page"}],"author":[{"embeddable":true,"href":"https:\/\/casinomira.com\/pt-br\/wp-json\/wp\/v2\/users\/1"}],"replies":[{"embeddable":true,"href":"https:\/\/casinomira.com\/pt-br\/wp-json\/wp\/v2\/comments?post=8113"}],"version-history":[{"count":5,"href":"https:\/\/casinomira.com\/pt-br\/wp-json\/wp\/v2\/pages\/8113\/revisions"}],"predecessor-version":[{"id":11073,"href":"https:\/\/casinomira.com\/pt-br\/wp-json\/wp\/v2\/pages\/8113\/revisions\/11073"}],"up":[{"embeddable":true,"href":"https:\/\/casinomira.com\/pt-br\/wp-json\/wp\/v2\/pages\/8126"}],"wp:attachment":[{"href":"https:\/\/casinomira.com\/pt-br\/wp-json\/wp\/v2\/media?parent=8113"}],"curies":[{"name":"wp","href":"https:\/\/api.w.org\/{rel}","templated":true}]}}