{"id":8126,"date":"2021-07-30T15:55:46","date_gmt":"2021-07-30T12:55:46","guid":{"rendered":"http:\/\/casinomira.updated\/casinos-rating\/mobile-casinos\/"},"modified":"2024-10-10T17:28:05","modified_gmt":"2024-10-10T14:28:05","slug":"mobile-casinos","status":"publish","type":"page","link":"https:\/\/casinomira.com\/pt-br\/casinos-rating\/mobile-casinos\/","title":{"rendered":"Casinos M\u00f3veis"},"content":{"rendered":"<div class=\"group w-full text-gray-800 dark:text-gray-100 border-b border-black\/10 dark:border-gray-900\/50 bg-gray-50 dark:bg-[#444654]\">\n<div class=\"flex p-4 gap-4 text-base md:gap-6 md:max-w-2xl lg:max-w-[38rem] xl:max-w-3xl md:py-6 lg:px-0 m-auto\">\n<div class=\"relative flex w-[calc(100%-50px)] flex-col gap-1 md:gap-3 lg:w-[calc(100%-115px)]\">\n<div class=\"flex flex-grow flex-col gap-3\">\n<div class=\"flex items-start overflow-x-auto whitespace-pre-wrap break-words flex-col gap-4\">\n<div class=\"markdown prose w-full break-words dark:prose-invert dark\">\n<p>Voc\u00ea consegue imaginar sua vida sem dispositivos m\u00f3veis? Certamente, hoje em dia, usamos smartphones, tablets e outros dispositivos port\u00e1teis todos os dias. Precisamos trabalhar, nos comunicar, fazer compras e os dispositivos m\u00f3veis nos ajudam a fazer isso r\u00e1pido e convenientemente. Se voc\u00ea \u00e9 um jogador, \u00e9 ainda mais importante ter um smartphone para jogar, j\u00e1 que os cassinos m\u00f3veis online no Brazil n\u00e3o s\u00e3o um capricho, mas uma necessidade do tempo! Provavelmente, nenhuma pessoa na Terra consegue imaginar sua vida sem um telefone celular. Quase todo o nosso trabalho, comunica\u00e7\u00e3o e lazer n\u00e3o ocorrem sem dispositivos m\u00f3veis. A prop\u00f3sito, um dispositivo m\u00f3vel moderno tornou o entretenimento mais acess\u00edvel!<\/p>\n<p>Na era da digitaliza\u00e7\u00e3o, os cassinos m\u00f3veis se tornaram populares entre os jogadores. Com o surgimento dos primeiros cassinos m\u00f3veis, nem tudo era t\u00e3o promissor: eles frequentemente travavam, tinham funcionalidades limitadas e uma pequena sele\u00e7\u00e3o de jogos. Mas agora tudo mudou drasticamente. Os cassinos online modernos t\u00eam vers\u00f5es de alta qualidade para telas sens\u00edveis ao toque.<\/p>\n<p>Jogar do seu smartphone ou tablet permite que voc\u00ea mergulhe no jogo onde quer que esteja! A cole\u00e7\u00e3o de ca\u00e7a-n\u00edqueis e outros entretenimentos em um cassino m\u00f3vel \u00e9 a mesma que na vers\u00e3o oficial do navegador.<\/p>\n<h2><strong>Como escolher o melhor cassino m\u00f3vel?<\/strong><\/h2>\n<p>Ao escolher uma plataforma m\u00f3vel adequada para jogar, sacar fundos e outras op\u00e7\u00f5es, voc\u00ea deve prestar aten\u00e7\u00e3o nos seguintes crit\u00e9rios das classifica\u00e7\u00f5es dos cassinos m\u00f3veis:<\/p>\n<p>experi\u00eancia no mercado e reputa\u00e7\u00e3o da empresa; avalia\u00e7\u00f5es de jogadores reais, deixadas n\u00e3o apenas no site oficial, mas tamb\u00e9m em recursos de terceiros; variedade de dire\u00e7\u00f5es de jogo; regularidade de promo\u00e7\u00f5es para propriet\u00e1rios de dispositivos m\u00f3veis; capacidade de intera\u00e7\u00e3o com o suporte t\u00e9cnico.<\/p>\n<p>Assim, todo jogador pode lan\u00e7ar seus ca\u00e7a-n\u00edqueis favoritos a qualquer momento. Afinal, isso n\u00e3o exige estar preso a um computador ou ter um local conveniente para jogar. Os clientes podem desfrutar dos cassinos m\u00f3veis online no Brazil enquanto est\u00e3o em um trem, metr\u00f4 ou relaxando \u00e0 noite com amigos em um restaurante. Os jogos online nunca estiveram t\u00e3o dispon\u00edveis! Para sentir todo o conforto do jogo em um cassino m\u00f3vel, escolha um cassino confi\u00e1vel de nossas classifica\u00e7\u00f5es de cassinos online e fa\u00e7a o download na loja de aplicativos do seu dispositivo.<\/p>\n<h3><strong>Verificando se o cassino \u00e9 compat\u00edvel com seus dispositivos port\u00e1teis<\/strong><\/h3>\n<p>Verifique se o clube online est\u00e1 realmente dispon\u00edvel em dispositivos m\u00f3veis. Al\u00e9m disso, verifique se eles possuem um aplicativo de cassino m\u00f3vel. Como mencionamos antes, os aplicativos podem melhorar sua experi\u00eancia de jogo em dispositivos m\u00f3veis.<\/p>\n<h3><strong>Compatibilidade do dispositivo<\/strong><\/h3>\n<p>Verifique se o cassino m\u00f3vel online no Brazil que voc\u00ea deseja jogar \u00e9 compat\u00edvel com o seu dispositivo. Quanto mais popular for o sistema operacional, mais jogos estar\u00e3o dispon\u00edveis para o usu\u00e1rio. As op\u00e7\u00f5es mais comuns s\u00e3o:<\/p>\n<p>dispositivos m\u00f3veis com o sistema operacional Android; iPhones e iPads com o iOS; telefones m\u00f3veis com o Windows; dispositivos Blackberry.<\/p>\n<p>Pode haver diferen\u00e7as na disponibilidade de jogos, dependendo do aparelho espec\u00edfico.<\/p>\n<h2><strong>Sele\u00e7\u00e3o de jogos nos cassinos m\u00f3veis<\/strong><\/h2>\n<p>Ao procurar o melhor estabelecimento online confi\u00e1vel, muitos jogadores prestam aten\u00e7\u00e3o \u00e0 lista de provedores cujos produtos est\u00e3o presentes na lista de variedades. Somente empresas licenciadas podem garantir um jogo justo em emuladores sem a possibilidade de interfer\u00eancia ilegal de terceiros durante cada sess\u00e3o separada. M\u00e1quinas ca\u00e7a-n\u00edqueis licenciadas s\u00e3o capazes de satisfazer ao m\u00e1ximo todos os f\u00e3s de entretenimento de jogos, permitindo-lhes ter esperan\u00e7as de uma vit\u00f3ria a cada rodada.<\/p>\n<p>A lista de principais provedores, cujos desenvolvimentos s\u00e3o os mais populares no mundo da emo\u00e7\u00e3o e adrenalina, inclui:<\/p>\n<p><strong>Novomatic; NetEnt; Igrosoft; Yggdrasil; Playson e outros.<\/strong><\/p>\n<p>As administra\u00e7\u00f5es dos melhores cassinos m\u00f3veis online no Brazil , que permitem contar com um jogo justo e ganhos em dinheiro real, se esfor\u00e7am para conquistar um grande n\u00famero de f\u00e3s. Para isso, a lista de entretenimentos foi compilada com m\u00e1quinas ca\u00e7a-n\u00edqueis modernas com efeitos especiais inovadores, al\u00e9m de:<\/p>\n<p>Ca\u00e7a-n\u00edqueis cl\u00e1ssicos; Diversos jogos de mesa e cartas; Diferentes varia\u00e7\u00f5es de roleta; Loterias e a possibilidade de jogar com dealers ao vivo; Em determinados clubes, voc\u00ea pode fazer apostas em eventos esportivos.<\/p>\n<p>Quanto mais ampliado for o cat\u00e1logo de entretenimentos, mais clientes os cassinos m\u00f3veis poder\u00e3o atrair. S\u00e3o os jogadores que popularizam os cassinos online, deixando suas opini\u00f5es em recursos independentes sobre as melhores qualidades e desvantagens de uma determinada institui\u00e7\u00e3o.<\/p>\n<h2><strong>B\u00f4nus nos cassinos m\u00f3veis<\/strong><\/h2>\n<p>Para evitar que os jogadores queiram mudar de ambiente, os l\u00edderes dos melhores cassinos m\u00f3veis online no Brazil com ganhos reais desenvolvem seus pr\u00f3prios programas de b\u00f4nus que permitem que novos jogadores e clientes regulares recebam recompensas regulares. Dependendo da fidelidade do clube, os seguintes tipos de b\u00f4nus geralmente s\u00e3o encontrados nos portais dos principais cassinos m\u00f3veis online gratuitos no Brazil:<\/p>\n<p>Pacote de boas-vindas. Geralmente, s\u00e3o fornecidos giros gr\u00e1tis em um determinado jogo de acordo com as regras + fundos adicionais para o saldo do jogador (geralmente um certo percentual do primeiro dep\u00f3sito). B\u00f4nus para recargas subsequentes do saldo. Muitos clubes online apenas incentivam os primeiros dep\u00f3sitos, mas tamb\u00e9m existem aqueles que fornecem b\u00f4nus para o 2\u00ba, 3\u00ba, 4\u00ba e posteriores dep\u00f3sitos. Cashback. Reembolso parcial durante um determinado per\u00edodo, dependendo da atividade do usu\u00e1rio. Quanto mais apostas com dinheiro real forem feitas no site oficial do clube, maior ser\u00e1 a porcentagem de retorno. Corridas e torneios: esse aspecto \u00e9 implementado em quase todos os cassinos. \u00c9 uma competi\u00e7\u00e3o entre os usu\u00e1rios. \u00c9 necess\u00e1rio coletar pontos por realizar a\u00e7\u00f5es espec\u00edficas, que s\u00e3o ent\u00e3o transferidos para uma posi\u00e7\u00e3o espec\u00edfica no ranking geral.<\/p>\n<p>Quanto maisAmplia-se o cat\u00e1logo de entretenimento, mais clientes os cassinos m\u00f3veis podem atrair. S\u00e3o os jogadores que popularizam os cassinos online, deixando suas opini\u00f5es em recursos independentes sobre as melhores qualidades e desvantagens de uma determinada institui\u00e7\u00e3o.<\/p>\n<h3><strong>Dep\u00f3sitos e saques nos cassinos m\u00f3veis<\/strong><\/h3>\n<p>Os f\u00e3s de jogos de azar online sabem como funcionam os dep\u00f3sitos. Na maioria dos casos, voc\u00ea pode usar um cart\u00e3o de cr\u00e9dito v\u00e1lido, cart\u00f5es de d\u00e9bito, m\u00e9todos pr\u00e9-pagos, vouchers eletr\u00f4nicos, ordem de pagamento ou carteira virtual para realizar opera\u00e7\u00f5es de pagamento. Se desejar, voc\u00ea pode fazer uma transfer\u00eancia banc\u00e1ria diretamente de sua conta. Os cassinos m\u00f3veis online oferecem os mesmos m\u00e9todos para sacar fundos, embora, por raz\u00f5es de seguran\u00e7a, possa levar alguns dias.<\/p>\n<p>Os m\u00e9todos padr\u00e3o de dep\u00f3sito com cart\u00e3o de cr\u00e9dito incluem VISA\/MasterCard, JCB International e Diners Club International. O pagamento via American Express n\u00e3o \u00e9 poss\u00edvel na maioria das plataformas. Para fazer dep\u00f3sitos, os clientes dos cassinos m\u00f3veis online no Brazil podem usar cart\u00f5es de d\u00e9bito Electron, Solo, Switch, Maestro e outros cart\u00f5es comuns Visa\/MasterCard. Outros m\u00e9todos de pagamento incluem Laser, CartaSi e Postepay, embora esses sejam comumente usados em outros pa\u00edses.<\/p>\n<p>M\u00e9todos de transfer\u00eancia eletr\u00f4nica, como Neteller\/Skrill, Paysafecard, Orange, iDEAL, POLi, Nordea, Giropay e Sofortuberweisung, tamb\u00e9m podem ser usados em cassinos m\u00f3veis. Devido a quest\u00f5es legais e \u00e0 maneira como o governo federal dos EUA altera as leis, os canadenses n\u00e3o podem fazer dep\u00f3sitos com o PayPal, embora jogadores de outros pa\u00edses (como o Reino Unido) tenham o PayPal dispon\u00edvel em muitas plataformas. Aqueles que desejam usar vouchers eletr\u00f4nicos podem usar o servi\u00e7o Neosurf para fazer um dep\u00f3sito, mas n\u00e3o para sacar fundos.<\/p>\n<h2><strong>Conclus\u00e3o<\/strong><\/h2>\n<p>Os cassinos m\u00f3veis online no Brazil, em contraste com suas contrapartes de desktop, t\u00eam as seguintes vantagens:<\/p>\n<p>preserva\u00e7\u00e3o da interface e funcionalidade em 100%; disponibilidade de acesso ao clube a qualquer hora da semana ou do dia; velocidade de lan\u00e7amento e funcionamento das plataformas de jogos.<\/p>\n<p>Por essas raz\u00f5es, os clubes de jogos para telefones m\u00f3veis se tornaram populares entre os jogadores de todo o mundo. Os principais cassinos online acompanham as tend\u00eancias atuais para atender \u00e0s necessidades atuais de seus usu\u00e1rios.<\/p>\n<\/div>\n<\/div>\n<\/div>\n<\/div>\n<\/div>\n<\/div>\n","protected":false},"excerpt":{"rendered":"<p>Voc\u00ea consegue imaginar sua vida sem dispositivos m\u00f3veis? Certamente, hoje em dia, usamos smartphones, tablets e outros dispositivos port\u00e1teis todos os dias. Precisamos trabalhar, nos comunicar, fazer compras e os dispositivos m\u00f3veis nos ajudam a fazer isso r\u00e1pido e convenientemente. Se voc\u00ea \u00e9 um jogador, \u00e9 ainda mais importante ter um smartphone para jogar, j\u00e1 [&hellip;]<\/p>\n","protected":false},"author":1,"featured_media":0,"parent":8057,"menu_order":0,"comment_status":"closed","ping_status":"closed","template":"template-archive-casino2.php","meta":{"footnotes":""},"class_list":["post-8126","page","type-page","status-publish","hentry"],"acf":[],"yoast_head":"<!-- This site is optimized with the Yoast SEO plugin v21.9 - https:\/\/yoast.com\/wordpress\/plugins\/seo\/ -->\n<title>Cassinos M\u00f3veis Online no Brazil: Acesso F\u00e1cil e Emocionante<\/title>\n<meta name=\"description\" content=\"Descubra a emo\u00e7\u00e3o dos cassinos m\u00f3veis online no Brazil em 2023! Acesse os melhores cassinos como MilkyWay, Good Day 4 Play e Pelican Casino com c\u00f3digos de b\u00f4nus sem dep\u00f3sito\" \/>\n<meta name=\"robots\" content=\"index, follow, max-snippet:-1, max-image-preview:large, max-video-preview:-1\" \/>\n<link rel=\"canonical\" href=\"https:\/\/casinomira.com\/pt-br\/casinos-rating\/mobile-casinos\/\" \/>\n<meta property=\"og:locale\" content=\"pt_BR\" \/>\n<meta property=\"og:type\" content=\"article\" \/>\n<meta property=\"og:title\" content=\"Cassinos M\u00f3veis Online no Brazil: Acesso F\u00e1cil e Emocionante\" \/>\n<meta property=\"og:description\" content=\"Descubra a emo\u00e7\u00e3o dos cassinos m\u00f3veis online no Brazil em 2023! Acesse os melhores cassinos como MilkyWay, Good Day 4 Play e Pelican Casino com c\u00f3digos de b\u00f4nus sem dep\u00f3sito\" \/>\n<meta property=\"og:url\" content=\"https:\/\/casinomira.com\/pt-br\/casinos-rating\/mobile-casinos\/\" \/>\n<meta property=\"og:site_name\" content=\"CasinoMIRA.com\" \/>\n<meta property=\"article:modified_time\" content=\"2024-10-10T14:28:05+00:00\" \/>\n<meta name=\"twitter:card\" content=\"summary_large_image\" \/>\n<meta name=\"twitter:label1\" content=\"Est. tempo de leitura\" \/>\n\t<meta name=\"twitter:data1\" content=\"10 minutos\" \/>\n<script type=\"application\/ld+json\" class=\"yoast-schema-graph\">{\"@context\":\"https:\/\/schema.org\",\"@graph\":[{\"@type\":\"WebPage\",\"@id\":\"https:\/\/casinomira.com\/pt-br\/casinos-rating\/mobile-casinos\/\",\"url\":\"https:\/\/casinomira.com\/pt-br\/casinos-rating\/mobile-casinos\/\",\"name\":\"Cassinos M\u00f3veis Online no Brazil: Acesso F\u00e1cil e Emocionante\",\"isPartOf\":{\"@id\":\"https:\/\/casinomira.com\/pt-br\/#website\"},\"datePublished\":\"2021-07-30T12:55:46+00:00\",\"dateModified\":\"2024-10-10T14:28:05+00:00\",\"description\":\"Descubra a emo\u00e7\u00e3o dos cassinos m\u00f3veis online no Brazil em 2023! Acesse os melhores cassinos como MilkyWay, Good Day 4 Play e Pelican Casino com c\u00f3digos de b\u00f4nus sem dep\u00f3sito\",\"breadcrumb\":{\"@id\":\"https:\/\/casinomira.com\/pt-br\/casinos-rating\/mobile-casinos\/#breadcrumb\"},\"inLanguage\":\"pt-BR\",\"potentialAction\":[{\"@type\":\"ReadAction\",\"target\":[\"https:\/\/casinomira.com\/pt-br\/casinos-rating\/mobile-casinos\/\"]}]},{\"@type\":\"BreadcrumbList\",\"@id\":\"https:\/\/casinomira.com\/pt-br\/casinos-rating\/mobile-casinos\/#breadcrumb\",\"itemListElement\":[{\"@type\":\"ListItem\",\"position\":1,\"name\":\"Home\",\"item\":\"https:\/\/casinomira.com\/pt-br\/\"},{\"@type\":\"ListItem\",\"position\":2,\"name\":\"Classifica\u00e7\u00e3o do Cassino\",\"item\":\"https:\/\/casinomira.com\/pt-br\/casinos-rating\/\"},{\"@type\":\"ListItem\",\"position\":3,\"name\":\"Casinos M\u00f3veis\"}]},{\"@type\":\"WebSite\",\"@id\":\"https:\/\/casinomira.com\/pt-br\/#website\",\"url\":\"https:\/\/casinomira.com\/pt-br\/\",\"name\":\"CasinoMIRA.com\",\"description\":\"Online Casinos Canada \u2013 All About Online Gambling Canada.\",\"publisher\":{\"@id\":\"https:\/\/casinomira.com\/pt-br\/#organization\"},\"alternateName\":\"CasinoMIRA\",\"potentialAction\":[{\"@type\":\"SearchAction\",\"target\":{\"@type\":\"EntryPoint\",\"urlTemplate\":\"https:\/\/casinomira.com\/pt-br\/?s={search_term_string}\"},\"query-input\":\"required name=search_term_string\"}],\"inLanguage\":\"pt-BR\"},{\"@type\":\"Organization\",\"@id\":\"https:\/\/casinomira.com\/pt-br\/#organization\",\"name\":\"CasinoMIRA.com\",\"url\":\"https:\/\/casinomira.com\/pt-br\/\",\"logo\":{\"@type\":\"ImageObject\",\"inLanguage\":\"pt-BR\",\"@id\":\"https:\/\/casinomira.com\/pt-br\/#\/schema\/logo\/image\/\",\"url\":\"https:\/\/casinomira.com\/wp-content\/uploads\/2022\/12\/casinomira_logo_Y.svg\",\"contentUrl\":\"https:\/\/casinomira.com\/wp-content\/uploads\/2022\/12\/casinomira_logo_Y.svg\",\"caption\":\"CasinoMIRA.com\"},\"image\":{\"@id\":\"https:\/\/casinomira.com\/pt-br\/#\/schema\/logo\/image\/\"}}]}<\/script>\n<!-- \/ Yoast SEO plugin. -->","yoast_head_json":{"title":"Cassinos M\u00f3veis Online no Brazil: Acesso F\u00e1cil e Emocionante","description":"Descubra a emo\u00e7\u00e3o dos cassinos m\u00f3veis online no Brazil em 2023! Acesse os melhores cassinos como MilkyWay, Good Day 4 Play e Pelican Casino com c\u00f3digos de b\u00f4nus sem dep\u00f3sito","robots":{"index":"index","follow":"follow","max-snippet":"max-snippet:-1","max-image-preview":"max-image-preview:large","max-video-preview":"max-video-preview:-1"},"canonical":"https:\/\/casinomira.com\/pt-br\/casinos-rating\/mobile-casinos\/","og_locale":"pt_BR","og_type":"article","og_title":"Cassinos M\u00f3veis Online no Brazil: Acesso F\u00e1cil e Emocionante","og_description":"Descubra a emo\u00e7\u00e3o dos cassinos m\u00f3veis online no Brazil em 2023! Acesse os melhores cassinos como MilkyWay, Good Day 4 Play e Pelican Casino com c\u00f3digos de b\u00f4nus sem dep\u00f3sito","og_url":"https:\/\/casinomira.com\/pt-br\/casinos-rating\/mobile-casinos\/","og_site_name":"CasinoMIRA.com","article_modified_time":"2024-10-10T14:28:05+00:00","twitter_card":"summary_large_image","twitter_misc":{"Est. tempo de leitura":"10 minutos"},"schema":{"@context":"https:\/\/schema.org","@graph":[{"@type":"WebPage","@id":"https:\/\/casinomira.com\/pt-br\/casinos-rating\/mobile-casinos\/","url":"https:\/\/casinomira.com\/pt-br\/casinos-rating\/mobile-casinos\/","name":"Cassinos M\u00f3veis Online no Brazil: Acesso F\u00e1cil e Emocionante","isPartOf":{"@id":"https:\/\/casinomira.com\/pt-br\/#website"},"datePublished":"2021-07-30T12:55:46+00:00","dateModified":"2024-10-10T14:28:05+00:00","description":"Descubra a emo\u00e7\u00e3o dos cassinos m\u00f3veis online no Brazil em 2023! Acesse os melhores cassinos como MilkyWay, Good Day 4 Play e Pelican Casino com c\u00f3digos de b\u00f4nus sem dep\u00f3sito","breadcrumb":{"@id":"https:\/\/casinomira.com\/pt-br\/casinos-rating\/mobile-casinos\/#breadcrumb"},"inLanguage":"pt-BR","potentialAction":[{"@type":"ReadAction","target":["https:\/\/casinomira.com\/pt-br\/casinos-rating\/mobile-casinos\/"]}]},{"@type":"BreadcrumbList","@id":"https:\/\/casinomira.com\/pt-br\/casinos-rating\/mobile-casinos\/#breadcrumb","itemListElement":[{"@type":"ListItem","position":1,"name":"Home","item":"https:\/\/casinomira.com\/pt-br\/"},{"@type":"ListItem","position":2,"name":"Classifica\u00e7\u00e3o do Cassino","item":"https:\/\/casinomira.com\/pt-br\/casinos-rating\/"},{"@type":"ListItem","position":3,"name":"Casinos M\u00f3veis"}]},{"@type":"WebSite","@id":"https:\/\/casinomira.com\/pt-br\/#website","url":"https:\/\/casinomira.com\/pt-br\/","name":"CasinoMIRA.com","description":"Online Casinos Canada \u2013 All About Online Gambling Canada.","publisher":{"@id":"https:\/\/casinomira.com\/pt-br\/#organization"},"alternateName":"CasinoMIRA","potentialAction":[{"@type":"SearchAction","target":{"@type":"EntryPoint","urlTemplate":"https:\/\/casinomira.com\/pt-br\/?s={search_term_string}"},"query-input":"required name=search_term_string"}],"inLanguage":"pt-BR"},{"@type":"Organization","@id":"https:\/\/casinomira.com\/pt-br\/#organization","name":"CasinoMIRA.com","url":"https:\/\/casinomira.com\/pt-br\/","logo":{"@type":"ImageObject","inLanguage":"pt-BR","@id":"https:\/\/casinomira.com\/pt-br\/#\/schema\/logo\/image\/","url":"https:\/\/casinomira.com\/wp-content\/uploads\/2022\/12\/casinomira_logo_Y.svg","contentUrl":"https:\/\/casinomira.com\/wp-content\/uploads\/2022\/12\/casinomira_logo_Y.svg","caption":"CasinoMIRA.com"},"image":{"@id":"https:\/\/casinomira.com\/pt-br\/#\/schema\/logo\/image\/"}}]}},"_links":{"self":[{"href":"https:\/\/casinomira.com\/pt-br\/wp-json\/wp\/v2\/pages\/8126","targetHints":{"allow":["GET"]}}],"collection":[{"href":"https:\/\/casinomira.com\/pt-br\/wp-json\/wp\/v2\/pages"}],"about":[{"href":"https:\/\/casinomira.com\/pt-br\/wp-json\/wp\/v2\/types\/page"}],"author":[{"embeddable":true,"href":"https:\/\/casinomira.com\/pt-br\/wp-json\/wp\/v2\/users\/1"}],"replies":[{"embeddable":true,"href":"https:\/\/casinomira.com\/pt-br\/wp-json\/wp\/v2\/comments?post=8126"}],"version-history":[{"count":4,"href":"https:\/\/casinomira.com\/pt-br\/wp-json\/wp\/v2\/pages\/8126\/revisions"}],"predecessor-version":[{"id":9055,"href":"https:\/\/casinomira.com\/pt-br\/wp-json\/wp\/v2\/pages\/8126\/revisions\/9055"}],"up":[{"embeddable":true,"href":"https:\/\/casinomira.com\/pt-br\/wp-json\/wp\/v2\/pages\/8057"}],"wp:attachment":[{"href":"https:\/\/casinomira.com\/pt-br\/wp-json\/wp\/v2\/media?parent=8126"}],"curies":[{"name":"wp","href":"https:\/\/api.w.org\/{rel}","templated":true}]}}