{"id":8131,"date":"2021-07-30T15:53:24","date_gmt":"2021-07-30T12:53:24","guid":{"rendered":"http:\/\/casinomira.updated\/casinos-rating\/best-payout-casinos\/"},"modified":"2024-10-10T17:26:47","modified_gmt":"2024-10-10T14:26:47","slug":"best-payout-casinos","status":"publish","type":"page","link":"https:\/\/casinomira.com\/pt-br\/casinos-rating\/best-payout-casinos\/","title":{"rendered":"Melhores cassinos com pagamentos"},"content":{"rendered":"<h2><strong>Os melhores sites pagantes<\/strong><\/h2>\n<p>Jogar nos cassinos online com os maiores pagamentos no Brazil \u00e9 uma excelente maneira de obter ganhos incr\u00edveis. Infelizmente, muitas vezes pode ser dif\u00edcil identificar um, j\u00e1 que existem muitos sites de jogos de azar por a\u00ed.<\/p>\n<p>Identificar um site confi\u00e1vel nem sempre parece ser t\u00e3o complicado. Nossa an\u00e1lise explicar\u00e1 o significado dos ganhos dos jogadores e as melhores ofertas de pagamento.<\/p>\n<p>Os melhores sites de jogos oferecem os maiores pagamentos j\u00e1 vistos. Al\u00e9m disso, as probabilidades de pagamento favorecem mais os jogadores quando a margem do cassino \u00e9 baixa em um campo altamente competitivo. Isso resulta em uma grande probabilidade de ganhar dinheiro real em v\u00e1rios servi\u00e7os.<\/p>\n<p>O site de jogos popular que oferece muito dinheiro \u00e9 o Betway. A plataforma apresenta um incr\u00edvel espa\u00e7o virtual com tecnologia atualizada para jogos r\u00e1pidos, altos pagamentos e transa\u00e7\u00f5es r\u00e1pidas.<\/p>\n<p>Identificar o site de jogos online adequado para se juntar nem sempre \u00e9 uma tarefa f\u00e1cil. No entanto, voc\u00ea pode acessar estat\u00edsticas de ganhos na web para os principais lugares de jogos. Portanto, \u00e9 aconselh\u00e1vel pesquisar cuidadosamente.<\/p>\n<p>A descoberta mais confi\u00e1vel \u00e9 a m\u00e9dia de ganhos dos clientes. A sa\u00edda \u00e9 monitorada todos os meses por entidades reconhecidas como a eCOGRA. Al\u00e9m disso, ela \u00e9 compartilhada por meio de links no rodap\u00e9 dos sites de jogos de azar. As informa\u00e7\u00f5es publicadas mostram a quantidade de apostas dos jogadores que \u00e9 devolvida como ganhos.<\/p>\n<p>Outra coisa que prova que um operador paga grandes quantias \u00e9 o ganho ocasional maci\u00e7o. Claro, o sinal principal \u00e9 o jackpot, mas os ganhos gerais tamb\u00e9m importam.<\/p>\n<p>Quais crit\u00e9rios determinam os principais pagamentos nos sites de jogos online no Brazil?<\/p>\n<p>Os melhores cassinos com pagamento no Brazil s\u00e3o analisados por organiza\u00e7\u00f5es proeminentes como a eCOGRA. O procedimento garante que qualquer informa\u00e7\u00e3o que um operador publique sobre ganhos seja precisa.<\/p>\n<p>Os principais sites geralmente passam por testes. Os jogadores podem saber se um site \u00e9 leg\u00edtimo verificando de onde v\u00eam seus resultados de teste. Se as informa\u00e7\u00f5es n\u00e3o forem de uma terceira parte independente, evite o site. Infelizmente, muitas empresas publicam dados falsos para atrair usu\u00e1rios.<\/p>\n<p>Os revisores realizam verifica\u00e7\u00f5es detalhadas antes de recomendar cassinos. Eles tamb\u00e9m usam dinheiro para testar os servi\u00e7os e garantir que eles ofere\u00e7am sites confi\u00e1veis aos jogadores.<\/p>\n<p>Al\u00e9m de analisar as taxas de ganhos, os revisores tamb\u00e9m garantem que o operador ofere\u00e7a servi\u00e7os protegidos e r\u00e1pidos. Eles recomendam aderir a sites licenciados com boa reputa\u00e7\u00e3o por fornecer altos pagamentos e um excelente ambiente de jogo.<\/p>\n<p>Ao determinar os principais sites de jogos com pagamento, voc\u00ea precisa considerar o seguinte:<\/p>\n<p>Software dispon\u00edvel Os jogadores online preferem v\u00e1rias ofertas. Portanto, ao escolher um site, voc\u00ea procurar\u00e1 o jogo que gosta. Voc\u00ea pode encontrar artigos online onde os sites s\u00e3o listados com base no provedor ou nos tipos de jogos. Por exemplo, se voc\u00ea gosta de Bacar\u00e1, pode ver uma lista de todos os sites que o apresentam. Portanto, se voc\u00ea deseja ca\u00e7a-n\u00edqueis, jogos com dealers ao vivo ou qualquer outra coisa, os filtros de pesquisa podem ajud\u00e1-lo a encontrar o site que o oferece. Incentivos Os incentivos dispon\u00edveis, incluindo seus termos, determinam se voc\u00ea lucra mais em um site. Por exemplo, as empresas de jogos de azar usam recompensas para se promover e atrair novos jogadores. Se usadas corretamente, as recompensas podem fazer com que os jogadores joguem mais ou voltem sempre. \u00c9 at\u00e9 poss\u00edvel ganhar a vida apenas com os incentivos.<\/p>\n<p>Infelizmente, os melhores cassinos com pagamento no Brazil n\u00e3o gostam de ca\u00e7adores de b\u00f4nus. Portanto, \u00e9 necess\u00e1rio cumprir as condi\u00e7\u00f5es que os jogadores devem seguir durante as atividades de jogo online. Se voc\u00ea violar as especifica\u00e7\u00f5es, a empresa confiscar\u00e1 seus ganhos.<\/p>\n<p>Portanto, \u00e9 melhor entender as instru\u00e7\u00f5es para evitar se encontrar em situa\u00e7\u00f5es inesperadas.<\/p>\n<h2><strong>Probabilidades de ganho das ofertas de jogos de azar<\/strong><\/h2>\n<p>Esta parte mostrar\u00e1 por que os jogadores t\u00eam uma excelente chance de ganhar, prestando aten\u00e7\u00e3o \u00e0 porcentagem de retorno ao jogador (RTP, na sigla em ingl\u00eas).<\/p>\n<h3><strong>Blackjack<\/strong><\/h3>\n<p>Essa oferta \u00e9 a mais gratificante nos sites online e possui uma margem m\u00ednima da casa. O jogo tem 1 ou 2 baralhos em vez de oito, como nos cassinos f\u00edsicos. Isso \u00e9 essencial, pois cada baralho melhora a vantagem do cassino em cerca de 0,02%. O retorno do blackjack \u00e9 de 99,5%.<\/p>\n<h3><strong>Roleta<\/strong><\/h3>\n<p>A roleta vem em v\u00e1rias variantes. Por exemplo, espere encontrar op\u00e7\u00f5es europeias e americanas, em que uma possui um zero adicional em seu sistema. O zero adicional altera significativamente a vantagem do site do cassino. As variantes com um \u00fanico zero exp\u00f5em os jogadores a uma vantagem do cassino de 2,7%, enquanto a com dois zeros \u00e9 de 5,26%. \u00c9 melhor escolher a variante europeia, pois sua RTP \u00e9 de 97,3%.<\/p>\n<h3><strong>Bacar\u00e1<\/strong><\/h3>\n<p>A principal op\u00e7\u00e3o ao jogar online \u00e9 a aposta no jogador ou na banca. Esta \u00faltima oferece uma vantagem de 1,36% sobre o cassino, enquanto h\u00e1 uma taxa de 1,36% em um jogador. Portanto, os jogadores podem preferir apostar na banca. Infelizmente, os sites de jogos sabem disso e aplicam algumas taxas nessas apostas. Ainda assim, os bancos s\u00e3o a alternativa perfeita, j\u00e1 que seu retorno \u00e9 de 98,95%.<\/p>\n<h3><strong>Guerra do Cassino<\/strong><\/h3>\n<p>A oferta tem uma vantagem da casa imparcial. Os jogadores podem vencer o dealer ou n\u00e3o. Eles tamb\u00e9m podem empatar. No entanto, alguns sites de jogos ao vivo n\u00e3o permitem que os usu\u00e1rios continuem lutando, e um empate resulta em uma derrota. Os sites de jogos online oferecem a aposta de empate. O retorno \u00e9 de 97,2%.<\/p>\n<h3><strong>Ca\u00e7a-n\u00edqueis<\/strong><\/h3>\n<p>Existem muitos tipos de ca\u00e7a-n\u00edqueis na maioria dos sites de jogos de azar. Eles t\u00eam temas variados, recompensas, n\u00famero de linhas depagamento e carret\u00e9is. Os pagamentos dos jogos tamb\u00e9m variam. No entanto, a maioria deles tem um RTP acima de 95%.<\/p>\n<p>Aqui est\u00e3o alguns exemplos de ca\u00e7a-n\u00edqueis e suas porcentagens de pagamento:<\/p>\n<p>Roleta da Fortuna: 94% Thunderstruck 2: 96% Triple Diamond: 95% Wizard of Oz: 96% Mega Fortune: 96%<\/p>\n<h3><strong>V\u00eddeo poker<\/strong><\/h3>\n<p>A porcentagem de pagamento dos jogos de v\u00eddeo poker online n\u00e3o pode ser alterada, mas os jogadores podem selecionar jogos com retorno de 99,99%. Jacks or Better tem uma vantagem de 0,46% para o cassino. Portanto, as chances s\u00e3o boas. No entanto, os jogadores podem melhor\u00e1-las.<\/p>\n<p>Outros t\u00edtulos t\u00eam as seguintes porcentagens de pagamento:<\/p>\n<p>Jacks or Better: 99,54% Double Joker Poker: 99,96% Deuces Wild: 99% Sevens Wild: 98,8% Aces &amp; Faces: 99,85% Double Bonus Poker: 100,17%<\/p>\n<h2><strong>Como obter os maiores pagamentos nos jogos online?<\/strong><\/h2>\n<p>Para determinar os melhores cassinos com pagamentos no Brazil, voc\u00ea precisa escolher um site de jogos de destaque. Al\u00e9m disso, considere escolher jogos com altos RTPs.<\/p>\n<p>Os melhores sites de pagamento tamb\u00e9m oferecem servi\u00e7os de transa\u00e7\u00e3o r\u00e1pidos.<\/p>\n<p>A maioria dos operadores processa pagamentos dentro de um dia. A op\u00e7\u00e3o de pagamento mais r\u00e1pida at\u00e9 agora \u00e9 a carteira eletr\u00f4nica. No entanto, outros m\u00e9todos podem levar de um a tr\u00eas dias para processar saques.<\/p>\n<p>Voc\u00ea pode saber o qu\u00e3o r\u00e1pido receber\u00e1 seus ganhos lendo as informa\u00e7\u00f5es fornecidas na se\u00e7\u00e3o de caixa do site que voc\u00ea escolher. Os melhores servi\u00e7os n\u00e3o publicam informa\u00e7\u00f5es falsas, pois n\u00e3o desejam perder seus clientes.<\/p>\n<p>Voc\u00ea tamb\u00e9m precisa verificar os requisitos de saque. Os cassinos podem cobrar uma taxa sobre os saques, e o valor varia dependendo do m\u00e9todo que voc\u00ea usar.<\/p>\n<h3><strong>Verifique o casino em nossa classifica\u00e7\u00e3o de cassino online<\/strong><\/h3>\n<p>Os revisores classificam os sites de jogos com base no que eles oferecem. Plataformas com classifica\u00e7\u00f5es de cassino online altas valem a pena se juntar, pois operam legalmente, oferecem muitos jogos, m\u00e9todos de pagamento r\u00e1pidos, o melhor suporte e assim por diante.<\/p>\n<h2><strong>Registre-se no site de jogos<\/strong><\/h2>\n<p>Quando voc\u00ea encontrar um site que atenda a todas as suas necessidades, voc\u00ea deve se registrar. O processo envolve preencher um formul\u00e1rio de pedido. Os dados que voc\u00ea fornece incluem nome, endere\u00e7o de e-mail e informa\u00e7\u00f5es banc\u00e1rias.<\/p>\n<h3><strong>Fa\u00e7a um dep\u00f3sito e jogue<\/strong><\/h3>\n<p>Assim que voc\u00ea se tornar membro de qualquer site de jogos preferido, poder\u00e1 fazer um pagamento. Seu dep\u00f3sito permitir\u00e1 que voc\u00ea desfrute de um jogo que voc\u00ea gosta. Voc\u00ea s\u00f3 pode desfrutar de um jogo no modo de demonstra\u00e7\u00e3o sem pagar, onde voc\u00ea n\u00e3o ganhar\u00e1 dinheiro real.<\/p>\n<h3><strong>Retire seus ganhos rapidamente<\/strong><\/h3>\n<p>Os melhores cassinos com pagamentos no Brazil oferecem op\u00e7\u00f5es de pagamento r\u00e1pidas e seguras. Por exemplo, ap\u00f3s ganhar seu jogo favorito, voc\u00ea pode enviar um pedido de saque que pode ser processado instantaneamente ou em poucos minutos. O m\u00e9todo de retirada mais r\u00e1pido que voc\u00ea pode usar \u00e9 a carteira eletr\u00f4nica. Voc\u00ea pode esperar transa\u00e7\u00f5es instant\u00e2neas se us\u00e1-la.<\/p>\n<p>Os cart\u00f5es de cr\u00e9dito e d\u00e9bito tamb\u00e9m podem ser mais r\u00e1pidos. No entanto, isso depende do provedor.<\/p>\n<h2><strong>Principais Ca\u00e7a-N\u00edqueis Online com Pagamentos<\/strong><\/h2>\n<p>Se voc\u00ea \u00e9 um jogador novo ou j\u00e1 jogou em sites antes e est\u00e1 procurando os principais ca\u00e7a-n\u00edqueis, esta parte pode ajud\u00e1-lo. Voc\u00ea ser\u00e1 apresentado aos jogos mais emocionantes do mercado. Eles t\u00eam grandes jackpots, rodadas gr\u00e1tis, recursos de aposta, recompensas e mec\u00e2nica moderna.<\/p>\n<p>Cada ca\u00e7a-n\u00edquel tem seu pr\u00f3prio RTP, que determina a probabilidade de lucrar quando voc\u00ea joga. Se o RTP for alto, a margem da casa \u00e9 baixa. Portanto, voc\u00ea ter\u00e1 melhores chances de obter mais ganhos.<\/p>\n<p>A maioria dos ca\u00e7a-n\u00edqueis revela seu RTP ou permite que os sites que os oferecem os exibam. No entanto, ainda existem outros que n\u00e3o s\u00e3o transparentes, tornando dif\u00edcil saber seu RTP.<\/p>\n<h2><strong>Abaixo est\u00e3o os t\u00edtulos que os cassinos com os melhores pagamentos de ca\u00e7a-n\u00edqueis oferecem.<\/strong><\/h2>\n<p>Book of 99 O software foi projetado pela Relax Gaming. Tem um RTP de 99%. O jogo \u00e9 composto por cinco carret\u00e9is e tr\u00eas linhas e tem uma alta volatilidade. As linhas de pagamento dispon\u00edveis s\u00e3o dez.<\/p>\n<p>Mega Joker O t\u00edtulo da NetEnt tem um RTP de 99%. O jogo tamb\u00e9m possui um jackpot progressivo que aumenta para dar aos jogadores grandes ganhos.<\/p>\n<p>Monopoly Big Event O jogo tem um RTP de 99%. Foi projetado pela Barcrest. O t\u00edtulo tem cinco carret\u00e9is e vinte linhas de pagamento. O ca\u00e7a-n\u00edquel tamb\u00e9m apresenta um b\u00f4nus que recompensa os jogadores com cinco rodadas.<\/p>\n<p>Ooh Aah Dracula O jogo foi desenvolvido pela Barcrest. Os jogadores podem jog\u00e1-lo em dois modos. Voc\u00ea pode comprar cinco rodadas a um pre\u00e7o acess\u00edvel. O RTP ser\u00e1 de 96%. Alternativamente, voc\u00ea pode gastar um pouco mais por cinco rodadas com um RTP de 99%. O jogo apresenta rodadas gr\u00e1tis onde os clientes recebem at\u00e9 quinze rodadas de jogo. Outras caracter\u00edsticas do jogo incluem os s\u00edmbolos selvagens extras.<\/p>\n<p>Blood Suckers O jogo \u00e9 da NetEnt. S\u00e3o cinco carret\u00e9is e vinte e cinco linhas. O RTP \u00e9 de 98%. Outras caracter\u00edsticas incluem gr\u00e1ficos suaves e um tema assustador.<\/p>\n<p>Wolfpack Pays O jogo da NextGen tem cinco carret\u00e9is e 243 maneiras de ganhar. Voc\u00ea pode apostar de $\/\u00a30,40 a $\/\u00a380 por rodada. O RTP \u00e9 de 97,75%. Outras caracter\u00edsticas incluem gr\u00e1ficos atraentes com um cen\u00e1rio pitoresco.<\/p>\n<h3><strong>Os principais benef\u00edcios das empresas com transa\u00e7\u00f5es r\u00e1pidas<\/strong><\/h3>\n<p>Ao procurar a plataforma l\u00edder para se juntar, voc\u00ea deseja um ambiente que processe pagamentos rapidamente. Como detalhado nas an\u00e1lises dos melhores cassinos com pagamentos, alguns sites oferecem dep\u00f3sitos e saques imediatos com apenas um clique.<\/p>\n<p>Os principais servi\u00e7os de jogos t\u00eam as seguintes caracter\u00edsticas:<\/p>\n<h2><strong>Menos tempo de espera pelos fundos<\/strong><\/h2>\n<p>Pode ser inconveniente ter que esperar por algum tempo paraque sua transa\u00e7\u00e3o seja processada. Principalmente se levar dias, os clientes podem precisar esperar, o que os impede de jogar.<\/p>\n<p>As velocidades de diferentes processos de transa\u00e7\u00e3o variam. As op\u00e7\u00f5es banc\u00e1rias e os cart\u00f5es de d\u00e9bito t\u00eam a velocidade de processamento mais lenta. Voc\u00ea precisa de uma op\u00e7\u00e3o que processe transa\u00e7\u00f5es em pouco tempo, se n\u00e3o instantaneamente.<\/p>\n<p>Os principais operadores processam solicita\u00e7\u00f5es de saque instantaneamente ou em pouco tempo. Portanto, voc\u00ea nunca precisar\u00e1 perder tempo esperando para receber os ganhos.<\/p>\n<h2><strong>Op\u00e7\u00f5es de transa\u00e7\u00e3o seguras<\/strong><\/h2>\n<p>\u00c9 aconselh\u00e1vel analisar os padr\u00f5es de seguran\u00e7a de cada op\u00e7\u00e3o de pagamento antes de escolher uma. Al\u00e9m disso, \u00e9 aconselh\u00e1vel selecionar um provedor que utilize criptografia de dados.<\/p>\n<p>Os locais confi\u00e1veis oferecem um ambiente de jogo protegido e eficiente. Al\u00e9m de processar pagamentos rapidamente, os usu\u00e1rios desfrutam de op\u00e7\u00f5es de transa\u00e7\u00e3o seguras. Voc\u00ea nunca precisar\u00e1 se preocupar com o vazamento de seus dados banc\u00e1rios. Os principais sites n\u00e3o compartilham os dados dos clientes com terceiros. Al\u00e9m disso, voc\u00ea obt\u00e9m a privacidade que deseja para processar pagamentos.<\/p>\n<h2><strong>Suporte ao cliente confi\u00e1vel<\/strong><\/h2>\n<p>Uma das principais caracter\u00edsticas do melhor site \u00e9 um excelente sistema de suporte. Como visto nas an\u00e1lises de cassinos online, as principais plataformas t\u00eam representantes experientes e amig\u00e1veis que trabalham 24 horas por dia. Sua fun\u00e7\u00e3o \u00e9 atender \u00e0s pessoas que t\u00eam d\u00favidas ou ficam presas em rela\u00e7\u00e3o ao servi\u00e7o de jogo.<\/p>\n<p>Existem v\u00e1rias op\u00e7\u00f5es para entrar em contato com um agente de suporte. Elas incluem bate-papo ao vivo, e-mail, n\u00fameros de telefone.<\/p>\n<h2><strong>Conclus\u00e3o<\/strong><\/h2>\n<p>Ao selecionar um site, voc\u00ea deseja obter grandes ganhos de forma r\u00e1pida e tranquila.<\/p>\n<p>Os jogadores s\u00f3 podem desfrutar disso se encontrarem a principal plataforma de jogos. Existem v\u00e1rios servi\u00e7os para escolher, e cada um deles tem formas de transa\u00e7\u00e3o diferentes e confi\u00e1veis.<\/p>\n<p>Certifique-se de conhecer as classifica\u00e7\u00f5es para determinar os melhores cassinos com pagamentos no Brazil, que oferecer\u00e3o prazos curtos para acessar os ganhos com poucas ou nenhuma taxa.<\/p>\n","protected":false},"excerpt":{"rendered":"<p>Os melhores sites pagantes Jogar nos cassinos online com os maiores pagamentos no Brazil \u00e9 uma excelente maneira de obter ganhos incr\u00edveis. Infelizmente, muitas vezes pode ser dif\u00edcil identificar um, j\u00e1 que existem muitos sites de jogos de azar por a\u00ed. Identificar um site confi\u00e1vel nem sempre parece ser t\u00e3o complicado. Nossa an\u00e1lise explicar\u00e1 o [&hellip;]<\/p>\n","protected":false},"author":1,"featured_media":0,"parent":8057,"menu_order":0,"comment_status":"closed","ping_status":"closed","template":"template-archive-casino1.php","meta":{"footnotes":""},"class_list":["post-8131","page","type-page","status-publish","hentry"],"acf":[],"yoast_head":"<!-- This site is optimized with the Yoast SEO plugin v21.9 - https:\/\/yoast.com\/wordpress\/plugins\/seo\/ -->\n<title>Melhores Cassinos com Pagamentos R\u00e1pidos e Confi\u00e1veis para Jogadores Exigentes<\/title>\n<meta name=\"description\" content=\"Explore nossa sele\u00e7\u00e3o dos melhores cassinos com pagamentos r\u00e1pidos e confi\u00e1veis, ideais para jogadores que valorizam a efici\u00eancia e a seguran\u00e7a em suas transa\u00e7\u00f5es.\" \/>\n<meta name=\"robots\" content=\"index, follow, max-snippet:-1, max-image-preview:large, max-video-preview:-1\" \/>\n<link rel=\"canonical\" href=\"https:\/\/casinomira.com\/pt-br\/casinos-rating\/best-payout-casinos\/\" \/>\n<meta property=\"og:locale\" content=\"pt_BR\" \/>\n<meta property=\"og:type\" content=\"article\" \/>\n<meta property=\"og:title\" content=\"Melhores Cassinos com Pagamentos R\u00e1pidos e Confi\u00e1veis para Jogadores Exigentes\" \/>\n<meta property=\"og:description\" content=\"Explore nossa sele\u00e7\u00e3o dos melhores cassinos com pagamentos r\u00e1pidos e confi\u00e1veis, ideais para jogadores que valorizam a efici\u00eancia e a seguran\u00e7a em suas transa\u00e7\u00f5es.\" \/>\n<meta property=\"og:url\" content=\"https:\/\/casinomira.com\/pt-br\/casinos-rating\/best-payout-casinos\/\" \/>\n<meta property=\"og:site_name\" content=\"CasinoMIRA.com\" \/>\n<meta property=\"article:modified_time\" content=\"2024-10-10T14:26:47+00:00\" \/>\n<meta name=\"twitter:card\" content=\"summary_large_image\" \/>\n<meta name=\"twitter:label1\" content=\"Est. tempo de leitura\" \/>\n\t<meta name=\"twitter:data1\" content=\"9 minutos\" \/>\n<script type=\"application\/ld+json\" class=\"yoast-schema-graph\">{\"@context\":\"https:\/\/schema.org\",\"@graph\":[{\"@type\":\"WebPage\",\"@id\":\"https:\/\/casinomira.com\/pt-br\/casinos-rating\/best-payout-casinos\/\",\"url\":\"https:\/\/casinomira.com\/pt-br\/casinos-rating\/best-payout-casinos\/\",\"name\":\"Melhores Cassinos com Pagamentos R\u00e1pidos e Confi\u00e1veis para Jogadores Exigentes\",\"isPartOf\":{\"@id\":\"https:\/\/casinomira.com\/pt-br\/#website\"},\"datePublished\":\"2021-07-30T12:53:24+00:00\",\"dateModified\":\"2024-10-10T14:26:47+00:00\",\"description\":\"Explore nossa sele\u00e7\u00e3o dos melhores cassinos com pagamentos r\u00e1pidos e confi\u00e1veis, ideais para jogadores que valorizam a efici\u00eancia e a seguran\u00e7a em suas transa\u00e7\u00f5es.\",\"breadcrumb\":{\"@id\":\"https:\/\/casinomira.com\/pt-br\/casinos-rating\/best-payout-casinos\/#breadcrumb\"},\"inLanguage\":\"pt-BR\",\"potentialAction\":[{\"@type\":\"ReadAction\",\"target\":[\"https:\/\/casinomira.com\/pt-br\/casinos-rating\/best-payout-casinos\/\"]}]},{\"@type\":\"BreadcrumbList\",\"@id\":\"https:\/\/casinomira.com\/pt-br\/casinos-rating\/best-payout-casinos\/#breadcrumb\",\"itemListElement\":[{\"@type\":\"ListItem\",\"position\":1,\"name\":\"Home\",\"item\":\"https:\/\/casinomira.com\/pt-br\/\"},{\"@type\":\"ListItem\",\"position\":2,\"name\":\"Classifica\u00e7\u00e3o do Cassino\",\"item\":\"https:\/\/casinomira.com\/pt-br\/casinos-rating\/\"},{\"@type\":\"ListItem\",\"position\":3,\"name\":\"Melhores cassinos com pagamentos\"}]},{\"@type\":\"WebSite\",\"@id\":\"https:\/\/casinomira.com\/pt-br\/#website\",\"url\":\"https:\/\/casinomira.com\/pt-br\/\",\"name\":\"CasinoMIRA.com\",\"description\":\"Online Casinos Canada \u2013 All About Online Gambling Canada.\",\"publisher\":{\"@id\":\"https:\/\/casinomira.com\/pt-br\/#organization\"},\"alternateName\":\"CasinoMIRA\",\"potentialAction\":[{\"@type\":\"SearchAction\",\"target\":{\"@type\":\"EntryPoint\",\"urlTemplate\":\"https:\/\/casinomira.com\/pt-br\/?s={search_term_string}\"},\"query-input\":\"required name=search_term_string\"}],\"inLanguage\":\"pt-BR\"},{\"@type\":\"Organization\",\"@id\":\"https:\/\/casinomira.com\/pt-br\/#organization\",\"name\":\"CasinoMIRA.com\",\"url\":\"https:\/\/casinomira.com\/pt-br\/\",\"logo\":{\"@type\":\"ImageObject\",\"inLanguage\":\"pt-BR\",\"@id\":\"https:\/\/casinomira.com\/pt-br\/#\/schema\/logo\/image\/\",\"url\":\"https:\/\/casinomira.com\/wp-content\/uploads\/2022\/12\/casinomira_logo_Y.svg\",\"contentUrl\":\"https:\/\/casinomira.com\/wp-content\/uploads\/2022\/12\/casinomira_logo_Y.svg\",\"caption\":\"CasinoMIRA.com\"},\"image\":{\"@id\":\"https:\/\/casinomira.com\/pt-br\/#\/schema\/logo\/image\/\"}}]}<\/script>\n<!-- \/ Yoast SEO plugin. -->","yoast_head_json":{"title":"Melhores Cassinos com Pagamentos R\u00e1pidos e Confi\u00e1veis para Jogadores Exigentes","description":"Explore nossa sele\u00e7\u00e3o dos melhores cassinos com pagamentos r\u00e1pidos e confi\u00e1veis, ideais para jogadores que valorizam a efici\u00eancia e a seguran\u00e7a em suas transa\u00e7\u00f5es.","robots":{"index":"index","follow":"follow","max-snippet":"max-snippet:-1","max-image-preview":"max-image-preview:large","max-video-preview":"max-video-preview:-1"},"canonical":"https:\/\/casinomira.com\/pt-br\/casinos-rating\/best-payout-casinos\/","og_locale":"pt_BR","og_type":"article","og_title":"Melhores Cassinos com Pagamentos R\u00e1pidos e Confi\u00e1veis para Jogadores Exigentes","og_description":"Explore nossa sele\u00e7\u00e3o dos melhores cassinos com pagamentos r\u00e1pidos e confi\u00e1veis, ideais para jogadores que valorizam a efici\u00eancia e a seguran\u00e7a em suas transa\u00e7\u00f5es.","og_url":"https:\/\/casinomira.com\/pt-br\/casinos-rating\/best-payout-casinos\/","og_site_name":"CasinoMIRA.com","article_modified_time":"2024-10-10T14:26:47+00:00","twitter_card":"summary_large_image","twitter_misc":{"Est. tempo de leitura":"9 minutos"},"schema":{"@context":"https:\/\/schema.org","@graph":[{"@type":"WebPage","@id":"https:\/\/casinomira.com\/pt-br\/casinos-rating\/best-payout-casinos\/","url":"https:\/\/casinomira.com\/pt-br\/casinos-rating\/best-payout-casinos\/","name":"Melhores Cassinos com Pagamentos R\u00e1pidos e Confi\u00e1veis para Jogadores Exigentes","isPartOf":{"@id":"https:\/\/casinomira.com\/pt-br\/#website"},"datePublished":"2021-07-30T12:53:24+00:00","dateModified":"2024-10-10T14:26:47+00:00","description":"Explore nossa sele\u00e7\u00e3o dos melhores cassinos com pagamentos r\u00e1pidos e confi\u00e1veis, ideais para jogadores que valorizam a efici\u00eancia e a seguran\u00e7a em suas transa\u00e7\u00f5es.","breadcrumb":{"@id":"https:\/\/casinomira.com\/pt-br\/casinos-rating\/best-payout-casinos\/#breadcrumb"},"inLanguage":"pt-BR","potentialAction":[{"@type":"ReadAction","target":["https:\/\/casinomira.com\/pt-br\/casinos-rating\/best-payout-casinos\/"]}]},{"@type":"BreadcrumbList","@id":"https:\/\/casinomira.com\/pt-br\/casinos-rating\/best-payout-casinos\/#breadcrumb","itemListElement":[{"@type":"ListItem","position":1,"name":"Home","item":"https:\/\/casinomira.com\/pt-br\/"},{"@type":"ListItem","position":2,"name":"Classifica\u00e7\u00e3o do Cassino","item":"https:\/\/casinomira.com\/pt-br\/casinos-rating\/"},{"@type":"ListItem","position":3,"name":"Melhores cassinos com pagamentos"}]},{"@type":"WebSite","@id":"https:\/\/casinomira.com\/pt-br\/#website","url":"https:\/\/casinomira.com\/pt-br\/","name":"CasinoMIRA.com","description":"Online Casinos Canada \u2013 All About Online Gambling Canada.","publisher":{"@id":"https:\/\/casinomira.com\/pt-br\/#organization"},"alternateName":"CasinoMIRA","potentialAction":[{"@type":"SearchAction","target":{"@type":"EntryPoint","urlTemplate":"https:\/\/casinomira.com\/pt-br\/?s={search_term_string}"},"query-input":"required name=search_term_string"}],"inLanguage":"pt-BR"},{"@type":"Organization","@id":"https:\/\/casinomira.com\/pt-br\/#organization","name":"CasinoMIRA.com","url":"https:\/\/casinomira.com\/pt-br\/","logo":{"@type":"ImageObject","inLanguage":"pt-BR","@id":"https:\/\/casinomira.com\/pt-br\/#\/schema\/logo\/image\/","url":"https:\/\/casinomira.com\/wp-content\/uploads\/2022\/12\/casinomira_logo_Y.svg","contentUrl":"https:\/\/casinomira.com\/wp-content\/uploads\/2022\/12\/casinomira_logo_Y.svg","caption":"CasinoMIRA.com"},"image":{"@id":"https:\/\/casinomira.com\/pt-br\/#\/schema\/logo\/image\/"}}]}},"_links":{"self":[{"href":"https:\/\/casinomira.com\/pt-br\/wp-json\/wp\/v2\/pages\/8131","targetHints":{"allow":["GET"]}}],"collection":[{"href":"https:\/\/casinomira.com\/pt-br\/wp-json\/wp\/v2\/pages"}],"about":[{"href":"https:\/\/casinomira.com\/pt-br\/wp-json\/wp\/v2\/types\/page"}],"author":[{"embeddable":true,"href":"https:\/\/casinomira.com\/pt-br\/wp-json\/wp\/v2\/users\/1"}],"replies":[{"embeddable":true,"href":"https:\/\/casinomira.com\/pt-br\/wp-json\/wp\/v2\/comments?post=8131"}],"version-history":[{"count":5,"href":"https:\/\/casinomira.com\/pt-br\/wp-json\/wp\/v2\/pages\/8131\/revisions"}],"predecessor-version":[{"id":9054,"href":"https:\/\/casinomira.com\/pt-br\/wp-json\/wp\/v2\/pages\/8131\/revisions\/9054"}],"up":[{"embeddable":true,"href":"https:\/\/casinomira.com\/pt-br\/wp-json\/wp\/v2\/pages\/8057"}],"wp:attachment":[{"href":"https:\/\/casinomira.com\/pt-br\/wp-json\/wp\/v2\/media?parent=8131"}],"curies":[{"name":"wp","href":"https:\/\/api.w.org\/{rel}","templated":true}]}}